{"id":10552,"date":"2026-03-06T20:29:01","date_gmt":"2026-03-07T01:29:01","guid":{"rendered":"https:\/\/artejoven.org\/?page_id=10552"},"modified":"2026-03-06T20:37:59","modified_gmt":"2026-03-07T01:37:59","slug":"esteban-hernandez-toppe","status":"publish","type":"page","link":"https:\/\/artejoven.org\/de\/beneficiarios\/esteban-hernandez-toppe\/","title":{"rendered":"Esteban Hern\u00e1ndez Toppe"},"content":{"rendered":"","protected":false},"excerpt":{"rendered":"<p>(Havanna, 2013)<br \/>\nPianist in Ausbildung an der Escuela Elemental de M\u00fasica Manuel Saumell in Havanna, wo er im Studienjahr 2021-2022 sein Studium begann. <\/p>","protected":false},"author":1,"featured_media":10553,"parent":931,"menu_order":0,"comment_status":"closed","ping_status":"closed","template":"","meta":{"_acf_changed":false,"footnotes":"","_links_to":"","_links_to_target":""},"categories":[13,66],"tags":[84],"class_list":["post-10552","page","type-page","status-publish","has-post-thumbnail","hentry","category-beneficiarios","category-concurso-nacional-de-musica","tag-84","post","post-with-thumbnail","post-with-thumbnail-large"],"acf":[],"aioseo_notices":[],"jetpack-related-posts":[{"id":7764,"url":"https:\/\/www.instagram.com\/tempohabana\/?hl=es%20","url_meta":{"origin":10552,"position":0},"title":"Tempo Havanna","author":"Ren\u00e9 Manuel Puig","date":"24 de Juli de 2024","format":false,"excerpt":"Ein Raum f\u00fcr die Vernetzung und F\u00f6rderung junger Musiker, mit Live-Auftritten.","rel":"","context":"In &quot;Aliados&quot;","block_context":{"text":"Aliados","link":"https:\/\/artejoven.org\/de\/category\/aliados\/"},"img":{"alt_text":"","src":"https:\/\/i0.wp.com\/artejoven.org\/wp-content\/uploads\/2024\/07\/Tempo-Habana-jpg.webp?resize=350%2C200&ssl=1","width":350,"height":200},"classes":[]},{"id":5979,"url":"https:\/\/artejoven.org\/de\/beneficiarios\/lyceum-mozartino-de-la-habana\/","url_meta":{"origin":10552,"position":1},"title":"Lyceum Mozartianum von Havanna","author":"Ren\u00e9 Manuel Puig","date":"28 de September de 2023","format":false,"excerpt":"Der Fondo de Arte Joven (FAJ) beteiligte sich an der Gr\u00fcndung der Jugendorchester-Akademie des Lyceum-Orchesters von Havanna im B\u00fcro des Stadthistorikers.","rel":"","context":"In &quot;Beneficiarios&quot;","block_context":{"text":"Beneficiarios","link":"https:\/\/artejoven.org\/de\/category\/beneficiarios\/"},"img":{"alt_text":"Lyceum Mozartino de La Habana","src":"https:\/\/i0.wp.com\/artejoven.org\/wp-content\/uploads\/2023\/09\/Lyceum-jpg.webp?resize=350%2C200&ssl=1","width":350,"height":200},"classes":[]},{"id":8754,"url":"https:\/\/artejoven.org\/de\/beneficiarios\/laura-diaz-la-o\/","url_meta":{"origin":10552,"position":2},"title":"Laura D\u00edaz La O","author":"Ren\u00e9 Manuel Puig","date":"11 de Februar de 2025","format":false,"excerpt":"(Havanna, 2007) Violinstudentin an der Musikhochschule \"Amadeo Rold\u00e1n, Havanna.","rel":"","context":"In &quot;Beneficiarios&quot;","block_context":{"text":"Beneficiarios","link":"https:\/\/artejoven.org\/de\/category\/beneficiarios\/"},"img":{"alt_text":"Laura D\u00edaz La O","src":"https:\/\/i0.wp.com\/artejoven.org\/wp-content\/uploads\/2025\/02\/Laura-Diaz.webp?resize=350%2C200&ssl=1","width":350,"height":200,"srcset":"https:\/\/i0.wp.com\/artejoven.org\/wp-content\/uploads\/2025\/02\/Laura-Diaz.webp?resize=350%2C200&ssl=1 1x, https:\/\/i0.wp.com\/artejoven.org\/wp-content\/uploads\/2025\/02\/Laura-Diaz.webp?resize=525%2C300&ssl=1 1.5x"},"classes":[]},{"id":6686,"url":"http:\/\/www.festivalhabanaclasica.org","url_meta":{"origin":10552,"position":3},"title":"Klassisches Havanna","author":"Ren\u00e9 Manuel Puig","date":"21 de August de 2023","format":false,"excerpt":"Das Festival Internacional de M\u00fasica Habana Cl\u00e1sica wurde 2017 auf Initiative des kubanischen Pianisten Marcos Madrigal gegr\u00fcndet. Ziel ist es, herausragende einheimische und ausl\u00e4ndische K\u00fcnstler aus dem Kulturkreis der Stadt zusammenzubringen.","rel":"","context":"In &quot;Espacios&quot;","block_context":{"text":"Espacios","link":"https:\/\/artejoven.org\/de\/category\/espacios\/"},"img":{"alt_text":"Habana Cl\u00e1sica","src":"https:\/\/i0.wp.com\/artejoven.org\/wp-content\/uploads\/2023\/11\/Habana-Clasica-jpg.webp?resize=350%2C200&ssl=1","width":350,"height":200,"srcset":"https:\/\/i0.wp.com\/artejoven.org\/wp-content\/uploads\/2023\/11\/Habana-Clasica-jpg.webp?resize=350%2C200&ssl=1 1x, https:\/\/i0.wp.com\/artejoven.org\/wp-content\/uploads\/2023\/11\/Habana-Clasica-jpg.webp?resize=525%2C300&ssl=1 1.5x, https:\/\/i0.wp.com\/artejoven.org\/wp-content\/uploads\/2023\/11\/Habana-Clasica-jpg.webp?resize=700%2C400&ssl=1 2x, https:\/\/i0.wp.com\/artejoven.org\/wp-content\/uploads\/2023\/11\/Habana-Clasica-jpg.webp?resize=1050%2C600&ssl=1 3x"},"classes":[]},{"id":8936,"url":"https:\/\/artejoven.org\/de\/beneficiarios\/elias-alexander-ferrer-duverger\/","url_meta":{"origin":10552,"position":4},"title":"El\u00edas Alexander Ferrer Duverger","author":"Ren\u00e9 Manuel Puig","date":"24 de Februar de 2025","format":false,"excerpt":"(Havanna, 2006) Perkussionsstudent an der Escuela Nacional de M\u00fasica, Havanna.","rel":"","context":"In &quot;Beneficiarios&quot;","block_context":{"text":"Beneficiarios","link":"https:\/\/artejoven.org\/de\/category\/beneficiarios\/"},"img":{"alt_text":"El\u00edas Alexander Ferrer Duverger","src":"https:\/\/i0.wp.com\/artejoven.org\/wp-content\/uploads\/2025\/02\/Duve-Elias.webp?resize=350%2C200&ssl=1","width":350,"height":200,"srcset":"https:\/\/i0.wp.com\/artejoven.org\/wp-content\/uploads\/2025\/02\/Duve-Elias.webp?resize=350%2C200&ssl=1 1x, https:\/\/i0.wp.com\/artejoven.org\/wp-content\/uploads\/2025\/02\/Duve-Elias.webp?resize=525%2C300&ssl=1 1.5x"},"classes":[]},{"id":8737,"url":"https:\/\/artejoven.org\/de\/beneficiarios\/ronny-yunior-lopez-vega\/","url_meta":{"origin":10552,"position":5},"title":"Ronny Yunior L\u00f3pez Vega","author":"Ren\u00e9 Manuel Puig","date":"11 de Februar de 2025","format":false,"excerpt":"(Havanna, 2010) Klavierstudentin an der Escuela Elemental de M\u00fasica, Manuel Saumell, Havanna.","rel":"","context":"In &quot;Beneficiarios&quot;","block_context":{"text":"Beneficiarios","link":"https:\/\/artejoven.org\/de\/category\/beneficiarios\/"},"img":{"alt_text":"Ronny Yunior L\u00f3pez Vega","src":"https:\/\/i0.wp.com\/artejoven.org\/wp-content\/uploads\/2025\/02\/Ronny-Yunior-Lopez-Vega-1.webp?resize=350%2C200&ssl=1","width":350,"height":200,"srcset":"https:\/\/i0.wp.com\/artejoven.org\/wp-content\/uploads\/2025\/02\/Ronny-Yunior-Lopez-Vega-1.webp?resize=350%2C200&ssl=1 1x, https:\/\/i0.wp.com\/artejoven.org\/wp-content\/uploads\/2025\/02\/Ronny-Yunior-Lopez-Vega-1.webp?resize=525%2C300&ssl=1 1.5x"},"classes":[]}],"jetpack_sharing_enabled":true,"_links":{"self":[{"href":"https:\/\/artejoven.org\/de\/wp-json\/wp\/v2\/pages\/10552","targetHints":{"allow":["GET"]}}],"collection":[{"href":"https:\/\/artejoven.org\/de\/wp-json\/wp\/v2\/pages"}],"about":[{"href":"https:\/\/artejoven.org\/de\/wp-json\/wp\/v2\/types\/page"}],"author":[{"embeddable":true,"href":"https:\/\/artejoven.org\/de\/wp-json\/wp\/v2\/users\/1"}],"replies":[{"embeddable":true,"href":"https:\/\/artejoven.org\/de\/wp-json\/wp\/v2\/comments?post=10552"}],"version-history":[{"count":2,"href":"https:\/\/artejoven.org\/de\/wp-json\/wp\/v2\/pages\/10552\/revisions"}],"predecessor-version":[{"id":10562,"href":"https:\/\/artejoven.org\/de\/wp-json\/wp\/v2\/pages\/10552\/revisions\/10562"}],"up":[{"embeddable":true,"href":"https:\/\/artejoven.org\/de\/wp-json\/wp\/v2\/pages\/931"}],"wp:featuredmedia":[{"embeddable":true,"href":"https:\/\/artejoven.org\/de\/wp-json\/wp\/v2\/media\/10553"}],"wp:attachment":[{"href":"https:\/\/artejoven.org\/de\/wp-json\/wp\/v2\/media?parent=10552"}],"wp:term":[{"taxonomy":"category","embeddable":true,"href":"https:\/\/artejoven.org\/de\/wp-json\/wp\/v2\/categories?post=10552"},{"taxonomy":"post_tag","embeddable":true,"href":"https:\/\/artejoven.org\/de\/wp-json\/wp\/v2\/tags?post=10552"}],"curies":[{"name":"wp","href":"https:\/\/api.w.org\/{rel}","templated":true}]}}