{"id":2455,"date":"2023-05-31T10:03:35","date_gmt":"2023-05-31T15:03:35","guid":{"rendered":"https:\/\/artejoven.org\/?page_id=2455"},"modified":"2025-02-20T17:54:03","modified_gmt":"2025-02-20T22:54:03","slug":"haufig-gestellte-fragen","status":"publish","type":"page","link":"https:\/\/artejoven.org\/de\/preguntas-frecuentes\/","title":{"rendered":"FAQ"},"content":{"rendered":"\t\t<div data-elementor-type=\"wp-page\" data-elementor-id=\"2455\" class=\"elementor elementor-2455\" data-elementor-post-type=\"page\">\n\t\t\t\t\t\t<section class=\"elementor-section elementor-top-section elementor-element elementor-element-5565fa1 elementor-section-boxed elementor-section-height-default elementor-section-height-default\" data-id=\"5565fa1\" data-element_type=\"section\" data-e-type=\"section\" data-settings=\"{&quot;background_background&quot;:&quot;classic&quot;}\">\n\t\t\t\t\t\t<div class=\"elementor-container elementor-column-gap-default\">\n\t\t\t\t\t<div class=\"elementor-column elementor-col-50 elementor-top-column elementor-element elementor-element-8fe13c0\" data-id=\"8fe13c0\" data-element_type=\"column\" data-e-type=\"column\">\n\t\t\t<div class=\"elementor-widget-wrap elementor-element-populated\">\n\t\t\t\t\t\t<div class=\"elementor-element elementor-element-abc6c4e elementor-widget elementor-widget-heading\" data-id=\"abc6c4e\" data-element_type=\"widget\" data-e-type=\"widget\" data-settings=\"{&quot;sticky&quot;:&quot;top&quot;,&quot;sticky_on&quot;:[&quot;desktop&quot;],&quot;sticky_offset&quot;:13,&quot;sticky_parent&quot;:&quot;yes&quot;,&quot;sticky_effects_offset&quot;:0,&quot;sticky_anchor_link_offset&quot;:0}\" data-widget_type=\"heading.default\">\n\t\t\t\t<div class=\"elementor-widget-container\">\n\t\t\t\t\t<h1 class=\"elementor-heading-title elementor-size-default\">Preguntas Frecuentes<\/h1>\t\t\t\t<\/div>\n\t\t\t\t<\/div>\n\t\t\t\t\t<\/div>\n\t\t<\/div>\n\t\t\t\t<div class=\"elementor-column elementor-col-50 elementor-top-column elementor-element elementor-element-1cc3b87\" data-id=\"1cc3b87\" data-element_type=\"column\" data-e-type=\"column\">\n\t\t\t<div class=\"elementor-widget-wrap elementor-element-populated\">\n\t\t\t\t\t\t<div class=\"elementor-element elementor-element-f944e89 elementor-widget-mobile__width-inherit elementor-widget elementor-widget-accordion\" data-id=\"f944e89\" data-element_type=\"widget\" data-e-type=\"widget\" data-widget_type=\"accordion.default\">\n\t\t\t\t<div class=\"elementor-widget-container\">\n\t\t\t\t\t\t\t<div class=\"elementor-accordion\">\n\t\t\t\t\t\t\t<div class=\"elementor-accordion-item\">\n\t\t\t\t\t<div id=\"elementor-tab-title-2611\" class=\"elementor-tab-title\" data-tab=\"1\" role=\"button\" aria-controls=\"elementor-tab-content-2611\" aria-expanded=\"false\">\n\t\t\t\t\t\t\t\t\t\t\t\t<a class=\"elementor-accordion-title\" tabindex=\"0\">1.\t\u00bfQui\u00e9nes pueden aplicar al Fondo de Arte Joven?<\/a>\n\t\t\t\t\t<\/div>\n\t\t\t\t\t<div id=\"elementor-tab-content-2611\" class=\"elementor-tab-content elementor-clearfix\" data-tab=\"1\" role=\"region\" aria-labelledby=\"elementor-tab-title-2611\"><p>Artistas o emprendedores culturales que cumplan con los requisitos de cada convocatoria<\/p><\/div>\n\t\t\t\t<\/div>\n\t\t\t\t\t\t\t<div class=\"elementor-accordion-item\">\n\t\t\t\t\t<div id=\"elementor-tab-title-2612\" class=\"elementor-tab-title\" data-tab=\"2\" role=\"button\" aria-controls=\"elementor-tab-content-2612\" aria-expanded=\"false\">\n\t\t\t\t\t\t\t\t\t\t\t\t<a class=\"elementor-accordion-title\" tabindex=\"0\">2.\t\u00bfQu\u00e9 tipo de proyectos financian?<\/a>\n\t\t\t\t\t<\/div>\n\t\t\t\t\t<div id=\"elementor-tab-content-2612\" class=\"elementor-tab-content elementor-clearfix\" data-tab=\"2\" role=\"region\" aria-labelledby=\"elementor-tab-title-2612\"><p>El Fondo de Arte Joven financia, a trav\u00e9s de su programa de convocatorias y premios, proyectos creativos y emprendimientos culturales, individuales o colectivos, innovadores, de alta calidad que se correspondan con las bases y requisitos de cada convocatoria.<\/p><p>Se entender\u00e1 como proyectos creativos la planificaci\u00f3n y ejecuci\u00f3n de un conjunto de actividades con el prop\u00f3sito desarrollar una idea o un producto cultural: (e.g. producci\u00f3n de obras y\/o exposiciones, apoyo a procesos creativos, publicaciones, promoci\u00f3n, entre otros).<\/p><p>Entre los emprendimientos culturales, las actividades elegibles est\u00e1n vinculadas a las diversas etapas del ciclo de la cultura como:<\/p><ul><li>Creaci\u00f3n: Exploraci\u00f3n y concepci\u00f3n de los contenidos que constituyen la materia prima de las industrias culturales.<\/li><li>Producci\u00f3n: Todos los elementos (suministros, equipamientos, profesionales) necesarios para la realizaci\u00f3n (materializaci\u00f3n) de las expresiones culturales.<\/li><li>Difusi\u00f3n: Comercializaci\u00f3n, distribuci\u00f3n de una manifestaci\u00f3n art\u00edstica en vivo (concierto, festivales, exposiciones, etc.).<\/li><li>Promoci\u00f3n\/exposici\u00f3n: Actividades dirigidas al p\u00fablico para facilitar la comprensi\u00f3n de una obra o los medios de marketing utilizados para aumentar la audiencia, publicidad en los medios de comunicaci\u00f3n, an\u00e1lisis de mercado, etc.<\/li><\/ul><\/div>\n\t\t\t\t<\/div>\n\t\t\t\t\t\t\t<div class=\"elementor-accordion-item\">\n\t\t\t\t\t<div id=\"elementor-tab-title-2613\" class=\"elementor-tab-title\" data-tab=\"3\" role=\"button\" aria-controls=\"elementor-tab-content-2613\" aria-expanded=\"false\">\n\t\t\t\t\t\t\t\t\t\t\t\t<a class=\"elementor-accordion-title\" tabindex=\"0\">3.\t\u00bfC\u00f3mo puedo aplicar al Fondo de Arte Joven?<\/a>\n\t\t\t\t\t<\/div>\n\t\t\t\t\t<div id=\"elementor-tab-content-2613\" class=\"elementor-tab-content elementor-clearfix\" data-tab=\"3\" role=\"region\" aria-labelledby=\"elementor-tab-title-2613\"><p>El Fondo de Arte Joven anuncia convocatorias peri\u00f3dicas a trav\u00e9s de su sitio web y redes sociales. Para aplicar, debe completar un formulario en l\u00ednea y enviar los documentos requeridos, como una descripci\u00f3n detallada del proyecto, presupuesto y labor previa desarrollada. Descubra las convocatorias que est\u00e1n disponibles al inicio de esta p\u00e1gina.<\/p><\/div>\n\t\t\t\t<\/div>\n\t\t\t\t\t\t\t<div class=\"elementor-accordion-item\">\n\t\t\t\t\t<div id=\"elementor-tab-title-2614\" class=\"elementor-tab-title\" data-tab=\"4\" role=\"button\" aria-controls=\"elementor-tab-content-2614\" aria-expanded=\"false\">\n\t\t\t\t\t\t\t\t\t\t\t\t<a class=\"elementor-accordion-title\" tabindex=\"0\">4.\t\u00bfCu\u00e1l es el plazo para presentar una solicitud?<\/a>\n\t\t\t\t\t<\/div>\n\t\t\t\t\t<div id=\"elementor-tab-content-2614\" class=\"elementor-tab-content elementor-clearfix\" data-tab=\"4\" role=\"region\" aria-labelledby=\"elementor-tab-title-2614\"><p>Los plazos para presentar las solicitudes pueden variar de acuerdo a cada convocatoria. Habitualmente, se anuncian con suficiente anticipaci\u00f3n para que las\/los interesados puedan preparar sus proyectos. Todos los detalles est\u00e1n en la secci\u00f3n Convocatorias.<\/p><\/div>\n\t\t\t\t<\/div>\n\t\t\t\t\t\t\t<div class=\"elementor-accordion-item\">\n\t\t\t\t\t<div id=\"elementor-tab-title-2615\" class=\"elementor-tab-title\" data-tab=\"5\" role=\"button\" aria-controls=\"elementor-tab-content-2615\" aria-expanded=\"false\">\n\t\t\t\t\t\t\t\t\t\t\t\t<a class=\"elementor-accordion-title\" tabindex=\"0\">5.\t\u00bfQu\u00e9 beneficios ofrece el Fondo de Arte Joven?<\/a>\n\t\t\t\t\t<\/div>\n\t\t\t\t\t<div id=\"elementor-tab-content-2615\" class=\"elementor-tab-content elementor-clearfix\" data-tab=\"5\" role=\"region\" aria-labelledby=\"elementor-tab-title-2615\"><p>Adem\u00e1s de las convocatorias peri\u00f3dicas, el Fondo de Arte Joven ofrece m\u00faltiples oportunidades como asesor\u00edas, talleres, residencias acad\u00e9micas y otras actividades colaterales que promueven, a escala internacional, el trabajo de artistas emergentes y emprendimientos culturales del Sur Global, as\u00ed como su formaci\u00f3n profesional.<\/p><\/div>\n\t\t\t\t<\/div>\n\t\t\t\t\t\t\t<div class=\"elementor-accordion-item\">\n\t\t\t\t\t<div id=\"elementor-tab-title-2616\" class=\"elementor-tab-title\" data-tab=\"6\" role=\"button\" aria-controls=\"elementor-tab-content-2616\" aria-expanded=\"false\">\n\t\t\t\t\t\t\t\t\t\t\t\t<a class=\"elementor-accordion-title\" tabindex=\"0\">6.\t\u00bfQu\u00e9 criterios se utilizan para seleccionar los proyectos?<\/a>\n\t\t\t\t\t<\/div>\n\t\t\t\t\t<div id=\"elementor-tab-content-2616\" class=\"elementor-tab-content elementor-clearfix\" data-tab=\"6\" role=\"region\" aria-labelledby=\"elementor-tab-title-2616\"><p>\u00a0Los proyectos son seleccionados por un comit\u00e9 de expertos en cada disciplina art\u00edstica, quienes eval\u00faan la calidad, originalidad e impacto cultural de las propuestas presentadas. Tambi\u00e9n se consideran otros requisitos, como la viabilidad t\u00e9cnica y econ\u00f3mica de los proyectos. Puede conocer a quienes han formado parte de nuestros jurados <span style=\"text-decoration: underline;\"><a href=\"https:\/\/artejoven.org\/nosotros\/\">aqu\u00ed<\/a><\/span>.<\/p><\/div>\n\t\t\t\t<\/div>\n\t\t\t\t\t\t\t<div class=\"elementor-accordion-item\">\n\t\t\t\t\t<div id=\"elementor-tab-title-2617\" class=\"elementor-tab-title\" data-tab=\"7\" role=\"button\" aria-controls=\"elementor-tab-content-2617\" aria-expanded=\"false\">\n\t\t\t\t\t\t\t\t\t\t\t\t<a class=\"elementor-accordion-title\" tabindex=\"0\">7. \u00bfQu\u00e9 sucede si mi proyecto no es seleccionado?<\/a>\n\t\t\t\t\t<\/div>\n\t\t\t\t\t<div id=\"elementor-tab-content-2617\" class=\"elementor-tab-content elementor-clearfix\" data-tab=\"7\" role=\"region\" aria-labelledby=\"elementor-tab-title-2617\"><p>El Fondo de Arte Joven recibe muchas solicitudes y es posible que no todas puedan ser financiadas. Sin embargo, el Fondo de Arte Joven ofrece la posibilidad de presentar una solicitud de financiamiento anual a cada artista no seleccionado previamente. Adem\u00e1s, la plataforma ofrece otras oportunidades para los artistas emergentes, como asesor\u00edas, talleres, residencias acad\u00e9micas y otras actividades colaterales.<\/p><\/div>\n\t\t\t\t<\/div>\n\t\t\t\t\t\t\t<div class=\"elementor-accordion-item\">\n\t\t\t\t\t<div id=\"elementor-tab-title-2618\" class=\"elementor-tab-title\" data-tab=\"8\" role=\"button\" aria-controls=\"elementor-tab-content-2618\" aria-expanded=\"false\">\n\t\t\t\t\t\t\t\t\t\t\t\t<a class=\"elementor-accordion-title\" tabindex=\"0\">8.\t\u00bfQuieres hacer una pregunta?<\/a>\n\t\t\t\t\t<\/div>\n\t\t\t\t\t<div id=\"elementor-tab-content-2618\" class=\"elementor-tab-content elementor-clearfix\" data-tab=\"8\" role=\"region\" aria-labelledby=\"elementor-tab-title-2618\"><p>Nuestro equipo se pondr\u00e1 en contacto con usted lo antes posible.<\/p><p>\t\t<div data-elementor-type=\"section\" data-elementor-id=\"2379\" class=\"elementor elementor-2379\" data-elementor-post-type=\"elementor_library\">\n\t\t\t\t\t<section class=\"elementor-section elementor-top-section elementor-element elementor-element-e06abd2 elementor-section-boxed elementor-section-height-default elementor-section-height-default\" data-id=\"e06abd2\" data-element_type=\"section\" data-e-type=\"section\" data-settings=\"{&quot;background_background&quot;:&quot;classic&quot;}\">\n\t\t\t\t\t\t<div class=\"elementor-container elementor-column-gap-default\">\n\t\t\t\t\t<div class=\"elementor-column elementor-col-100 elementor-top-column elementor-element elementor-element-8ea887e\" data-id=\"8ea887e\" data-element_type=\"column\" data-e-type=\"column\">\n\t\t\t<div class=\"elementor-widget-wrap elementor-element-populated\">\n\t\t\t\t\t\t<div class=\"elementor-element elementor-element-35457e3 elementor-widget__width-initial elementor-button-align-stretch elementor-widget elementor-widget-form\" data-id=\"35457e3\" data-element_type=\"widget\" data-e-type=\"widget\" data-settings=\"{&quot;step_next_label&quot;:&quot;Next&quot;,&quot;step_previous_label&quot;:&quot;Previous&quot;,&quot;button_width&quot;:&quot;30&quot;,&quot;step_type&quot;:&quot;number_text&quot;,&quot;step_icon_shape&quot;:&quot;circle&quot;}\" data-widget_type=\"form.default\">\n\t\t\t\t<div class=\"elementor-widget-container\">\n\t\t\t\t\t\t\t<form class=\"elementor-form\" method=\"post\" name=\"Contacto\" aria-label=\"Contacto\">\n\t\t\t<input type=\"hidden\" name=\"post_id\" value=\"2379\"\/>\n\t\t\t<input type=\"hidden\" name=\"form_id\" value=\"35457e3\"\/>\n\t\t\t<input type=\"hidden\" name=\"referer_title\" value=\"\" \/>\n\n\t\t\t\n\t\t\t<div class=\"elementor-form-fields-wrapper elementor-labels-\">\n\t\t\t\t\t\t\t\t<div class=\"elementor-field-type-text elementor-field-group elementor-column elementor-field-group-nombre elementor-col-100\">\n\t\t\t\t\t\t\t\t\t\t\t\t<label for=\"form-field-nombre\" class=\"elementor-field-label elementor-screen-only\">\n\t\t\t\t\t\t\t\tNombre\t\t\t\t\t\t\t<\/label>\n\t\t\t\t\t\t\t\t\t\t\t\t\t\t<input size=\"1\" type=\"text\" name=\"form_fields[nombre]\" id=\"form-field-nombre\" class=\"elementor-field elementor-size-sm  elementor-field-textual\" placeholder=\"Nombre y apellidos (*)\">\n\t\t\t\t\t\t\t\t\t\t\t<\/div>\n\t\t\t\t\t\t\t\t<div class=\"elementor-field-type-text elementor-field-group elementor-column elementor-field-group-pais elementor-col-50 elementor-field-required\">\n\t\t\t\t\t\t\t\t\t\t\t\t<label for=\"form-field-pais\" class=\"elementor-field-label elementor-screen-only\">\n\t\t\t\t\t\t\t\tPa\u00eds\t\t\t\t\t\t\t<\/label>\n\t\t\t\t\t\t\t\t\t\t\t\t\t\t<input size=\"1\" type=\"text\" name=\"form_fields[pais]\" id=\"form-field-pais\" class=\"elementor-field elementor-size-sm  elementor-field-textual\" placeholder=\"Pa\u00eds (*)\" required=\"required\">\n\t\t\t\t\t\t\t\t\t\t\t<\/div>\n\t\t\t\t\t\t\t\t<div class=\"elementor-field-type-email elementor-field-group elementor-column elementor-field-group-email elementor-col-50 elementor-field-required\">\n\t\t\t\t\t\t\t\t\t\t\t\t<label for=\"form-field-email\" class=\"elementor-field-label elementor-screen-only\">\n\t\t\t\t\t\t\t\tEmail\t\t\t\t\t\t\t<\/label>\n\t\t\t\t\t\t\t\t\t\t\t\t\t\t<input size=\"1\" type=\"email\" name=\"form_fields[email]\" id=\"form-field-email\" class=\"elementor-field elementor-size-sm  elementor-field-textual\" placeholder=\"Email (*)\" required=\"required\">\n\t\t\t\t\t\t\t\t\t\t\t<\/div>\n\t\t\t\t\t\t\t\t<div class=\"elementor-field-type-textarea elementor-field-group elementor-column elementor-field-group-mensaje elementor-col-100 elementor-field-required\">\n\t\t\t\t\t\t\t\t\t\t\t\t<label for=\"form-field-mensaje\" class=\"elementor-field-label elementor-screen-only\">\n\t\t\t\t\t\t\t\tMensaje\t\t\t\t\t\t\t<\/label>\n\t\t\t\t\t\t<textarea class=\"elementor-field-textual elementor-field  elementor-size-sm\" name=\"form_fields[mensaje]\" id=\"form-field-mensaje\" rows=\"4\" placeholder=\"Mensaje (*)\" required=\"required\"><\/textarea>\t\t\t\t<\/div>\n\t\t\t\t\t\t\t\t<div class=\"elementor-field-group elementor-column elementor-field-type-submit elementor-col-30 e-form__buttons\">\n\t\t\t\t\t<button class=\"elementor-button elementor-size-sm\" type=\"submit\">\n\t\t\t\t\t\t<span class=\"elementor-button-content-wrapper\">\n\t\t\t\t\t\t\t\t\t\t\t\t\t\t\t\t\t\t\t\t\t\t<span class=\"elementor-button-text\">Enviar<\/span>\n\t\t\t\t\t\t\t\t\t\t\t\t\t<\/span>\n\t\t\t\t\t<\/button>\n\t\t\t\t<\/div>\n\t\t\t<\/div>\n\t\t<\/form>\n\t\t\t\t\t\t<\/div>\n\t\t\t\t<\/div>\n\t\t\t\t\t<\/div>\n\t\t<\/div>\n\t\t\t\t\t<\/div>\n\t\t<\/section>\n\t\t\t\t<\/div>\n\t\t<\/p><\/div>\n\t\t\t\t<\/div>\n\t\t\t\t\t\t\t\t<\/div>\n\t\t\t\t\t\t<\/div>\n\t\t\t\t<\/div>\n\t\t\t\t<div class=\"elementor-element elementor-element-e42ba60 elementor-widget elementor-widget-html\" data-id=\"e42ba60\" data-element_type=\"widget\" data-e-type=\"widget\" data-widget_type=\"html.default\">\n\t\t\t\t<div class=\"elementor-widget-container\">\n\t\t\t\t\t<script> \r\njQuery(document).ready(function($) { \r\nvar delay = 100; setTimeout(function() { \r\n$('.elementor-tab-title').removeClass('elementor-active');\r\n $('.elementor-tab-content').css('display', 'none'); }, delay); \r\n}); \r\n<\/script>\t\t\t\t<\/div>\n\t\t\t\t<\/div>\n\t\t\t\t\t<\/div>\n\t\t<\/div>\n\t\t\t\t\t<\/div>\n\t\t<\/section>\n\t\t\t\t<\/div>\n\t\t","protected":false},"excerpt":{"rendered":"<p>Sie finden eine Gruppe allgemeiner Fragen und haben die M\u00f6glichkeit, neue Fragen zu stellen.<\/p>","protected":false},"author":1,"featured_media":0,"parent":0,"menu_order":0,"comment_status":"closed","ping_status":"closed","template":"","meta":{"_acf_changed":false,"footnotes":"","_links_to":"","_links_to_target":""},"categories":[],"tags":[],"class_list":["post-2455","page","type-page","status-publish","hentry","post"],"acf":[],"aioseo_notices":[],"jetpack-related-posts":[{"id":12,"url":"https:\/\/artejoven.org\/de\/","url_meta":{"origin":2455,"position":0},"title":"Startseite","author":"Ren\u00e9 Manuel Puig","date":"15 de M\u00e4rz de 2023","format":false,"excerpt":"Wir sind eine kulturelle Plattform zur Unterst\u00fctzung und F\u00f6rderung aufstrebender kubanischer Kunst- und Kulturunternehmen, die ihre kreativen Projekte von Kuba aus verwirklichen.","rel":"","context":"\u00c4hnlicher Beitrag","block_context":{"text":"\u00c4hnlicher Beitrag","link":""},"img":{"alt_text":"CIERIC","src":"https:\/\/i0.wp.com\/artejoven.org\/wp-content\/uploads\/2025\/03\/CIERIC-png.webp?resize=350%2C200&ssl=1","width":350,"height":200,"srcset":"https:\/\/i0.wp.com\/artejoven.org\/wp-content\/uploads\/2025\/03\/CIERIC-png.webp?resize=350%2C200&ssl=1 1x, https:\/\/i0.wp.com\/artejoven.org\/wp-content\/uploads\/2025\/03\/CIERIC-png.webp?resize=525%2C300&ssl=1 1.5x, https:\/\/i0.wp.com\/artejoven.org\/wp-content\/uploads\/2025\/03\/CIERIC-png.webp?resize=700%2C400&ssl=1 2x"},"classes":[]},{"id":3056,"url":"https:\/\/artejoven.org\/de\/beneficiarios\/puzzle-repasos-al-arte-joven-iii\/","url_meta":{"origin":2455,"position":1},"title":"Puzzle: Rezensionen zur jungen Kunst III\u00a0","author":"Ren\u00e9 Manuel Puig","date":"23 de Mai de 2023","format":false,"excerpt":"In Havanna seit 2019. Puzzle: Reviews of young art in seiner dritten Ausgabe ist das Ergebnis einer Idee, die im Wesentlichen alle von der Galerie Taller Gorr\u00eda veranstalteten und gef\u00f6rderten Projekte umfasst.","rel":"","context":"In &quot;Beneficiarios&quot;","block_context":{"text":"Beneficiarios","link":"https:\/\/artejoven.org\/de\/category\/beneficiarios\/"},"img":{"alt_text":"Puzzle","src":"https:\/\/i0.wp.com\/artejoven.org\/wp-content\/uploads\/2023\/06\/Puzzle-jpg.webp?resize=350%2C200&ssl=1","width":350,"height":200},"classes":[]},{"id":8925,"url":"https:\/\/artejoven.org\/de\/beneficiarios\/jazz-emprende\/","url_meta":{"origin":2455,"position":2},"title":"Jazz Emprende","author":"Ren\u00e9 Manuel Puig","date":"24 de Februar de 2025","format":false,"excerpt":"Erste Veranstaltung des lokalen Entwicklungsprojekts Emprendo y Existo, das zur F\u00f6rderung der Kreativit\u00e4t in der Kreativwirtschaft beitr\u00e4gt und die Ziele von Musikern und Unternehmern integriert.","rel":"","context":"In &quot;Beneficiarios&quot;","block_context":{"text":"Beneficiarios","link":"https:\/\/artejoven.org\/de\/category\/beneficiarios\/"},"img":{"alt_text":"Jazz Emprende","src":"https:\/\/i0.wp.com\/artejoven.org\/wp-content\/uploads\/2025\/02\/Jazz-Emprende.webp?resize=350%2C200&ssl=1","width":350,"height":200,"srcset":"https:\/\/i0.wp.com\/artejoven.org\/wp-content\/uploads\/2025\/02\/Jazz-Emprende.webp?resize=350%2C200&ssl=1 1x, https:\/\/i0.wp.com\/artejoven.org\/wp-content\/uploads\/2025\/02\/Jazz-Emprende.webp?resize=525%2C300&ssl=1 1.5x"},"classes":[]},{"id":14,"url":"https:\/\/artejoven.org\/de\/convocatorias\/proyectos-creativos-artes-visuales\/","url_meta":{"origin":2455,"position":3},"title":"Kreative Projekte. Bildende Kunst","author":"Ren\u00e9 Manuel Puig","date":"15 de M\u00e4rz de 2023","format":false,"excerpt":"Antragsformular f\u00fcr Antr\u00e4ge zur Unterst\u00fctzung der Produktion von kreativen Projekten mit freien Themen.","rel":"","context":"In &quot;Convocatorias&quot;","block_context":{"text":"Convocatorias","link":"https:\/\/artejoven.org\/de\/category\/convocatoria\/"},"img":{"alt_text":"Fondo de Arte Joven","src":"https:\/\/i0.wp.com\/artejoven.org\/wp-content\/uploads\/2023\/03\/Optimizado-scaled.jpg?resize=350%2C200&ssl=1","width":350,"height":200,"srcset":"https:\/\/i0.wp.com\/artejoven.org\/wp-content\/uploads\/2023\/03\/Optimizado-scaled.jpg?resize=350%2C200&ssl=1 1x, https:\/\/i0.wp.com\/artejoven.org\/wp-content\/uploads\/2023\/03\/Optimizado-scaled.jpg?resize=525%2C300&ssl=1 1.5x, https:\/\/i0.wp.com\/artejoven.org\/wp-content\/uploads\/2023\/03\/Optimizado-scaled.jpg?resize=700%2C400&ssl=1 2x, https:\/\/i0.wp.com\/artejoven.org\/wp-content\/uploads\/2023\/03\/Optimizado-scaled.jpg?resize=1050%2C600&ssl=1 3x, https:\/\/i0.wp.com\/artejoven.org\/wp-content\/uploads\/2023\/03\/Optimizado-scaled.jpg?resize=1400%2C800&ssl=1 4x"},"classes":[]},{"id":2191,"url":"#element","url_meta":{"origin":2455,"position":4},"title":"Aktionen","author":"Ren\u00e9 Manuel Puig","date":"23 de Mai de 2023","format":false,"excerpt":"Desarrollamos programas sistem\u00e1ticos de convocatorias y premios, as\u00ed como actividades de promoci\u00f3n del arte emergente, de pa\u00edses del Sur Global. En una sola plataforma, combinamos diferentes est\u00edmulos para la creaci\u00f3n joven, como la disponibilidad de espacios de exhibici\u00f3n, apoyo a la producci\u00f3n de proyectos y procesos creativos, oportunidades de superaci\u00f3n\u2026","rel":"","context":"\u00c4hnlicher Beitrag","block_context":{"text":"\u00c4hnlicher Beitrag","link":""},"img":{"alt_text":"","src":"https:\/\/i0.wp.com\/artejoven.org\/wp-content\/uploads\/2025\/04\/Expo_Prestidigitador_CG-12-scaled.webp?resize=350%2C200&ssl=1","width":350,"height":200,"srcset":"https:\/\/i0.wp.com\/artejoven.org\/wp-content\/uploads\/2025\/04\/Expo_Prestidigitador_CG-12-scaled.webp?resize=350%2C200&ssl=1 1x, https:\/\/i0.wp.com\/artejoven.org\/wp-content\/uploads\/2025\/04\/Expo_Prestidigitador_CG-12-scaled.webp?resize=525%2C300&ssl=1 1.5x, https:\/\/i0.wp.com\/artejoven.org\/wp-content\/uploads\/2025\/04\/Expo_Prestidigitador_CG-12-scaled.webp?resize=700%2C400&ssl=1 2x, https:\/\/i0.wp.com\/artejoven.org\/wp-content\/uploads\/2025\/04\/Expo_Prestidigitador_CG-12-scaled.webp?resize=1050%2C600&ssl=1 3x, https:\/\/i0.wp.com\/artejoven.org\/wp-content\/uploads\/2025\/04\/Expo_Prestidigitador_CG-12-scaled.webp?resize=1400%2C800&ssl=1 4x"},"classes":[]},{"id":4142,"url":"https:\/\/artejoven.org\/de\/convocatorias\/proyectos-creativos-musica\/","url_meta":{"origin":2455,"position":5},"title":"Kreative Projekte. Musik","author":"Ren\u00e9 Manuel Puig","date":"21 de Juni de 2023","format":false,"excerpt":"Antragsformular f\u00fcr Antr\u00e4ge auf Unterst\u00fctzung von Musikprojekten","rel":"","context":"In &quot;Convocatorias&quot;","block_context":{"text":"Convocatorias","link":"https:\/\/artejoven.org\/de\/category\/convocatoria\/"},"img":{"alt_text":"Fondo de Arte Joven","src":"https:\/\/i0.wp.com\/artejoven.org\/wp-content\/uploads\/2023\/06\/Fondo-de-Arte-Joven.jpg?resize=350%2C200&ssl=1","width":350,"height":200,"srcset":"https:\/\/i0.wp.com\/artejoven.org\/wp-content\/uploads\/2023\/06\/Fondo-de-Arte-Joven.jpg?resize=350%2C200&ssl=1 1x, https:\/\/i0.wp.com\/artejoven.org\/wp-content\/uploads\/2023\/06\/Fondo-de-Arte-Joven.jpg?resize=525%2C300&ssl=1 1.5x, https:\/\/i0.wp.com\/artejoven.org\/wp-content\/uploads\/2023\/06\/Fondo-de-Arte-Joven.jpg?resize=700%2C400&ssl=1 2x"},"classes":[]}],"jetpack_sharing_enabled":true,"_links":{"self":[{"href":"https:\/\/artejoven.org\/de\/wp-json\/wp\/v2\/pages\/2455","targetHints":{"allow":["GET"]}}],"collection":[{"href":"https:\/\/artejoven.org\/de\/wp-json\/wp\/v2\/pages"}],"about":[{"href":"https:\/\/artejoven.org\/de\/wp-json\/wp\/v2\/types\/page"}],"author":[{"embeddable":true,"href":"https:\/\/artejoven.org\/de\/wp-json\/wp\/v2\/users\/1"}],"replies":[{"embeddable":true,"href":"https:\/\/artejoven.org\/de\/wp-json\/wp\/v2\/comments?post=2455"}],"version-history":[{"count":0,"href":"https:\/\/artejoven.org\/de\/wp-json\/wp\/v2\/pages\/2455\/revisions"}],"wp:attachment":[{"href":"https:\/\/artejoven.org\/de\/wp-json\/wp\/v2\/media?parent=2455"}],"wp:term":[{"taxonomy":"category","embeddable":true,"href":"https:\/\/artejoven.org\/de\/wp-json\/wp\/v2\/categories?post=2455"},{"taxonomy":"post_tag","embeddable":true,"href":"https:\/\/artejoven.org\/de\/wp-json\/wp\/v2\/tags?post=2455"}],"curies":[{"name":"wp","href":"https:\/\/api.w.org\/{rel}","templated":true}]}}