{"id":2807,"date":"2023-05-11T22:14:14","date_gmt":"2023-05-12T02:14:14","guid":{"rendered":"https:\/\/artejoven.org\/?page_id=2807"},"modified":"2023-09-01T12:14:54","modified_gmt":"2023-09-01T16:14:54","slug":"alejandro-mendoza","status":"publish","type":"page","link":"https:\/\/artejoven.org\/de\/beneficiarios\/alejandro-mendoza\/","title":{"rendered":"Alejandro Mendoza"},"content":{"rendered":"","protected":false},"excerpt":{"rendered":"<p>Alejandro Mendoza Castro (Artemisa, 2000) ist ein Saxophonist, der 2010 sein Studium an der Escuela Vocacional de Arte in der Gemeinde Quivican, in seiner Heimatprovinz, begann.<\/p>","protected":false},"author":1,"featured_media":2809,"parent":931,"menu_order":0,"comment_status":"closed","ping_status":"closed","template":"","meta":{"_acf_changed":false,"footnotes":"","_links_to":"","_links_to_target":""},"categories":[13,31],"tags":[25,57],"class_list":["post-2807","page","type-page","status-publish","has-post-thumbnail","hentry","category-beneficiarios","category-musica-beneficiarios","tag-25","tag-primer-programa","post","post-with-thumbnail","post-with-thumbnail-large"],"acf":[],"aioseo_notices":[],"jetpack-related-posts":[{"id":931,"url":"https:\/\/artejoven.org\/de\/beneficiarios\/","url_meta":{"origin":2807,"position":0},"title":"Beg\u00fcnstigte","author":"Ren\u00e9 Manuel Puig","date":"17 de April de 2023","format":false,"excerpt":"Treffen Sie die Beg\u00fcnstigten. Jeder K\u00fcnstler oder jedes Kulturunternehmen, das der Fondo de Arte Joven unterst\u00fctzt hat.","rel":"","context":"\u00c4hnlicher Beitrag","block_context":{"text":"\u00c4hnlicher Beitrag","link":""},"img":{"alt_text":"Fondo de Arte Joven","src":"https:\/\/i0.wp.com\/artejoven.org\/wp-content\/uploads\/2023\/06\/Fondo-de-Arte-Joven.jpg?resize=350%2C200&ssl=1","width":350,"height":200,"srcset":"https:\/\/i0.wp.com\/artejoven.org\/wp-content\/uploads\/2023\/06\/Fondo-de-Arte-Joven.jpg?resize=350%2C200&ssl=1 1x, https:\/\/i0.wp.com\/artejoven.org\/wp-content\/uploads\/2023\/06\/Fondo-de-Arte-Joven.jpg?resize=525%2C300&ssl=1 1.5x, https:\/\/i0.wp.com\/artejoven.org\/wp-content\/uploads\/2023\/06\/Fondo-de-Arte-Joven.jpg?resize=700%2C400&ssl=1 2x"},"classes":[]},{"id":7732,"url":"#element","url_meta":{"origin":2807,"position":1},"title":"Alejandro G\u00f3mez Cangas","author":"Ren\u00e9 Manuel Puig","date":"15 de Juli de 2024","format":false,"excerpt":"Bildende K\u00fcnstlerin (Villa Clara, Kuba, 1986)","rel":"","context":"In &quot;Jurados&quot;","block_context":{"text":"Jurados","link":"https:\/\/artejoven.org\/de\/category\/jurados\/"},"img":{"alt_text":"","src":"https:\/\/i0.wp.com\/artejoven.org\/wp-content\/uploads\/2024\/07\/Alejandro-Gomez-Cangas-jpg.webp?resize=350%2C200&ssl=1","width":350,"height":200},"classes":[]},{"id":9769,"url":"#","url_meta":{"origin":2807,"position":2},"title":"Alejandro Rojas Blaquier","author":"Ren\u00e9 Manuel Puig","date":"28 de August de 2025","format":false,"excerpt":"B.A. in P\u00e4dagogik und M.A. in kultureller Entwicklung (Havanna, 1960)","rel":"","context":"In &quot;Jurados&quot;","block_context":{"text":"Jurados","link":"https:\/\/artejoven.org\/de\/category\/jurados\/"},"img":{"alt_text":"","src":"https:\/\/i0.wp.com\/artejoven.org\/wp-content\/uploads\/2025\/08\/Alejandro-Rojas-Blaquier.webp?resize=350%2C200&ssl=1","width":350,"height":200},"classes":[]},{"id":8799,"url":"https:\/\/artejoven.org\/de\/beneficiarios\/alejandro-sanchez-veliz\/","url_meta":{"origin":2807,"position":3},"title":"Alejandro S\u00e1nchez Veliz","author":"Ren\u00e9 Manuel Puig","date":"13 de Februar de 2025","format":false,"excerpt":"(Villa Clara, 2006) Klarinettenstudentin an der Nationalen Musikschule in Havanna.","rel":"","context":"In &quot;Beneficiarios&quot;","block_context":{"text":"Beneficiarios","link":"https:\/\/artejoven.org\/de\/category\/beneficiarios\/"},"img":{"alt_text":"Alejandro S\u00e1nchez Veliz","src":"https:\/\/i0.wp.com\/artejoven.org\/wp-content\/uploads\/2025\/02\/Alejandro-Sanchez-Veliz.webp?resize=350%2C200&ssl=1","width":350,"height":200,"srcset":"https:\/\/i0.wp.com\/artejoven.org\/wp-content\/uploads\/2025\/02\/Alejandro-Sanchez-Veliz.webp?resize=350%2C200&ssl=1 1x, https:\/\/i0.wp.com\/artejoven.org\/wp-content\/uploads\/2025\/02\/Alejandro-Sanchez-Veliz.webp?resize=525%2C300&ssl=1 1.5x"},"classes":[]},{"id":5643,"url":"https:\/\/artejoven.org\/de\/beneficiarios\/alejandro-coqui-calzadilla\/","url_meta":{"origin":2807,"position":4},"title":"Alejandro (Coqui) Calzadilla","author":"Ren\u00e9 Manuel Puig","date":"11 de September de 2023","format":false,"excerpt":"Alejandro (Coqui) Calzadilla (Leningrad, 1988) ist Klarinettist, Saxophonist, Lehrer, Arrangeur und Komponist. Er schloss sein Studium an der Universit\u00e4t der K\u00fcnste (ISA) bei Maestro Vicente Monterrey (2012) mit einem Gold-Diplom ab.","rel":"","context":"In &quot;Beneficiarios&quot;","block_context":{"text":"Beneficiarios","link":"https:\/\/artejoven.org\/de\/category\/beneficiarios\/"},"img":{"alt_text":"Coqui Calzadilla","src":"https:\/\/i0.wp.com\/artejoven.org\/wp-content\/uploads\/2023\/09\/Coqui-Calzadilla-jpg.webp?resize=350%2C200&ssl=1","width":350,"height":200},"classes":[]},{"id":10572,"url":"https:\/\/artejoven.org\/de\/beneficiarios\/diego-alejandro-abreu-gonzalez\/","url_meta":{"origin":2807,"position":5},"title":"Diego Alejandro Abreu Gonz\u00e1lez","author":"Ren\u00e9 Manuel Puig","date":"6 de M\u00e4rz de 2026","format":false,"excerpt":"(Havanna, 2007) Pianist und Komponist am Amadeo-Rold\u00e1n-Konservatorium in Havanna, wo er unter der Leitung von Aldo L\u00f3pez-Gavil\u00e1n studierte.","rel":"","context":"In &quot;Beneficiarios&quot;","block_context":{"text":"Beneficiarios","link":"https:\/\/artejoven.org\/de\/category\/beneficiarios\/"},"img":{"alt_text":"Diego Alejandro Abreu Gonz\u00e1lez","src":"https:\/\/i0.wp.com\/artejoven.org\/wp-content\/uploads\/2026\/03\/Diego-Alejandro-Abreu-Gonzalez.webp?resize=350%2C200&ssl=1","width":350,"height":200,"srcset":"https:\/\/i0.wp.com\/artejoven.org\/wp-content\/uploads\/2026\/03\/Diego-Alejandro-Abreu-Gonzalez.webp?resize=350%2C200&ssl=1 1x, https:\/\/i0.wp.com\/artejoven.org\/wp-content\/uploads\/2026\/03\/Diego-Alejandro-Abreu-Gonzalez.webp?resize=525%2C300&ssl=1 1.5x"},"classes":[]}],"jetpack_sharing_enabled":true,"_links":{"self":[{"href":"https:\/\/artejoven.org\/de\/wp-json\/wp\/v2\/pages\/2807","targetHints":{"allow":["GET"]}}],"collection":[{"href":"https:\/\/artejoven.org\/de\/wp-json\/wp\/v2\/pages"}],"about":[{"href":"https:\/\/artejoven.org\/de\/wp-json\/wp\/v2\/types\/page"}],"author":[{"embeddable":true,"href":"https:\/\/artejoven.org\/de\/wp-json\/wp\/v2\/users\/1"}],"replies":[{"embeddable":true,"href":"https:\/\/artejoven.org\/de\/wp-json\/wp\/v2\/comments?post=2807"}],"version-history":[{"count":0,"href":"https:\/\/artejoven.org\/de\/wp-json\/wp\/v2\/pages\/2807\/revisions"}],"up":[{"embeddable":true,"href":"https:\/\/artejoven.org\/de\/wp-json\/wp\/v2\/pages\/931"}],"wp:featuredmedia":[{"embeddable":true,"href":"https:\/\/artejoven.org\/de\/wp-json\/wp\/v2\/media\/2809"}],"wp:attachment":[{"href":"https:\/\/artejoven.org\/de\/wp-json\/wp\/v2\/media?parent=2807"}],"wp:term":[{"taxonomy":"category","embeddable":true,"href":"https:\/\/artejoven.org\/de\/wp-json\/wp\/v2\/categories?post=2807"},{"taxonomy":"post_tag","embeddable":true,"href":"https:\/\/artejoven.org\/de\/wp-json\/wp\/v2\/tags?post=2807"}],"curies":[{"name":"wp","href":"https:\/\/api.w.org\/{rel}","templated":true}]}}