{"id":2849,"date":"2023-05-20T06:46:19","date_gmt":"2023-05-20T10:46:19","guid":{"rendered":"https:\/\/artejoven.org\/?page_id=2849"},"modified":"2023-09-01T12:17:02","modified_gmt":"2023-09-01T16:17:02","slug":"mario-e-brino","status":"publish","type":"page","link":"https:\/\/artejoven.org\/de\/beneficiarios\/mario-e-brino\/","title":{"rendered":"Mario E. Bri\u00f1o"},"content":{"rendered":"","protected":false},"excerpt":{"rendered":"<p>Mario Enrique Bri\u00f1o Alvarez (Havanna, 1998) ist derzeit aktiv in der Produktion und Entwicklung von Videomapping als Teil von St\u00fccken wie Intimidad; Kil\u00f3metro Cero oder Medea y Player.<\/p>","protected":false},"author":1,"featured_media":2850,"parent":931,"menu_order":0,"comment_status":"closed","ping_status":"closed","template":"","meta":{"_acf_changed":false,"footnotes":"","_links_to":"","_links_to_target":""},"categories":[32,13],"tags":[25,57],"class_list":["post-2849","page","type-page","status-publish","has-post-thumbnail","hentry","category-artes-visuales-beneficiarios","category-beneficiarios","tag-25","tag-primer-programa","post","post-with-thumbnail","post-with-thumbnail-large"],"acf":[],"aioseo_notices":[],"jetpack-related-posts":[{"id":5098,"url":"https:\/\/artejoven.org\/de\/espacios-faj\/salon-blanco\/paisaje-para-el-proximo-siglo\/","url_meta":{"origin":2849,"position":0},"title":"Landschaft f\u00fcr das n\u00e4chste Jahrhundert","author":"Ren\u00e9 Manuel Puig","date":"26 de Mai de 2023","format":false,"excerpt":"Landschaft f\u00fcr das n\u00e4chste Jahrhundert ist der Titel dieses Projekts und entspricht einem Gem\u00e4lde von Cabrera Moreno aus dem Jahr 1975.","rel":"","context":"In &quot;Exposiciones&quot;","block_context":{"text":"Exposiciones","link":"https:\/\/artejoven.org\/de\/category\/espacios\/exposiciones-espacios\/"},"img":{"alt_text":"Paisaje para el pr\u00f3ximo siglo","src":"https:\/\/i0.wp.com\/artejoven.org\/wp-content\/uploads\/2023\/08\/Paisaje-01-jpg.webp?resize=350%2C200&ssl=1","width":350,"height":200,"srcset":"https:\/\/i0.wp.com\/artejoven.org\/wp-content\/uploads\/2023\/08\/Paisaje-01-jpg.webp?resize=350%2C200&ssl=1 1x, https:\/\/i0.wp.com\/artejoven.org\/wp-content\/uploads\/2023\/08\/Paisaje-01-jpg.webp?resize=525%2C300&ssl=1 1.5x, https:\/\/i0.wp.com\/artejoven.org\/wp-content\/uploads\/2023\/08\/Paisaje-01-jpg.webp?resize=700%2C400&ssl=1 2x, https:\/\/i0.wp.com\/artejoven.org\/wp-content\/uploads\/2023\/08\/Paisaje-01-jpg.webp?resize=1050%2C600&ssl=1 3x"},"classes":[]},{"id":2261,"url":"https:\/\/artejoven.org\/de\/beneficiarios\/mario-salvador\/","url_meta":{"origin":2849,"position":1},"title":"Mario Salvador","author":"Ren\u00e9 Manuel Puig","date":"21 de Mai de 2023","format":false,"excerpt":"Mario Salvador Rodr\u00edguez Morales (Havanna, 1999), oder einfach Mario Salvador, ist ein junger Tresero, Absolvent der Escuela Nacional de Arte 2017 und Student im dritten Jahr an der Universidad de las Artes (ISA).","rel":"","context":"In &quot;Beneficiarios&quot;","block_context":{"text":"Beneficiarios","link":"https:\/\/artejoven.org\/de\/category\/beneficiarios\/"},"img":{"alt_text":"Mario Salvador","src":"https:\/\/i0.wp.com\/artejoven.org\/wp-content\/uploads\/2023\/06\/Mario-Salvador-1-jpg.webp?resize=350%2C200&ssl=1","width":350,"height":200,"srcset":"https:\/\/i0.wp.com\/artejoven.org\/wp-content\/uploads\/2023\/06\/Mario-Salvador-1-jpg.webp?resize=350%2C200&ssl=1 1x, https:\/\/i0.wp.com\/artejoven.org\/wp-content\/uploads\/2023\/06\/Mario-Salvador-1-jpg.webp?resize=525%2C300&ssl=1 1.5x"},"classes":[]},{"id":10555,"url":"https:\/\/artejoven.org\/de\/beneficiarios\/armando-mario-moreira-valdes\/","url_meta":{"origin":2849,"position":2},"title":"Armando Mario Moreira Vald\u00e9s","author":"Ren\u00e9 Manuel Puig","date":"6 de M\u00e4rz de 2026","format":false,"excerpt":"(Pinar del R\u00edo, 2011) Gitarrist, ausgebildet an der Escuela Provincial de Arte de Pinar del R\u00edo.","rel":"","context":"In &quot;Beneficiarios&quot;","block_context":{"text":"Beneficiarios","link":"https:\/\/artejoven.org\/de\/category\/beneficiarios\/"},"img":{"alt_text":"Armando Mario Moreira Vald\u00e9s","src":"https:\/\/i0.wp.com\/artejoven.org\/wp-content\/uploads\/2026\/03\/Armando-Mario-Moreira-Valdes.webp?resize=350%2C200&ssl=1","width":350,"height":200,"srcset":"https:\/\/i0.wp.com\/artejoven.org\/wp-content\/uploads\/2026\/03\/Armando-Mario-Moreira-Valdes.webp?resize=350%2C200&ssl=1 1x, https:\/\/i0.wp.com\/artejoven.org\/wp-content\/uploads\/2026\/03\/Armando-Mario-Moreira-Valdes.webp?resize=525%2C300&ssl=1 1.5x"},"classes":[]},{"id":10575,"url":"https:\/\/artejoven.org\/de\/beneficiarios\/maria-karla-rifat-rodriguez\/","url_meta":{"origin":2849,"position":3},"title":"Mar\u00eda Karla Rifat Rodr\u00edguez","author":"Ren\u00e9 Manuel Puig","date":"6 de M\u00e4rz de 2026","format":false,"excerpt":"(Cienfuegos, 2007) Cellistin mit Goldabschluss an der Escuela Profesional de Arte de Matanzas und Studentin an der Universidad de las Artes de Cuba (ISA).","rel":"","context":"In &quot;Beneficiarios&quot;","block_context":{"text":"Beneficiarios","link":"https:\/\/artejoven.org\/de\/category\/beneficiarios\/"},"img":{"alt_text":"Mar\u00eda Karla Rifat Rodr\u00edguez","src":"https:\/\/i0.wp.com\/artejoven.org\/wp-content\/uploads\/2026\/03\/Maria-Karla-Rifat-Rodriguez.webp?resize=350%2C200&ssl=1","width":350,"height":200,"srcset":"https:\/\/i0.wp.com\/artejoven.org\/wp-content\/uploads\/2026\/03\/Maria-Karla-Rifat-Rodriguez.webp?resize=350%2C200&ssl=1 1x, https:\/\/i0.wp.com\/artejoven.org\/wp-content\/uploads\/2026\/03\/Maria-Karla-Rifat-Rodriguez.webp?resize=525%2C300&ssl=1 1.5x"},"classes":[]},{"id":5655,"url":"https:\/\/artejoven.org\/de\/beneficiarios\/annys-maria-batista\/","url_meta":{"origin":2849,"position":4},"title":"Annys Mar\u00eda Batista","author":"Ren\u00e9 Manuel Puig","date":"11 de September de 2023","format":false,"excerpt":"Annys Mar\u00eda Batista (Bayamo, 1989) ist eine Instrumentalistin und S\u00e4ngerin, die ihren Abschluss an der Escuela Vocacional de Arte Manuel Mu\u00f1oz Cede\u00f1o (2008) gemacht hat. Sie war Mitglied der Gruppen Compacto, RiverJazz und des Frauenquintetts Nueva Imagen und geh\u00f6rte auch der Gruppe des kubanischen Musikers Ra\u00fal Torres an.","rel":"","context":"In &quot;Beneficiarios&quot;","block_context":{"text":"Beneficiarios","link":"https:\/\/artejoven.org\/de\/category\/beneficiarios\/"},"img":{"alt_text":"Annys Batista","src":"https:\/\/i0.wp.com\/artejoven.org\/wp-content\/uploads\/2023\/09\/Annys-Batista-jpg.webp?resize=350%2C200&ssl=1","width":350,"height":200},"classes":[]},{"id":7329,"url":"https:\/\/artejoven.org\/de\/beneficiarios\/estaciones\/","url_meta":{"origin":2849,"position":5},"title":"Bahnh\u00f6fe","author":"Ren\u00e9 Manuel Puig","date":"10 de April de 2024","format":false,"excerpt":"Diese Initiative der jungen bildenden K\u00fcnstlerin Mar\u00eda Karla Gonz\u00e1lez (Villa Clara, 2003) zielt darauf ab, k\u00fcnstlerische Ereignisse zu schaffen, indem sie das Nicht-\u00c4sthetische als Grundlage f\u00fcr das k\u00fcnstlerische Ereignis nimmt.","rel":"","context":"In &quot;Artes Visuales&quot;","block_context":{"text":"Artes Visuales","link":"https:\/\/artejoven.org\/de\/category\/beneficiarios\/artes-visuales-beneficiarios\/"},"img":{"alt_text":"Estaciones","src":"https:\/\/i0.wp.com\/artejoven.org\/wp-content\/uploads\/2024\/04\/Estaciones-jpg.webp?resize=350%2C200&ssl=1","width":350,"height":200},"classes":[]}],"jetpack_sharing_enabled":true,"_links":{"self":[{"href":"https:\/\/artejoven.org\/de\/wp-json\/wp\/v2\/pages\/2849","targetHints":{"allow":["GET"]}}],"collection":[{"href":"https:\/\/artejoven.org\/de\/wp-json\/wp\/v2\/pages"}],"about":[{"href":"https:\/\/artejoven.org\/de\/wp-json\/wp\/v2\/types\/page"}],"author":[{"embeddable":true,"href":"https:\/\/artejoven.org\/de\/wp-json\/wp\/v2\/users\/1"}],"replies":[{"embeddable":true,"href":"https:\/\/artejoven.org\/de\/wp-json\/wp\/v2\/comments?post=2849"}],"version-history":[{"count":0,"href":"https:\/\/artejoven.org\/de\/wp-json\/wp\/v2\/pages\/2849\/revisions"}],"up":[{"embeddable":true,"href":"https:\/\/artejoven.org\/de\/wp-json\/wp\/v2\/pages\/931"}],"wp:featuredmedia":[{"embeddable":true,"href":"https:\/\/artejoven.org\/de\/wp-json\/wp\/v2\/media\/2850"}],"wp:attachment":[{"href":"https:\/\/artejoven.org\/de\/wp-json\/wp\/v2\/media?parent=2849"}],"wp:term":[{"taxonomy":"category","embeddable":true,"href":"https:\/\/artejoven.org\/de\/wp-json\/wp\/v2\/categories?post=2849"},{"taxonomy":"post_tag","embeddable":true,"href":"https:\/\/artejoven.org\/de\/wp-json\/wp\/v2\/tags?post=2849"}],"curies":[{"name":"wp","href":"https:\/\/api.w.org\/{rel}","templated":true}]}}