{"id":3031,"date":"2023-05-19T21:39:17","date_gmt":"2023-05-20T01:39:17","guid":{"rendered":"https:\/\/artejoven.org\/?page_id=3031"},"modified":"2023-09-01T12:16:50","modified_gmt":"2023-09-01T16:16:50","slug":"la-timba-schafft-ein-labor-fur-junge-fotografen-aus-der-nachbarschaft","status":"publish","type":"page","link":"https:\/\/artejoven.org\/de\/beneficiarios\/la-timba-crea-lab-jovenes-fotografos-del-barrio\/","title":{"rendered":"La Timba Crea Lab: junge Fotografen aus der Nachbarschaft\u00a0"},"content":{"rendered":"","protected":false},"excerpt":{"rendered":"<p>In Havanna seit 2023. Initiative des Centro Cultural y Creativo La Manigua, ein Projekt zur lokalen Entwicklung, das sich in der Aufbauphase befindet und aus 4 st\u00e4ndigen Mitarbeitern und 4 Kollaborateuren besteht. <\/p>","protected":false},"author":1,"featured_media":3032,"parent":931,"menu_order":0,"comment_status":"closed","ping_status":"closed","template":"","meta":{"_acf_changed":false,"footnotes":"","_links_to":"","_links_to_target":""},"categories":[13,33],"tags":[25,57],"class_list":["post-3031","page","type-page","status-publish","has-post-thumbnail","hentry","category-beneficiarios","category-emprendimientos-beneficiarios","tag-25","tag-primer-programa","post","post-with-thumbnail","post-with-thumbnail-large"],"acf":[],"aioseo_notices":[],"jetpack-related-posts":[{"id":3038,"url":"https:\/\/artejoven.org\/de\/beneficiarios\/cafe-estudio-gato-negro\/","url_meta":{"origin":3031,"position":0},"title":"Caf\u00e9 Estudio Gato Negro","author":"Ren\u00e9 Manuel Puig","date":"13 de Mai de 2023","format":false,"excerpt":"In Sancti Sp\u00edritus seit 2018. Es handelt sich um ein multifunktionales k\u00fcnstlerisches und kulturelles Projekt f\u00fcr die Durchf\u00fchrung verschiedener k\u00fcnstlerischer Aktivit\u00e4ten mit sozialem und gemeinschaftlichem Schwerpunkt.","rel":"","context":"In &quot;Beneficiarios&quot;","block_context":{"text":"Beneficiarios","link":"https:\/\/artejoven.org\/de\/category\/beneficiarios\/"},"img":{"alt_text":"Gato negro","src":"https:\/\/i0.wp.com\/artejoven.org\/wp-content\/uploads\/2023\/06\/Gato-Negro-jpg.webp?resize=350%2C200&ssl=1","width":350,"height":200},"classes":[]},{"id":3077,"url":"https:\/\/artejoven.org\/de\/beneficiarios\/academia-muselecu\/","url_meta":{"origin":3031,"position":1},"title":"Muselecu-Akademie","author":"Ren\u00e9 Manuel Puig","date":"10 de Mai de 2023","format":false,"excerpt":"In Havanna seit 2023. Es handelt sich um ein Bildungs- und Ausbildungsprojekt f\u00fcr den Bereich der elektronischen Musik, das sich an junge Menschen richtet, die sich f\u00fcr diese Szene interessieren und mit ihr verbunden sind.","rel":"","context":"In &quot;Beneficiarios&quot;","block_context":{"text":"Beneficiarios","link":"https:\/\/artejoven.org\/de\/category\/beneficiarios\/"},"img":{"alt_text":"Academia Musclecu","src":"https:\/\/i0.wp.com\/artejoven.org\/wp-content\/uploads\/2023\/06\/Academia-Musclecu-jpg.webp?resize=350%2C200&ssl=1","width":350,"height":200},"classes":[]},{"id":3047,"url":"https:\/\/artejoven.org\/de\/beneficiarios\/estudio-taller-tinta-roja-taller-de-grafica-experimental-para-todos\/","url_meta":{"origin":3031,"position":2},"title":"Estudio Taller Tinta Roja: Experimenteller Grafik-Workshop f\u00fcr alle","author":"Ren\u00e9 Manuel Puig","date":"15 de Mai de 2023","format":false,"excerpt":"In Artemisa seit 2023. Es ist ein Unternehmen, das von dem unabh\u00e4ngigen K\u00fcnstler und Autodidakten Sediel Cabrera Furones koordiniert wird.","rel":"","context":"In &quot;Beneficiarios&quot;","block_context":{"text":"Beneficiarios","link":"https:\/\/artejoven.org\/de\/category\/beneficiarios\/"},"img":{"alt_text":"Tinta Roja","src":"https:\/\/i0.wp.com\/artejoven.org\/wp-content\/uploads\/2023\/06\/Tinta-Roja-jpg.webp?resize=350%2C200&ssl=1","width":350,"height":200},"classes":[]},{"id":3051,"url":"https:\/\/artejoven.org\/de\/beneficiarios\/ups\/","url_meta":{"origin":3031,"position":3},"title":"Huch!","author":"Ren\u00e9 Manuel Puig","date":"27 de Mai de 2023","format":false,"excerpt":"In Havanna seit 2022. Es handelt sich um ein gemeinsames kreatives Projekt der jungen K\u00fcnstler Marlon River\u00f3n Escobar, Luis Antonio Gonz\u00e1lez und Katia Ricardo Oliva.","rel":"","context":"In &quot;Beneficiarios&quot;","block_context":{"text":"Beneficiarios","link":"https:\/\/artejoven.org\/de\/category\/beneficiarios\/"},"img":{"alt_text":"Ups!","src":"https:\/\/i0.wp.com\/artejoven.org\/wp-content\/uploads\/2023\/06\/UPS-jpg.webp?resize=350%2C200&ssl=1","width":350,"height":200},"classes":[]},{"id":2291,"url":"https:\/\/artejoven.org\/de\/beneficiarios\/olivia-torres\/","url_meta":{"origin":3031,"position":4},"title":"Olivia Torres","author":"Ren\u00e9 Manuel Puig","date":"22 de Mai de 2023","format":false,"excerpt":"Olivia Torres D\u00edaz (Havanna, 1999) hat an der Universit\u00e4t der K\u00fcnste (ISA) seit 2022 einen Abschluss in Konservierung von Kulturerbe gemacht.","rel":"","context":"In &quot;Artes Visuales&quot;","block_context":{"text":"Artes Visuales","link":"https:\/\/artejoven.org\/de\/category\/beneficiarios\/artes-visuales-beneficiarios\/"},"img":{"alt_text":"Olivia Torres","src":"https:\/\/i0.wp.com\/artejoven.org\/wp-content\/uploads\/2023\/06\/Olivia-Torres-1-jpg.webp?resize=350%2C200&ssl=1","width":350,"height":200,"srcset":"https:\/\/i0.wp.com\/artejoven.org\/wp-content\/uploads\/2023\/06\/Olivia-Torres-1-jpg.webp?resize=350%2C200&ssl=1 1x, https:\/\/i0.wp.com\/artejoven.org\/wp-content\/uploads\/2023\/06\/Olivia-Torres-1-jpg.webp?resize=525%2C300&ssl=1 1.5x"},"classes":[]},{"id":3072,"url":"https:\/\/artejoven.org\/de\/beneficiarios\/la-jeringa-una-inyeccion-de-arte-y-cultura\/","url_meta":{"origin":3031,"position":5},"title":"La Jeringa, eine Injektion von Kunst und Kultur\u00a0","author":"Ren\u00e9 Manuel Puig","date":"18 de Mai de 2023","format":false,"excerpt":"In Havanna seit 2020. Es ist ein Projekt zur F\u00f6rderung von Kunst und Kultur von und f\u00fcr junge Kubaner.","rel":"","context":"In &quot;Beneficiarios&quot;","block_context":{"text":"Beneficiarios","link":"https:\/\/artejoven.org\/de\/category\/beneficiarios\/"},"img":{"alt_text":"La Jeringa","src":"https:\/\/i0.wp.com\/artejoven.org\/wp-content\/uploads\/2023\/06\/La-Jeringa-jpg.webp?resize=350%2C200&ssl=1","width":350,"height":200},"classes":[]}],"jetpack_sharing_enabled":true,"_links":{"self":[{"href":"https:\/\/artejoven.org\/de\/wp-json\/wp\/v2\/pages\/3031","targetHints":{"allow":["GET"]}}],"collection":[{"href":"https:\/\/artejoven.org\/de\/wp-json\/wp\/v2\/pages"}],"about":[{"href":"https:\/\/artejoven.org\/de\/wp-json\/wp\/v2\/types\/page"}],"author":[{"embeddable":true,"href":"https:\/\/artejoven.org\/de\/wp-json\/wp\/v2\/users\/1"}],"replies":[{"embeddable":true,"href":"https:\/\/artejoven.org\/de\/wp-json\/wp\/v2\/comments?post=3031"}],"version-history":[{"count":0,"href":"https:\/\/artejoven.org\/de\/wp-json\/wp\/v2\/pages\/3031\/revisions"}],"up":[{"embeddable":true,"href":"https:\/\/artejoven.org\/de\/wp-json\/wp\/v2\/pages\/931"}],"wp:featuredmedia":[{"embeddable":true,"href":"https:\/\/artejoven.org\/de\/wp-json\/wp\/v2\/media\/3032"}],"wp:attachment":[{"href":"https:\/\/artejoven.org\/de\/wp-json\/wp\/v2\/media?parent=3031"}],"wp:term":[{"taxonomy":"category","embeddable":true,"href":"https:\/\/artejoven.org\/de\/wp-json\/wp\/v2\/categories?post=3031"},{"taxonomy":"post_tag","embeddable":true,"href":"https:\/\/artejoven.org\/de\/wp-json\/wp\/v2\/tags?post=3031"}],"curies":[{"name":"wp","href":"https:\/\/api.w.org\/{rel}","templated":true}]}}