{"id":3056,"date":"2023-05-23T22:25:33","date_gmt":"2023-05-24T02:25:33","guid":{"rendered":"https:\/\/artejoven.org\/?page_id=3056"},"modified":"2023-09-01T12:17:38","modified_gmt":"2023-09-01T16:17:38","slug":"ratselkritik-der-jungen-kunst-iii","status":"publish","type":"page","link":"https:\/\/artejoven.org\/de\/beneficiarios\/puzzle-repasos-al-arte-joven-iii\/","title":{"rendered":"Puzzle: Rezensionen zur jungen Kunst III\u00a0"},"content":{"rendered":"","protected":false},"excerpt":{"rendered":"<p>In Havanna seit 2019. Puzzle: Reviews of young art in seiner dritten Ausgabe ist das Ergebnis einer Idee, die im Wesentlichen alle von der Galerie Taller Gorr\u00eda veranstalteten und gef\u00f6rderten Projekte umfasst.<\/p>","protected":false},"author":1,"featured_media":3058,"parent":931,"menu_order":0,"comment_status":"closed","ping_status":"closed","template":"","meta":{"_acf_changed":false,"footnotes":"","_links_to":"","_links_to_target":""},"categories":[13,33],"tags":[25,57],"class_list":["post-3056","page","type-page","status-publish","has-post-thumbnail","hentry","category-beneficiarios","category-emprendimientos-beneficiarios","tag-25","tag-primer-programa","post","post-with-thumbnail","post-with-thumbnail-large"],"acf":[],"aioseo_notices":[],"jetpack-related-posts":[{"id":10525,"url":"https:\/\/artejoven.org\/de\/espacios-faj\/patio-abierto\/","url_meta":{"origin":3056,"position":0},"title":"Offener Innenhof","author":"Ren\u00e9 Manuel Puig","date":"28 de Februar de 2026","format":false,"excerpt":"Die Jam Session des Young Art Fund, bei der aufstrebende und etablierte Musiker zusammenkommen, um Sichtbarkeit, Vernetzung und berufliche M\u00f6glichkeiten zu schaffen, Kooperationsma\u00dfnahmen durchzuf\u00fchren und soziale Akteure zu mobilisieren, damit der aufstrebende Kultursektor gest\u00e4rkt wird.","rel":"","context":"In \"Espacios FAJ\"","block_context":{"text":"Espacios FAJ","link":"https:\/\/artejoven.org\/de\/tag\/espacios-faj\/"},"img":{"alt_text":"","src":"https:\/\/i0.wp.com\/artejoven.org\/wp-content\/uploads\/2026\/04\/FAJ_Cesar_Jazz_Club_CG-61.webp?resize=350%2C200&ssl=1","width":350,"height":200,"srcset":"https:\/\/i0.wp.com\/artejoven.org\/wp-content\/uploads\/2026\/04\/FAJ_Cesar_Jazz_Club_CG-61.webp?resize=350%2C200&ssl=1 1x, https:\/\/i0.wp.com\/artejoven.org\/wp-content\/uploads\/2026\/04\/FAJ_Cesar_Jazz_Club_CG-61.webp?resize=525%2C300&ssl=1 1.5x, https:\/\/i0.wp.com\/artejoven.org\/wp-content\/uploads\/2026\/04\/FAJ_Cesar_Jazz_Club_CG-61.webp?resize=700%2C400&ssl=1 2x, https:\/\/i0.wp.com\/artejoven.org\/wp-content\/uploads\/2026\/04\/FAJ_Cesar_Jazz_Club_CG-61.webp?resize=1050%2C600&ssl=1 3x, https:\/\/i0.wp.com\/artejoven.org\/wp-content\/uploads\/2026\/04\/FAJ_Cesar_Jazz_Club_CG-61.webp?resize=1400%2C800&ssl=1 4x"},"classes":[]},{"id":6578,"url":"https:\/\/artejoven.org\/de\/espacios-faj\/malayerba\/","url_meta":{"origin":3056,"position":1},"title":"malaYerba","author":"Ren\u00e9 Manuel Puig","date":"11 de Dezember de 2023","format":false,"excerpt":"Aus der Zusammenarbeit zwischen dem Fondo de Arte Joven und der Fundaci\u00f3n Los Carbonell (Panama) entstand 2023 der Wettbewerb f\u00fcr bildende Kunst malaYerba, der sich auf die Unterst\u00fctzung des kreativen Prozesses kubanischer K\u00fcnstler in Kuba konzentriert.","rel":"","context":"In &quot;Espacios&quot;","block_context":{"text":"Espacios","link":"https:\/\/artejoven.org\/de\/category\/espacios\/"},"img":{"alt_text":"malaYerba","src":"https:\/\/i0.wp.com\/artejoven.org\/wp-content\/uploads\/2024\/07\/malaYerba-Segunda-Convocatoria-1-jpg.webp?resize=350%2C200&ssl=1","width":350,"height":200,"srcset":"https:\/\/i0.wp.com\/artejoven.org\/wp-content\/uploads\/2024\/07\/malaYerba-Segunda-Convocatoria-1-jpg.webp?resize=350%2C200&ssl=1 1x, https:\/\/i0.wp.com\/artejoven.org\/wp-content\/uploads\/2024\/07\/malaYerba-Segunda-Convocatoria-1-jpg.webp?resize=525%2C300&ssl=1 1.5x, https:\/\/i0.wp.com\/artejoven.org\/wp-content\/uploads\/2024\/07\/malaYerba-Segunda-Convocatoria-1-jpg.webp?resize=700%2C400&ssl=1 2x, https:\/\/i0.wp.com\/artejoven.org\/wp-content\/uploads\/2024\/07\/malaYerba-Segunda-Convocatoria-1-jpg.webp?resize=1050%2C600&ssl=1 3x, https:\/\/i0.wp.com\/artejoven.org\/wp-content\/uploads\/2024\/07\/malaYerba-Segunda-Convocatoria-1-jpg.webp?resize=1400%2C800&ssl=1 4x"},"classes":[]},{"id":9345,"url":"#element","url_meta":{"origin":3056,"position":2},"title":"Claudia Yil\u00e9n","author":"Ren\u00e9 Manuel Puig","date":"3 de Mai de 2025","format":false,"excerpt":"Kommunikationsdirektor des Fonds f\u00fcr junge Kunst (FAJ). Journalist.","rel":"","context":"In &quot;Organizaci\u00f3n&quot;","block_context":{"text":"Organizaci\u00f3n","link":"https:\/\/artejoven.org\/de\/category\/organizacion\/"},"img":{"alt_text":"Claudia Yil\u00e9n","src":"https:\/\/i0.wp.com\/artejoven.org\/wp-content\/uploads\/2023\/04\/Claudia-jpg.webp?resize=350%2C200&ssl=1","width":350,"height":200,"srcset":"https:\/\/i0.wp.com\/artejoven.org\/wp-content\/uploads\/2023\/04\/Claudia-jpg.webp?resize=350%2C200&ssl=1 1x, https:\/\/i0.wp.com\/artejoven.org\/wp-content\/uploads\/2023\/04\/Claudia-jpg.webp?resize=525%2C300&ssl=1 1.5x, https:\/\/i0.wp.com\/artejoven.org\/wp-content\/uploads\/2023\/04\/Claudia-jpg.webp?resize=700%2C400&ssl=1 2x, https:\/\/i0.wp.com\/artejoven.org\/wp-content\/uploads\/2023\/04\/Claudia-jpg.webp?resize=1050%2C600&ssl=1 3x"},"classes":[]},{"id":9343,"url":"#element","url_meta":{"origin":3056,"position":3},"title":"Caridad Figueroa","author":"Ren\u00e9 Manuel Puig","date":"3 de Mai de 2025","format":false,"excerpt":"Direktor f\u00fcr Produktion und Verwaltung des Fondo de Arte Joven (FAJ). Museologe.","rel":"","context":"In &quot;Organizaci\u00f3n&quot;","block_context":{"text":"Organizaci\u00f3n","link":"https:\/\/artejoven.org\/de\/category\/organizacion\/"},"img":{"alt_text":"Caridad Figueroa","src":"https:\/\/i0.wp.com\/artejoven.org\/wp-content\/uploads\/2023\/04\/Cari-1-jpg.webp?resize=350%2C200&ssl=1","width":350,"height":200,"srcset":"https:\/\/i0.wp.com\/artejoven.org\/wp-content\/uploads\/2023\/04\/Cari-1-jpg.webp?resize=350%2C200&ssl=1 1x, https:\/\/i0.wp.com\/artejoven.org\/wp-content\/uploads\/2023\/04\/Cari-1-jpg.webp?resize=525%2C300&ssl=1 1.5x, https:\/\/i0.wp.com\/artejoven.org\/wp-content\/uploads\/2023\/04\/Cari-1-jpg.webp?resize=700%2C400&ssl=1 2x, https:\/\/i0.wp.com\/artejoven.org\/wp-content\/uploads\/2023\/04\/Cari-1-jpg.webp?resize=1050%2C600&ssl=1 3x"},"classes":[]},{"id":9347,"url":"#element","url_meta":{"origin":3056,"position":4},"title":"Ren\u00e9 Manuel Puig","author":"Ren\u00e9 Manuel Puig","date":"3 de Mai de 2025","format":false,"excerpt":"Webmaster &amp; IT des Fondo de Arte Joven (FAJ). Computer-Ingenieur.","rel":"","context":"In &quot;Organizaci\u00f3n&quot;","block_context":{"text":"Organizaci\u00f3n","link":"https:\/\/artejoven.org\/de\/category\/organizacion\/"},"img":{"alt_text":"Ren\u00e9 Puig","src":"https:\/\/i0.wp.com\/artejoven.org\/wp-content\/uploads\/2023\/04\/Rene-Puig-jpg.webp?resize=350%2C200&ssl=1","width":350,"height":200,"srcset":"https:\/\/i0.wp.com\/artejoven.org\/wp-content\/uploads\/2023\/04\/Rene-Puig-jpg.webp?resize=350%2C200&ssl=1 1x, https:\/\/i0.wp.com\/artejoven.org\/wp-content\/uploads\/2023\/04\/Rene-Puig-jpg.webp?resize=525%2C300&ssl=1 1.5x, https:\/\/i0.wp.com\/artejoven.org\/wp-content\/uploads\/2023\/04\/Rene-Puig-jpg.webp?resize=700%2C400&ssl=1 2x, https:\/\/i0.wp.com\/artejoven.org\/wp-content\/uploads\/2023\/04\/Rene-Puig-jpg.webp?resize=1050%2C600&ssl=1 3x"},"classes":[]},{"id":9334,"url":"#element","url_meta":{"origin":3056,"position":5},"title":"Neida Pe\u00f1alver","author":"Ren\u00e9 Manuel Puig","date":"3 de Mai de 2025","format":false,"excerpt":"Generalkoordinator des Fondo de Arte Joven (FAJ). Historiker. Berater.","rel":"","context":"In &quot;Organizaci\u00f3n&quot;","block_context":{"text":"Organizaci\u00f3n","link":"https:\/\/artejoven.org\/de\/category\/organizacion\/"},"img":{"alt_text":"Neida Pe\u00f1alver","src":"https:\/\/i0.wp.com\/artejoven.org\/wp-content\/uploads\/2023\/04\/Neida-jpg.webp?resize=350%2C200&ssl=1","width":350,"height":200,"srcset":"https:\/\/i0.wp.com\/artejoven.org\/wp-content\/uploads\/2023\/04\/Neida-jpg.webp?resize=350%2C200&ssl=1 1x, https:\/\/i0.wp.com\/artejoven.org\/wp-content\/uploads\/2023\/04\/Neida-jpg.webp?resize=525%2C300&ssl=1 1.5x, https:\/\/i0.wp.com\/artejoven.org\/wp-content\/uploads\/2023\/04\/Neida-jpg.webp?resize=700%2C400&ssl=1 2x, https:\/\/i0.wp.com\/artejoven.org\/wp-content\/uploads\/2023\/04\/Neida-jpg.webp?resize=1050%2C600&ssl=1 3x"},"classes":[]}],"jetpack_sharing_enabled":true,"_links":{"self":[{"href":"https:\/\/artejoven.org\/de\/wp-json\/wp\/v2\/pages\/3056","targetHints":{"allow":["GET"]}}],"collection":[{"href":"https:\/\/artejoven.org\/de\/wp-json\/wp\/v2\/pages"}],"about":[{"href":"https:\/\/artejoven.org\/de\/wp-json\/wp\/v2\/types\/page"}],"author":[{"embeddable":true,"href":"https:\/\/artejoven.org\/de\/wp-json\/wp\/v2\/users\/1"}],"replies":[{"embeddable":true,"href":"https:\/\/artejoven.org\/de\/wp-json\/wp\/v2\/comments?post=3056"}],"version-history":[{"count":0,"href":"https:\/\/artejoven.org\/de\/wp-json\/wp\/v2\/pages\/3056\/revisions"}],"up":[{"embeddable":true,"href":"https:\/\/artejoven.org\/de\/wp-json\/wp\/v2\/pages\/931"}],"wp:featuredmedia":[{"embeddable":true,"href":"https:\/\/artejoven.org\/de\/wp-json\/wp\/v2\/media\/3058"}],"wp:attachment":[{"href":"https:\/\/artejoven.org\/de\/wp-json\/wp\/v2\/media?parent=3056"}],"wp:term":[{"taxonomy":"category","embeddable":true,"href":"https:\/\/artejoven.org\/de\/wp-json\/wp\/v2\/categories?post=3056"},{"taxonomy":"post_tag","embeddable":true,"href":"https:\/\/artejoven.org\/de\/wp-json\/wp\/v2\/tags?post=3056"}],"curies":[{"name":"wp","href":"https:\/\/api.w.org\/{rel}","templated":true}]}}