{"id":3072,"date":"2023-05-18T22:49:20","date_gmt":"2023-05-19T02:49:20","guid":{"rendered":"https:\/\/artejoven.org\/?page_id=3072"},"modified":"2023-09-01T12:16:37","modified_gmt":"2023-09-01T16:16:37","slug":"die-spritze-eine-injektion-von-kunst-und-kultur","status":"publish","type":"page","link":"https:\/\/artejoven.org\/de\/beneficiarios\/la-jeringa-una-inyeccion-de-arte-y-cultura\/","title":{"rendered":"La Jeringa, eine Injektion von Kunst und Kultur\u00a0"},"content":{"rendered":"","protected":false},"excerpt":{"rendered":"<p>In Havanna seit 2020. Es ist ein Projekt zur F\u00f6rderung von Kunst und Kultur von und f\u00fcr junge Kubaner.<\/p>","protected":false},"author":1,"featured_media":3073,"parent":931,"menu_order":0,"comment_status":"closed","ping_status":"closed","template":"","meta":{"_acf_changed":false,"footnotes":"","_links_to":"","_links_to_target":""},"categories":[13,33],"tags":[25,57],"class_list":["post-3072","page","type-page","status-publish","has-post-thumbnail","hentry","category-beneficiarios","category-emprendimientos-beneficiarios","tag-25","tag-primer-programa","post","post-with-thumbnail","post-with-thumbnail-large"],"acf":[],"aioseo_notices":[],"jetpack-related-posts":[{"id":5585,"url":"https:\/\/www.artlink.ch\/","url_meta":{"origin":3072,"position":0},"title":"artlink","author":"Ren\u00e9 Manuel Puig","date":"8 de September de 2023","format":false,"excerpt":"artlink verbindet Kultur, Kunst und Menschen in der Schweiz und auf allen Kontinenten.","rel":"","context":"In &quot;Artes Visuales&quot;","block_context":{"text":"Artes Visuales","link":"https:\/\/artejoven.org\/de\/category\/recursos\/artes-visuales-recursos\/"},"img":{"alt_text":"","src":"","width":0,"height":0},"classes":[]},{"id":12,"url":"https:\/\/artejoven.org\/de\/","url_meta":{"origin":3072,"position":1},"title":"Startseite","author":"Ren\u00e9 Manuel Puig","date":"15 de M\u00e4rz de 2023","format":false,"excerpt":"Wir sind eine kulturelle Plattform zur Unterst\u00fctzung und F\u00f6rderung aufstrebender kubanischer Kunst- und Kulturunternehmen, die ihre kreativen Projekte von Kuba aus verwirklichen.","rel":"","context":"\u00c4hnlicher Beitrag","block_context":{"text":"\u00c4hnlicher Beitrag","link":""},"img":{"alt_text":"CIERIC","src":"https:\/\/i0.wp.com\/artejoven.org\/wp-content\/uploads\/2025\/03\/CIERIC-png.webp?resize=350%2C200&ssl=1","width":350,"height":200,"srcset":"https:\/\/i0.wp.com\/artejoven.org\/wp-content\/uploads\/2025\/03\/CIERIC-png.webp?resize=350%2C200&ssl=1 1x, https:\/\/i0.wp.com\/artejoven.org\/wp-content\/uploads\/2025\/03\/CIERIC-png.webp?resize=525%2C300&ssl=1 1.5x, https:\/\/i0.wp.com\/artejoven.org\/wp-content\/uploads\/2025\/03\/CIERIC-png.webp?resize=700%2C400&ssl=1 2x"},"classes":[]},{"id":7862,"url":"https:\/\/macpanama.org\/","url_meta":{"origin":3072,"position":2},"title":"Museum f\u00fcr zeitgen\u00f6ssische Kunst in Panama (MAC)","author":"Ren\u00e9 Manuel Puig","date":"6 de Juli de 2024","format":false,"excerpt":"Kulturelle Einrichtung zur Verbreitung von Wissen und Wertsch\u00e4tzung f\u00fcr zeitgen\u00f6ssische Kunst, die die kulturelle und kreative Entwicklung f\u00f6rdert, mit Sitz in Panama.","rel":"","context":"In &quot;Aliados&quot;","block_context":{"text":"Aliados","link":"https:\/\/artejoven.org\/de\/category\/aliados\/"},"img":{"alt_text":"","src":"https:\/\/i0.wp.com\/artejoven.org\/wp-content\/uploads\/2024\/07\/MAC-Panama-jpg.webp?resize=350%2C200&ssl=1","width":350,"height":200},"classes":[]},{"id":3056,"url":"https:\/\/artejoven.org\/de\/beneficiarios\/puzzle-repasos-al-arte-joven-iii\/","url_meta":{"origin":3072,"position":3},"title":"Puzzle: Rezensionen zur jungen Kunst III\u00a0","author":"Ren\u00e9 Manuel Puig","date":"23 de Mai de 2023","format":false,"excerpt":"In Havanna seit 2019. Puzzle: Reviews of young art in seiner dritten Ausgabe ist das Ergebnis einer Idee, die im Wesentlichen alle von der Galerie Taller Gorr\u00eda veranstalteten und gef\u00f6rderten Projekte umfasst.","rel":"","context":"In &quot;Beneficiarios&quot;","block_context":{"text":"Beneficiarios","link":"https:\/\/artejoven.org\/de\/category\/beneficiarios\/"},"img":{"alt_text":"Puzzle","src":"https:\/\/i0.wp.com\/artejoven.org\/wp-content\/uploads\/2023\/06\/Puzzle-jpg.webp?resize=350%2C200&ssl=1","width":350,"height":200},"classes":[]},{"id":9835,"url":"#","url_meta":{"origin":3072,"position":4},"title":"Nationales Zentrum f\u00fcr Kunstschulen (CNEART)","author":"Ren\u00e9 Manuel Puig","date":"8 de Oktober de 2025","format":false,"excerpt":"","rel":"","context":"In &quot;Socios&quot;","block_context":{"text":"Socios","link":"https:\/\/artejoven.org\/de\/category\/socios\/"},"img":{"alt_text":"","src":"https:\/\/i0.wp.com\/artejoven.org\/wp-content\/uploads\/2025\/10\/CENEART.webp?resize=350%2C200&ssl=1","width":350,"height":200},"classes":[]},{"id":935,"url":"https:\/\/artejoven.org\/de\/noticias\/","url_meta":{"origin":3072,"position":5},"title":"Nachrichten","author":"Ren\u00e9 Manuel Puig","date":"17 de April de 2023","format":false,"excerpt":"Bleiben Sie auf dem Laufenden mit unseren Neuigkeiten.","rel":"","context":"\u00c4hnlicher Beitrag","block_context":{"text":"\u00c4hnlicher Beitrag","link":""},"img":{"alt_text":"Residencia Acad\u00e9mica Hait\u00ed - Cuba","src":"https:\/\/i0.wp.com\/artejoven.org\/wp-content\/uploads\/2023\/12\/Residencia-Academica-Haiti-Cuba.webp?resize=350%2C200&ssl=1","width":350,"height":200,"srcset":"https:\/\/i0.wp.com\/artejoven.org\/wp-content\/uploads\/2023\/12\/Residencia-Academica-Haiti-Cuba.webp?resize=350%2C200&ssl=1 1x, https:\/\/i0.wp.com\/artejoven.org\/wp-content\/uploads\/2023\/12\/Residencia-Academica-Haiti-Cuba.webp?resize=525%2C300&ssl=1 1.5x, https:\/\/i0.wp.com\/artejoven.org\/wp-content\/uploads\/2023\/12\/Residencia-Academica-Haiti-Cuba.webp?resize=700%2C400&ssl=1 2x, https:\/\/i0.wp.com\/artejoven.org\/wp-content\/uploads\/2023\/12\/Residencia-Academica-Haiti-Cuba.webp?resize=1050%2C600&ssl=1 3x, https:\/\/i0.wp.com\/artejoven.org\/wp-content\/uploads\/2023\/12\/Residencia-Academica-Haiti-Cuba.webp?resize=1400%2C800&ssl=1 4x"},"classes":[]}],"jetpack_sharing_enabled":true,"_links":{"self":[{"href":"https:\/\/artejoven.org\/de\/wp-json\/wp\/v2\/pages\/3072","targetHints":{"allow":["GET"]}}],"collection":[{"href":"https:\/\/artejoven.org\/de\/wp-json\/wp\/v2\/pages"}],"about":[{"href":"https:\/\/artejoven.org\/de\/wp-json\/wp\/v2\/types\/page"}],"author":[{"embeddable":true,"href":"https:\/\/artejoven.org\/de\/wp-json\/wp\/v2\/users\/1"}],"replies":[{"embeddable":true,"href":"https:\/\/artejoven.org\/de\/wp-json\/wp\/v2\/comments?post=3072"}],"version-history":[{"count":0,"href":"https:\/\/artejoven.org\/de\/wp-json\/wp\/v2\/pages\/3072\/revisions"}],"up":[{"embeddable":true,"href":"https:\/\/artejoven.org\/de\/wp-json\/wp\/v2\/pages\/931"}],"wp:featuredmedia":[{"embeddable":true,"href":"https:\/\/artejoven.org\/de\/wp-json\/wp\/v2\/media\/3073"}],"wp:attachment":[{"href":"https:\/\/artejoven.org\/de\/wp-json\/wp\/v2\/media?parent=3072"}],"wp:term":[{"taxonomy":"category","embeddable":true,"href":"https:\/\/artejoven.org\/de\/wp-json\/wp\/v2\/categories?post=3072"},{"taxonomy":"post_tag","embeddable":true,"href":"https:\/\/artejoven.org\/de\/wp-json\/wp\/v2\/tags?post=3072"}],"curies":[{"name":"wp","href":"https:\/\/api.w.org\/{rel}","templated":true}]}}