{"id":5655,"date":"2023-09-11T20:52:00","date_gmt":"2023-09-12T00:52:00","guid":{"rendered":"https:\/\/artejoven.org\/?page_id=5655"},"modified":"2023-09-12T17:19:21","modified_gmt":"2023-09-12T21:19:21","slug":"annys-maria-batista","status":"publish","type":"page","link":"https:\/\/artejoven.org\/de\/beneficiarios\/annys-maria-batista\/","title":{"rendered":"Annys Mar\u00eda Batista"},"content":{"rendered":"","protected":false},"excerpt":{"rendered":"<p>Annys Mar\u00eda Batista (Bayamo, 1989) ist eine Instrumentalistin und S\u00e4ngerin, die ihren Abschluss an der Escuela Vocacional de Arte Manuel Mu\u00f1oz Cede\u00f1o (2008) gemacht hat. Sie war Mitglied der Gruppen Compacto, RiverJazz und des Frauenquintetts Nueva Imagen und geh\u00f6rte auch der Gruppe des kubanischen Musikers Ra\u00fal Torres an.<\/p>","protected":false},"author":1,"featured_media":5656,"parent":931,"menu_order":0,"comment_status":"closed","ping_status":"closed","template":"","meta":{"_acf_changed":false,"footnotes":"","_links_to":"","_links_to_target":""},"categories":[13,31],"tags":[25,58],"class_list":["post-5655","page","type-page","status-publish","has-post-thumbnail","hentry","category-beneficiarios","category-musica-beneficiarios","tag-25","tag-segundo-programa","post","post-with-thumbnail","post-with-thumbnail-large"],"acf":[],"aioseo_notices":[],"jetpack-related-posts":[{"id":10555,"url":"https:\/\/artejoven.org\/de\/beneficiarios\/armando-mario-moreira-valdes\/","url_meta":{"origin":5655,"position":0},"title":"Armando Mario Moreira Vald\u00e9s","author":"Ren\u00e9 Manuel Puig","date":"6 de M\u00e4rz de 2026","format":false,"excerpt":"(Pinar del R\u00edo, 2011) Gitarrist, ausgebildet an der Escuela Provincial de Arte de Pinar del R\u00edo.","rel":"","context":"In &quot;Beneficiarios&quot;","block_context":{"text":"Beneficiarios","link":"https:\/\/artejoven.org\/de\/category\/beneficiarios\/"},"img":{"alt_text":"Armando Mario Moreira Vald\u00e9s","src":"https:\/\/i0.wp.com\/artejoven.org\/wp-content\/uploads\/2026\/03\/Armando-Mario-Moreira-Valdes.webp?resize=350%2C200&ssl=1","width":350,"height":200,"srcset":"https:\/\/i0.wp.com\/artejoven.org\/wp-content\/uploads\/2026\/03\/Armando-Mario-Moreira-Valdes.webp?resize=350%2C200&ssl=1 1x, https:\/\/i0.wp.com\/artejoven.org\/wp-content\/uploads\/2026\/03\/Armando-Mario-Moreira-Valdes.webp?resize=525%2C300&ssl=1 1.5x"},"classes":[]},{"id":8114,"url":"https:\/\/artejoven.org\/de\/espacios-faj\/malayerba\/segunda-edicion-de-malayerba\/","url_meta":{"origin":5655,"position":1},"title":"Zweite Ausgabe von malaYerba","author":"Ren\u00e9 Manuel Puig","date":"20 de September de 2024","format":false,"excerpt":"Diese neuen Sch\u00f6pfer identifizieren ihre ersch\u00fctterndsten Realit\u00e4ten und setzen sie in Malerei, Fotografie, Video und Installation um.","rel":"","context":"In &quot;Exposiciones&quot;","block_context":{"text":"Exposiciones","link":"https:\/\/artejoven.org\/de\/category\/espacios\/exposiciones-espacios\/"},"img":{"alt_text":"malaYerba","src":"https:\/\/i0.wp.com\/artejoven.org\/wp-content\/uploads\/2024\/07\/malaYerba-Segunda-Convocatoria-1-jpg.webp?resize=350%2C200&ssl=1","width":350,"height":200,"srcset":"https:\/\/i0.wp.com\/artejoven.org\/wp-content\/uploads\/2024\/07\/malaYerba-Segunda-Convocatoria-1-jpg.webp?resize=350%2C200&ssl=1 1x, https:\/\/i0.wp.com\/artejoven.org\/wp-content\/uploads\/2024\/07\/malaYerba-Segunda-Convocatoria-1-jpg.webp?resize=525%2C300&ssl=1 1.5x, https:\/\/i0.wp.com\/artejoven.org\/wp-content\/uploads\/2024\/07\/malaYerba-Segunda-Convocatoria-1-jpg.webp?resize=700%2C400&ssl=1 2x, https:\/\/i0.wp.com\/artejoven.org\/wp-content\/uploads\/2024\/07\/malaYerba-Segunda-Convocatoria-1-jpg.webp?resize=1050%2C600&ssl=1 3x, https:\/\/i0.wp.com\/artejoven.org\/wp-content\/uploads\/2024\/07\/malaYerba-Segunda-Convocatoria-1-jpg.webp?resize=1400%2C800&ssl=1 4x"},"classes":[]},{"id":10596,"url":"https:\/\/artejoven.org\/de\/beneficiarios\/moises-elias-hernandez-zaldivar\/","url_meta":{"origin":5655,"position":2},"title":"Mois\u00e9s El\u00edas Hern\u00e1ndez Zald\u00edvar","author":"Ren\u00e9 Manuel Puig","date":"8 de M\u00e4rz de 2026","format":false,"excerpt":"(Holgu\u00edn, 2007) Pianist, ausgebildet an der Escuela Elemental de Arte Ra\u00fal G\u00f3mez Garc\u00eda in Holgu\u00edn und derzeit Student am Konservatorium Jos\u00e9 Mar\u00eda Ochoa in derselben Provinz.","rel":"","context":"In &quot;Beneficiarios&quot;","block_context":{"text":"Beneficiarios","link":"https:\/\/artejoven.org\/de\/category\/beneficiarios\/"},"img":{"alt_text":"Mois\u00e9s El\u00edas Hern\u00e1ndez Zald\u00edvar","src":"https:\/\/i0.wp.com\/artejoven.org\/wp-content\/uploads\/2026\/03\/Moises-Elias-Hernandez-Zaldivar.webp?resize=350%2C200&ssl=1","width":350,"height":200,"srcset":"https:\/\/i0.wp.com\/artejoven.org\/wp-content\/uploads\/2026\/03\/Moises-Elias-Hernandez-Zaldivar.webp?resize=350%2C200&ssl=1 1x, https:\/\/i0.wp.com\/artejoven.org\/wp-content\/uploads\/2026\/03\/Moises-Elias-Hernandez-Zaldivar.webp?resize=525%2C300&ssl=1 1.5x"},"classes":[]},{"id":2261,"url":"https:\/\/artejoven.org\/de\/beneficiarios\/mario-salvador\/","url_meta":{"origin":5655,"position":3},"title":"Mario Salvador","author":"Ren\u00e9 Manuel Puig","date":"21 de Mai de 2023","format":false,"excerpt":"Mario Salvador Rodr\u00edguez Morales (Havanna, 1999), oder einfach Mario Salvador, ist ein junger Tresero, Absolvent der Escuela Nacional de Arte 2017 und Student im dritten Jahr an der Universidad de las Artes (ISA).","rel":"","context":"In &quot;Beneficiarios&quot;","block_context":{"text":"Beneficiarios","link":"https:\/\/artejoven.org\/de\/category\/beneficiarios\/"},"img":{"alt_text":"Mario Salvador","src":"https:\/\/i0.wp.com\/artejoven.org\/wp-content\/uploads\/2023\/06\/Mario-Salvador-1-jpg.webp?resize=350%2C200&ssl=1","width":350,"height":200,"srcset":"https:\/\/i0.wp.com\/artejoven.org\/wp-content\/uploads\/2023\/06\/Mario-Salvador-1-jpg.webp?resize=350%2C200&ssl=1 1x, https:\/\/i0.wp.com\/artejoven.org\/wp-content\/uploads\/2023\/06\/Mario-Salvador-1-jpg.webp?resize=525%2C300&ssl=1 1.5x"},"classes":[]},{"id":10575,"url":"https:\/\/artejoven.org\/de\/beneficiarios\/maria-karla-rifat-rodriguez\/","url_meta":{"origin":5655,"position":4},"title":"Mar\u00eda Karla Rifat Rodr\u00edguez","author":"Ren\u00e9 Manuel Puig","date":"6 de M\u00e4rz de 2026","format":false,"excerpt":"(Cienfuegos, 2007) Cellistin mit Goldabschluss an der Escuela Profesional de Arte de Matanzas und Studentin an der Universidad de las Artes de Cuba (ISA).","rel":"","context":"In &quot;Beneficiarios&quot;","block_context":{"text":"Beneficiarios","link":"https:\/\/artejoven.org\/de\/category\/beneficiarios\/"},"img":{"alt_text":"Mar\u00eda Karla Rifat Rodr\u00edguez","src":"https:\/\/i0.wp.com\/artejoven.org\/wp-content\/uploads\/2026\/03\/Maria-Karla-Rifat-Rodriguez.webp?resize=350%2C200&ssl=1","width":350,"height":200,"srcset":"https:\/\/i0.wp.com\/artejoven.org\/wp-content\/uploads\/2026\/03\/Maria-Karla-Rifat-Rodriguez.webp?resize=350%2C200&ssl=1 1x, https:\/\/i0.wp.com\/artejoven.org\/wp-content\/uploads\/2026\/03\/Maria-Karla-Rifat-Rodriguez.webp?resize=525%2C300&ssl=1 1.5x"},"classes":[]},{"id":8767,"url":"https:\/\/artejoven.org\/de\/espacios-faj\/concurso-nacional-de-musica\/","url_meta":{"origin":5655,"position":5},"title":"Nationaler Musikwettbewerb","author":"Ren\u00e9 Manuel Puig","date":"12 de Februar de 2025","format":false,"excerpt":"Die von der FAJ und UNICEF Kuba gesponserte Initiative richtet sich an Musiker mit kubanischer Staatsangeh\u00f6rigkeit, die sich in einer formellen oder informellen Ausbildung (k\u00fcnstlerische Ausbildung oder Autodidakt) befinden und in Kuba wohnen, mit dem Ziel, kreative Prozesse zu f\u00f6rdern, die das geistige Wachstum, die Kreativit\u00e4t und die Ausdrucksf\u00e4higkeit von Jugendlichen beg\u00fcnstigen, sowie...","rel":"","context":"In &quot;Espacios&quot;","block_context":{"text":"Espacios","link":"https:\/\/artejoven.org\/de\/category\/espacios\/"},"img":{"alt_text":"","src":"https:\/\/i0.wp.com\/artejoven.org\/wp-content\/uploads\/2025\/07\/BANNER_CONCURSO-NACIONAL-DE-MUSICA-2DA-EDICION.webp?resize=350%2C200&ssl=1","width":350,"height":200,"srcset":"https:\/\/i0.wp.com\/artejoven.org\/wp-content\/uploads\/2025\/07\/BANNER_CONCURSO-NACIONAL-DE-MUSICA-2DA-EDICION.webp?resize=350%2C200&ssl=1 1x, https:\/\/i0.wp.com\/artejoven.org\/wp-content\/uploads\/2025\/07\/BANNER_CONCURSO-NACIONAL-DE-MUSICA-2DA-EDICION.webp?resize=525%2C300&ssl=1 1.5x, https:\/\/i0.wp.com\/artejoven.org\/wp-content\/uploads\/2025\/07\/BANNER_CONCURSO-NACIONAL-DE-MUSICA-2DA-EDICION.webp?resize=700%2C400&ssl=1 2x, https:\/\/i0.wp.com\/artejoven.org\/wp-content\/uploads\/2025\/07\/BANNER_CONCURSO-NACIONAL-DE-MUSICA-2DA-EDICION.webp?resize=1050%2C600&ssl=1 3x"},"classes":[]}],"jetpack_sharing_enabled":true,"_links":{"self":[{"href":"https:\/\/artejoven.org\/de\/wp-json\/wp\/v2\/pages\/5655","targetHints":{"allow":["GET"]}}],"collection":[{"href":"https:\/\/artejoven.org\/de\/wp-json\/wp\/v2\/pages"}],"about":[{"href":"https:\/\/artejoven.org\/de\/wp-json\/wp\/v2\/types\/page"}],"author":[{"embeddable":true,"href":"https:\/\/artejoven.org\/de\/wp-json\/wp\/v2\/users\/1"}],"replies":[{"embeddable":true,"href":"https:\/\/artejoven.org\/de\/wp-json\/wp\/v2\/comments?post=5655"}],"version-history":[{"count":0,"href":"https:\/\/artejoven.org\/de\/wp-json\/wp\/v2\/pages\/5655\/revisions"}],"up":[{"embeddable":true,"href":"https:\/\/artejoven.org\/de\/wp-json\/wp\/v2\/pages\/931"}],"wp:featuredmedia":[{"embeddable":true,"href":"https:\/\/artejoven.org\/de\/wp-json\/wp\/v2\/media\/5656"}],"wp:attachment":[{"href":"https:\/\/artejoven.org\/de\/wp-json\/wp\/v2\/media?parent=5655"}],"wp:term":[{"taxonomy":"category","embeddable":true,"href":"https:\/\/artejoven.org\/de\/wp-json\/wp\/v2\/categories?post=5655"},{"taxonomy":"post_tag","embeddable":true,"href":"https:\/\/artejoven.org\/de\/wp-json\/wp\/v2\/tags?post=5655"}],"curies":[{"name":"wp","href":"https:\/\/api.w.org\/{rel}","templated":true}]}}