{"id":5664,"date":"2023-09-11T21:31:40","date_gmt":"2023-09-12T01:31:40","guid":{"rendered":"https:\/\/artejoven.org\/?page_id=5664"},"modified":"2023-09-12T17:23:46","modified_gmt":"2023-09-12T21:23:46","slug":"kadir-gonzalez","status":"publish","type":"page","link":"https:\/\/artejoven.org\/de\/beneficiarios\/kadir-gonzalez\/","title":{"rendered":"Kadir Gonzalez"},"content":{"rendered":"","protected":false},"excerpt":{"rendered":"<p>Kadir Gonzalez (Villa Clara, 1997) ist ein kubanischer Musikproduzent, Komponist, Arrangeur, Saxophonist, S\u00e4nger und Keyboarder, der sein Studium an der Universidad de las Artes de La Habana (ISA) im Fach Saxophon abgeschlossen hat (2021).<\/p>","protected":false},"author":1,"featured_media":5665,"parent":931,"menu_order":0,"comment_status":"closed","ping_status":"closed","template":"","meta":{"_acf_changed":false,"footnotes":"","_links_to":"","_links_to_target":""},"categories":[13,31],"tags":[25,58],"class_list":["post-5664","page","type-page","status-publish","has-post-thumbnail","hentry","category-beneficiarios","category-musica-beneficiarios","tag-25","tag-segundo-programa","post","post-with-thumbnail","post-with-thumbnail-large"],"acf":[],"aioseo_notices":[],"jetpack-related-posts":[{"id":4412,"url":"#elementor","url_meta":{"origin":5664,"position":0},"title":"Yosvany Terry","author":"Ren\u00e9 Manuel Puig","date":"29 de Juni de 2023","format":false,"excerpt":"Saxophonist und Komponist (Havanna, Kuba, 1972)","rel":"","context":"In &quot;Jurados&quot;","block_context":{"text":"Jurados","link":"https:\/\/artejoven.org\/de\/category\/jurados\/"},"img":{"alt_text":"","src":"https:\/\/i0.wp.com\/artejoven.org\/wp-content\/uploads\/2023\/06\/Yosvany-Terry-jpg.webp?resize=350%2C200&ssl=1","width":350,"height":200},"classes":[]},{"id":10588,"url":"https:\/\/artejoven.org\/de\/beneficiarios\/taijana-alfonso-herrera\/","url_meta":{"origin":5664,"position":1},"title":"Taijana Alfonso Herrera","author":"Ren\u00e9 Manuel Puig","date":"8 de M\u00e4rz de 2026","format":false,"excerpt":"(Matanzas, 2007) Saxophonist, ausgebildet an der Escuela Vocacional de Arte Alfonso P\u00e9rez Isaac in Matanzas.","rel":"","context":"In &quot;Beneficiarios&quot;","block_context":{"text":"Beneficiarios","link":"https:\/\/artejoven.org\/de\/category\/beneficiarios\/"},"img":{"alt_text":"Taijana Alfonso Herrera","src":"https:\/\/i0.wp.com\/artejoven.org\/wp-content\/uploads\/2026\/03\/Taijana-Alfonso-Herrera.webp?resize=350%2C200&ssl=1","width":350,"height":200,"srcset":"https:\/\/i0.wp.com\/artejoven.org\/wp-content\/uploads\/2026\/03\/Taijana-Alfonso-Herrera.webp?resize=350%2C200&ssl=1 1x, https:\/\/i0.wp.com\/artejoven.org\/wp-content\/uploads\/2026\/03\/Taijana-Alfonso-Herrera.webp?resize=525%2C300&ssl=1 1.5x"},"classes":[]},{"id":2807,"url":"https:\/\/artejoven.org\/de\/beneficiarios\/alejandro-mendoza\/","url_meta":{"origin":5664,"position":2},"title":"Alejandro Mendoza","author":"Ren\u00e9 Manuel Puig","date":"11 de Mai de 2023","format":false,"excerpt":"Alejandro Mendoza Castro (Artemisa, 2000) ist ein Saxophonist, der 2010 sein Studium an der Escuela Vocacional de Arte in der Gemeinde Quivican, in seiner Heimatprovinz, begann.","rel":"","context":"In &quot;Beneficiarios&quot;","block_context":{"text":"Beneficiarios","link":"https:\/\/artejoven.org\/de\/category\/beneficiarios\/"},"img":{"alt_text":"Alejandro Mendoza","src":"https:\/\/i0.wp.com\/artejoven.org\/wp-content\/uploads\/2023\/06\/Alejandro-Mendoza.jpg?resize=350%2C200&ssl=1","width":350,"height":200,"srcset":"https:\/\/i0.wp.com\/artejoven.org\/wp-content\/uploads\/2023\/06\/Alejandro-Mendoza.jpg?resize=350%2C200&ssl=1 1x, https:\/\/i0.wp.com\/artejoven.org\/wp-content\/uploads\/2023\/06\/Alejandro-Mendoza.jpg?resize=525%2C300&ssl=1 1.5x"},"classes":[]},{"id":7341,"url":"https:\/\/artejoven.org\/de\/beneficiarios\/luis-miguel-sanchez\/","url_meta":{"origin":5664,"position":3},"title":"Luis Miguel Sanchez","author":"Ren\u00e9 Manuel Puig","date":"10 de April de 2024","format":false,"excerpt":"Luis Miguel S\u00e1nchez (Cienfuegos, 1998) ist ein junger Multiinstrumentalist, der 2017 seinen Abschluss in Musik an der Escuela Nacional de Arte machte und sich auf Saxophon spezialisierte.","rel":"","context":"In &quot;Beneficiarios&quot;","block_context":{"text":"Beneficiarios","link":"https:\/\/artejoven.org\/de\/category\/beneficiarios\/"},"img":{"alt_text":"Luis Miguel S\u00e1nchez","src":"https:\/\/i0.wp.com\/artejoven.org\/wp-content\/uploads\/2024\/04\/Luis-Miguel-Sanchez-jpg.webp?resize=350%2C200&ssl=1","width":350,"height":200},"classes":[]},{"id":10578,"url":"https:\/\/artejoven.org\/de\/beneficiarios\/vismar-suarez-gomez\/","url_meta":{"origin":5664,"position":4},"title":"Vismar Su\u00e1rez G\u00f3mez","author":"Ren\u00e9 Manuel Puig","date":"6 de M\u00e4rz de 2026","format":false,"excerpt":"(Havanna, 2008) Saxophonist, ausgebildet an der Escuela Elemental de M\u00fasica Alejandro Garc\u00eda Caturla in Havanna, und Student an der Escuela Nacional de Arte de Cuba (ENA).","rel":"","context":"In &quot;Beneficiarios&quot;","block_context":{"text":"Beneficiarios","link":"https:\/\/artejoven.org\/de\/category\/beneficiarios\/"},"img":{"alt_text":"Vismar Su\u00e1rez G\u00f3mez","src":"https:\/\/i0.wp.com\/artejoven.org\/wp-content\/uploads\/2026\/03\/Vismar-Suarez-Gomez.webp?resize=350%2C200&ssl=1","width":350,"height":200,"srcset":"https:\/\/i0.wp.com\/artejoven.org\/wp-content\/uploads\/2026\/03\/Vismar-Suarez-Gomez.webp?resize=350%2C200&ssl=1 1x, https:\/\/i0.wp.com\/artejoven.org\/wp-content\/uploads\/2026\/03\/Vismar-Suarez-Gomez.webp?resize=525%2C300&ssl=1 1.5x"},"classes":[]},{"id":5643,"url":"https:\/\/artejoven.org\/de\/beneficiarios\/alejandro-coqui-calzadilla\/","url_meta":{"origin":5664,"position":5},"title":"Alejandro (Coqui) Calzadilla","author":"Ren\u00e9 Manuel Puig","date":"11 de September de 2023","format":false,"excerpt":"Alejandro (Coqui) Calzadilla (Leningrad, 1988) ist Klarinettist, Saxophonist, Lehrer, Arrangeur und Komponist. Er schloss sein Studium an der Universit\u00e4t der K\u00fcnste (ISA) bei Maestro Vicente Monterrey (2012) mit einem Gold-Diplom ab.","rel":"","context":"In &quot;Beneficiarios&quot;","block_context":{"text":"Beneficiarios","link":"https:\/\/artejoven.org\/de\/category\/beneficiarios\/"},"img":{"alt_text":"Coqui Calzadilla","src":"https:\/\/i0.wp.com\/artejoven.org\/wp-content\/uploads\/2023\/09\/Coqui-Calzadilla-jpg.webp?resize=350%2C200&ssl=1","width":350,"height":200},"classes":[]}],"jetpack_sharing_enabled":true,"_links":{"self":[{"href":"https:\/\/artejoven.org\/de\/wp-json\/wp\/v2\/pages\/5664","targetHints":{"allow":["GET"]}}],"collection":[{"href":"https:\/\/artejoven.org\/de\/wp-json\/wp\/v2\/pages"}],"about":[{"href":"https:\/\/artejoven.org\/de\/wp-json\/wp\/v2\/types\/page"}],"author":[{"embeddable":true,"href":"https:\/\/artejoven.org\/de\/wp-json\/wp\/v2\/users\/1"}],"replies":[{"embeddable":true,"href":"https:\/\/artejoven.org\/de\/wp-json\/wp\/v2\/comments?post=5664"}],"version-history":[{"count":0,"href":"https:\/\/artejoven.org\/de\/wp-json\/wp\/v2\/pages\/5664\/revisions"}],"up":[{"embeddable":true,"href":"https:\/\/artejoven.org\/de\/wp-json\/wp\/v2\/pages\/931"}],"wp:featuredmedia":[{"embeddable":true,"href":"https:\/\/artejoven.org\/de\/wp-json\/wp\/v2\/media\/5665"}],"wp:attachment":[{"href":"https:\/\/artejoven.org\/de\/wp-json\/wp\/v2\/media?parent=5664"}],"wp:term":[{"taxonomy":"category","embeddable":true,"href":"https:\/\/artejoven.org\/de\/wp-json\/wp\/v2\/categories?post=5664"},{"taxonomy":"post_tag","embeddable":true,"href":"https:\/\/artejoven.org\/de\/wp-json\/wp\/v2\/tags?post=5664"}],"curies":[{"name":"wp","href":"https:\/\/api.w.org\/{rel}","templated":true}]}}