{"id":6486,"date":"2023-12-05T11:00:06","date_gmt":"2023-12-05T16:00:06","guid":{"rendered":"https:\/\/artejoven.org\/?page_id=6486"},"modified":"2023-12-05T11:00:41","modified_gmt":"2023-12-05T16:00:41","slug":"sylvania-sylvain","status":"publish","type":"page","link":"https:\/\/artejoven.org\/de\/beneficiarios\/sylvania-sylvain\/","title":{"rendered":"Sylvania Sylvain"},"content":{"rendered":"","protected":false},"excerpt":{"rendered":"<p>K\u00fcnstler und Gitarrist, leidenschaftlicher Musikliebhaber, getrieben von der st\u00e4ndigen Suche nach k\u00fcnstlerischem Ausdruck. <\/p>","protected":false},"author":1,"featured_media":6487,"parent":931,"menu_order":0,"comment_status":"closed","ping_status":"closed","template":"","meta":{"_acf_changed":false,"footnotes":"","_links_to":"","_links_to_target":""},"categories":[13,31],"tags":[],"class_list":["post-6486","page","type-page","status-publish","has-post-thumbnail","hentry","category-beneficiarios","category-musica-beneficiarios","post","post-with-thumbnail","post-with-thumbnail-large"],"acf":[],"aioseo_notices":[],"jetpack-related-posts":[{"id":8767,"url":"https:\/\/artejoven.org\/de\/espacios-faj\/concurso-nacional-de-musica\/","url_meta":{"origin":6486,"position":0},"title":"Nationaler Musikwettbewerb","author":"Ren\u00e9 Manuel Puig","date":"12 de Februar de 2025","format":false,"excerpt":"Die von der FAJ und UNICEF Kuba gesponserte Initiative richtet sich an Musiker mit kubanischer Staatsangeh\u00f6rigkeit, die sich in einer formellen oder informellen Ausbildung (k\u00fcnstlerische Ausbildung oder Autodidakt) befinden und in Kuba wohnen, mit dem Ziel, kreative Prozesse zu f\u00f6rdern, die das geistige Wachstum, die Kreativit\u00e4t und die Ausdrucksf\u00e4higkeit von Jugendlichen beg\u00fcnstigen, sowie...","rel":"","context":"In &quot;Espacios&quot;","block_context":{"text":"Espacios","link":"https:\/\/artejoven.org\/de\/category\/espacios\/"},"img":{"alt_text":"","src":"https:\/\/i0.wp.com\/artejoven.org\/wp-content\/uploads\/2025\/07\/BANNER_CONCURSO-NACIONAL-DE-MUSICA-2DA-EDICION.webp?resize=350%2C200&ssl=1","width":350,"height":200,"srcset":"https:\/\/i0.wp.com\/artejoven.org\/wp-content\/uploads\/2025\/07\/BANNER_CONCURSO-NACIONAL-DE-MUSICA-2DA-EDICION.webp?resize=350%2C200&ssl=1 1x, https:\/\/i0.wp.com\/artejoven.org\/wp-content\/uploads\/2025\/07\/BANNER_CONCURSO-NACIONAL-DE-MUSICA-2DA-EDICION.webp?resize=525%2C300&ssl=1 1.5x, https:\/\/i0.wp.com\/artejoven.org\/wp-content\/uploads\/2025\/07\/BANNER_CONCURSO-NACIONAL-DE-MUSICA-2DA-EDICION.webp?resize=700%2C400&ssl=1 2x, https:\/\/i0.wp.com\/artejoven.org\/wp-content\/uploads\/2025\/07\/BANNER_CONCURSO-NACIONAL-DE-MUSICA-2DA-EDICION.webp?resize=1050%2C600&ssl=1 3x"},"classes":[]},{"id":3679,"url":"https:\/\/www.fundacioncarolina.es\/","url_meta":{"origin":6486,"position":1},"title":"Website der Carolina-Stiftung","author":"Ren\u00e9 Manuel Puig","date":"12 de Juni de 2023","format":false,"excerpt":"K\u00fcnstlerische Stipendien f\u00fcr Lateinamerikaner und andere Themen.","rel":"","context":"In &quot;M\u00fasica&quot;","block_context":{"text":"M\u00fasica","link":"https:\/\/artejoven.org\/de\/category\/recursos\/musica-recursos\/"},"img":{"alt_text":"","src":"","width":0,"height":0},"classes":[]},{"id":7901,"url":"https:\/\/www.instagram.com\/filipnovosel\/","url_meta":{"origin":6486,"position":2},"title":"Philip Novosel","author":"Ren\u00e9 Manuel Puig","date":"27 de Juli de 2024","format":false,"excerpt":"(Kroatien, 1986) ist ein kroatischer Musiker, Arrangeur, Komponist und Tamburaspieler.","rel":"","context":"In &quot;Aliados&quot;","block_context":{"text":"Aliados","link":"https:\/\/artejoven.org\/de\/category\/aliados\/"},"img":{"alt_text":"","src":"https:\/\/i0.wp.com\/artejoven.org\/wp-content\/uploads\/2024\/08\/Filip-Novosel-jpeg.webp?resize=350%2C200&ssl=1","width":350,"height":200},"classes":[]},{"id":9856,"url":"#element","url_meta":{"origin":6486,"position":3},"title":"Sherif Soumano","author":"Ren\u00e9 Manuel Puig","date":"8 de Oktober de 2025","format":false,"excerpt":"(Mali, 1981) Musiker, der sich auf das Spiel der Kora, ein uraltes Instrument seines Landes, spezialisiert hat.","rel":"","context":"In &quot;Aliados&quot;","block_context":{"text":"Aliados","link":"https:\/\/artejoven.org\/de\/category\/aliados\/"},"img":{"alt_text":"Sherif Soumano","src":"https:\/\/i0.wp.com\/artejoven.org\/wp-content\/uploads\/2025\/10\/Sherif-Soumano.webp?resize=350%2C200&ssl=1","width":350,"height":200,"srcset":"https:\/\/i0.wp.com\/artejoven.org\/wp-content\/uploads\/2025\/10\/Sherif-Soumano.webp?resize=350%2C200&ssl=1 1x, https:\/\/i0.wp.com\/artejoven.org\/wp-content\/uploads\/2025\/10\/Sherif-Soumano.webp?resize=525%2C300&ssl=1 1.5x"},"classes":[]},{"id":8912,"url":"https:\/\/artejoven.org\/de\/beneficiarios\/la-tribu\/","url_meta":{"origin":6486,"position":4},"title":"Der Stamm","author":"Ren\u00e9 Manuel Puig","date":"24 de Februar de 2025","format":false,"excerpt":"Soziokulturelles Projekt mit Schwerpunkt auf elektronischer Musik, bei dem verschiedene k\u00fcnstlerische Ausdrucksformen gemischt werden.","rel":"","context":"In &quot;Beneficiarios&quot;","block_context":{"text":"Beneficiarios","link":"https:\/\/artejoven.org\/de\/category\/beneficiarios\/"},"img":{"alt_text":"La Tribu","src":"https:\/\/i0.wp.com\/artejoven.org\/wp-content\/uploads\/2025\/02\/La-Tribu.webp?resize=350%2C200&ssl=1","width":350,"height":200,"srcset":"https:\/\/i0.wp.com\/artejoven.org\/wp-content\/uploads\/2025\/02\/La-Tribu.webp?resize=350%2C200&ssl=1 1x, https:\/\/i0.wp.com\/artejoven.org\/wp-content\/uploads\/2025\/02\/La-Tribu.webp?resize=525%2C300&ssl=1 1.5x"},"classes":[]},{"id":7907,"url":"https:\/\/www.instagram.com\/german_diaz_lopez\/","url_meta":{"origin":6486,"position":5},"title":"Germ\u00e1n D\u00edaz","author":"Ren\u00e9 Manuel Puig","date":"28 de Juli de 2024","format":false,"excerpt":"(Valladolid, 1978) ist ein spanischer Musiker, Komponist und Drehleierspieler, der als einer der innovativsten Drehleierspieler in Europa gilt.","rel":"","context":"In &quot;Aliados&quot;","block_context":{"text":"Aliados","link":"https:\/\/artejoven.org\/de\/category\/aliados\/"},"img":{"alt_text":"","src":"https:\/\/i0.wp.com\/artejoven.org\/wp-content\/uploads\/2024\/08\/German-Diaz-jpg.webp?resize=350%2C200&ssl=1","width":350,"height":200},"classes":[]}],"jetpack_sharing_enabled":true,"_links":{"self":[{"href":"https:\/\/artejoven.org\/de\/wp-json\/wp\/v2\/pages\/6486","targetHints":{"allow":["GET"]}}],"collection":[{"href":"https:\/\/artejoven.org\/de\/wp-json\/wp\/v2\/pages"}],"about":[{"href":"https:\/\/artejoven.org\/de\/wp-json\/wp\/v2\/types\/page"}],"author":[{"embeddable":true,"href":"https:\/\/artejoven.org\/de\/wp-json\/wp\/v2\/users\/1"}],"replies":[{"embeddable":true,"href":"https:\/\/artejoven.org\/de\/wp-json\/wp\/v2\/comments?post=6486"}],"version-history":[{"count":0,"href":"https:\/\/artejoven.org\/de\/wp-json\/wp\/v2\/pages\/6486\/revisions"}],"up":[{"embeddable":true,"href":"https:\/\/artejoven.org\/de\/wp-json\/wp\/v2\/pages\/931"}],"wp:featuredmedia":[{"embeddable":true,"href":"https:\/\/artejoven.org\/de\/wp-json\/wp\/v2\/media\/6487"}],"wp:attachment":[{"href":"https:\/\/artejoven.org\/de\/wp-json\/wp\/v2\/media?parent=6486"}],"wp:term":[{"taxonomy":"category","embeddable":true,"href":"https:\/\/artejoven.org\/de\/wp-json\/wp\/v2\/categories?post=6486"},{"taxonomy":"post_tag","embeddable":true,"href":"https:\/\/artejoven.org\/de\/wp-json\/wp\/v2\/tags?post=6486"}],"curies":[{"name":"wp","href":"https:\/\/api.w.org\/{rel}","templated":true}]}}