{"id":6523,"date":"2023-12-05T12:06:54","date_gmt":"2023-12-05T17:06:54","guid":{"rendered":"https:\/\/artejoven.org\/?page_id=6523"},"modified":"2024-07-12T17:20:28","modified_gmt":"2024-07-12T21:20:28","slug":"giselle-lucia-navarro","status":"publish","type":"page","link":"https:\/\/artejoven.org\/de\/beneficiarios\/giselle-lucia-navarro\/","title":{"rendered":"Giselle Luc\u00eda Navarro"},"content":{"rendered":"","protected":false},"excerpt":{"rendered":"<p>Giselle Luc\u00eda Navarro (Alqu\u00edzar, 1995) hat einen Abschluss in Industriedesign der Universit\u00e4t Havanna und einen Abschluss des Centro de Formaci\u00f3n Literaria Onelio Jorge Cardoso.<\/p>","protected":false},"author":1,"featured_media":6524,"parent":931,"menu_order":0,"comment_status":"closed","ping_status":"closed","template":"","meta":{"_acf_changed":false,"footnotes":"","_links_to":"","_links_to_target":""},"categories":[32,13],"tags":[],"class_list":["post-6523","page","type-page","status-publish","has-post-thumbnail","hentry","category-artes-visuales-beneficiarios","category-beneficiarios","post","post-with-thumbnail","post-with-thumbnail-large"],"acf":[],"aioseo_notices":[],"jetpack-related-posts":[{"id":6606,"url":"https:\/\/artejoven.org\/de\/espacios-faj\/malayerba\/primera-edicion-de-malayerba\/","url_meta":{"origin":6523,"position":0},"title":"Erste Ausgabe von malaYerba","author":"Ren\u00e9 Manuel Puig","date":"11 de Dezember de 2023","format":false,"excerpt":"Die Ausstellung, die aus dieser ersten Ausgabe hervorgegangen ist, ist der gemeinsame Ausdruck einer Reihe von Anliegen einer neuen K\u00fcnstlergeneration.","rel":"","context":"In &quot;Exposiciones&quot;","block_context":{"text":"Exposiciones","link":"https:\/\/artejoven.org\/de\/category\/espacios\/exposiciones-espacios\/"},"img":{"alt_text":"malaYerba","src":"https:\/\/i0.wp.com\/artejoven.org\/wp-content\/uploads\/2023\/12\/malaYerba-3.WEBP?resize=350%2C200&ssl=1","width":350,"height":200,"srcset":"https:\/\/i0.wp.com\/artejoven.org\/wp-content\/uploads\/2023\/12\/malaYerba-3.WEBP?resize=350%2C200&ssl=1 1x, https:\/\/i0.wp.com\/artejoven.org\/wp-content\/uploads\/2023\/12\/malaYerba-3.WEBP?resize=525%2C300&ssl=1 1.5x, https:\/\/i0.wp.com\/artejoven.org\/wp-content\/uploads\/2023\/12\/malaYerba-3.WEBP?resize=700%2C400&ssl=1 2x, https:\/\/i0.wp.com\/artejoven.org\/wp-content\/uploads\/2023\/12\/malaYerba-3.WEBP?resize=1050%2C600&ssl=1 3x, https:\/\/i0.wp.com\/artejoven.org\/wp-content\/uploads\/2023\/12\/malaYerba-3.WEBP?resize=1400%2C800&ssl=1 4x"},"classes":[]},{"id":8757,"url":"https:\/\/artejoven.org\/de\/beneficiarios\/lucia-travieso-herrera\/","url_meta":{"origin":6523,"position":1},"title":"Lucia Travieso Herrera","author":"Ren\u00e9 Manuel Puig","date":"11 de Februar de 2025","format":false,"excerpt":"(Mayabeque, 2010) Sch\u00fcler der Enrique Hart D\u00e1valos Schule in der Provinz Mayabeque.","rel":"","context":"In &quot;Beneficiarios&quot;","block_context":{"text":"Beneficiarios","link":"https:\/\/artejoven.org\/de\/category\/beneficiarios\/"},"img":{"alt_text":"Lucia Travieso Herrera","src":"https:\/\/i0.wp.com\/artejoven.org\/wp-content\/uploads\/2025\/02\/Lucia-Travieso-Herrera.webp?resize=350%2C200&ssl=1","width":350,"height":200,"srcset":"https:\/\/i0.wp.com\/artejoven.org\/wp-content\/uploads\/2025\/02\/Lucia-Travieso-Herrera.webp?resize=350%2C200&ssl=1 1x, https:\/\/i0.wp.com\/artejoven.org\/wp-content\/uploads\/2025\/02\/Lucia-Travieso-Herrera.webp?resize=525%2C300&ssl=1 1.5x"},"classes":[]}],"jetpack_sharing_enabled":true,"_links":{"self":[{"href":"https:\/\/artejoven.org\/de\/wp-json\/wp\/v2\/pages\/6523","targetHints":{"allow":["GET"]}}],"collection":[{"href":"https:\/\/artejoven.org\/de\/wp-json\/wp\/v2\/pages"}],"about":[{"href":"https:\/\/artejoven.org\/de\/wp-json\/wp\/v2\/types\/page"}],"author":[{"embeddable":true,"href":"https:\/\/artejoven.org\/de\/wp-json\/wp\/v2\/users\/1"}],"replies":[{"embeddable":true,"href":"https:\/\/artejoven.org\/de\/wp-json\/wp\/v2\/comments?post=6523"}],"version-history":[{"count":0,"href":"https:\/\/artejoven.org\/de\/wp-json\/wp\/v2\/pages\/6523\/revisions"}],"up":[{"embeddable":true,"href":"https:\/\/artejoven.org\/de\/wp-json\/wp\/v2\/pages\/931"}],"wp:featuredmedia":[{"embeddable":true,"href":"https:\/\/artejoven.org\/de\/wp-json\/wp\/v2\/media\/6524"}],"wp:attachment":[{"href":"https:\/\/artejoven.org\/de\/wp-json\/wp\/v2\/media?parent=6523"}],"wp:term":[{"taxonomy":"category","embeddable":true,"href":"https:\/\/artejoven.org\/de\/wp-json\/wp\/v2\/categories?post=6523"},{"taxonomy":"post_tag","embeddable":true,"href":"https:\/\/artejoven.org\/de\/wp-json\/wp\/v2\/tags?post=6523"}],"curies":[{"name":"wp","href":"https:\/\/api.w.org\/{rel}","templated":true}]}}