{"id":6533,"date":"2023-12-06T10:45:29","date_gmt":"2023-12-06T15:45:29","guid":{"rendered":"https:\/\/artejoven.org\/?page_id=6533"},"modified":"2023-12-06T10:48:08","modified_gmt":"2023-12-06T15:48:08","slug":"clara-masso","status":"publish","type":"page","link":"https:\/\/artejoven.org\/de\/beneficiarios\/clara-masso\/","title":{"rendered":"Clara Mass\u00f3"},"content":{"rendered":"","protected":false},"excerpt":{"rendered":"<p>Clara Mass\u00f3 (Havanna, 1997).<br \/>\nStudierte 2017 an der Academia Nacional de Bellas Artes San Alejandro. Abschluss an der Universit\u00e4t der K\u00fcnste (ISA) und Mitglied der F\u00e1brica de Arte Cubano (FAC), die zu den NFT-K\u00fcnstlern z\u00e4hlt. <\/p>","protected":false},"author":1,"featured_media":6534,"parent":931,"menu_order":0,"comment_status":"closed","ping_status":"closed","template":"","meta":{"_acf_changed":false,"footnotes":"","_links_to":"","_links_to_target":""},"categories":[32,13],"tags":[],"class_list":["post-6533","page","type-page","status-publish","has-post-thumbnail","hentry","category-artes-visuales-beneficiarios","category-beneficiarios","post","post-with-thumbnail","post-with-thumbnail-large"],"acf":[],"aioseo_notices":[],"jetpack-related-posts":[{"id":10231,"url":"https:\/\/drive.google.com\/drive\/folders\/1d0mwx6zAfkG_zs7JL7x7d7S_RmvtM4jX","url_meta":{"origin":6533,"position":0},"title":"\u00abNada\u00bb, Katalog der bildenden K\u00fcnstlerin Clara Mass\u00f3","author":"Ren\u00e9 Manuel Puig","date":"10 de Dezember de 2025","format":false,"excerpt":"Gewinnerin der ersten Ausgabe von malaYerba. Wettbewerb f\u00fcr junge Kunst.","rel":"","context":"In &quot;Artes Visuales&quot;","block_context":{"text":"Artes Visuales","link":"https:\/\/artejoven.org\/de\/category\/recursos\/artes-visuales-recursos\/"},"img":{"alt_text":"","src":"","width":0,"height":0},"classes":[]},{"id":4453,"url":"#element","url_meta":{"origin":6533,"position":1},"title":"Rocio Garcia","author":"Ren\u00e9 Manuel Puig","date":"29 de Juni de 2023","format":false,"excerpt":"Bildende K\u00fcnstlerin (Villa Clara, Kuba, 1955)","rel":"","context":"In &quot;Jurados&quot;","block_context":{"text":"Jurados","link":"https:\/\/artejoven.org\/de\/category\/jurados\/"},"img":{"alt_text":"","src":"https:\/\/i0.wp.com\/artejoven.org\/wp-content\/uploads\/2023\/06\/Rocio-Garcia-jpg.webp?resize=350%2C200&ssl=1","width":350,"height":200},"classes":[]},{"id":7729,"url":"#element","url_meta":{"origin":6533,"position":2},"title":"Linet Sanchez\u00a0","author":"Ren\u00e9 Manuel Puig","date":"15 de Juli de 2024","format":false,"excerpt":"Bildende K\u00fcnstlerin (Villa Clara, Kuba, 1989)","rel":"","context":"In &quot;Jurados&quot;","block_context":{"text":"Jurados","link":"https:\/\/artejoven.org\/de\/category\/jurados\/"},"img":{"alt_text":"","src":"https:\/\/i0.wp.com\/artejoven.org\/wp-content\/uploads\/2024\/07\/Linet-Sanchez-jpg.webp?resize=350%2C200&ssl=1","width":350,"height":200},"classes":[]},{"id":7773,"url":"https:\/\/www.graficasselvi.com\/%20","url_meta":{"origin":6533,"position":3},"title":"Selvi Graphic Arts","author":"Ren\u00e9 Manuel Puig","date":"16 de Juli de 2024","format":false,"excerpt":"Die 1961 gegr\u00fcndete Druckerei mit Sitz in Valencia, Spanien, hat sich in der kubanischen Kunstwelt einen besonderen Platz in der Produktion von K\u00fcnstler- und Ausstellungskatalogen erobert.","rel":"","context":"In &quot;Aliados&quot;","block_context":{"text":"Aliados","link":"https:\/\/artejoven.org\/de\/category\/aliados\/"},"img":{"alt_text":"","src":"https:\/\/i0.wp.com\/artejoven.org\/wp-content\/uploads\/2024\/07\/Selvi-Artes-Graficas-jpg.webp?resize=350%2C200&ssl=1","width":350,"height":200},"classes":[]},{"id":6528,"url":"https:\/\/artejoven.org\/de\/beneficiarios\/daniel-anton\/","url_meta":{"origin":6533,"position":4},"title":"Daniel Ant\u00f3n","author":"Ren\u00e9 Manuel Puig","date":"6 de Dezember de 2023","format":false,"excerpt":"Daniel Ant\u00f3n (Cienfuegos, 1999). Absolvent der Benny Mor\u00e9 School of Arts in Cienfuegos (2014-2018). Derzeit befindet er sich im dritten Jahr seines Studiums der Bildenden Kunst am Instituto Superior de Artes (ISA).","rel":"","context":"In &quot;Artes Visuales&quot;","block_context":{"text":"Artes Visuales","link":"https:\/\/artejoven.org\/de\/category\/beneficiarios\/artes-visuales-beneficiarios\/"},"img":{"alt_text":"Daniel Ant\u00f3n","src":"https:\/\/i0.wp.com\/artejoven.org\/wp-content\/uploads\/2023\/12\/Daniel-Anton-jpg.webp?resize=350%2C200&ssl=1","width":350,"height":200,"srcset":"https:\/\/i0.wp.com\/artejoven.org\/wp-content\/uploads\/2023\/12\/Daniel-Anton-jpg.webp?resize=350%2C200&ssl=1 1x, https:\/\/i0.wp.com\/artejoven.org\/wp-content\/uploads\/2023\/12\/Daniel-Anton-jpg.webp?resize=525%2C300&ssl=1 1.5x"},"classes":[]},{"id":2815,"url":"https:\/\/artejoven.org\/de\/beneficiarios\/rolando-galindo\/","url_meta":{"origin":6533,"position":5},"title":"Rolando Galindo","author":"Ren\u00e9 Manuel Puig","date":"24 de Mai de 2023","format":false,"excerpt":"Rolando Galindo P\u00e9rez (Artemisa, 1993) schloss sein Studium der Malerei an der Eduardo Abela Provincial Academy of Plastic Arts ab und studiert im dritten Jahr Bildende Kunst an der Universit\u00e4t der K\u00fcnste (ISA).","rel":"","context":"In &quot;Artes Visuales&quot;","block_context":{"text":"Artes Visuales","link":"https:\/\/artejoven.org\/de\/category\/beneficiarios\/artes-visuales-beneficiarios\/"},"img":{"alt_text":"Rolando Galindo","src":"https:\/\/i0.wp.com\/artejoven.org\/wp-content\/uploads\/2023\/06\/Rolando-Galindo-jpg.webp?resize=350%2C200&ssl=1","width":350,"height":200,"srcset":"https:\/\/i0.wp.com\/artejoven.org\/wp-content\/uploads\/2023\/06\/Rolando-Galindo-jpg.webp?resize=350%2C200&ssl=1 1x, https:\/\/i0.wp.com\/artejoven.org\/wp-content\/uploads\/2023\/06\/Rolando-Galindo-jpg.webp?resize=525%2C300&ssl=1 1.5x, https:\/\/i0.wp.com\/artejoven.org\/wp-content\/uploads\/2023\/06\/Rolando-Galindo-jpg.webp?resize=700%2C400&ssl=1 2x"},"classes":[]}],"jetpack_sharing_enabled":true,"_links":{"self":[{"href":"https:\/\/artejoven.org\/de\/wp-json\/wp\/v2\/pages\/6533","targetHints":{"allow":["GET"]}}],"collection":[{"href":"https:\/\/artejoven.org\/de\/wp-json\/wp\/v2\/pages"}],"about":[{"href":"https:\/\/artejoven.org\/de\/wp-json\/wp\/v2\/types\/page"}],"author":[{"embeddable":true,"href":"https:\/\/artejoven.org\/de\/wp-json\/wp\/v2\/users\/1"}],"replies":[{"embeddable":true,"href":"https:\/\/artejoven.org\/de\/wp-json\/wp\/v2\/comments?post=6533"}],"version-history":[{"count":0,"href":"https:\/\/artejoven.org\/de\/wp-json\/wp\/v2\/pages\/6533\/revisions"}],"up":[{"embeddable":true,"href":"https:\/\/artejoven.org\/de\/wp-json\/wp\/v2\/pages\/931"}],"wp:featuredmedia":[{"embeddable":true,"href":"https:\/\/artejoven.org\/de\/wp-json\/wp\/v2\/media\/6534"}],"wp:attachment":[{"href":"https:\/\/artejoven.org\/de\/wp-json\/wp\/v2\/media?parent=6533"}],"wp:term":[{"taxonomy":"category","embeddable":true,"href":"https:\/\/artejoven.org\/de\/wp-json\/wp\/v2\/categories?post=6533"},{"taxonomy":"post_tag","embeddable":true,"href":"https:\/\/artejoven.org\/de\/wp-json\/wp\/v2\/tags?post=6533"}],"curies":[{"name":"wp","href":"https:\/\/api.w.org\/{rel}","templated":true}]}}