{"id":6696,"date":"2023-12-13T16:11:02","date_gmt":"2023-12-13T21:11:02","guid":{"rendered":"https:\/\/artejoven.org\/?page_id=6696"},"modified":"2023-12-13T22:39:39","modified_gmt":"2023-12-14T03:39:39","slug":"rosa-de-la-caridad-cabrera","status":"publish","type":"page","link":"https:\/\/artejoven.org\/de\/beneficiarios\/rosa-de-la-caridad-cabrera\/","title":{"rendered":"Rosa de la Caridad Cabrera"},"content":{"rendered":"","protected":false},"excerpt":{"rendered":"<p>Rosa de la Caridad Cabrera (Havanna, 2000). Absolventin der Nationalen Akademie der Sch\u00f6nen K\u00fcnste San Alejandro im Jahr 2020. <\/p>","protected":false},"author":1,"featured_media":6697,"parent":931,"menu_order":0,"comment_status":"closed","ping_status":"closed","template":"","meta":{"_acf_changed":false,"footnotes":"","_links_to":"","_links_to_target":""},"categories":[32,13],"tags":[38],"class_list":["post-6696","page","type-page","status-publish","has-post-thumbnail","hentry","category-artes-visuales-beneficiarios","category-beneficiarios","tag-artes-visuales","post","post-with-thumbnail","post-with-thumbnail-large"],"acf":[],"aioseo_notices":[],"jetpack-related-posts":[{"id":6540,"url":"https:\/\/artejoven.org\/de\/beneficiarios\/yunior-la-rosa\/","url_meta":{"origin":6696,"position":0},"title":"Yunior La Rosa","author":"Ren\u00e9 Manuel Puig","date":"6 de Dezember de 2023","format":false,"excerpt":"Yunior La Rosa (Havanna, 1992). Abschluss mit einem Bachelor of Fine Arts an der Academia Nacional de Bellas Artes San Alejandro im Jahr 2012.","rel":"","context":"In &quot;Artes Visuales&quot;","block_context":{"text":"Artes Visuales","link":"https:\/\/artejoven.org\/de\/category\/beneficiarios\/artes-visuales-beneficiarios\/"},"img":{"alt_text":"Yunior La Rosa","src":"https:\/\/i0.wp.com\/artejoven.org\/wp-content\/uploads\/2023\/12\/Yunior-La-Rosa-jpg.webp?resize=350%2C200&ssl=1","width":350,"height":200,"srcset":"https:\/\/i0.wp.com\/artejoven.org\/wp-content\/uploads\/2023\/12\/Yunior-La-Rosa-jpg.webp?resize=350%2C200&ssl=1 1x, https:\/\/i0.wp.com\/artejoven.org\/wp-content\/uploads\/2023\/12\/Yunior-La-Rosa-jpg.webp?resize=525%2C300&ssl=1 1.5x"},"classes":[]},{"id":6528,"url":"https:\/\/artejoven.org\/de\/beneficiarios\/daniel-anton\/","url_meta":{"origin":6696,"position":1},"title":"Daniel Ant\u00f3n","author":"Ren\u00e9 Manuel Puig","date":"6 de Dezember de 2023","format":false,"excerpt":"Daniel Ant\u00f3n (Cienfuegos, 1999). Absolvent der Benny Mor\u00e9 School of Arts in Cienfuegos (2014-2018). Derzeit befindet er sich im dritten Jahr seines Studiums der Bildenden Kunst am Instituto Superior de Artes (ISA).","rel":"","context":"In &quot;Artes Visuales&quot;","block_context":{"text":"Artes Visuales","link":"https:\/\/artejoven.org\/de\/category\/beneficiarios\/artes-visuales-beneficiarios\/"},"img":{"alt_text":"Daniel Ant\u00f3n","src":"https:\/\/i0.wp.com\/artejoven.org\/wp-content\/uploads\/2023\/12\/Daniel-Anton-jpg.webp?resize=350%2C200&ssl=1","width":350,"height":200,"srcset":"https:\/\/i0.wp.com\/artejoven.org\/wp-content\/uploads\/2023\/12\/Daniel-Anton-jpg.webp?resize=350%2C200&ssl=1 1x, https:\/\/i0.wp.com\/artejoven.org\/wp-content\/uploads\/2023\/12\/Daniel-Anton-jpg.webp?resize=525%2C300&ssl=1 1.5x"},"classes":[]},{"id":2815,"url":"https:\/\/artejoven.org\/de\/beneficiarios\/rolando-galindo\/","url_meta":{"origin":6696,"position":2},"title":"Rolando Galindo","author":"Ren\u00e9 Manuel Puig","date":"24 de Mai de 2023","format":false,"excerpt":"Rolando Galindo P\u00e9rez (Artemisa, 1993) schloss sein Studium der Malerei an der Eduardo Abela Provincial Academy of Plastic Arts ab und studiert im dritten Jahr Bildende Kunst an der Universit\u00e4t der K\u00fcnste (ISA).","rel":"","context":"In &quot;Artes Visuales&quot;","block_context":{"text":"Artes Visuales","link":"https:\/\/artejoven.org\/de\/category\/beneficiarios\/artes-visuales-beneficiarios\/"},"img":{"alt_text":"Rolando Galindo","src":"https:\/\/i0.wp.com\/artejoven.org\/wp-content\/uploads\/2023\/06\/Rolando-Galindo-jpg.webp?resize=350%2C200&ssl=1","width":350,"height":200,"srcset":"https:\/\/i0.wp.com\/artejoven.org\/wp-content\/uploads\/2023\/06\/Rolando-Galindo-jpg.webp?resize=350%2C200&ssl=1 1x, https:\/\/i0.wp.com\/artejoven.org\/wp-content\/uploads\/2023\/06\/Rolando-Galindo-jpg.webp?resize=525%2C300&ssl=1 1.5x, https:\/\/i0.wp.com\/artejoven.org\/wp-content\/uploads\/2023\/06\/Rolando-Galindo-jpg.webp?resize=700%2C400&ssl=1 2x"},"classes":[]},{"id":2882,"url":"https:\/\/artejoven.org\/de\/beneficiarios\/harold-ramirez\/","url_meta":{"origin":6696,"position":3},"title":"Harold Ramirez\u00a0","author":"Ren\u00e9 Manuel Puig","date":"17 de Mai de 2023","format":false,"excerpt":"Harold Ram\u00edrez Veliz (Havanna, 1997) ist Absolvent der Academia Nacional de Bellas Artes San Alejandro und studiert derzeit Bildende Kunst an der Universidad de las Artes (ISA).","rel":"","context":"In &quot;Artes Visuales&quot;","block_context":{"text":"Artes Visuales","link":"https:\/\/artejoven.org\/de\/category\/beneficiarios\/artes-visuales-beneficiarios\/"},"img":{"alt_text":"Harold Ram\u00edrez","src":"https:\/\/i0.wp.com\/artejoven.org\/wp-content\/uploads\/2023\/06\/Harold-Ramirez-jpg.webp?resize=350%2C200&ssl=1","width":350,"height":200,"srcset":"https:\/\/i0.wp.com\/artejoven.org\/wp-content\/uploads\/2023\/06\/Harold-Ramirez-jpg.webp?resize=350%2C200&ssl=1 1x, https:\/\/i0.wp.com\/artejoven.org\/wp-content\/uploads\/2023\/06\/Harold-Ramirez-jpg.webp?resize=525%2C300&ssl=1 1.5x"},"classes":[]},{"id":8831,"url":"https:\/\/artejoven.org\/de\/beneficiarios\/airel-suarez\/","url_meta":{"origin":6696,"position":4},"title":"Airel Suarez","author":"Ren\u00e9 Manuel Puig","date":"20 de Februar de 2025","format":false,"excerpt":"Airel Su\u00e1rez (Havanna, 2004) Absolvent der Academia Nacional de Bellas Artes San Alejandro (2019-2023), Havanna.","rel":"","context":"In &quot;Artes Visuales&quot;","block_context":{"text":"Artes Visuales","link":"https:\/\/artejoven.org\/de\/category\/beneficiarios\/artes-visuales-beneficiarios\/"},"img":{"alt_text":"Airel Su\u00e1rez","src":"https:\/\/i0.wp.com\/artejoven.org\/wp-content\/uploads\/2025\/02\/Airel-Suarez.webp?resize=350%2C200&ssl=1","width":350,"height":200,"srcset":"https:\/\/i0.wp.com\/artejoven.org\/wp-content\/uploads\/2025\/02\/Airel-Suarez.webp?resize=350%2C200&ssl=1 1x, https:\/\/i0.wp.com\/artejoven.org\/wp-content\/uploads\/2025\/02\/Airel-Suarez.webp?resize=525%2C300&ssl=1 1.5x"},"classes":[]},{"id":8834,"url":"https:\/\/artejoven.org\/de\/beneficiarios\/miguel-reyes\/","url_meta":{"origin":6696,"position":5},"title":"Miguel Reyes","author":"Ren\u00e9 Manuel Puig","date":"20 de Februar de 2025","format":false,"excerpt":"Miguel Reyes (Manzanillo, 1993) machte seinen Abschluss an der Carlos Enr\u00edquez Academy of Plastic Arts in Manzanillo, Granma (2008- 2012).","rel":"","context":"In &quot;Artes Visuales&quot;","block_context":{"text":"Artes Visuales","link":"https:\/\/artejoven.org\/de\/category\/beneficiarios\/artes-visuales-beneficiarios\/"},"img":{"alt_text":"Miguel Reyes","src":"https:\/\/i0.wp.com\/artejoven.org\/wp-content\/uploads\/2025\/02\/Miguel-Reyes.webp?resize=350%2C200&ssl=1","width":350,"height":200,"srcset":"https:\/\/i0.wp.com\/artejoven.org\/wp-content\/uploads\/2025\/02\/Miguel-Reyes.webp?resize=350%2C200&ssl=1 1x, https:\/\/i0.wp.com\/artejoven.org\/wp-content\/uploads\/2025\/02\/Miguel-Reyes.webp?resize=525%2C300&ssl=1 1.5x"},"classes":[]}],"jetpack_sharing_enabled":true,"_links":{"self":[{"href":"https:\/\/artejoven.org\/de\/wp-json\/wp\/v2\/pages\/6696","targetHints":{"allow":["GET"]}}],"collection":[{"href":"https:\/\/artejoven.org\/de\/wp-json\/wp\/v2\/pages"}],"about":[{"href":"https:\/\/artejoven.org\/de\/wp-json\/wp\/v2\/types\/page"}],"author":[{"embeddable":true,"href":"https:\/\/artejoven.org\/de\/wp-json\/wp\/v2\/users\/1"}],"replies":[{"embeddable":true,"href":"https:\/\/artejoven.org\/de\/wp-json\/wp\/v2\/comments?post=6696"}],"version-history":[{"count":0,"href":"https:\/\/artejoven.org\/de\/wp-json\/wp\/v2\/pages\/6696\/revisions"}],"up":[{"embeddable":true,"href":"https:\/\/artejoven.org\/de\/wp-json\/wp\/v2\/pages\/931"}],"wp:featuredmedia":[{"embeddable":true,"href":"https:\/\/artejoven.org\/de\/wp-json\/wp\/v2\/media\/6697"}],"wp:attachment":[{"href":"https:\/\/artejoven.org\/de\/wp-json\/wp\/v2\/media?parent=6696"}],"wp:term":[{"taxonomy":"category","embeddable":true,"href":"https:\/\/artejoven.org\/de\/wp-json\/wp\/v2\/categories?post=6696"},{"taxonomy":"post_tag","embeddable":true,"href":"https:\/\/artejoven.org\/de\/wp-json\/wp\/v2\/tags?post=6696"}],"curies":[{"name":"wp","href":"https:\/\/api.w.org\/{rel}","templated":true}]}}