{"id":7361,"date":"2024-04-17T10:45:56","date_gmt":"2024-04-17T14:45:56","guid":{"rendered":"https:\/\/artejoven.org\/?page_id=7361"},"modified":"2024-04-17T10:47:12","modified_gmt":"2024-04-17T14:47:12","slug":"duo-aguas-de-marzo","status":"publish","type":"page","link":"https:\/\/artejoven.org\/de\/beneficiarios\/duo-aguas-de-marzo\/","title":{"rendered":"March Waters Duo"},"content":{"rendered":"","protected":false},"excerpt":{"rendered":"<p>Das Duo Aguas de Marzo, bestehend aus der Lautenistin Sof\u00eda Pedrera und der Gitarristin Patricia D\u00edaz, wurde 2018 gegr\u00fcndet, um der musikalischen Beziehung zwischen diesen beiden Instrumenten gerecht zu werden.<\/p>","protected":false},"author":1,"featured_media":7362,"parent":931,"menu_order":0,"comment_status":"closed","ping_status":"closed","template":"","meta":{"_acf_changed":false,"footnotes":"","_links_to":"","_links_to_target":""},"categories":[13,31],"tags":[63],"class_list":["post-7361","page","type-page","status-publish","has-post-thumbnail","hentry","category-beneficiarios","category-musica-beneficiarios","tag-63","post","post-with-thumbnail","post-with-thumbnail-large"],"acf":[],"aioseo_notices":[],"jetpack-related-posts":[{"id":9058,"url":"https:\/\/artejoven.org\/de\/politica-de-privacidad\/","url_meta":{"origin":7361,"position":0},"title":"Datenschutzbestimmungen","author":"Ren\u00e9 Manuel Puig","date":"20 de M\u00e4rz de 2025","format":false,"excerpt":"Pol\u00edtica de PrivacidadFecha de entrada en vigencia: 20 de marzo de 2025.1. Introducci\u00f3nEn el Fondo de Arte Joven (FAJ), nos comprometemos a proteger su privacidad y garantizar la seguridad de sus datos personales. Esta Pol\u00edtica de Privacidad explica c\u00f3mo recopilamos, usamos, almacenamos y protegemos su informaci\u00f3n.2. Informaci\u00f3n que recopilamosPodemos recopilar\u2026","rel":"","context":"\u00c4hnlicher Beitrag","block_context":{"text":"\u00c4hnlicher Beitrag","link":""},"img":{"alt_text":"","src":"","width":0,"height":0},"classes":[]},{"id":7258,"url":"https:\/\/artejoven.org\/de\/espacios-faj\/salon-blanco\/niebla\/","url_meta":{"origin":7361,"position":1},"title":"Nebel","author":"Ren\u00e9 Manuel Puig","date":"2 de April de 2024","format":false,"excerpt":"Niebla will die Bildsprache evozieren, um die Verg\u00e4nglichkeit des Blicks zu verstehen, das, was jenseits einer Wahrnehmung zu einer gewohnten Einheit wird.","rel":"","context":"In &quot;Exposiciones&quot;","block_context":{"text":"Exposiciones","link":"https:\/\/artejoven.org\/de\/category\/espacios\/exposiciones-espacios\/"},"img":{"alt_text":"","src":"https:\/\/i0.wp.com\/artejoven.org\/wp-content\/uploads\/2024\/04\/Niebla-portada-scaled.webp?resize=350%2C200&ssl=1","width":350,"height":200,"srcset":"https:\/\/i0.wp.com\/artejoven.org\/wp-content\/uploads\/2024\/04\/Niebla-portada-scaled.webp?resize=350%2C200&ssl=1 1x, https:\/\/i0.wp.com\/artejoven.org\/wp-content\/uploads\/2024\/04\/Niebla-portada-scaled.webp?resize=525%2C300&ssl=1 1.5x, https:\/\/i0.wp.com\/artejoven.org\/wp-content\/uploads\/2024\/04\/Niebla-portada-scaled.webp?resize=700%2C400&ssl=1 2x, https:\/\/i0.wp.com\/artejoven.org\/wp-content\/uploads\/2024\/04\/Niebla-portada-scaled.webp?resize=1050%2C600&ssl=1 3x, https:\/\/i0.wp.com\/artejoven.org\/wp-content\/uploads\/2024\/04\/Niebla-portada-scaled.webp?resize=1400%2C800&ssl=1 4x"},"classes":[]},{"id":5098,"url":"https:\/\/artejoven.org\/de\/espacios-faj\/salon-blanco\/paisaje-para-el-proximo-siglo\/","url_meta":{"origin":7361,"position":2},"title":"Landschaft f\u00fcr das n\u00e4chste Jahrhundert","author":"Ren\u00e9 Manuel Puig","date":"26 de Mai de 2023","format":false,"excerpt":"Landschaft f\u00fcr das n\u00e4chste Jahrhundert ist der Titel dieses Projekts und entspricht einem Gem\u00e4lde von Cabrera Moreno aus dem Jahr 1975.","rel":"","context":"In &quot;Exposiciones&quot;","block_context":{"text":"Exposiciones","link":"https:\/\/artejoven.org\/de\/category\/espacios\/exposiciones-espacios\/"},"img":{"alt_text":"Paisaje para el pr\u00f3ximo siglo","src":"https:\/\/i0.wp.com\/artejoven.org\/wp-content\/uploads\/2023\/08\/Paisaje-01-jpg.webp?resize=350%2C200&ssl=1","width":350,"height":200,"srcset":"https:\/\/i0.wp.com\/artejoven.org\/wp-content\/uploads\/2023\/08\/Paisaje-01-jpg.webp?resize=350%2C200&ssl=1 1x, https:\/\/i0.wp.com\/artejoven.org\/wp-content\/uploads\/2023\/08\/Paisaje-01-jpg.webp?resize=525%2C300&ssl=1 1.5x, https:\/\/i0.wp.com\/artejoven.org\/wp-content\/uploads\/2023\/08\/Paisaje-01-jpg.webp?resize=700%2C400&ssl=1 2x, https:\/\/i0.wp.com\/artejoven.org\/wp-content\/uploads\/2023\/08\/Paisaje-01-jpg.webp?resize=1050%2C600&ssl=1 3x"},"classes":[]},{"id":929,"url":"https:\/\/artejoven.org\/de\/convocatorias\/","url_meta":{"origin":7361,"position":3},"title":"Ausschreibungen","author":"Ren\u00e9 Manuel Puig","date":"17 de April de 2023","format":false,"excerpt":"Aktuelle Aufforderungen zur Einreichung von Vorschl\u00e4gen des Fondo de Arte Joven.","rel":"","context":"In &quot;Convocatorias&quot;","block_context":{"text":"Convocatorias","link":"https:\/\/artejoven.org\/de\/category\/convocatoria\/"},"img":{"alt_text":"","src":"","width":0,"height":0},"classes":[]}],"jetpack_sharing_enabled":true,"_links":{"self":[{"href":"https:\/\/artejoven.org\/de\/wp-json\/wp\/v2\/pages\/7361","targetHints":{"allow":["GET"]}}],"collection":[{"href":"https:\/\/artejoven.org\/de\/wp-json\/wp\/v2\/pages"}],"about":[{"href":"https:\/\/artejoven.org\/de\/wp-json\/wp\/v2\/types\/page"}],"author":[{"embeddable":true,"href":"https:\/\/artejoven.org\/de\/wp-json\/wp\/v2\/users\/1"}],"replies":[{"embeddable":true,"href":"https:\/\/artejoven.org\/de\/wp-json\/wp\/v2\/comments?post=7361"}],"version-history":[{"count":0,"href":"https:\/\/artejoven.org\/de\/wp-json\/wp\/v2\/pages\/7361\/revisions"}],"up":[{"embeddable":true,"href":"https:\/\/artejoven.org\/de\/wp-json\/wp\/v2\/pages\/931"}],"wp:featuredmedia":[{"embeddable":true,"href":"https:\/\/artejoven.org\/de\/wp-json\/wp\/v2\/media\/7362"}],"wp:attachment":[{"href":"https:\/\/artejoven.org\/de\/wp-json\/wp\/v2\/media?parent=7361"}],"wp:term":[{"taxonomy":"category","embeddable":true,"href":"https:\/\/artejoven.org\/de\/wp-json\/wp\/v2\/categories?post=7361"},{"taxonomy":"post_tag","embeddable":true,"href":"https:\/\/artejoven.org\/de\/wp-json\/wp\/v2\/tags?post=7361"}],"curies":[{"name":"wp","href":"https:\/\/api.w.org\/{rel}","templated":true}]}}