{"id":7365,"date":"2024-04-17T10:56:54","date_gmt":"2024-04-17T14:56:54","guid":{"rendered":"https:\/\/artejoven.org\/?page_id=7365"},"modified":"2024-04-17T11:21:48","modified_gmt":"2024-04-17T15:21:48","slug":"yasel-munoz","status":"publish","type":"page","link":"https:\/\/artejoven.org\/de\/beneficiarios\/yasel-munoz\/","title":{"rendered":"Yasel Mu\u00f1oz"},"content":{"rendered":"","protected":false},"excerpt":{"rendered":"<p>Yasel Mu\u00f1oz (Holgu\u00edn, 1996) ist ein junger Fl\u00f6tist, Komponist, Arrangeur und Produzent.<\/p>","protected":false},"author":1,"featured_media":7366,"parent":931,"menu_order":0,"comment_status":"closed","ping_status":"closed","template":"","meta":{"_acf_changed":false,"footnotes":"","_links_to":"","_links_to_target":""},"categories":[13,31],"tags":[63],"class_list":["post-7365","page","type-page","status-publish","has-post-thumbnail","hentry","category-beneficiarios","category-musica-beneficiarios","tag-63","post","post-with-thumbnail","post-with-thumbnail-large"],"acf":[],"aioseo_notices":[],"jetpack-related-posts":[{"id":7344,"url":"https:\/\/artejoven.org\/de\/beneficiarios\/juan-carlos-poveda\/","url_meta":{"origin":7365,"position":0},"title":"Juan Carlos Poveda","author":"Ren\u00e9 Manuel Puig","date":"10 de April de 2024","format":false,"excerpt":"Juan Carlos Poveda (Ciego de \u00c1vila, 1998) ist ein junger Gitarrist, Komponist und Arrangeur, der seinen Abschluss in klassischer Gitarre an der Nationalen Musikschule von Kuba gemacht hat.","rel":"","context":"In &quot;Beneficiarios&quot;","block_context":{"text":"Beneficiarios","link":"https:\/\/artejoven.org\/de\/category\/beneficiarios\/"},"img":{"alt_text":"Juan Carlos Poveda","src":"https:\/\/i0.wp.com\/artejoven.org\/wp-content\/uploads\/2024\/04\/Juan-Carlos-Poveda-jpg.webp?resize=350%2C200&ssl=1","width":350,"height":200},"classes":[]},{"id":5664,"url":"https:\/\/artejoven.org\/de\/beneficiarios\/kadir-gonzalez\/","url_meta":{"origin":7365,"position":1},"title":"Kadir Gonzalez","author":"Ren\u00e9 Manuel Puig","date":"11 de September de 2023","format":false,"excerpt":"Kadir Gonzalez (Villa Clara, 1997) ist ein kubanischer Musikproduzent, Komponist, Arrangeur, Saxophonist, S\u00e4nger und Keyboarder, der sein Studium an der Universidad de las Artes de La Habana (ISA) im Fach Saxophon abgeschlossen hat (2021).","rel":"","context":"In &quot;Beneficiarios&quot;","block_context":{"text":"Beneficiarios","link":"https:\/\/artejoven.org\/de\/category\/beneficiarios\/"},"img":{"alt_text":"Kadir Gonz\u00e1lez","src":"https:\/\/i0.wp.com\/artejoven.org\/wp-content\/uploads\/2023\/09\/Kadir-Gonzalez-jpg.webp?resize=350%2C200&ssl=1","width":350,"height":200},"classes":[]},{"id":6478,"url":"https:\/\/artejoven.org\/de\/beneficiarios\/kerven-lebrun\/","url_meta":{"origin":7365,"position":2},"title":"Kerven Lebrun","author":"Ren\u00e9 Manuel Puig","date":"4 de Dezember de 2023","format":false,"excerpt":"Auch bekannt als Kabysh, ist er ein junger haitianischer S\u00e4nger, Songwriter und Schauspieler.","rel":"","context":"In &quot;Beneficiarios&quot;","block_context":{"text":"Beneficiarios","link":"https:\/\/artejoven.org\/de\/category\/beneficiarios\/"},"img":{"alt_text":"Kerven Lebrun","src":"https:\/\/i0.wp.com\/artejoven.org\/wp-content\/uploads\/2023\/12\/Kabysh-jpg.webp?resize=350%2C200&ssl=1","width":350,"height":200,"srcset":"https:\/\/i0.wp.com\/artejoven.org\/wp-content\/uploads\/2023\/12\/Kabysh-jpg.webp?resize=350%2C200&ssl=1 1x, https:\/\/i0.wp.com\/artejoven.org\/wp-content\/uploads\/2023\/12\/Kabysh-jpg.webp?resize=525%2C300&ssl=1 1.5x"},"classes":[]},{"id":5629,"url":"https:\/\/artejoven.org\/de\/beneficiarios\/dayron-ortiz\/","url_meta":{"origin":7365,"position":3},"title":"Dayron Ortiz","author":"Ren\u00e9 Manuel Puig","date":"11 de September de 2023","format":false,"excerpt":"Dayron Ortiz (Havanna, 1989) ist ein herausragender Gitarrist, Komponist, Regisseur und Musikproduzent, der 2011 seinen Abschluss an der Musikhochschule Amadeo Rold\u00e1n machte und seit 2021 Leiter und Gr\u00fcnder der Gruppe La Tropa ist.","rel":"","context":"In &quot;Beneficiarios&quot;","block_context":{"text":"Beneficiarios","link":"https:\/\/artejoven.org\/de\/category\/beneficiarios\/"},"img":{"alt_text":"Dayron Ortiz","src":"https:\/\/i0.wp.com\/artejoven.org\/wp-content\/uploads\/2023\/09\/Dayron-Ortiz-jpg.webp?resize=350%2C200&ssl=1","width":350,"height":200},"classes":[]},{"id":5643,"url":"https:\/\/artejoven.org\/de\/beneficiarios\/alejandro-coqui-calzadilla\/","url_meta":{"origin":7365,"position":4},"title":"Alejandro (Coqui) Calzadilla","author":"Ren\u00e9 Manuel Puig","date":"11 de September de 2023","format":false,"excerpt":"Alejandro (Coqui) Calzadilla (Leningrad, 1988) ist Klarinettist, Saxophonist, Lehrer, Arrangeur und Komponist. Er schloss sein Studium an der Universit\u00e4t der K\u00fcnste (ISA) bei Maestro Vicente Monterrey (2012) mit einem Gold-Diplom ab.","rel":"","context":"In &quot;Beneficiarios&quot;","block_context":{"text":"Beneficiarios","link":"https:\/\/artejoven.org\/de\/category\/beneficiarios\/"},"img":{"alt_text":"Coqui Calzadilla","src":"https:\/\/i0.wp.com\/artejoven.org\/wp-content\/uploads\/2023\/09\/Coqui-Calzadilla-jpg.webp?resize=350%2C200&ssl=1","width":350,"height":200},"classes":[]},{"id":5655,"url":"https:\/\/artejoven.org\/de\/beneficiarios\/annys-maria-batista\/","url_meta":{"origin":7365,"position":5},"title":"Annys Mar\u00eda Batista","author":"Ren\u00e9 Manuel Puig","date":"11 de September de 2023","format":false,"excerpt":"Annys Mar\u00eda Batista (Bayamo, 1989) ist eine Instrumentalistin und S\u00e4ngerin, die ihren Abschluss an der Escuela Vocacional de Arte Manuel Mu\u00f1oz Cede\u00f1o (2008) gemacht hat. Sie war Mitglied der Gruppen Compacto, RiverJazz und des Frauenquintetts Nueva Imagen und geh\u00f6rte auch der Gruppe des kubanischen Musikers Ra\u00fal Torres an.","rel":"","context":"In &quot;Beneficiarios&quot;","block_context":{"text":"Beneficiarios","link":"https:\/\/artejoven.org\/de\/category\/beneficiarios\/"},"img":{"alt_text":"Annys Batista","src":"https:\/\/i0.wp.com\/artejoven.org\/wp-content\/uploads\/2023\/09\/Annys-Batista-jpg.webp?resize=350%2C200&ssl=1","width":350,"height":200},"classes":[]}],"jetpack_sharing_enabled":true,"_links":{"self":[{"href":"https:\/\/artejoven.org\/de\/wp-json\/wp\/v2\/pages\/7365","targetHints":{"allow":["GET"]}}],"collection":[{"href":"https:\/\/artejoven.org\/de\/wp-json\/wp\/v2\/pages"}],"about":[{"href":"https:\/\/artejoven.org\/de\/wp-json\/wp\/v2\/types\/page"}],"author":[{"embeddable":true,"href":"https:\/\/artejoven.org\/de\/wp-json\/wp\/v2\/users\/1"}],"replies":[{"embeddable":true,"href":"https:\/\/artejoven.org\/de\/wp-json\/wp\/v2\/comments?post=7365"}],"version-history":[{"count":0,"href":"https:\/\/artejoven.org\/de\/wp-json\/wp\/v2\/pages\/7365\/revisions"}],"up":[{"embeddable":true,"href":"https:\/\/artejoven.org\/de\/wp-json\/wp\/v2\/pages\/931"}],"wp:featuredmedia":[{"embeddable":true,"href":"https:\/\/artejoven.org\/de\/wp-json\/wp\/v2\/media\/7366"}],"wp:attachment":[{"href":"https:\/\/artejoven.org\/de\/wp-json\/wp\/v2\/media?parent=7365"}],"wp:term":[{"taxonomy":"category","embeddable":true,"href":"https:\/\/artejoven.org\/de\/wp-json\/wp\/v2\/categories?post=7365"},{"taxonomy":"post_tag","embeddable":true,"href":"https:\/\/artejoven.org\/de\/wp-json\/wp\/v2\/tags?post=7365"}],"curies":[{"name":"wp","href":"https:\/\/api.w.org\/{rel}","templated":true}]}}