{"id":7425,"date":"2024-05-23T11:33:33","date_gmt":"2024-05-23T15:33:33","guid":{"rendered":"https:\/\/artejoven.org\/?page_id=7425"},"modified":"2024-05-23T11:35:35","modified_gmt":"2024-05-23T15:35:35","slug":"lianne-vega-serrano","status":"publish","type":"page","link":"https:\/\/artejoven.org\/de\/beneficiarios\/lianne-vega-serrano\/","title":{"rendered":"Lianne Vega Serrano"},"content":{"rendered":"","protected":false},"excerpt":{"rendered":"<p>Lianne Vega Serrano (Matanzas, 1988) schloss ihr Musikstudium an der Universidad de las Artes de Cuba (ISA) mit einem Golddiplom ab und spezialisierte sich auf Klavier.<\/p>","protected":false},"author":1,"featured_media":7426,"parent":931,"menu_order":0,"comment_status":"closed","ping_status":"closed","template":"","meta":{"_acf_changed":false,"footnotes":"","_links_to":"","_links_to_target":""},"categories":[13,31],"tags":[],"class_list":["post-7425","page","type-page","status-publish","has-post-thumbnail","hentry","category-beneficiarios","category-musica-beneficiarios","post","post-with-thumbnail","post-with-thumbnail-large"],"acf":[],"aioseo_notices":[],"jetpack-related-posts":[{"id":8737,"url":"https:\/\/artejoven.org\/de\/beneficiarios\/ronny-yunior-lopez-vega\/","url_meta":{"origin":7425,"position":0},"title":"Ronny Yunior L\u00f3pez Vega","author":"Ren\u00e9 Manuel Puig","date":"11 de Februar de 2025","format":false,"excerpt":"(Havanna, 2010) Klavierstudentin an der Escuela Elemental de M\u00fasica, Manuel Saumell, Havanna.","rel":"","context":"In &quot;Beneficiarios&quot;","block_context":{"text":"Beneficiarios","link":"https:\/\/artejoven.org\/de\/category\/beneficiarios\/"},"img":{"alt_text":"Ronny Yunior L\u00f3pez Vega","src":"https:\/\/i0.wp.com\/artejoven.org\/wp-content\/uploads\/2025\/02\/Ronny-Yunior-Lopez-Vega-1.webp?resize=350%2C200&ssl=1","width":350,"height":200,"srcset":"https:\/\/i0.wp.com\/artejoven.org\/wp-content\/uploads\/2025\/02\/Ronny-Yunior-Lopez-Vega-1.webp?resize=350%2C200&ssl=1 1x, https:\/\/i0.wp.com\/artejoven.org\/wp-content\/uploads\/2025\/02\/Ronny-Yunior-Lopez-Vega-1.webp?resize=525%2C300&ssl=1 1.5x"},"classes":[]},{"id":9401,"url":"https:\/\/dcubamusica.cult.cu\/","url_meta":{"origin":7425,"position":1},"title":"Kubanisches Institut f\u00fcr Musik","author":"Ren\u00e9 Manuel Puig","date":"3 de Mai de 2025","format":false,"excerpt":"Das Kubanische Musikinstitut (ICM) ist eine 1989 gegr\u00fcndete kubanische Regierungseinrichtung mit dem Ziel, das kubanische Musikerbe zu organisieren, zu f\u00f6rdern, zu unterst\u00fctzen und zu sch\u00fctzen.","rel":"","context":"In &quot;Socios&quot;","block_context":{"text":"Socios","link":"https:\/\/artejoven.org\/de\/category\/socios\/"},"img":{"alt_text":"","src":"https:\/\/i0.wp.com\/artejoven.org\/wp-content\/uploads\/2025\/05\/ICM.webp?resize=350%2C200&ssl=1","width":350,"height":200},"classes":[]},{"id":8767,"url":"https:\/\/artejoven.org\/de\/espacios-faj\/concurso-nacional-de-musica\/","url_meta":{"origin":7425,"position":2},"title":"Nationaler Musikwettbewerb","author":"Ren\u00e9 Manuel Puig","date":"12 de Februar de 2025","format":false,"excerpt":"Die von der FAJ und UNICEF Kuba gesponserte Initiative richtet sich an Musiker mit kubanischer Staatsangeh\u00f6rigkeit, die sich in einer formellen oder informellen Ausbildung (k\u00fcnstlerische Ausbildung oder Autodidakt) befinden und in Kuba wohnen, mit dem Ziel, kreative Prozesse zu f\u00f6rdern, die das geistige Wachstum, die Kreativit\u00e4t und die Ausdrucksf\u00e4higkeit von Jugendlichen beg\u00fcnstigen, sowie...","rel":"","context":"In &quot;Espacios&quot;","block_context":{"text":"Espacios","link":"https:\/\/artejoven.org\/de\/category\/espacios\/"},"img":{"alt_text":"","src":"https:\/\/i0.wp.com\/artejoven.org\/wp-content\/uploads\/2025\/07\/BANNER_CONCURSO-NACIONAL-DE-MUSICA-2DA-EDICION.webp?resize=350%2C200&ssl=1","width":350,"height":200,"srcset":"https:\/\/i0.wp.com\/artejoven.org\/wp-content\/uploads\/2025\/07\/BANNER_CONCURSO-NACIONAL-DE-MUSICA-2DA-EDICION.webp?resize=350%2C200&ssl=1 1x, https:\/\/i0.wp.com\/artejoven.org\/wp-content\/uploads\/2025\/07\/BANNER_CONCURSO-NACIONAL-DE-MUSICA-2DA-EDICION.webp?resize=525%2C300&ssl=1 1.5x, https:\/\/i0.wp.com\/artejoven.org\/wp-content\/uploads\/2025\/07\/BANNER_CONCURSO-NACIONAL-DE-MUSICA-2DA-EDICION.webp?resize=700%2C400&ssl=1 2x, https:\/\/i0.wp.com\/artejoven.org\/wp-content\/uploads\/2025\/07\/BANNER_CONCURSO-NACIONAL-DE-MUSICA-2DA-EDICION.webp?resize=1050%2C600&ssl=1 3x"},"classes":[]},{"id":6486,"url":"https:\/\/artejoven.org\/de\/beneficiarios\/sylvania-sylvain\/","url_meta":{"origin":7425,"position":3},"title":"Sylvania Sylvain","author":"Ren\u00e9 Manuel Puig","date":"5 de Dezember de 2023","format":false,"excerpt":"K\u00fcnstler und Gitarrist, leidenschaftlicher Musikliebhaber, getrieben von der st\u00e4ndigen Suche nach k\u00fcnstlerischem Ausdruck.","rel":"","context":"In &quot;Beneficiarios&quot;","block_context":{"text":"Beneficiarios","link":"https:\/\/artejoven.org\/de\/category\/beneficiarios\/"},"img":{"alt_text":"Sylvania Sylvain","src":"https:\/\/i0.wp.com\/artejoven.org\/wp-content\/uploads\/2023\/12\/Vava-jpg.webp?resize=350%2C200&ssl=1","width":350,"height":200,"srcset":"https:\/\/i0.wp.com\/artejoven.org\/wp-content\/uploads\/2023\/12\/Vava-jpg.webp?resize=350%2C200&ssl=1 1x, https:\/\/i0.wp.com\/artejoven.org\/wp-content\/uploads\/2023\/12\/Vava-jpg.webp?resize=525%2C300&ssl=1 1.5x"},"classes":[]},{"id":10470,"url":"https:\/\/youtube.com\/watch?v=u1n4aCLa7FA&#038;feature=shared","url_meta":{"origin":7425,"position":4},"title":"Improvisieren und bleiben","author":"Ren\u00e9 Manuel Puig","date":"13 de Februar de 2026","format":false,"excerpt":"Online-Improvisationskurs, unterrichtet vom Multiinstrumentalisten Janio Abreu, basierend auf kubanischer Musik und Jazz.","rel":"","context":"In &quot;M\u00fasica&quot;","block_context":{"text":"M\u00fasica","link":"https:\/\/artejoven.org\/de\/category\/recursos\/musica-recursos\/"},"img":{"alt_text":"","src":"","width":0,"height":0},"classes":[]},{"id":8754,"url":"https:\/\/artejoven.org\/de\/beneficiarios\/laura-diaz-la-o\/","url_meta":{"origin":7425,"position":5},"title":"Laura D\u00edaz La O","author":"Ren\u00e9 Manuel Puig","date":"11 de Februar de 2025","format":false,"excerpt":"(Havanna, 2007) Violinstudentin an der Musikhochschule \"Amadeo Rold\u00e1n, Havanna.","rel":"","context":"In &quot;Beneficiarios&quot;","block_context":{"text":"Beneficiarios","link":"https:\/\/artejoven.org\/de\/category\/beneficiarios\/"},"img":{"alt_text":"Laura D\u00edaz La O","src":"https:\/\/i0.wp.com\/artejoven.org\/wp-content\/uploads\/2025\/02\/Laura-Diaz.webp?resize=350%2C200&ssl=1","width":350,"height":200,"srcset":"https:\/\/i0.wp.com\/artejoven.org\/wp-content\/uploads\/2025\/02\/Laura-Diaz.webp?resize=350%2C200&ssl=1 1x, https:\/\/i0.wp.com\/artejoven.org\/wp-content\/uploads\/2025\/02\/Laura-Diaz.webp?resize=525%2C300&ssl=1 1.5x"},"classes":[]}],"jetpack_sharing_enabled":true,"_links":{"self":[{"href":"https:\/\/artejoven.org\/de\/wp-json\/wp\/v2\/pages\/7425","targetHints":{"allow":["GET"]}}],"collection":[{"href":"https:\/\/artejoven.org\/de\/wp-json\/wp\/v2\/pages"}],"about":[{"href":"https:\/\/artejoven.org\/de\/wp-json\/wp\/v2\/types\/page"}],"author":[{"embeddable":true,"href":"https:\/\/artejoven.org\/de\/wp-json\/wp\/v2\/users\/1"}],"replies":[{"embeddable":true,"href":"https:\/\/artejoven.org\/de\/wp-json\/wp\/v2\/comments?post=7425"}],"version-history":[{"count":0,"href":"https:\/\/artejoven.org\/de\/wp-json\/wp\/v2\/pages\/7425\/revisions"}],"up":[{"embeddable":true,"href":"https:\/\/artejoven.org\/de\/wp-json\/wp\/v2\/pages\/931"}],"wp:featuredmedia":[{"embeddable":true,"href":"https:\/\/artejoven.org\/de\/wp-json\/wp\/v2\/media\/7426"}],"wp:attachment":[{"href":"https:\/\/artejoven.org\/de\/wp-json\/wp\/v2\/media?parent=7425"}],"wp:term":[{"taxonomy":"category","embeddable":true,"href":"https:\/\/artejoven.org\/de\/wp-json\/wp\/v2\/categories?post=7425"},{"taxonomy":"post_tag","embeddable":true,"href":"https:\/\/artejoven.org\/de\/wp-json\/wp\/v2\/tags?post=7425"}],"curies":[{"name":"wp","href":"https:\/\/api.w.org\/{rel}","templated":true}]}}