{"id":7698,"date":"2024-07-12T17:40:15","date_gmt":"2024-07-12T21:40:15","guid":{"rendered":"https:\/\/artejoven.org\/?page_id=7698"},"modified":"2024-07-17T11:33:47","modified_gmt":"2024-07-17T15:33:47","slug":"yeinier-nunez-wajiro","status":"publish","type":"page","link":"https:\/\/artejoven.org\/de\/beneficiarios\/yeinier-nunez-wajiro\/","title":{"rendered":"Yeinier N\u00fa\u00f1ez (Wajiro)"},"content":{"rendered":"","protected":false},"excerpt":{"rendered":"<p>Er hat seinen Abschluss an der Universit\u00e4t der K\u00fcnste (ISA) in Kuba gemacht. Er unterrichtet Bildhauerei an der Fakult\u00e4t f\u00fcr Restaurierung der ISA und ist seit 2019 Produktionsassistent in der Werkstatt des Bildhauers Jos\u00e9 Villa Sober\u00f3n.<\/p>","protected":false},"author":1,"featured_media":7829,"parent":931,"menu_order":0,"comment_status":"closed","ping_status":"closed","template":"","meta":{"_acf_changed":false,"footnotes":"","_links_to":"","_links_to_target":""},"categories":[32,13],"tags":[63],"class_list":["post-7698","page","type-page","status-publish","has-post-thumbnail","hentry","category-artes-visuales-beneficiarios","category-beneficiarios","tag-63","post","post-with-thumbnail","post-with-thumbnail-large"],"acf":[],"aioseo_notices":[],"jetpack-related-posts":[{"id":6528,"url":"https:\/\/artejoven.org\/de\/beneficiarios\/daniel-anton\/","url_meta":{"origin":7698,"position":0},"title":"Daniel Ant\u00f3n","author":"Ren\u00e9 Manuel Puig","date":"6 de Dezember de 2023","format":false,"excerpt":"Daniel Ant\u00f3n (Cienfuegos, 1999). Absolvent der Benny Mor\u00e9 School of Arts in Cienfuegos (2014-2018). Derzeit befindet er sich im dritten Jahr seines Studiums der Bildenden Kunst am Instituto Superior de Artes (ISA).","rel":"","context":"In &quot;Artes Visuales&quot;","block_context":{"text":"Artes Visuales","link":"https:\/\/artejoven.org\/de\/category\/beneficiarios\/artes-visuales-beneficiarios\/"},"img":{"alt_text":"Daniel Ant\u00f3n","src":"https:\/\/i0.wp.com\/artejoven.org\/wp-content\/uploads\/2023\/12\/Daniel-Anton-jpg.webp?resize=350%2C200&ssl=1","width":350,"height":200,"srcset":"https:\/\/i0.wp.com\/artejoven.org\/wp-content\/uploads\/2023\/12\/Daniel-Anton-jpg.webp?resize=350%2C200&ssl=1 1x, https:\/\/i0.wp.com\/artejoven.org\/wp-content\/uploads\/2023\/12\/Daniel-Anton-jpg.webp?resize=525%2C300&ssl=1 1.5x"},"classes":[]},{"id":2291,"url":"https:\/\/artejoven.org\/de\/beneficiarios\/olivia-torres\/","url_meta":{"origin":7698,"position":1},"title":"Olivia Torres","author":"Ren\u00e9 Manuel Puig","date":"22 de Mai de 2023","format":false,"excerpt":"Olivia Torres D\u00edaz (Havanna, 1999) hat an der Universit\u00e4t der K\u00fcnste (ISA) seit 2022 einen Abschluss in Konservierung von Kulturerbe gemacht.","rel":"","context":"In &quot;Artes Visuales&quot;","block_context":{"text":"Artes Visuales","link":"https:\/\/artejoven.org\/de\/category\/beneficiarios\/artes-visuales-beneficiarios\/"},"img":{"alt_text":"Olivia Torres","src":"https:\/\/i0.wp.com\/artejoven.org\/wp-content\/uploads\/2023\/06\/Olivia-Torres-1-jpg.webp?resize=350%2C200&ssl=1","width":350,"height":200,"srcset":"https:\/\/i0.wp.com\/artejoven.org\/wp-content\/uploads\/2023\/06\/Olivia-Torres-1-jpg.webp?resize=350%2C200&ssl=1 1x, https:\/\/i0.wp.com\/artejoven.org\/wp-content\/uploads\/2023\/06\/Olivia-Torres-1-jpg.webp?resize=525%2C300&ssl=1 1.5x"},"classes":[]},{"id":2815,"url":"https:\/\/artejoven.org\/de\/beneficiarios\/rolando-galindo\/","url_meta":{"origin":7698,"position":2},"title":"Rolando Galindo","author":"Ren\u00e9 Manuel Puig","date":"24 de Mai de 2023","format":false,"excerpt":"Rolando Galindo P\u00e9rez (Artemisa, 1993) schloss sein Studium der Malerei an der Eduardo Abela Provincial Academy of Plastic Arts ab und studiert im dritten Jahr Bildende Kunst an der Universit\u00e4t der K\u00fcnste (ISA).","rel":"","context":"In &quot;Artes Visuales&quot;","block_context":{"text":"Artes Visuales","link":"https:\/\/artejoven.org\/de\/category\/beneficiarios\/artes-visuales-beneficiarios\/"},"img":{"alt_text":"Rolando Galindo","src":"https:\/\/i0.wp.com\/artejoven.org\/wp-content\/uploads\/2023\/06\/Rolando-Galindo-jpg.webp?resize=350%2C200&ssl=1","width":350,"height":200,"srcset":"https:\/\/i0.wp.com\/artejoven.org\/wp-content\/uploads\/2023\/06\/Rolando-Galindo-jpg.webp?resize=350%2C200&ssl=1 1x, https:\/\/i0.wp.com\/artejoven.org\/wp-content\/uploads\/2023\/06\/Rolando-Galindo-jpg.webp?resize=525%2C300&ssl=1 1.5x, https:\/\/i0.wp.com\/artejoven.org\/wp-content\/uploads\/2023\/06\/Rolando-Galindo-jpg.webp?resize=700%2C400&ssl=1 2x"},"classes":[]},{"id":2882,"url":"https:\/\/artejoven.org\/de\/beneficiarios\/harold-ramirez\/","url_meta":{"origin":7698,"position":3},"title":"Harold Ramirez\u00a0","author":"Ren\u00e9 Manuel Puig","date":"17 de Mai de 2023","format":false,"excerpt":"Harold Ram\u00edrez Veliz (Havanna, 1997) ist Absolvent der Academia Nacional de Bellas Artes San Alejandro und studiert derzeit Bildende Kunst an der Universidad de las Artes (ISA).","rel":"","context":"In &quot;Artes Visuales&quot;","block_context":{"text":"Artes Visuales","link":"https:\/\/artejoven.org\/de\/category\/beneficiarios\/artes-visuales-beneficiarios\/"},"img":{"alt_text":"Harold Ram\u00edrez","src":"https:\/\/i0.wp.com\/artejoven.org\/wp-content\/uploads\/2023\/06\/Harold-Ramirez-jpg.webp?resize=350%2C200&ssl=1","width":350,"height":200,"srcset":"https:\/\/i0.wp.com\/artejoven.org\/wp-content\/uploads\/2023\/06\/Harold-Ramirez-jpg.webp?resize=350%2C200&ssl=1 1x, https:\/\/i0.wp.com\/artejoven.org\/wp-content\/uploads\/2023\/06\/Harold-Ramirez-jpg.webp?resize=525%2C300&ssl=1 1.5x"},"classes":[]},{"id":8837,"url":"https:\/\/artejoven.org\/de\/beneficiarios\/karla-betancourt\/","url_meta":{"origin":7698,"position":4},"title":"Karla Betancourt","author":"Ren\u00e9 Manuel Puig","date":"20 de Februar de 2025","format":false,"excerpt":"Karla Betancourt (Sancti Sp\u00edritus, 1992) schloss ihr Studium an der Universit\u00e4t der K\u00fcnste (ISA) von Kuba im Profil Konservierung und Restaurierung beweglicher G\u00fcter mit einem Golddiplom ab (2017).","rel":"","context":"In &quot;Artes Visuales&quot;","block_context":{"text":"Artes Visuales","link":"https:\/\/artejoven.org\/de\/category\/beneficiarios\/artes-visuales-beneficiarios\/"},"img":{"alt_text":"Karla Betancourt","src":"https:\/\/i0.wp.com\/artejoven.org\/wp-content\/uploads\/2025\/02\/Karla-Betancourt.webp?resize=350%2C200&ssl=1","width":350,"height":200,"srcset":"https:\/\/i0.wp.com\/artejoven.org\/wp-content\/uploads\/2025\/02\/Karla-Betancourt.webp?resize=350%2C200&ssl=1 1x, https:\/\/i0.wp.com\/artejoven.org\/wp-content\/uploads\/2025\/02\/Karla-Betancourt.webp?resize=525%2C300&ssl=1 1.5x"},"classes":[]},{"id":7708,"url":"https:\/\/artejoven.org\/de\/beneficiarios\/jhonatan-moreno\/","url_meta":{"origin":7698,"position":5},"title":"Jhonatan Moreno","author":"Ren\u00e9 Manuel Puig","date":"12 de Juli de 2024","format":false,"excerpt":"Jhonatan Moreno (Matanzas, 1998) ist ein junger bildender K\u00fcnstler, der sein Studium an der Universit\u00e4t der K\u00fcnste (ISA) in Kuba abgeschlossen hat.","rel":"","context":"In &quot;Artes Visuales&quot;","block_context":{"text":"Artes Visuales","link":"https:\/\/artejoven.org\/de\/category\/beneficiarios\/artes-visuales-beneficiarios\/"},"img":{"alt_text":"Jhonatan Moreno","src":"https:\/\/i0.wp.com\/artejoven.org\/wp-content\/uploads\/2024\/07\/Jhonatan-Moreno-jpg.webp?resize=350%2C200&ssl=1","width":350,"height":200,"srcset":"https:\/\/i0.wp.com\/artejoven.org\/wp-content\/uploads\/2024\/07\/Jhonatan-Moreno-jpg.webp?resize=350%2C200&ssl=1 1x, https:\/\/i0.wp.com\/artejoven.org\/wp-content\/uploads\/2024\/07\/Jhonatan-Moreno-jpg.webp?resize=525%2C300&ssl=1 1.5x"},"classes":[]}],"jetpack_sharing_enabled":true,"_links":{"self":[{"href":"https:\/\/artejoven.org\/de\/wp-json\/wp\/v2\/pages\/7698","targetHints":{"allow":["GET"]}}],"collection":[{"href":"https:\/\/artejoven.org\/de\/wp-json\/wp\/v2\/pages"}],"about":[{"href":"https:\/\/artejoven.org\/de\/wp-json\/wp\/v2\/types\/page"}],"author":[{"embeddable":true,"href":"https:\/\/artejoven.org\/de\/wp-json\/wp\/v2\/users\/1"}],"replies":[{"embeddable":true,"href":"https:\/\/artejoven.org\/de\/wp-json\/wp\/v2\/comments?post=7698"}],"version-history":[{"count":0,"href":"https:\/\/artejoven.org\/de\/wp-json\/wp\/v2\/pages\/7698\/revisions"}],"up":[{"embeddable":true,"href":"https:\/\/artejoven.org\/de\/wp-json\/wp\/v2\/pages\/931"}],"wp:featuredmedia":[{"embeddable":true,"href":"https:\/\/artejoven.org\/de\/wp-json\/wp\/v2\/media\/7829"}],"wp:attachment":[{"href":"https:\/\/artejoven.org\/de\/wp-json\/wp\/v2\/media?parent=7698"}],"wp:term":[{"taxonomy":"category","embeddable":true,"href":"https:\/\/artejoven.org\/de\/wp-json\/wp\/v2\/categories?post=7698"},{"taxonomy":"post_tag","embeddable":true,"href":"https:\/\/artejoven.org\/de\/wp-json\/wp\/v2\/tags?post=7698"}],"curies":[{"name":"wp","href":"https:\/\/api.w.org\/{rel}","templated":true}]}}