{"id":8737,"date":"2025-02-11T11:22:55","date_gmt":"2025-02-11T16:22:55","guid":{"rendered":"https:\/\/artejoven.org\/?page_id=8737"},"modified":"2025-02-11T11:27:31","modified_gmt":"2025-02-11T16:27:31","slug":"ronny-yunior-lopez-vega","status":"publish","type":"page","link":"https:\/\/artejoven.org\/de\/beneficiarios\/ronny-yunior-lopez-vega\/","title":{"rendered":"Ronny Yunior L\u00f3pez Vega"},"content":{"rendered":"","protected":false},"excerpt":{"rendered":"<p>(Havanna, 2010) Klavierstudentin an der Escuela Elemental de M\u00fasica, Manuel Saumell, Havanna.<\/p>","protected":false},"author":1,"featured_media":8744,"parent":931,"menu_order":0,"comment_status":"closed","ping_status":"closed","template":"","meta":{"_acf_changed":false,"footnotes":"","_links_to":"","_links_to_target":""},"categories":[13,66],"tags":[63],"class_list":["post-8737","page","type-page","status-publish","has-post-thumbnail","hentry","category-beneficiarios","category-concurso-nacional-de-musica","tag-63","post","post-with-thumbnail","post-with-thumbnail-large"],"acf":[],"aioseo_notices":[],"jetpack-related-posts":[{"id":7764,"url":"https:\/\/www.instagram.com\/tempohabana\/?hl=es%20","url_meta":{"origin":8737,"position":0},"title":"Tempo Havanna","author":"Ren\u00e9 Manuel Puig","date":"24 de Juli de 2024","format":false,"excerpt":"Ein Raum f\u00fcr die Vernetzung und F\u00f6rderung junger Musiker, mit Live-Auftritten.","rel":"","context":"In &quot;Aliados&quot;","block_context":{"text":"Aliados","link":"https:\/\/artejoven.org\/de\/category\/aliados\/"},"img":{"alt_text":"","src":"https:\/\/i0.wp.com\/artejoven.org\/wp-content\/uploads\/2024\/07\/Tempo-Habana-jpg.webp?resize=350%2C200&ssl=1","width":350,"height":200},"classes":[]},{"id":5979,"url":"https:\/\/artejoven.org\/de\/beneficiarios\/lyceum-mozartino-de-la-habana\/","url_meta":{"origin":8737,"position":1},"title":"Lyceum Mozartianum von Havanna","author":"Ren\u00e9 Manuel Puig","date":"28 de September de 2023","format":false,"excerpt":"Der Fondo de Arte Joven (FAJ) beteiligte sich an der Gr\u00fcndung der Jugendorchester-Akademie des Lyceum-Orchesters von Havanna im B\u00fcro des Stadthistorikers.","rel":"","context":"In &quot;Beneficiarios&quot;","block_context":{"text":"Beneficiarios","link":"https:\/\/artejoven.org\/de\/category\/beneficiarios\/"},"img":{"alt_text":"Lyceum Mozartino de La Habana","src":"https:\/\/i0.wp.com\/artejoven.org\/wp-content\/uploads\/2023\/09\/Lyceum-jpg.webp?resize=350%2C200&ssl=1","width":350,"height":200},"classes":[]},{"id":8754,"url":"https:\/\/artejoven.org\/de\/beneficiarios\/laura-diaz-la-o\/","url_meta":{"origin":8737,"position":2},"title":"Laura D\u00edaz La O","author":"Ren\u00e9 Manuel Puig","date":"11 de Februar de 2025","format":false,"excerpt":"(Havanna, 2007) Violinstudentin an der Musikhochschule \"Amadeo Rold\u00e1n, Havanna.","rel":"","context":"In &quot;Beneficiarios&quot;","block_context":{"text":"Beneficiarios","link":"https:\/\/artejoven.org\/de\/category\/beneficiarios\/"},"img":{"alt_text":"Laura D\u00edaz La O","src":"https:\/\/i0.wp.com\/artejoven.org\/wp-content\/uploads\/2025\/02\/Laura-Diaz.webp?resize=350%2C200&ssl=1","width":350,"height":200,"srcset":"https:\/\/i0.wp.com\/artejoven.org\/wp-content\/uploads\/2025\/02\/Laura-Diaz.webp?resize=350%2C200&ssl=1 1x, https:\/\/i0.wp.com\/artejoven.org\/wp-content\/uploads\/2025\/02\/Laura-Diaz.webp?resize=525%2C300&ssl=1 1.5x"},"classes":[]},{"id":6686,"url":"http:\/\/www.festivalhabanaclasica.org","url_meta":{"origin":8737,"position":3},"title":"Klassisches Havanna","author":"Ren\u00e9 Manuel Puig","date":"21 de August de 2023","format":false,"excerpt":"Das Festival Internacional de M\u00fasica Habana Cl\u00e1sica wurde 2017 auf Initiative des kubanischen Pianisten Marcos Madrigal gegr\u00fcndet. Ziel ist es, herausragende einheimische und ausl\u00e4ndische K\u00fcnstler aus dem Kulturkreis der Stadt zusammenzubringen.","rel":"","context":"In &quot;Espacios&quot;","block_context":{"text":"Espacios","link":"https:\/\/artejoven.org\/de\/category\/espacios\/"},"img":{"alt_text":"Habana Cl\u00e1sica","src":"https:\/\/i0.wp.com\/artejoven.org\/wp-content\/uploads\/2023\/11\/Habana-Clasica-jpg.webp?resize=350%2C200&ssl=1","width":350,"height":200,"srcset":"https:\/\/i0.wp.com\/artejoven.org\/wp-content\/uploads\/2023\/11\/Habana-Clasica-jpg.webp?resize=350%2C200&ssl=1 1x, https:\/\/i0.wp.com\/artejoven.org\/wp-content\/uploads\/2023\/11\/Habana-Clasica-jpg.webp?resize=525%2C300&ssl=1 1.5x, https:\/\/i0.wp.com\/artejoven.org\/wp-content\/uploads\/2023\/11\/Habana-Clasica-jpg.webp?resize=700%2C400&ssl=1 2x, https:\/\/i0.wp.com\/artejoven.org\/wp-content\/uploads\/2023\/11\/Habana-Clasica-jpg.webp?resize=1050%2C600&ssl=1 3x"},"classes":[]},{"id":8936,"url":"https:\/\/artejoven.org\/de\/beneficiarios\/elias-alexander-ferrer-duverger\/","url_meta":{"origin":8737,"position":4},"title":"El\u00edas Alexander Ferrer Duverger","author":"Ren\u00e9 Manuel Puig","date":"24 de Februar de 2025","format":false,"excerpt":"(Havanna, 2006) Perkussionsstudent an der Escuela Nacional de M\u00fasica, Havanna.","rel":"","context":"In &quot;Beneficiarios&quot;","block_context":{"text":"Beneficiarios","link":"https:\/\/artejoven.org\/de\/category\/beneficiarios\/"},"img":{"alt_text":"El\u00edas Alexander Ferrer Duverger","src":"https:\/\/i0.wp.com\/artejoven.org\/wp-content\/uploads\/2025\/02\/Duve-Elias.webp?resize=350%2C200&ssl=1","width":350,"height":200,"srcset":"https:\/\/i0.wp.com\/artejoven.org\/wp-content\/uploads\/2025\/02\/Duve-Elias.webp?resize=350%2C200&ssl=1 1x, https:\/\/i0.wp.com\/artejoven.org\/wp-content\/uploads\/2025\/02\/Duve-Elias.webp?resize=525%2C300&ssl=1 1.5x"},"classes":[]},{"id":10539,"url":"https:\/\/artejoven.org\/de\/beneficiarios\/alvaro-perez-ruiz\/","url_meta":{"origin":8737,"position":5},"title":"Alvaro P\u00e9rez Ruiz","author":"Ren\u00e9 Manuel Puig","date":"6 de M\u00e4rz de 2026","format":false,"excerpt":"(Havanna, 2013) Pianist in Ausbildung, Student an der Escuela Elemental de M\u00fasica Alejandro Garc\u00eda Caturla, Havanna, wo er seit 2021 Klaviergrundkurse absolviert.","rel":"","context":"In &quot;Beneficiarios&quot;","block_context":{"text":"Beneficiarios","link":"https:\/\/artejoven.org\/de\/category\/beneficiarios\/"},"img":{"alt_text":"Alvaro P\u00e9rez Ruiz","src":"https:\/\/i0.wp.com\/artejoven.org\/wp-content\/uploads\/2026\/03\/Alvaro-1.webp?resize=350%2C200&ssl=1","width":350,"height":200,"srcset":"https:\/\/i0.wp.com\/artejoven.org\/wp-content\/uploads\/2026\/03\/Alvaro-1.webp?resize=350%2C200&ssl=1 1x, https:\/\/i0.wp.com\/artejoven.org\/wp-content\/uploads\/2026\/03\/Alvaro-1.webp?resize=525%2C300&ssl=1 1.5x"},"classes":[]}],"jetpack_sharing_enabled":true,"_links":{"self":[{"href":"https:\/\/artejoven.org\/de\/wp-json\/wp\/v2\/pages\/8737","targetHints":{"allow":["GET"]}}],"collection":[{"href":"https:\/\/artejoven.org\/de\/wp-json\/wp\/v2\/pages"}],"about":[{"href":"https:\/\/artejoven.org\/de\/wp-json\/wp\/v2\/types\/page"}],"author":[{"embeddable":true,"href":"https:\/\/artejoven.org\/de\/wp-json\/wp\/v2\/users\/1"}],"replies":[{"embeddable":true,"href":"https:\/\/artejoven.org\/de\/wp-json\/wp\/v2\/comments?post=8737"}],"version-history":[{"count":0,"href":"https:\/\/artejoven.org\/de\/wp-json\/wp\/v2\/pages\/8737\/revisions"}],"up":[{"embeddable":true,"href":"https:\/\/artejoven.org\/de\/wp-json\/wp\/v2\/pages\/931"}],"wp:featuredmedia":[{"embeddable":true,"href":"https:\/\/artejoven.org\/de\/wp-json\/wp\/v2\/media\/8744"}],"wp:attachment":[{"href":"https:\/\/artejoven.org\/de\/wp-json\/wp\/v2\/media?parent=8737"}],"wp:term":[{"taxonomy":"category","embeddable":true,"href":"https:\/\/artejoven.org\/de\/wp-json\/wp\/v2\/categories?post=8737"},{"taxonomy":"post_tag","embeddable":true,"href":"https:\/\/artejoven.org\/de\/wp-json\/wp\/v2\/tags?post=8737"}],"curies":[{"name":"wp","href":"https:\/\/api.w.org\/{rel}","templated":true}]}}