{"id":8757,"date":"2025-02-11T12:01:31","date_gmt":"2025-02-11T17:01:31","guid":{"rendered":"https:\/\/artejoven.org\/?page_id=8757"},"modified":"2025-02-11T12:02:06","modified_gmt":"2025-02-11T17:02:06","slug":"lucia-travieso-herrera","status":"publish","type":"page","link":"https:\/\/artejoven.org\/de\/beneficiarios\/lucia-travieso-herrera\/","title":{"rendered":"Lucia Travieso Herrera"},"content":{"rendered":"","protected":false},"excerpt":{"rendered":"<p>(Mayabeque, 2010) Sch\u00fcler der Enrique Hart D\u00e1valos Schule in der Provinz Mayabeque.<\/p>","protected":false},"author":1,"featured_media":8758,"parent":931,"menu_order":0,"comment_status":"closed","ping_status":"closed","template":"","meta":{"_acf_changed":false,"footnotes":"","_links_to":"","_links_to_target":""},"categories":[13,66],"tags":[],"class_list":["post-8757","page","type-page","status-publish","has-post-thumbnail","hentry","category-beneficiarios","category-concurso-nacional-de-musica","post","post-with-thumbnail","post-with-thumbnail-large"],"acf":[],"aioseo_notices":[],"jetpack-related-posts":[{"id":7429,"url":"https:\/\/artejoven.org\/de\/beneficiarios\/abel-lescay\/","url_meta":{"origin":8757,"position":0},"title":"Abel Lescay","author":"Ren\u00e9 Manuel Puig","date":"23 de Mai de 2024","format":false,"excerpt":"Abel Lescay (Mayabeque, 1999), ist Pianist, Professor f\u00fcr Klavier und Theorie und Klavierbegleiter an der Escuela Nacional de Arte (ENA) im Jahr 2017.","rel":"","context":"In &quot;Beneficiarios&quot;","block_context":{"text":"Beneficiarios","link":"https:\/\/artejoven.org\/de\/category\/beneficiarios\/"},"img":{"alt_text":"Abel Lescay","src":"https:\/\/i0.wp.com\/artejoven.org\/wp-content\/uploads\/2024\/05\/Abel-Lescay.jpg?resize=350%2C200&ssl=1","width":350,"height":200},"classes":[]},{"id":2828,"url":"https:\/\/artejoven.org\/de\/beneficiarios\/victor-manuel-ojeda\/","url_meta":{"origin":8757,"position":1},"title":"Victor Manuel Ojeda","author":"Ren\u00e9 Manuel Puig","date":"28 de Mai de 2023","format":false,"excerpt":"Victor Manuel Ojeda Collado (Mayabeque, 1990) machte seinen Abschluss in Malerei an der Eduardo Abela Provincial Academy of Plastic Arts und in Konservierung von Kulturerbe an der ISA.","rel":"","context":"In &quot;Artes Visuales&quot;","block_context":{"text":"Artes Visuales","link":"https:\/\/artejoven.org\/de\/category\/beneficiarios\/artes-visuales-beneficiarios\/"},"img":{"alt_text":"Victor Manuel Ojeda","src":"https:\/\/i0.wp.com\/artejoven.org\/wp-content\/uploads\/2023\/06\/Victor-Manuel-Ojeda-jpg.webp?resize=350%2C200&ssl=1","width":350,"height":200,"srcset":"https:\/\/i0.wp.com\/artejoven.org\/wp-content\/uploads\/2023\/06\/Victor-Manuel-Ojeda-jpg.webp?resize=350%2C200&ssl=1 1x, https:\/\/i0.wp.com\/artejoven.org\/wp-content\/uploads\/2023\/06\/Victor-Manuel-Ojeda-jpg.webp?resize=525%2C300&ssl=1 1.5x, https:\/\/i0.wp.com\/artejoven.org\/wp-content\/uploads\/2023\/06\/Victor-Manuel-Ojeda-jpg.webp?resize=700%2C400&ssl=1 2x, https:\/\/i0.wp.com\/artejoven.org\/wp-content\/uploads\/2023\/06\/Victor-Manuel-Ojeda-jpg.webp?resize=1050%2C600&ssl=1 3x"},"classes":[]},{"id":7965,"url":"https:\/\/artejoven.org\/de\/convocatorias\/concurso-nacional-de-musica\/","url_meta":{"origin":8757,"position":2},"title":"Nationaler Musikwettbewerb","author":"Ren\u00e9 Manuel Puig","date":"30 de August de 2024","format":false,"excerpt":"Anmeldeformular f\u00fcr die erste Ausgabe des nationalen Musikwettbewerbs","rel":"","context":"In &quot;Convocatorias&quot;","block_context":{"text":"Convocatorias","link":"https:\/\/artejoven.org\/de\/category\/convocatoria\/"},"img":{"alt_text":"","src":"https:\/\/i0.wp.com\/artejoven.org\/wp-content\/uploads\/2023\/05\/Banner-Web.jpg?resize=350%2C200&ssl=1","width":350,"height":200,"srcset":"https:\/\/i0.wp.com\/artejoven.org\/wp-content\/uploads\/2023\/05\/Banner-Web.jpg?resize=350%2C200&ssl=1 1x, https:\/\/i0.wp.com\/artejoven.org\/wp-content\/uploads\/2023\/05\/Banner-Web.jpg?resize=525%2C300&ssl=1 1.5x, https:\/\/i0.wp.com\/artejoven.org\/wp-content\/uploads\/2023\/05\/Banner-Web.jpg?resize=700%2C400&ssl=1 2x"},"classes":[]},{"id":931,"url":"https:\/\/artejoven.org\/de\/beneficiarios\/","url_meta":{"origin":8757,"position":3},"title":"Beg\u00fcnstigte","author":"Ren\u00e9 Manuel Puig","date":"17 de April de 2023","format":false,"excerpt":"Treffen Sie die Beg\u00fcnstigten. Jeder K\u00fcnstler oder jedes Kulturunternehmen, das der Fondo de Arte Joven unterst\u00fctzt hat.","rel":"","context":"\u00c4hnlicher Beitrag","block_context":{"text":"\u00c4hnlicher Beitrag","link":""},"img":{"alt_text":"Fondo de Arte Joven","src":"https:\/\/i0.wp.com\/artejoven.org\/wp-content\/uploads\/2023\/06\/Fondo-de-Arte-Joven.jpg?resize=350%2C200&ssl=1","width":350,"height":200,"srcset":"https:\/\/i0.wp.com\/artejoven.org\/wp-content\/uploads\/2023\/06\/Fondo-de-Arte-Joven.jpg?resize=350%2C200&ssl=1 1x, https:\/\/i0.wp.com\/artejoven.org\/wp-content\/uploads\/2023\/06\/Fondo-de-Arte-Joven.jpg?resize=525%2C300&ssl=1 1.5x, https:\/\/i0.wp.com\/artejoven.org\/wp-content\/uploads\/2023\/06\/Fondo-de-Arte-Joven.jpg?resize=700%2C400&ssl=1 2x"},"classes":[]},{"id":6141,"url":"https:\/\/artejoven.org\/de\/espacios-faj\/salon-blanco\/habana-un-alma-palpable\/","url_meta":{"origin":8757,"position":4},"title":"Havanna, eine sp\u00fcrbare Seele","author":"Ren\u00e9 Manuel Puig","date":"23 de Oktober de 2023","format":false,"excerpt":"Havanna, eine sp\u00fcrbare Seele ist eine Ausstellung, die eine Gruppe sehr junger und aufstrebender kubanischer Fotografen zusammenbringt, in deren Arbeiten wir nicht nur eine, sondern viele Havannas finden.","rel":"","context":"In &quot;Exposiciones&quot;","block_context":{"text":"Exposiciones","link":"https:\/\/artejoven.org\/de\/category\/espacios\/exposiciones-espacios\/"},"img":{"alt_text":"Habana, un alma palpable","src":"https:\/\/i0.wp.com\/artejoven.org\/wp-content\/uploads\/2023\/10\/Habana-un-alma-palpable-68.WEBP?resize=350%2C200&ssl=1","width":350,"height":200,"srcset":"https:\/\/i0.wp.com\/artejoven.org\/wp-content\/uploads\/2023\/10\/Habana-un-alma-palpable-68.WEBP?resize=350%2C200&ssl=1 1x, https:\/\/i0.wp.com\/artejoven.org\/wp-content\/uploads\/2023\/10\/Habana-un-alma-palpable-68.WEBP?resize=525%2C300&ssl=1 1.5x, https:\/\/i0.wp.com\/artejoven.org\/wp-content\/uploads\/2023\/10\/Habana-un-alma-palpable-68.WEBP?resize=700%2C400&ssl=1 2x, https:\/\/i0.wp.com\/artejoven.org\/wp-content\/uploads\/2023\/10\/Habana-un-alma-palpable-68.WEBP?resize=1050%2C600&ssl=1 3x, https:\/\/i0.wp.com\/artejoven.org\/wp-content\/uploads\/2023\/10\/Habana-un-alma-palpable-68.WEBP?resize=1400%2C800&ssl=1 4x"},"classes":[]}],"jetpack_sharing_enabled":true,"_links":{"self":[{"href":"https:\/\/artejoven.org\/de\/wp-json\/wp\/v2\/pages\/8757","targetHints":{"allow":["GET"]}}],"collection":[{"href":"https:\/\/artejoven.org\/de\/wp-json\/wp\/v2\/pages"}],"about":[{"href":"https:\/\/artejoven.org\/de\/wp-json\/wp\/v2\/types\/page"}],"author":[{"embeddable":true,"href":"https:\/\/artejoven.org\/de\/wp-json\/wp\/v2\/users\/1"}],"replies":[{"embeddable":true,"href":"https:\/\/artejoven.org\/de\/wp-json\/wp\/v2\/comments?post=8757"}],"version-history":[{"count":0,"href":"https:\/\/artejoven.org\/de\/wp-json\/wp\/v2\/pages\/8757\/revisions"}],"up":[{"embeddable":true,"href":"https:\/\/artejoven.org\/de\/wp-json\/wp\/v2\/pages\/931"}],"wp:featuredmedia":[{"embeddable":true,"href":"https:\/\/artejoven.org\/de\/wp-json\/wp\/v2\/media\/8758"}],"wp:attachment":[{"href":"https:\/\/artejoven.org\/de\/wp-json\/wp\/v2\/media?parent=8757"}],"wp:term":[{"taxonomy":"category","embeddable":true,"href":"https:\/\/artejoven.org\/de\/wp-json\/wp\/v2\/categories?post=8757"},{"taxonomy":"post_tag","embeddable":true,"href":"https:\/\/artejoven.org\/de\/wp-json\/wp\/v2\/tags?post=8757"}],"curies":[{"name":"wp","href":"https:\/\/api.w.org\/{rel}","templated":true}]}}