{"id":8831,"date":"2025-02-20T15:51:38","date_gmt":"2025-02-20T20:51:38","guid":{"rendered":"https:\/\/artejoven.org\/?page_id=8831"},"modified":"2025-02-20T17:25:34","modified_gmt":"2025-02-20T22:25:34","slug":"airel-suarez","status":"publish","type":"page","link":"https:\/\/artejoven.org\/de\/beneficiarios\/airel-suarez\/","title":{"rendered":"Airel Suarez"},"content":{"rendered":"","protected":false},"excerpt":{"rendered":"<p>Airel Su\u00e1rez (Havanna, 2004)<br \/>\nAbschluss an der Nationalen Akademie der Sch\u00f6nen K\u00fcnste San Alejandro (2019-2023), Havanna. <\/p>","protected":false},"author":1,"featured_media":8832,"parent":931,"menu_order":0,"comment_status":"closed","ping_status":"closed","template":"","meta":{"_acf_changed":false,"footnotes":"","_links_to":"","_links_to_target":""},"categories":[32,13],"tags":[63,38],"class_list":["post-8831","page","type-page","status-publish","has-post-thumbnail","hentry","category-artes-visuales-beneficiarios","category-beneficiarios","tag-63","tag-artes-visuales","post","post-with-thumbnail","post-with-thumbnail-large"],"acf":[],"aioseo_notices":[],"jetpack-related-posts":[{"id":8114,"url":"https:\/\/artejoven.org\/de\/espacios-faj\/malayerba\/segunda-edicion-de-malayerba\/","url_meta":{"origin":8831,"position":0},"title":"Zweite Ausgabe von malaYerba","author":"Ren\u00e9 Manuel Puig","date":"20 de September de 2024","format":false,"excerpt":"Diese neuen Sch\u00f6pfer identifizieren ihre ersch\u00fctterndsten Realit\u00e4ten und setzen sie in Malerei, Fotografie, Video und Installation um.","rel":"","context":"In &quot;Exposiciones&quot;","block_context":{"text":"Exposiciones","link":"https:\/\/artejoven.org\/de\/category\/espacios\/exposiciones-espacios\/"},"img":{"alt_text":"malaYerba","src":"https:\/\/i0.wp.com\/artejoven.org\/wp-content\/uploads\/2024\/07\/malaYerba-Segunda-Convocatoria-1-jpg.webp?resize=350%2C200&ssl=1","width":350,"height":200,"srcset":"https:\/\/i0.wp.com\/artejoven.org\/wp-content\/uploads\/2024\/07\/malaYerba-Segunda-Convocatoria-1-jpg.webp?resize=350%2C200&ssl=1 1x, https:\/\/i0.wp.com\/artejoven.org\/wp-content\/uploads\/2024\/07\/malaYerba-Segunda-Convocatoria-1-jpg.webp?resize=525%2C300&ssl=1 1.5x, https:\/\/i0.wp.com\/artejoven.org\/wp-content\/uploads\/2024\/07\/malaYerba-Segunda-Convocatoria-1-jpg.webp?resize=700%2C400&ssl=1 2x, https:\/\/i0.wp.com\/artejoven.org\/wp-content\/uploads\/2024\/07\/malaYerba-Segunda-Convocatoria-1-jpg.webp?resize=1050%2C600&ssl=1 3x, https:\/\/i0.wp.com\/artejoven.org\/wp-content\/uploads\/2024\/07\/malaYerba-Segunda-Convocatoria-1-jpg.webp?resize=1400%2C800&ssl=1 4x"},"classes":[]},{"id":931,"url":"https:\/\/artejoven.org\/de\/beneficiarios\/","url_meta":{"origin":8831,"position":1},"title":"Beg\u00fcnstigte","author":"Ren\u00e9 Manuel Puig","date":"17 de April de 2023","format":false,"excerpt":"Treffen Sie die Beg\u00fcnstigten. Jeder K\u00fcnstler oder jedes Kulturunternehmen, das der Fondo de Arte Joven unterst\u00fctzt hat.","rel":"","context":"\u00c4hnlicher Beitrag","block_context":{"text":"\u00c4hnlicher Beitrag","link":""},"img":{"alt_text":"Fondo de Arte Joven","src":"https:\/\/i0.wp.com\/artejoven.org\/wp-content\/uploads\/2023\/06\/Fondo-de-Arte-Joven.jpg?resize=350%2C200&ssl=1","width":350,"height":200,"srcset":"https:\/\/i0.wp.com\/artejoven.org\/wp-content\/uploads\/2023\/06\/Fondo-de-Arte-Joven.jpg?resize=350%2C200&ssl=1 1x, https:\/\/i0.wp.com\/artejoven.org\/wp-content\/uploads\/2023\/06\/Fondo-de-Arte-Joven.jpg?resize=525%2C300&ssl=1 1.5x, https:\/\/i0.wp.com\/artejoven.org\/wp-content\/uploads\/2023\/06\/Fondo-de-Arte-Joven.jpg?resize=700%2C400&ssl=1 2x"},"classes":[]},{"id":2882,"url":"https:\/\/artejoven.org\/de\/beneficiarios\/harold-ramirez\/","url_meta":{"origin":8831,"position":2},"title":"Harold Ramirez\u00a0","author":"Ren\u00e9 Manuel Puig","date":"17 de Mai de 2023","format":false,"excerpt":"Harold Ram\u00edrez Veliz (Havanna, 1997) ist Absolvent der Academia Nacional de Bellas Artes San Alejandro und studiert derzeit Bildende Kunst an der Universidad de las Artes (ISA).","rel":"","context":"In &quot;Artes Visuales&quot;","block_context":{"text":"Artes Visuales","link":"https:\/\/artejoven.org\/de\/category\/beneficiarios\/artes-visuales-beneficiarios\/"},"img":{"alt_text":"Harold Ram\u00edrez","src":"https:\/\/i0.wp.com\/artejoven.org\/wp-content\/uploads\/2023\/06\/Harold-Ramirez-jpg.webp?resize=350%2C200&ssl=1","width":350,"height":200,"srcset":"https:\/\/i0.wp.com\/artejoven.org\/wp-content\/uploads\/2023\/06\/Harold-Ramirez-jpg.webp?resize=350%2C200&ssl=1 1x, https:\/\/i0.wp.com\/artejoven.org\/wp-content\/uploads\/2023\/06\/Harold-Ramirez-jpg.webp?resize=525%2C300&ssl=1 1.5x"},"classes":[]},{"id":8841,"url":"https:\/\/artejoven.org\/de\/beneficiarios\/karolyn-sanchez\/","url_meta":{"origin":8831,"position":3},"title":"Karolyn Sanchez","author":"Ren\u00e9 Manuel Puig","date":"20 de Februar de 2025","format":false,"excerpt":"Karolyn S\u00e1nchez (Havanna, 2003) schloss ihr Studium an der Academia Nacional de Bellas Artes San Alejandro mit einem goldenen Diplom ab (2019-2023).","rel":"","context":"In &quot;Artes Visuales&quot;","block_context":{"text":"Artes Visuales","link":"https:\/\/artejoven.org\/de\/category\/beneficiarios\/artes-visuales-beneficiarios\/"},"img":{"alt_text":"Karolyn S\u00e1nchez","src":"https:\/\/i0.wp.com\/artejoven.org\/wp-content\/uploads\/2025\/02\/Karolyn-Sanchez.webp?resize=350%2C200&ssl=1","width":350,"height":200,"srcset":"https:\/\/i0.wp.com\/artejoven.org\/wp-content\/uploads\/2025\/02\/Karolyn-Sanchez.webp?resize=350%2C200&ssl=1 1x, https:\/\/i0.wp.com\/artejoven.org\/wp-content\/uploads\/2025\/02\/Karolyn-Sanchez.webp?resize=525%2C300&ssl=1 1.5x"},"classes":[]},{"id":6696,"url":"https:\/\/artejoven.org\/de\/beneficiarios\/rosa-de-la-caridad-cabrera\/","url_meta":{"origin":8831,"position":4},"title":"Rosa de la Caridad Cabrera","author":"Ren\u00e9 Manuel Puig","date":"13 de Dezember de 2023","format":false,"excerpt":"Rosa de la Caridad Cabrera (Havanna, 2000). Absolventin der Nationalen Akademie der Sch\u00f6nen K\u00fcnste San Alejandro im Jahr 2020.","rel":"","context":"In &quot;Artes Visuales&quot;","block_context":{"text":"Artes Visuales","link":"https:\/\/artejoven.org\/de\/category\/beneficiarios\/artes-visuales-beneficiarios\/"},"img":{"alt_text":"Rosa de la Caridad Cabrera","src":"https:\/\/i0.wp.com\/artejoven.org\/wp-content\/uploads\/2023\/12\/Rosa-de-la-Caridad-Cabrera-jpg.webp?resize=350%2C200&ssl=1","width":350,"height":200,"srcset":"https:\/\/i0.wp.com\/artejoven.org\/wp-content\/uploads\/2023\/12\/Rosa-de-la-Caridad-Cabrera-jpg.webp?resize=350%2C200&ssl=1 1x, https:\/\/i0.wp.com\/artejoven.org\/wp-content\/uploads\/2023\/12\/Rosa-de-la-Caridad-Cabrera-jpg.webp?resize=525%2C300&ssl=1 1.5x"},"classes":[]},{"id":6540,"url":"https:\/\/artejoven.org\/de\/beneficiarios\/yunior-la-rosa\/","url_meta":{"origin":8831,"position":5},"title":"Yunior La Rosa","author":"Ren\u00e9 Manuel Puig","date":"6 de Dezember de 2023","format":false,"excerpt":"Yunior La Rosa (Havanna, 1992). Abschluss mit einem Bachelor of Fine Arts an der Academia Nacional de Bellas Artes San Alejandro im Jahr 2012.","rel":"","context":"In &quot;Artes Visuales&quot;","block_context":{"text":"Artes Visuales","link":"https:\/\/artejoven.org\/de\/category\/beneficiarios\/artes-visuales-beneficiarios\/"},"img":{"alt_text":"Yunior La Rosa","src":"https:\/\/i0.wp.com\/artejoven.org\/wp-content\/uploads\/2023\/12\/Yunior-La-Rosa-jpg.webp?resize=350%2C200&ssl=1","width":350,"height":200,"srcset":"https:\/\/i0.wp.com\/artejoven.org\/wp-content\/uploads\/2023\/12\/Yunior-La-Rosa-jpg.webp?resize=350%2C200&ssl=1 1x, https:\/\/i0.wp.com\/artejoven.org\/wp-content\/uploads\/2023\/12\/Yunior-La-Rosa-jpg.webp?resize=525%2C300&ssl=1 1.5x"},"classes":[]}],"jetpack_sharing_enabled":true,"_links":{"self":[{"href":"https:\/\/artejoven.org\/de\/wp-json\/wp\/v2\/pages\/8831","targetHints":{"allow":["GET"]}}],"collection":[{"href":"https:\/\/artejoven.org\/de\/wp-json\/wp\/v2\/pages"}],"about":[{"href":"https:\/\/artejoven.org\/de\/wp-json\/wp\/v2\/types\/page"}],"author":[{"embeddable":true,"href":"https:\/\/artejoven.org\/de\/wp-json\/wp\/v2\/users\/1"}],"replies":[{"embeddable":true,"href":"https:\/\/artejoven.org\/de\/wp-json\/wp\/v2\/comments?post=8831"}],"version-history":[{"count":0,"href":"https:\/\/artejoven.org\/de\/wp-json\/wp\/v2\/pages\/8831\/revisions"}],"up":[{"embeddable":true,"href":"https:\/\/artejoven.org\/de\/wp-json\/wp\/v2\/pages\/931"}],"wp:featuredmedia":[{"embeddable":true,"href":"https:\/\/artejoven.org\/de\/wp-json\/wp\/v2\/media\/8832"}],"wp:attachment":[{"href":"https:\/\/artejoven.org\/de\/wp-json\/wp\/v2\/media?parent=8831"}],"wp:term":[{"taxonomy":"category","embeddable":true,"href":"https:\/\/artejoven.org\/de\/wp-json\/wp\/v2\/categories?post=8831"},{"taxonomy":"post_tag","embeddable":true,"href":"https:\/\/artejoven.org\/de\/wp-json\/wp\/v2\/tags?post=8831"}],"curies":[{"name":"wp","href":"https:\/\/api.w.org\/{rel}","templated":true}]}}