{"id":8922,"date":"2025-02-24T19:04:00","date_gmt":"2025-02-25T00:04:00","guid":{"rendered":"https:\/\/artejoven.org\/?page_id=8922"},"modified":"2025-02-24T19:04:02","modified_gmt":"2025-02-25T00:04:02","slug":"segeln","status":"publish","type":"page","link":"https:\/\/artejoven.org\/de\/beneficiarios\/zarpe\/","title":{"rendered":"ZARPE"},"content":{"rendered":"","protected":false},"excerpt":{"rendered":"<p>Eine kulturelle Plattform, die zur F\u00f6rderung der musikalischen Laufbahn junger Menschen beitragen soll.<\/p>","protected":false},"author":1,"featured_media":8923,"parent":931,"menu_order":0,"comment_status":"closed","ping_status":"closed","template":"","meta":{"_acf_changed":false,"footnotes":"","_links_to":"","_links_to_target":""},"categories":[13,33],"tags":[63,58],"class_list":["post-8922","page","type-page","status-publish","has-post-thumbnail","hentry","category-beneficiarios","category-emprendimientos-beneficiarios","tag-63","tag-segundo-programa","post","post-with-thumbnail","post-with-thumbnail-large"],"acf":[],"aioseo_notices":[],"jetpack-related-posts":[{"id":9396,"url":"https:\/\/festivalhabanaclasica.org\/","url_meta":{"origin":8922,"position":0},"title":"Klassischer Kulturverein Havanna (ACHC)","author":"Ren\u00e9 Manuel Puig","date":"3 de Mai de 2025","format":false,"excerpt":"Die Asociaci\u00f3n Cultural Habana Cl\u00e1sica wurde 2017 auf Initiative des kubanischen Pianisten Marcos Madrigal gegr\u00fcndet.","rel":"","context":"In &quot;Socios&quot;","block_context":{"text":"Socios","link":"https:\/\/artejoven.org\/de\/category\/socios\/"},"img":{"alt_text":"","src":"https:\/\/i0.wp.com\/artejoven.org\/wp-content\/uploads\/2025\/05\/Habana-Clasica.webp?resize=350%2C200&ssl=1","width":350,"height":200},"classes":[]},{"id":9881,"url":"https:\/\/www.instagram.com\/catedra.musicasacra\/","url_meta":{"origin":8922,"position":1},"title":"Kulturzentrum Pater F\u00e9lix Varela","author":"Ren\u00e9 Manuel Puig","date":"9 de Oktober de 2025","format":false,"excerpt":"Eine unabh\u00e4ngige Vereinigung zivilen, nichtstaatlichen und autonomen Charakters mit der F\u00e4higkeit, ohne Gewinnerzielungsabsicht \u00fcber eigenes Verm\u00f6gen zu verf\u00fcgen und den Rechten und Pflichten der geltenden Gesetzgebung zu unterliegen.","rel":"","context":"In &quot;Aliados&quot;","block_context":{"text":"Aliados","link":"https:\/\/artejoven.org\/de\/category\/aliados\/"},"img":{"alt_text":"Centro Cultural Padre F\u00e9lix Varela","src":"https:\/\/i0.wp.com\/artejoven.org\/wp-content\/uploads\/2025\/10\/Centro-Cultural-Padre-Felix-Varela.webp?resize=350%2C200&ssl=1","width":350,"height":200,"srcset":"https:\/\/i0.wp.com\/artejoven.org\/wp-content\/uploads\/2025\/10\/Centro-Cultural-Padre-Felix-Varela.webp?resize=350%2C200&ssl=1 1x, https:\/\/i0.wp.com\/artejoven.org\/wp-content\/uploads\/2025\/10\/Centro-Cultural-Padre-Felix-Varela.webp?resize=525%2C300&ssl=1 1.5x"},"classes":[]},{"id":12,"url":"https:\/\/artejoven.org\/de\/","url_meta":{"origin":8922,"position":2},"title":"Startseite","author":"Ren\u00e9 Manuel Puig","date":"15 de M\u00e4rz de 2023","format":false,"excerpt":"Wir sind eine kulturelle Plattform zur Unterst\u00fctzung und F\u00f6rderung aufstrebender kubanischer Kunst- und Kulturunternehmen, die ihre kreativen Projekte von Kuba aus verwirklichen.","rel":"","context":"\u00c4hnlicher Beitrag","block_context":{"text":"\u00c4hnlicher Beitrag","link":""},"img":{"alt_text":"CIERIC","src":"https:\/\/i0.wp.com\/artejoven.org\/wp-content\/uploads\/2025\/03\/CIERIC-png.webp?resize=350%2C200&ssl=1","width":350,"height":200,"srcset":"https:\/\/i0.wp.com\/artejoven.org\/wp-content\/uploads\/2025\/03\/CIERIC-png.webp?resize=350%2C200&ssl=1 1x, https:\/\/i0.wp.com\/artejoven.org\/wp-content\/uploads\/2025\/03\/CIERIC-png.webp?resize=525%2C300&ssl=1 1.5x, https:\/\/i0.wp.com\/artejoven.org\/wp-content\/uploads\/2025\/03\/CIERIC-png.webp?resize=700%2C400&ssl=1 2x"},"classes":[]},{"id":8919,"url":"https:\/\/artejoven.org\/de\/beneficiarios\/aguacero\/","url_meta":{"origin":8922,"position":3},"title":"Regenschauer","author":"Ren\u00e9 Manuel Puig","date":"24 de Februar de 2025","format":false,"excerpt":"Es ist ein Projekt zur Kulturf\u00f6rderung und ein Treffpunkt f\u00fcr Kunstliebhaber.","rel":"","context":"In &quot;Beneficiarios&quot;","block_context":{"text":"Beneficiarios","link":"https:\/\/artejoven.org\/de\/category\/beneficiarios\/"},"img":{"alt_text":"Aguacero","src":"https:\/\/i0.wp.com\/artejoven.org\/wp-content\/uploads\/2025\/02\/Aguacero.webp?resize=350%2C200&ssl=1","width":350,"height":200,"srcset":"https:\/\/i0.wp.com\/artejoven.org\/wp-content\/uploads\/2025\/02\/Aguacero.webp?resize=350%2C200&ssl=1 1x, https:\/\/i0.wp.com\/artejoven.org\/wp-content\/uploads\/2025\/02\/Aguacero.webp?resize=525%2C300&ssl=1 1.5x"},"classes":[]},{"id":8912,"url":"https:\/\/artejoven.org\/de\/beneficiarios\/la-tribu\/","url_meta":{"origin":8922,"position":4},"title":"Der Stamm","author":"Ren\u00e9 Manuel Puig","date":"24 de Februar de 2025","format":false,"excerpt":"Soziokulturelles Projekt mit Schwerpunkt auf elektronischer Musik, bei dem verschiedene k\u00fcnstlerische Ausdrucksformen gemischt werden.","rel":"","context":"In &quot;Beneficiarios&quot;","block_context":{"text":"Beneficiarios","link":"https:\/\/artejoven.org\/de\/category\/beneficiarios\/"},"img":{"alt_text":"La Tribu","src":"https:\/\/i0.wp.com\/artejoven.org\/wp-content\/uploads\/2025\/02\/La-Tribu.webp?resize=350%2C200&ssl=1","width":350,"height":200,"srcset":"https:\/\/i0.wp.com\/artejoven.org\/wp-content\/uploads\/2025\/02\/La-Tribu.webp?resize=350%2C200&ssl=1 1x, https:\/\/i0.wp.com\/artejoven.org\/wp-content\/uploads\/2025\/02\/La-Tribu.webp?resize=525%2C300&ssl=1 1.5x"},"classes":[]},{"id":9398,"url":"#","url_meta":{"origin":8922,"position":5},"title":"Kreativ-Zonen","author":"Ren\u00e9 Manuel Puig","date":"3 de Mai de 2025","format":false,"excerpt":"Ein Projekt zur F\u00f6rderung der Kultur- und Kreativwirtschaft, das die Aufwertung des historischen und kulturellen Erbes anregt.","rel":"","context":"In &quot;Socios&quot;","block_context":{"text":"Socios","link":"https:\/\/artejoven.org\/de\/category\/socios\/"},"img":{"alt_text":"","src":"https:\/\/i0.wp.com\/artejoven.org\/wp-content\/uploads\/2025\/05\/Zonas-Creativas.webp?resize=350%2C200&ssl=1","width":350,"height":200},"classes":[]}],"jetpack_sharing_enabled":true,"_links":{"self":[{"href":"https:\/\/artejoven.org\/de\/wp-json\/wp\/v2\/pages\/8922","targetHints":{"allow":["GET"]}}],"collection":[{"href":"https:\/\/artejoven.org\/de\/wp-json\/wp\/v2\/pages"}],"about":[{"href":"https:\/\/artejoven.org\/de\/wp-json\/wp\/v2\/types\/page"}],"author":[{"embeddable":true,"href":"https:\/\/artejoven.org\/de\/wp-json\/wp\/v2\/users\/1"}],"replies":[{"embeddable":true,"href":"https:\/\/artejoven.org\/de\/wp-json\/wp\/v2\/comments?post=8922"}],"version-history":[{"count":0,"href":"https:\/\/artejoven.org\/de\/wp-json\/wp\/v2\/pages\/8922\/revisions"}],"up":[{"embeddable":true,"href":"https:\/\/artejoven.org\/de\/wp-json\/wp\/v2\/pages\/931"}],"wp:featuredmedia":[{"embeddable":true,"href":"https:\/\/artejoven.org\/de\/wp-json\/wp\/v2\/media\/8923"}],"wp:attachment":[{"href":"https:\/\/artejoven.org\/de\/wp-json\/wp\/v2\/media?parent=8922"}],"wp:term":[{"taxonomy":"category","embeddable":true,"href":"https:\/\/artejoven.org\/de\/wp-json\/wp\/v2\/categories?post=8922"},{"taxonomy":"post_tag","embeddable":true,"href":"https:\/\/artejoven.org\/de\/wp-json\/wp\/v2\/tags?post=8922"}],"curies":[{"name":"wp","href":"https:\/\/api.w.org\/{rel}","templated":true}]}}