{"id":8930,"date":"2025-02-24T19:27:34","date_gmt":"2025-02-25T00:27:34","guid":{"rendered":"https:\/\/artejoven.org\/?page_id=8930"},"modified":"2025-02-24T19:27:37","modified_gmt":"2025-02-25T00:27:37","slug":"vinyl-kultur-in-kuba","status":"publish","type":"page","link":"https:\/\/artejoven.org\/de\/beneficiarios\/cultura-del-vinilo-en-cuba\/","title":{"rendered":"Vinyl-Kultur in Kuba"},"content":{"rendered":"","protected":false},"excerpt":{"rendered":"<p>Ein von Gu\u00e1mpara Music konzipiertes Projekt zur F\u00f6rderung der Entwicklung der Vinyl-Kultur als musikalische und geschichtliche St\u00fctze Kubas. <\/p>","protected":false},"author":1,"featured_media":8931,"parent":931,"menu_order":0,"comment_status":"closed","ping_status":"closed","template":"","meta":{"_acf_changed":false,"footnotes":"","_links_to":"","_links_to_target":""},"categories":[13,33],"tags":[63,58],"class_list":["post-8930","page","type-page","status-publish","has-post-thumbnail","hentry","category-beneficiarios","category-emprendimientos-beneficiarios","tag-63","tag-segundo-programa","post","post-with-thumbnail","post-with-thumbnail-large"],"acf":[],"aioseo_notices":[],"jetpack-related-posts":[{"id":7770,"url":"https:\/\/www.unesco.org\/es\/fieldoffice\/havana%20","url_meta":{"origin":8930,"position":0},"title":"UNESCO Havanna","author":"Ren\u00e9 Manuel Puig","date":"2 de Juli de 2024","format":false,"excerpt":"La oficina de la UNESCO en La Habana realiza m\u00faltiples funciones de gran importancia e impacto en el continente, en su calidad de Oficina Regional de Cultura para Am\u00e9rica Latina y el Caribe, Oficina Multipa\u00eds para el Caribe Latino y Representaci\u00f3n de la UNESCO ante los Gobiernos de Cuba y\u2026","rel":"","context":"In &quot;Donantes&quot;","block_context":{"text":"Donantes","link":"https:\/\/artejoven.org\/de\/category\/donantes\/"},"img":{"alt_text":"","src":"https:\/\/i0.wp.com\/artejoven.org\/wp-content\/uploads\/2024\/07\/UNESCO-Habana-jpg.webp?resize=350%2C200&ssl=1","width":350,"height":200},"classes":[]},{"id":10648,"url":"https:\/\/artejoven.org\/de\/beneficiarios\/dario-cuba-hernandez\/","url_meta":{"origin":8930,"position":1},"title":"Dar\u00edo Kuba Hern\u00e1ndez","author":"Ren\u00e9 Manuel Puig","date":"31 de M\u00e4rz de 2026","format":false,"excerpt":"(Sancti Sp\u00edritus, 2008) Fl\u00f6tistin, ausgebildet in Einrichtungen in Sancti Sp\u00edritus und Havanna, derzeit Studentin an der Nationalen Kunstschule Kubas (ENA).","rel":"","context":"In &quot;Beneficiarios&quot;","block_context":{"text":"Beneficiarios","link":"https:\/\/artejoven.org\/de\/category\/beneficiarios\/"},"img":{"alt_text":"Dar\u00edo Cuba Hern\u00e1ndez","src":"https:\/\/i0.wp.com\/artejoven.org\/wp-content\/uploads\/2026\/03\/Dario-Cuba.webp?resize=350%2C200&ssl=1","width":350,"height":200,"srcset":"https:\/\/i0.wp.com\/artejoven.org\/wp-content\/uploads\/2026\/03\/Dario-Cuba.webp?resize=350%2C200&ssl=1 1x, https:\/\/i0.wp.com\/artejoven.org\/wp-content\/uploads\/2026\/03\/Dario-Cuba.webp?resize=525%2C300&ssl=1 1.5x"},"classes":[]},{"id":9897,"url":"https:\/\/www.instagram.com\/uneacuba\/","url_meta":{"origin":8930,"position":2},"title":"Uni\u00f3n de Escritores y Artistas de Cuba (UNEAC) (Vereinigung von Schriftstellern und K\u00fcnstlern Kubas)","author":"Ren\u00e9 Manuel Puig","date":"9 de Oktober de 2025","format":false,"excerpt":"Berufs-, Kultur- und Sozialverband, der kubanische Schriftsteller und K\u00fcnstler zusammenf\u00fchrt und vertritt.","rel":"","context":"In &quot;Aliados&quot;","block_context":{"text":"Aliados","link":"https:\/\/artejoven.org\/de\/category\/aliados\/"},"img":{"alt_text":"Uni\u00f3n de Escritores y Artistas de Cuba (UNEAC)","src":"https:\/\/i0.wp.com\/artejoven.org\/wp-content\/uploads\/2025\/10\/UNEAC.webp?resize=350%2C200&ssl=1","width":350,"height":200,"srcset":"https:\/\/i0.wp.com\/artejoven.org\/wp-content\/uploads\/2025\/10\/UNEAC.webp?resize=350%2C200&ssl=1 1x, https:\/\/i0.wp.com\/artejoven.org\/wp-content\/uploads\/2025\/10\/UNEAC.webp?resize=525%2C300&ssl=1 1.5x"},"classes":[]},{"id":7332,"url":"https:\/\/artejoven.org\/de\/beneficiarios\/update-aproximacion-a-una-cuba-digitalizada-_\/","url_meta":{"origin":8930,"position":3},"title":"Aktualisieren. Aproximaci\u00f3n a una Cuba digitalizada,._...,","author":"Ren\u00e9 Manuel Puig","date":"10 de April de 2024","format":false,"excerpt":"Diese Initiative der jungen Kuratorin Enedys Seijo (Artemisa, 1995) ist das Ergebnis einer multidisziplin\u00e4ren Forschung.","rel":"","context":"In &quot;Artes Visuales&quot;","block_context":{"text":"Artes Visuales","link":"https:\/\/artejoven.org\/de\/category\/beneficiarios\/artes-visuales-beneficiarios\/"},"img":{"alt_text":"Update. Aproximaci\u00f3n a una Cuba digitalizada,._.,","src":"https:\/\/i0.wp.com\/artejoven.org\/wp-content\/uploads\/2024\/07\/Update.-Aproximacion-a-una-Cuba-digitalizada-1-jpg.webp?resize=350%2C200&ssl=1","width":350,"height":200,"srcset":"https:\/\/i0.wp.com\/artejoven.org\/wp-content\/uploads\/2024\/07\/Update.-Aproximacion-a-una-Cuba-digitalizada-1-jpg.webp?resize=350%2C200&ssl=1 1x, https:\/\/i0.wp.com\/artejoven.org\/wp-content\/uploads\/2024\/07\/Update.-Aproximacion-a-una-Cuba-digitalizada-1-jpg.webp?resize=525%2C300&ssl=1 1.5x"},"classes":[]},{"id":7686,"url":"https:\/\/artejoven.org\/de\/beneficiarios\/quinteto-espirales-cuba\/","url_meta":{"origin":8930,"position":4},"title":"Quintett Espirales","author":"Ren\u00e9 Manuel Puig","date":"12 de Juli de 2024","format":false,"excerpt":"Das Projekt Espirales wurde 2023 von dem jungen Pianisten Rodrigo Garc\u00eda gegr\u00fcndet und umfasst auch die Geigerin Tania Haase, die Kontrabassistin Olivia Rodr\u00edguez und die Schlagzeuger Alejandro Aguiar und Jes\u00fas Estrada.","rel":"","context":"In &quot;Beneficiarios&quot;","block_context":{"text":"Beneficiarios","link":"https:\/\/artejoven.org\/de\/category\/beneficiarios\/"},"img":{"alt_text":"Quinteto Espirales Cuba","src":"https:\/\/i0.wp.com\/artejoven.org\/wp-content\/uploads\/2024\/07\/Espirales-jpg.webp?resize=350%2C200&ssl=1","width":350,"height":200,"srcset":"https:\/\/i0.wp.com\/artejoven.org\/wp-content\/uploads\/2024\/07\/Espirales-jpg.webp?resize=350%2C200&ssl=1 1x, https:\/\/i0.wp.com\/artejoven.org\/wp-content\/uploads\/2024\/07\/Espirales-jpg.webp?resize=525%2C300&ssl=1 1.5x"},"classes":[]},{"id":6717,"url":"https:\/\/drive.google.com\/file\/d\/1np4SMoMfGtysNAnvK9bpRB1H-NpRKMpe\/view?usp=sharing","url_meta":{"origin":8930,"position":5},"title":"Dirigieren von Symphonieorchestern. Sein Ausdruck in Kuba","author":"Ren\u00e9 Manuel Puig","date":"19 de Dezember de 2023","format":false,"excerpt":"Este trabajo, sin duda, marca una cumbre en la esencia pedag\u00f3gica que siempre ha acompa\u00f1ado a Guido L\u00f3pez-Gavil\u00e1n: quien antes de una partitura decidi\u00f3 ense\u00f1ar letras, quien antes de subir a un p\u00f3dium subi\u00f3 monta\u00f1as para compartir lo aprendido, quien antes de tocar melod\u00edas ya lograba tocar corazones.","rel":"","context":"In &quot;M\u00fasica&quot;","block_context":{"text":"M\u00fasica","link":"https:\/\/artejoven.org\/de\/category\/recursos\/musica-recursos\/"},"img":{"alt_text":"","src":"","width":0,"height":0},"classes":[]}],"jetpack_sharing_enabled":true,"_links":{"self":[{"href":"https:\/\/artejoven.org\/de\/wp-json\/wp\/v2\/pages\/8930","targetHints":{"allow":["GET"]}}],"collection":[{"href":"https:\/\/artejoven.org\/de\/wp-json\/wp\/v2\/pages"}],"about":[{"href":"https:\/\/artejoven.org\/de\/wp-json\/wp\/v2\/types\/page"}],"author":[{"embeddable":true,"href":"https:\/\/artejoven.org\/de\/wp-json\/wp\/v2\/users\/1"}],"replies":[{"embeddable":true,"href":"https:\/\/artejoven.org\/de\/wp-json\/wp\/v2\/comments?post=8930"}],"version-history":[{"count":0,"href":"https:\/\/artejoven.org\/de\/wp-json\/wp\/v2\/pages\/8930\/revisions"}],"up":[{"embeddable":true,"href":"https:\/\/artejoven.org\/de\/wp-json\/wp\/v2\/pages\/931"}],"wp:featuredmedia":[{"embeddable":true,"href":"https:\/\/artejoven.org\/de\/wp-json\/wp\/v2\/media\/8931"}],"wp:attachment":[{"href":"https:\/\/artejoven.org\/de\/wp-json\/wp\/v2\/media?parent=8930"}],"wp:term":[{"taxonomy":"category","embeddable":true,"href":"https:\/\/artejoven.org\/de\/wp-json\/wp\/v2\/categories?post=8930"},{"taxonomy":"post_tag","embeddable":true,"href":"https:\/\/artejoven.org\/de\/wp-json\/wp\/v2\/tags?post=8930"}],"curies":[{"name":"wp","href":"https:\/\/api.w.org\/{rel}","templated":true}]}}