{"id":9058,"date":"2025-03-20T19:18:40","date_gmt":"2025-03-20T23:18:40","guid":{"rendered":"https:\/\/artejoven.org\/?page_id=9058"},"modified":"2025-03-20T20:24:29","modified_gmt":"2025-03-21T00:24:29","slug":"privacy-policy","status":"publish","type":"page","link":"https:\/\/artejoven.org\/de\/politica-de-privacidad\/","title":{"rendered":"Datenschutzbestimmungen"},"content":{"rendered":"<div data-elementor-type=\"wp-page\" data-elementor-id=\"9058\" class=\"elementor elementor-9058\" data-elementor-post-type=\"page\">\n\t\t\t\t\t\t<section class=\"elementor-section elementor-top-section elementor-element elementor-element-5040834 elementor-section-boxed elementor-section-height-default elementor-section-height-default\" data-id=\"5040834\" data-element_type=\"section\" data-e-type=\"section\" data-settings=\"{&quot;background_background&quot;:&quot;classic&quot;}\">\n\t\t\t\t\t\t<div class=\"elementor-container elementor-column-gap-default\">\n\t\t\t\t\t<div class=\"elementor-column elementor-col-100 elementor-top-column elementor-element elementor-element-8dfd707\" data-id=\"8dfd707\" data-element_type=\"column\" data-e-type=\"column\">\n\t\t\t<div class=\"elementor-widget-wrap elementor-element-populated\">\n\t\t\t\t\t\t<div class=\"elementor-element elementor-element-0c08dd0 elementor-widget elementor-widget-text-editor\" data-id=\"0c08dd0\" data-element_type=\"widget\" data-e-type=\"widget\" data-widget_type=\"text-editor.default\">\n\t\t\t\t<div class=\"elementor-widget-container\">\n\t\t\t\t\t\t\t\t\t<p data-pm-slice=\"1 1 []\"><strong>Datenschutzbestimmungen<\/strong><\/p><p><strong>Datum des Inkrafttretens:<\/strong> 20. M\u00e4rz 2025.<\/p><p><strong>1. einleitung<\/strong><br \/>In der <strong>Jugendkunstfonds (FAJ)<\/strong>Wir verpflichten uns, Ihre Privatsph\u00e4re zu sch\u00fctzen und die Sicherheit Ihrer pers\u00f6nlichen Daten zu gew\u00e4hrleisten. In dieser Datenschutzerkl\u00e4rung wird erl\u00e4utert, wie wir Ihre Daten erfassen, verwenden, speichern und sch\u00fctzen.<\/p><p><strong>2. von uns gesammelte Informationen<\/strong><br \/>Wir k\u00f6nnen die folgenden Arten von Informationen sammeln und verarbeiten:<\/p><ul data-spread=\"false\"><li><p><strong>Pers\u00f6nliche Informationen:<\/strong> Name, E-Mail-Adresse und andere Kontaktinformationen, die Sie uns freiwillig zur Verf\u00fcgung stellen.<\/p><\/li><li><p><strong>Navigationsdaten:<\/strong> IP-Adresse, Browsertyp, Betriebssystem, Zugriffszeiten und besuchte Seiten.<\/p><\/li><li><p><strong>Cookies und \u00e4hnliche Technologien:<\/strong> Um Ihre Erfahrung auf unserer Website zu verbessern.<\/p><\/li><\/ul><p><strong>3. Nutzung von Informationen<\/strong><br \/>Wir verwenden die gesammelten Informationen, um:<\/p><ul data-spread=\"false\"><li><p>Zur Bereitstellung und Verbesserung unserer Dienstleistungen.<\/p><\/li><li><p>mit Ihnen zu kommunizieren, um Ihre Fragen zu beantworten.<\/p><\/li><li><p>Personalisieren Sie Ihre Erfahrungen auf unserer Website.<\/p><\/li><li><p>Gew\u00e4hrleistung der Sicherheit und Funktionalit\u00e4t der Website.<\/p><\/li><li><p>Einhaltung der gesetzlichen Verpflichtungen.<\/p><\/li><\/ul><p><strong>4. Informationsaustausch<\/strong><br \/>Wir verkaufen, vermieten oder geben Ihre pers\u00f6nlichen Daten nicht an Dritte weiter, au\u00dfer in den folgenden F\u00e4llen:<\/p><ul data-spread=\"false\"><li><p>Soweit dies zur Einhaltung der gesetzlichen Vorschriften erforderlich ist.<\/p><\/li><li><p>Mit Dienstleistern, die uns beim Betrieb der Website helfen und die diese Datenschutzrichtlinie einhalten m\u00fcssen.<\/p><\/li><li><p>mit Dritten, die bei unseren Aufforderungen zur Einreichung von Vorschl\u00e4gen als Juroren fungieren.<\/p><\/li><\/ul><p><strong>5. Informationssicherheit<\/strong><br \/>Wir treffen technische und organisatorische Ma\u00dfnahmen, um Ihre personenbezogenen Daten vor unbefugtem Zugriff, Ver\u00e4nderung oder Zerst\u00f6rung zu sch\u00fctzen.<\/p><p><strong>6. Deine Rechte<\/strong><br \/>Sie haben das Recht dazu:<\/p><ul data-spread=\"false\"><li><p>Zugang zu Ihren pers\u00f6nlichen Daten.<\/p><\/li><li><p>die Berichtigung oder L\u00f6schung Ihrer Daten zu verlangen.<\/p><\/li><li><p>der Verarbeitung Ihrer personenbezogenen Daten zu widersprechen.<\/p><\/li><\/ul><p>Um diese Rechte auszu\u00fcben, kontaktieren Sie uns bitte unter <a>info@artejoven.org<\/a>.<\/p><p><strong>7. \u00c4nderungen an dieser Politik<\/strong><br \/>Wir k\u00f6nnen diese Datenschutzrichtlinie jederzeit aktualisieren. Alle \u00c4nderungen werden auf dieser Seite mit einem neuen G\u00fcltigkeitsdatum ver\u00f6ffentlicht.<\/p><p><strong>8. Kontakt<\/strong><br \/>Wenn Sie Fragen zu dieser Datenschutzrichtlinie haben, k\u00f6nnen Sie uns schreiben an <a>info@artejoven.org<\/a>.<\/p>\t\t\t\t\t\t\t\t<\/div>\n\t\t\t\t<\/div>\n\t\t\t\t\t<\/div>\n\t\t<\/div>\n\t\t\t\t\t<\/div>\n\t\t<\/section>\n\t\t\t\t<\/div>","protected":false},"excerpt":{"rendered":"<p>Pol\u00edtica de Privacidad Fecha de entrada en vigencia: 20 de marzo de 2025. 1. Introducci\u00f3nEn el Fondo de Arte Joven (FAJ), nos comprometemos a proteger su privacidad y garantizar la seguridad de sus datos personales. Esta Pol\u00edtica de Privacidad explica c\u00f3mo recopilamos, usamos, almacenamos y protegemos su informaci\u00f3n. 2. Informaci\u00f3n que recopilamosPodemos recopilar y procesar [&hellip;]<\/p>\n","protected":false},"author":1,"featured_media":0,"parent":0,"menu_order":0,"comment_status":"closed","ping_status":"closed","template":"","meta":{"_acf_changed":false,"footnotes":"","_links_to":"","_links_to_target":""},"categories":[],"tags":[],"class_list":["post-9058","page","type-page","status-publish","hentry","post"],"acf":[],"aioseo_notices":[],"jetpack-related-posts":[{"id":6717,"url":"https:\/\/drive.google.com\/file\/d\/1np4SMoMfGtysNAnvK9bpRB1H-NpRKMpe\/view?usp=sharing","url_meta":{"origin":9058,"position":0},"title":"Dirigieren von Symphonieorchestern. Sein Ausdruck in Kuba","author":"Ren\u00e9 Manuel Puig","date":"19 de Dezember de 2023","format":false,"excerpt":"Este trabajo, sin duda, marca una cumbre en la esencia pedag\u00f3gica que siempre ha acompa\u00f1ado a Guido L\u00f3pez-Gavil\u00e1n: quien antes de una partitura decidi\u00f3 ense\u00f1ar letras, quien antes de subir a un p\u00f3dium subi\u00f3 monta\u00f1as para compartir lo aprendido, quien antes de tocar melod\u00edas ya lograba tocar corazones.","rel":"","context":"In &quot;M\u00fasica&quot;","block_context":{"text":"M\u00fasica","link":"https:\/\/artejoven.org\/de\/category\/recursos\/musica-recursos\/"},"img":{"alt_text":"","src":"","width":0,"height":0},"classes":[]},{"id":7965,"url":"https:\/\/artejoven.org\/de\/convocatorias\/concurso-nacional-de-musica\/","url_meta":{"origin":9058,"position":1},"title":"Nationaler Musikwettbewerb","author":"Ren\u00e9 Manuel Puig","date":"30 de August de 2024","format":false,"excerpt":"Anmeldeformular f\u00fcr die erste Ausgabe des nationalen Musikwettbewerbs","rel":"","context":"In &quot;Convocatorias&quot;","block_context":{"text":"Convocatorias","link":"https:\/\/artejoven.org\/de\/category\/convocatoria\/"},"img":{"alt_text":"","src":"https:\/\/i0.wp.com\/artejoven.org\/wp-content\/uploads\/2023\/05\/Banner-Web.jpg?resize=350%2C200&ssl=1","width":350,"height":200,"srcset":"https:\/\/i0.wp.com\/artejoven.org\/wp-content\/uploads\/2023\/05\/Banner-Web.jpg?resize=350%2C200&ssl=1 1x, https:\/\/i0.wp.com\/artejoven.org\/wp-content\/uploads\/2023\/05\/Banner-Web.jpg?resize=525%2C300&ssl=1 1.5x, https:\/\/i0.wp.com\/artejoven.org\/wp-content\/uploads\/2023\/05\/Banner-Web.jpg?resize=700%2C400&ssl=1 2x"},"classes":[]},{"id":935,"url":"https:\/\/artejoven.org\/de\/noticias\/","url_meta":{"origin":9058,"position":2},"title":"Nachrichten","author":"Ren\u00e9 Manuel Puig","date":"17 de April de 2023","format":false,"excerpt":"Bleiben Sie auf dem Laufenden mit unseren Neuigkeiten.","rel":"","context":"\u00c4hnlicher Beitrag","block_context":{"text":"\u00c4hnlicher Beitrag","link":""},"img":{"alt_text":"Residencia Acad\u00e9mica Hait\u00ed - Cuba","src":"https:\/\/i0.wp.com\/artejoven.org\/wp-content\/uploads\/2023\/12\/Residencia-Academica-Haiti-Cuba.webp?resize=350%2C200&ssl=1","width":350,"height":200,"srcset":"https:\/\/i0.wp.com\/artejoven.org\/wp-content\/uploads\/2023\/12\/Residencia-Academica-Haiti-Cuba.webp?resize=350%2C200&ssl=1 1x, https:\/\/i0.wp.com\/artejoven.org\/wp-content\/uploads\/2023\/12\/Residencia-Academica-Haiti-Cuba.webp?resize=525%2C300&ssl=1 1.5x, https:\/\/i0.wp.com\/artejoven.org\/wp-content\/uploads\/2023\/12\/Residencia-Academica-Haiti-Cuba.webp?resize=700%2C400&ssl=1 2x, https:\/\/i0.wp.com\/artejoven.org\/wp-content\/uploads\/2023\/12\/Residencia-Academica-Haiti-Cuba.webp?resize=1050%2C600&ssl=1 3x, https:\/\/i0.wp.com\/artejoven.org\/wp-content\/uploads\/2023\/12\/Residencia-Academica-Haiti-Cuba.webp?resize=1400%2C800&ssl=1 4x"},"classes":[]},{"id":9339,"url":"#element","url_meta":{"origin":9058,"position":3},"title":"Barbara Prophet","author":"Ren\u00e9 Manuel Puig","date":"3 de Mai de 2025","format":false,"excerpt":"Spezialist f\u00fcr \u00f6ffentliche Gesundheitspolitik. Verantwortlich f\u00fcr die internationale Zusammenarbeit an der Schweizer Botschaft in Peking (China), Schatzmeister des Young Art Fund.","rel":"","context":"In &quot;Organizaci\u00f3n&quot;","block_context":{"text":"Organizaci\u00f3n","link":"https:\/\/artejoven.org\/de\/category\/organizacion\/"},"img":{"alt_text":"B\u00e1rbara Profeta","src":"https:\/\/i0.wp.com\/artejoven.org\/wp-content\/uploads\/2023\/04\/Barbara-Profeta.webp?resize=350%2C200&ssl=1","width":350,"height":200,"srcset":"https:\/\/i0.wp.com\/artejoven.org\/wp-content\/uploads\/2023\/04\/Barbara-Profeta.webp?resize=350%2C200&ssl=1 1x, https:\/\/i0.wp.com\/artejoven.org\/wp-content\/uploads\/2023\/04\/Barbara-Profeta.webp?resize=525%2C300&ssl=1 1.5x, https:\/\/i0.wp.com\/artejoven.org\/wp-content\/uploads\/2023\/04\/Barbara-Profeta.webp?resize=700%2C400&ssl=1 2x, https:\/\/i0.wp.com\/artejoven.org\/wp-content\/uploads\/2023\/04\/Barbara-Profeta.webp?resize=1050%2C600&ssl=1 3x"},"classes":[]},{"id":7368,"url":"https:\/\/artejoven.org\/de\/beneficiarios\/yasmani-castro-caballero\/","url_meta":{"origin":9058,"position":4},"title":"Yasmani Castro Caballero","author":"Ren\u00e9 Manuel Puig","date":"17 de April de 2024","format":false,"excerpt":"Yasmani Castro Caballero (Santiago de Cuba, 1992) hat einen Abschluss in P\u00e4dagogik und studiert im vierten Jahr audiovisuelle Kommunikation im Fachbereich Regie an der Universit\u00e4t der K\u00fcnste in Holgu\u00edn.","rel":"","context":"In &quot;Beneficiarios&quot;","block_context":{"text":"Beneficiarios","link":"https:\/\/artejoven.org\/de\/category\/beneficiarios\/"},"img":{"alt_text":"Yasmani Castro","src":"https:\/\/i0.wp.com\/artejoven.org\/wp-content\/uploads\/2024\/04\/Yasmani-Castro.jpg?resize=350%2C200&ssl=1","width":350,"height":200},"classes":[]},{"id":9401,"url":"https:\/\/dcubamusica.cult.cu\/","url_meta":{"origin":9058,"position":5},"title":"Kubanisches Institut f\u00fcr Musik","author":"Ren\u00e9 Manuel Puig","date":"3 de Mai de 2025","format":false,"excerpt":"Das Kubanische Musikinstitut (ICM) ist eine 1989 gegr\u00fcndete kubanische Regierungseinrichtung mit dem Ziel, das kubanische Musikerbe zu organisieren, zu f\u00f6rdern, zu unterst\u00fctzen und zu sch\u00fctzen.","rel":"","context":"In &quot;Socios&quot;","block_context":{"text":"Socios","link":"https:\/\/artejoven.org\/de\/category\/socios\/"},"img":{"alt_text":"","src":"https:\/\/i0.wp.com\/artejoven.org\/wp-content\/uploads\/2025\/05\/ICM.webp?resize=350%2C200&ssl=1","width":350,"height":200},"classes":[]}],"jetpack_sharing_enabled":true,"_links":{"self":[{"href":"https:\/\/artejoven.org\/de\/wp-json\/wp\/v2\/pages\/9058","targetHints":{"allow":["GET"]}}],"collection":[{"href":"https:\/\/artejoven.org\/de\/wp-json\/wp\/v2\/pages"}],"about":[{"href":"https:\/\/artejoven.org\/de\/wp-json\/wp\/v2\/types\/page"}],"author":[{"embeddable":true,"href":"https:\/\/artejoven.org\/de\/wp-json\/wp\/v2\/users\/1"}],"replies":[{"embeddable":true,"href":"https:\/\/artejoven.org\/de\/wp-json\/wp\/v2\/comments?post=9058"}],"version-history":[{"count":0,"href":"https:\/\/artejoven.org\/de\/wp-json\/wp\/v2\/pages\/9058\/revisions"}],"wp:attachment":[{"href":"https:\/\/artejoven.org\/de\/wp-json\/wp\/v2\/media?parent=9058"}],"wp:term":[{"taxonomy":"category","embeddable":true,"href":"https:\/\/artejoven.org\/de\/wp-json\/wp\/v2\/categories?post=9058"},{"taxonomy":"post_tag","embeddable":true,"href":"https:\/\/artejoven.org\/de\/wp-json\/wp\/v2\/tags?post=9058"}],"curies":[{"name":"wp","href":"https:\/\/api.w.org\/{rel}","templated":true}]}}