{"id":10045,"date":"2025-10-22T14:46:48","date_gmt":"2025-10-22T14:46:48","guid":{"rendered":"https:\/\/artejoven.org\/community\/"},"modified":"2025-11-10T14:03:20","modified_gmt":"2025-11-10T19:03:20","slug":"community-2","status":"publish","type":"page","link":"https:\/\/artejoven.org\/en\/comunidad\/","title":{"rendered":"Forum"},"content":{"rendered":"<div data-elementor-type=\"wp-page\" data-elementor-id=\"10045\" class=\"elementor elementor-10045\" data-elementor-post-type=\"page\">\n\t\t\t\t\t\t<section class=\"elementor-section elementor-top-section elementor-element elementor-element-434a18a elementor-section-boxed elementor-section-height-default elementor-section-height-default\" data-id=\"434a18a\" data-element_type=\"section\" data-e-type=\"section\" data-settings=\"{&quot;background_background&quot;:&quot;classic&quot;}\">\n\t\t\t\t\t\t<div class=\"elementor-container elementor-column-gap-default\">\n\t\t\t\t\t<div class=\"elementor-column elementor-col-50 elementor-top-column elementor-element elementor-element-72aff39\" data-id=\"72aff39\" data-element_type=\"column\" data-e-type=\"column\">\n\t\t\t<div class=\"elementor-widget-wrap elementor-element-populated\">\n\t\t\t\t\t\t<div class=\"elementor-element elementor-element-bd28f5d elementor-widget elementor-widget-text-editor\" data-id=\"bd28f5d\" data-element_type=\"widget\" data-e-type=\"widget\" data-widget_type=\"text-editor.default\">\n\t\t\t\t<div class=\"elementor-widget-container\">\n\t\t\t\t\t\t\t\t\t<p>In the context of the second edition of the National Music Competition 2025, the Fondo de Arte Joven (FAJ) and UNICEF Cuba promote this space for dialogue between families, adolescents and specialists in child psychology and early childhood education, with the aim of promoting creative processes that favor integral development, spiritual growth, creativity and expression at these ages. It also contributes to creating inclusive and safe environments that support the exercise of the right of children and adolescents to participate freely in cultural life and the arts, as established in Article 31 of the Convention on the Rights of the Child.<\/p>\t\t\t\t\t\t\t\t<\/div>\n\t\t\t\t<\/div>\n\t\t\t\t\t<\/div>\n\t\t<\/div>\n\t\t\t\t<div class=\"elementor-column elementor-col-50 elementor-top-column elementor-element elementor-element-0c58a8f\" data-id=\"0c58a8f\" data-element_type=\"column\" data-e-type=\"column\">\n\t\t\t<div class=\"elementor-widget-wrap elementor-element-populated\">\n\t\t\t\t\t\t<div class=\"elementor-element elementor-element-95c8c84 elementor-widget elementor-widget-image\" data-id=\"95c8c84\" data-element_type=\"widget\" data-e-type=\"widget\" data-widget_type=\"image.default\">\n\t\t\t\t<div class=\"elementor-widget-container\">\n\t\t\t\t\t\t\t\t\t\t\t\t\t\t\t<img decoding=\"async\" width=\"279\" height=\"140\" src=\"https:\/\/artejoven.org\/wp-content\/uploads\/2025\/10\/admin-ajax-1-e1761154839872.webp\" class=\"attachment-large size-large wp-image-10091\" alt=\"\" srcset=\"https:\/\/artejoven.org\/wp-content\/uploads\/2025\/10\/admin-ajax-1-e1761154839872.webp 279w, https:\/\/artejoven.org\/wp-content\/uploads\/2025\/10\/admin-ajax-1-e1761154839872-18x9.webp 18w\" sizes=\"(max-width: 279px) 100vw, 279px\" \/>\t\t\t\t\t\t\t\t\t\t\t\t\t\t\t<\/div>\n\t\t\t\t<\/div>\n\t\t\t\t<div class=\"elementor-element elementor-element-148408f elementor-align-right elementor-mobile-align-left elementor-widget elementor-widget-button\" data-id=\"148408f\" data-element_type=\"widget\" data-e-type=\"widget\" data-widget_type=\"button.default\">\n\t\t\t\t<div class=\"elementor-widget-container\">\n\t\t\t\t\t\t\t\t\t<div class=\"elementor-button-wrapper\">\n\t\t\t\t\t<a class=\"elementor-button elementor-button-link elementor-size-sm\" href=\"#elementor-action%3Aaction%3Dpopup%3Aopen%26settings%3DeyJpZCI6IjEwMTQwIiwidG9nZ2xlIjpmYWxzZX0%3D\">\n\t\t\t\t\t\t<span class=\"elementor-button-content-wrapper\">\n\t\t\t\t\t\t\t\t\t<span class=\"elementor-button-text\">Report a problem<\/span>\n\t\t\t\t\t<\/span>\n\t\t\t\t\t<\/a>\n\t\t\t\t<\/div>\n\t\t\t\t\t\t\t\t<\/div>\n\t\t\t\t<\/div>\n\t\t\t\t\t<\/div>\n\t\t<\/div>\n\t\t\t\t\t<\/div>\n\t\t<\/section>\n\t\t\t\t<section class=\"elementor-section elementor-top-section elementor-element elementor-element-787b5906 elementor-section-boxed elementor-section-height-default elementor-section-height-default\" data-id=\"787b5906\" data-element_type=\"section\" data-e-type=\"section\" data-settings=\"{&quot;background_background&quot;:&quot;classic&quot;}\">\n\t\t\t\t\t\t<div class=\"elementor-container elementor-column-gap-default\">\n\t\t\t\t\t<div class=\"elementor-column elementor-col-100 elementor-top-column elementor-element elementor-element-609e0ebe\" data-id=\"609e0ebe\" data-element_type=\"column\" data-e-type=\"column\">\n\t\t\t<div class=\"elementor-widget-wrap elementor-element-populated\">\n\t\t\t\t\t\t<div class=\"elementor-element elementor-element-2cd89bff elementor-widget elementor-widget-shortcode\" data-id=\"2cd89bff\" data-element_type=\"widget\" data-e-type=\"widget\" data-widget_type=\"shortcode.default\">\n\t\t\t\t<div class=\"elementor-widget-container\">\n\t\t\t\t\t\t\t<div class=\"elementor-shortcode\"><\/div>\n\t\t\t\t\t\t<\/div>\n\t\t\t\t<\/div>\n\t\t\t\t\t<\/div>\n\t\t<\/div>\n\t\t\t\t\t<\/div>\n\t\t<\/section>\n\t\t\t\t<\/div>","protected":false},"excerpt":{"rendered":"<p>En el contexto de la segunda edici\u00f3n del Concurso Nacional de M\u00fasica 2025, el Fondo de Arte Joven (FAJ) y UNICEF Cuba impulsan este espacio de di\u00e1logo entre las familias, adolescentes y especialistas en psicolog\u00eda infantil y educaci\u00f3n en las infancias, con el objetivo de promover procesos creativos que favorezcan el desarrollo integral, crecimiento espiritual, [&hellip;]<\/p>\n","protected":false},"author":1,"featured_media":0,"parent":0,"menu_order":0,"comment_status":"close","ping_status":"close","template":"","meta":{"_acf_changed":false,"footnotes":"","_links_to":"","_links_to_target":""},"categories":[],"tags":[],"class_list":["post-10045","page","type-page","status-publish","hentry","post"],"acf":[],"aioseo_notices":[],"jetpack-related-posts":[{"id":8767,"url":"https:\/\/artejoven.org\/en\/espacios-faj\/concurso-nacional-de-musica\/","url_meta":{"origin":10045,"position":0},"title":"National Music Competition","author":"Ren\u00e9 Manuel Puig","date":"12 de February de 2025","format":false,"excerpt":"Sponsored by FAJ and UNICEF Cuba, the initiative is aimed at musicians in formal or informal training (artistic education or self-taught), of Cuban nationality, residing in Cuba, with the aim of promoting creative processes that favor spiritual growth, creativity, and expression in adolescents, as well as...","rel":"","context":"In &quot;Espacios&quot;","block_context":{"text":"Espacios","link":"https:\/\/artejoven.org\/en\/category\/espacios\/"},"img":{"alt_text":"","src":"https:\/\/i0.wp.com\/artejoven.org\/wp-content\/uploads\/2025\/07\/BANNER_CONCURSO-NACIONAL-DE-MUSICA-2DA-EDICION.webp?resize=350%2C200&ssl=1","width":350,"height":200,"srcset":"https:\/\/i0.wp.com\/artejoven.org\/wp-content\/uploads\/2025\/07\/BANNER_CONCURSO-NACIONAL-DE-MUSICA-2DA-EDICION.webp?resize=350%2C200&ssl=1 1x, https:\/\/i0.wp.com\/artejoven.org\/wp-content\/uploads\/2025\/07\/BANNER_CONCURSO-NACIONAL-DE-MUSICA-2DA-EDICION.webp?resize=525%2C300&ssl=1 1.5x, https:\/\/i0.wp.com\/artejoven.org\/wp-content\/uploads\/2025\/07\/BANNER_CONCURSO-NACIONAL-DE-MUSICA-2DA-EDICION.webp?resize=700%2C400&ssl=1 2x, https:\/\/i0.wp.com\/artejoven.org\/wp-content\/uploads\/2025\/07\/BANNER_CONCURSO-NACIONAL-DE-MUSICA-2DA-EDICION.webp?resize=1050%2C600&ssl=1 3x"},"classes":[]},{"id":7965,"url":"https:\/\/artejoven.org\/en\/convocatorias\/concurso-nacional-de-musica\/","url_meta":{"origin":10045,"position":1},"title":"National Music Competition","author":"Ren\u00e9 Manuel Puig","date":"30 de August de 2024","format":false,"excerpt":"Application Form for the First Edition of the National Music Competition","rel":"","context":"In &quot;Convocatorias&quot;","block_context":{"text":"Convocatorias","link":"https:\/\/artejoven.org\/en\/category\/convocatoria\/"},"img":{"alt_text":"","src":"https:\/\/i0.wp.com\/artejoven.org\/wp-content\/uploads\/2023\/05\/Banner-Web.jpg?resize=350%2C200&ssl=1","width":350,"height":200,"srcset":"https:\/\/i0.wp.com\/artejoven.org\/wp-content\/uploads\/2023\/05\/Banner-Web.jpg?resize=350%2C200&ssl=1 1x, https:\/\/i0.wp.com\/artejoven.org\/wp-content\/uploads\/2023\/05\/Banner-Web.jpg?resize=525%2C300&ssl=1 1.5x, https:\/\/i0.wp.com\/artejoven.org\/wp-content\/uploads\/2023\/05\/Banner-Web.jpg?resize=700%2C400&ssl=1 2x"},"classes":[]},{"id":8928,"url":"https:\/\/artejoven.org\/en\/beneficiarios\/metanoia-una-ruta-hacia-las-raices\/","url_meta":{"origin":10045,"position":2},"title":"Metanoia, a route to the roots","author":"Ren\u00e9 Manuel Puig","date":"24 de February de 2025","format":false,"excerpt":"Sociocultural initiative that promotes the values of Guanabacoa's cultural heritage with the participation of children, adolescents and young people.","rel":"","context":"In &quot;Beneficiarios&quot;","block_context":{"text":"Beneficiarios","link":"https:\/\/artejoven.org\/en\/category\/beneficiarios\/"},"img":{"alt_text":"Metanoia","src":"https:\/\/i0.wp.com\/artejoven.org\/wp-content\/uploads\/2025\/02\/Metanoia.webp?resize=350%2C200&ssl=1","width":350,"height":200,"srcset":"https:\/\/i0.wp.com\/artejoven.org\/wp-content\/uploads\/2025\/02\/Metanoia.webp?resize=350%2C200&ssl=1 1x, https:\/\/i0.wp.com\/artejoven.org\/wp-content\/uploads\/2025\/02\/Metanoia.webp?resize=525%2C300&ssl=1 1.5x"},"classes":[]},{"id":7767,"url":"https:\/\/www.unicef.org\/cuba%20","url_meta":{"origin":10045,"position":3},"title":"UNICEF","author":"Ren\u00e9 Manuel Puig","date":"1 de July de 2024","format":false,"excerpt":"The United Nations Children's Fund (UNICEF) in Cuba promotes and defends the rights of children in the country.","rel":"","context":"In &quot;Donantes&quot;","block_context":{"text":"Donantes","link":"https:\/\/artejoven.org\/en\/category\/donantes\/"},"img":{"alt_text":"","src":"https:\/\/i0.wp.com\/artejoven.org\/wp-content\/uploads\/2024\/12\/UNICEF-jpg.webp?resize=350%2C200&ssl=1","width":350,"height":200},"classes":[]},{"id":9398,"url":"#","url_meta":{"origin":10045,"position":4},"title":"Creative Zones","author":"Ren\u00e9 Manuel Puig","date":"3 de May de 2025","format":false,"excerpt":"Project that seeks to promote cultural and creative industries, encouraging the valorization of historical and cultural heritage.","rel":"","context":"In &quot;Socios&quot;","block_context":{"text":"Socios","link":"https:\/\/artejoven.org\/en\/category\/socios\/"},"img":{"alt_text":"","src":"https:\/\/i0.wp.com\/artejoven.org\/wp-content\/uploads\/2025\/05\/Zonas-Creativas.webp?resize=350%2C200&ssl=1","width":350,"height":200},"classes":[]},{"id":8925,"url":"https:\/\/artejoven.org\/en\/beneficiarios\/jazz-emprende\/","url_meta":{"origin":10045,"position":5},"title":"Jazz Emprende","author":"Ren\u00e9 Manuel Puig","date":"24 de February de 2025","format":false,"excerpt":"First event of the Local Development Project, Emprendo y Existo, which contributes to promote creativity from the creative industries, integrating the objectives of musicians and entrepreneurs.","rel":"","context":"In &quot;Beneficiarios&quot;","block_context":{"text":"Beneficiarios","link":"https:\/\/artejoven.org\/en\/category\/beneficiarios\/"},"img":{"alt_text":"Jazz Emprende","src":"https:\/\/i0.wp.com\/artejoven.org\/wp-content\/uploads\/2025\/02\/Jazz-Emprende.webp?resize=350%2C200&ssl=1","width":350,"height":200,"srcset":"https:\/\/i0.wp.com\/artejoven.org\/wp-content\/uploads\/2025\/02\/Jazz-Emprende.webp?resize=350%2C200&ssl=1 1x, https:\/\/i0.wp.com\/artejoven.org\/wp-content\/uploads\/2025\/02\/Jazz-Emprende.webp?resize=525%2C300&ssl=1 1.5x"},"classes":[]}],"jetpack_sharing_enabled":true,"_links":{"self":[{"href":"https:\/\/artejoven.org\/en\/wp-json\/wp\/v2\/pages\/10045","targetHints":{"allow":["GET"]}}],"collection":[{"href":"https:\/\/artejoven.org\/en\/wp-json\/wp\/v2\/pages"}],"about":[{"href":"https:\/\/artejoven.org\/en\/wp-json\/wp\/v2\/types\/page"}],"author":[{"embeddable":true,"href":"https:\/\/artejoven.org\/en\/wp-json\/wp\/v2\/users\/1"}],"replies":[{"embeddable":true,"href":"https:\/\/artejoven.org\/en\/wp-json\/wp\/v2\/comments?post=10045"}],"version-history":[{"count":0,"href":"https:\/\/artejoven.org\/en\/wp-json\/wp\/v2\/pages\/10045\/revisions"}],"wp:attachment":[{"href":"https:\/\/artejoven.org\/en\/wp-json\/wp\/v2\/media?parent=10045"}],"wp:term":[{"taxonomy":"category","embeddable":true,"href":"https:\/\/artejoven.org\/en\/wp-json\/wp\/v2\/categories?post=10045"},{"taxonomy":"post_tag","embeddable":true,"href":"https:\/\/artejoven.org\/en\/wp-json\/wp\/v2\/tags?post=10045"}],"curies":[{"name":"wp","href":"https:\/\/api.w.org\/{rel}","templated":true}]}}