{"id":3077,"date":"2023-05-10T22:57:06","date_gmt":"2023-05-11T02:57:06","guid":{"rendered":"https:\/\/artejoven.org\/?page_id=3077"},"modified":"2023-09-01T12:14:38","modified_gmt":"2023-09-01T16:14:38","slug":"muselecu-academy","status":"publish","type":"page","link":"https:\/\/artejoven.org\/en\/beneficiarios\/academia-muselecu\/","title":{"rendered":"MUSELECU Academy"},"content":{"rendered":"","protected":false},"excerpt":{"rendered":"<p>In Havana since 2023. It is a training and education project aimed at the electronic music sector, meant for interested young people and people linked to the scene.<\/p>","protected":false},"author":1,"featured_media":3078,"parent":931,"menu_order":0,"comment_status":"closed","ping_status":"closed","template":"","meta":{"_acf_changed":false,"footnotes":"","_links_to":"","_links_to_target":""},"categories":[13,33],"tags":[25,57],"class_list":["post-3077","page","type-page","status-publish","has-post-thumbnail","hentry","category-beneficiarios","category-emprendimientos-beneficiarios","tag-25","tag-primer-programa","post","post-with-thumbnail","post-with-thumbnail-large"],"acf":[],"aioseo_notices":[],"jetpack-related-posts":[{"id":3047,"url":"https:\/\/artejoven.org\/en\/beneficiarios\/estudio-taller-tinta-roja-taller-de-grafica-experimental-para-todos\/","url_meta":{"origin":3077,"position":0},"title":"Estudio Taller Tinta Roja: Experimental Graphics Workshop for Everyone","author":"Ren\u00e9 Manuel Puig","date":"15 de May de 2023","format":false,"excerpt":"In Artemisa since 2023. It is an enterprise coordinated by independent creator and self-taught artist Sediel Cabrera Furones.","rel":"","context":"In &quot;Beneficiarios&quot;","block_context":{"text":"Beneficiarios","link":"https:\/\/artejoven.org\/en\/category\/beneficiarios\/"},"img":{"alt_text":"Tinta Roja","src":"https:\/\/i0.wp.com\/artejoven.org\/wp-content\/uploads\/2023\/06\/Tinta-Roja-jpg.webp?resize=350%2C200&ssl=1","width":350,"height":200},"classes":[]},{"id":3031,"url":"https:\/\/artejoven.org\/en\/beneficiarios\/la-timba-crea-lab-jovenes-fotografos-del-barrio\/","url_meta":{"origin":3077,"position":1},"title":"La Timba Crea Lab: young photographers from the neighborhood\u00a0","author":"Ren\u00e9 Manuel Puig","date":"19 de May de 2023","format":false,"excerpt":"In Havana since 2023. Initiative conceived by the Centro Cultural y Creativo La Manigua, a Local Development project in the process of being set up and made up of 4 permanent staff members and 4 collaborators.","rel":"","context":"In &quot;Beneficiarios&quot;","block_context":{"text":"Beneficiarios","link":"https:\/\/artejoven.org\/en\/category\/beneficiarios\/"},"img":{"alt_text":"La Timba Crea Lab","src":"https:\/\/i0.wp.com\/artejoven.org\/wp-content\/uploads\/2023\/06\/La-Timba-CreaLab-jpg.webp?resize=350%2C200&ssl=1","width":350,"height":200},"classes":[]},{"id":6606,"url":"https:\/\/artejoven.org\/en\/espacios-faj\/malayerba\/primera-edicion-de-malayerba\/","url_meta":{"origin":3077,"position":2},"title":"First edition of malaYerba","author":"Ren\u00e9 Manuel Puig","date":"11 de December de 2023","format":false,"excerpt":"The exhibition that has resulted from this first edition approaches the group expression of a set of concerns of a new generation of artists.","rel":"","context":"In &quot;Exposiciones&quot;","block_context":{"text":"Exposiciones","link":"https:\/\/artejoven.org\/en\/category\/espacios\/exposiciones-espacios\/"},"img":{"alt_text":"malaYerba","src":"https:\/\/i0.wp.com\/artejoven.org\/wp-content\/uploads\/2023\/12\/malaYerba-3.WEBP?resize=350%2C200&ssl=1","width":350,"height":200,"srcset":"https:\/\/i0.wp.com\/artejoven.org\/wp-content\/uploads\/2023\/12\/malaYerba-3.WEBP?resize=350%2C200&ssl=1 1x, https:\/\/i0.wp.com\/artejoven.org\/wp-content\/uploads\/2023\/12\/malaYerba-3.WEBP?resize=525%2C300&ssl=1 1.5x, https:\/\/i0.wp.com\/artejoven.org\/wp-content\/uploads\/2023\/12\/malaYerba-3.WEBP?resize=700%2C400&ssl=1 2x, https:\/\/i0.wp.com\/artejoven.org\/wp-content\/uploads\/2023\/12\/malaYerba-3.WEBP?resize=1050%2C600&ssl=1 3x, https:\/\/i0.wp.com\/artejoven.org\/wp-content\/uploads\/2023\/12\/malaYerba-3.WEBP?resize=1400%2C800&ssl=1 4x"},"classes":[]},{"id":6141,"url":"https:\/\/artejoven.org\/en\/espacios-faj\/salon-blanco\/habana-un-alma-palpable\/","url_meta":{"origin":3077,"position":3},"title":"Havana, a palpable soul","author":"Ren\u00e9 Manuel Puig","date":"23 de October de 2023","format":false,"excerpt":"Havana, a palpable soul is an exhibition that brings together a group of very young and emerging Cuban photographers in whose work we find not one, but many Havanas.","rel":"","context":"In &quot;Exposiciones&quot;","block_context":{"text":"Exposiciones","link":"https:\/\/artejoven.org\/en\/category\/espacios\/exposiciones-espacios\/"},"img":{"alt_text":"Habana, un alma palpable","src":"https:\/\/i0.wp.com\/artejoven.org\/wp-content\/uploads\/2023\/10\/Habana-un-alma-palpable-68.WEBP?resize=350%2C200&ssl=1","width":350,"height":200,"srcset":"https:\/\/i0.wp.com\/artejoven.org\/wp-content\/uploads\/2023\/10\/Habana-un-alma-palpable-68.WEBP?resize=350%2C200&ssl=1 1x, https:\/\/i0.wp.com\/artejoven.org\/wp-content\/uploads\/2023\/10\/Habana-un-alma-palpable-68.WEBP?resize=525%2C300&ssl=1 1.5x, https:\/\/i0.wp.com\/artejoven.org\/wp-content\/uploads\/2023\/10\/Habana-un-alma-palpable-68.WEBP?resize=700%2C400&ssl=1 2x, https:\/\/i0.wp.com\/artejoven.org\/wp-content\/uploads\/2023\/10\/Habana-un-alma-palpable-68.WEBP?resize=1050%2C600&ssl=1 3x, https:\/\/i0.wp.com\/artejoven.org\/wp-content\/uploads\/2023\/10\/Habana-un-alma-palpable-68.WEBP?resize=1400%2C800&ssl=1 4x"},"classes":[]},{"id":2916,"url":"https:\/\/artejoven.org\/en\/beneficiarios\/gabriel-cisneros\/","url_meta":{"origin":3077,"position":4},"title":"Gabriel Cisneros","author":"Ren\u00e9 Manuel Puig","date":"16 de May de 2023","format":false,"excerpt":"Gabriel Ra\u00fal Cisneros B\u00e1ez (Las Tunas, 1990) is one of Cuba\u2019s most outstanding emerging visual artists.","rel":"","context":"In &quot;Artes Visuales&quot;","block_context":{"text":"Artes Visuales","link":"https:\/\/artejoven.org\/en\/category\/beneficiarios\/artes-visuales-beneficiarios\/"},"img":{"alt_text":"Gabriel Cisneros","src":"https:\/\/i0.wp.com\/artejoven.org\/wp-content\/uploads\/2023\/06\/Gabriel-Cisneros-jpg.webp?resize=350%2C200&ssl=1","width":350,"height":200},"classes":[]},{"id":2824,"url":"https:\/\/artejoven.org\/en\/beneficiarios\/anadis-gonzalez\/","url_meta":{"origin":3077,"position":5},"title":"Anadis Gonzalez","author":"Ren\u00e9 Manuel Puig","date":"12 de May de 2023","format":false,"excerpt":"Anadis Gonz\u00e1lez M\u00e1rquez (Matanzas, 1994) graduated in Music at the Escuela Profesional de Arte in Matanzas in 2013 and in Architecture at the Jos\u00e9 Antonio Echeverr\u00eda Technological University of Havana (CUJAE)","rel":"","context":"In &quot;Artes Visuales&quot;","block_context":{"text":"Artes Visuales","link":"https:\/\/artejoven.org\/en\/category\/beneficiarios\/artes-visuales-beneficiarios\/"},"img":{"alt_text":"Anadis Gonz\u00e1lez","src":"https:\/\/i0.wp.com\/artejoven.org\/wp-content\/uploads\/2023\/06\/Anadis-Gonzalez-jpg.webp?resize=350%2C200&ssl=1","width":350,"height":200,"srcset":"https:\/\/i0.wp.com\/artejoven.org\/wp-content\/uploads\/2023\/06\/Anadis-Gonzalez-jpg.webp?resize=350%2C200&ssl=1 1x, https:\/\/i0.wp.com\/artejoven.org\/wp-content\/uploads\/2023\/06\/Anadis-Gonzalez-jpg.webp?resize=525%2C300&ssl=1 1.5x, https:\/\/i0.wp.com\/artejoven.org\/wp-content\/uploads\/2023\/06\/Anadis-Gonzalez-jpg.webp?resize=700%2C400&ssl=1 2x, https:\/\/i0.wp.com\/artejoven.org\/wp-content\/uploads\/2023\/06\/Anadis-Gonzalez-jpg.webp?resize=1050%2C600&ssl=1 3x"},"classes":[]}],"jetpack_sharing_enabled":true,"_links":{"self":[{"href":"https:\/\/artejoven.org\/en\/wp-json\/wp\/v2\/pages\/3077","targetHints":{"allow":["GET"]}}],"collection":[{"href":"https:\/\/artejoven.org\/en\/wp-json\/wp\/v2\/pages"}],"about":[{"href":"https:\/\/artejoven.org\/en\/wp-json\/wp\/v2\/types\/page"}],"author":[{"embeddable":true,"href":"https:\/\/artejoven.org\/en\/wp-json\/wp\/v2\/users\/1"}],"replies":[{"embeddable":true,"href":"https:\/\/artejoven.org\/en\/wp-json\/wp\/v2\/comments?post=3077"}],"version-history":[{"count":0,"href":"https:\/\/artejoven.org\/en\/wp-json\/wp\/v2\/pages\/3077\/revisions"}],"up":[{"embeddable":true,"href":"https:\/\/artejoven.org\/en\/wp-json\/wp\/v2\/pages\/931"}],"wp:featuredmedia":[{"embeddable":true,"href":"https:\/\/artejoven.org\/en\/wp-json\/wp\/v2\/media\/3078"}],"wp:attachment":[{"href":"https:\/\/artejoven.org\/en\/wp-json\/wp\/v2\/media?parent=3077"}],"wp:term":[{"taxonomy":"category","embeddable":true,"href":"https:\/\/artejoven.org\/en\/wp-json\/wp\/v2\/categories?post=3077"},{"taxonomy":"post_tag","embeddable":true,"href":"https:\/\/artejoven.org\/en\/wp-json\/wp\/v2\/tags?post=3077"}],"curies":[{"name":"wp","href":"https:\/\/api.w.org\/{rel}","templated":true}]}}