{"id":4962,"date":"2023-08-23T17:10:52","date_gmt":"2023-08-23T22:10:52","guid":{"rendered":"https:\/\/artejoven.org\/?page_id=4962"},"modified":"2026-02-28T07:25:16","modified_gmt":"2026-02-28T12:25:16","slug":"faj-spaces","status":"publish","type":"page","link":"https:\/\/artejoven.org\/en\/espacios-faj\/","title":{"rendered":"YAF Spaces"},"content":{"rendered":"\t\t<div data-elementor-type=\"wp-page\" data-elementor-id=\"4962\" class=\"elementor elementor-4962\" data-elementor-post-type=\"page\">\n\t\t\t\t\t\t<section class=\"elementor-section elementor-top-section elementor-element elementor-element-99b3fd4 elementor-section-boxed elementor-section-height-default elementor-section-height-default\" data-id=\"99b3fd4\" data-element_type=\"section\" data-e-type=\"section\" data-settings=\"{&quot;background_background&quot;:&quot;classic&quot;}\">\n\t\t\t\t\t\t<div class=\"elementor-container elementor-column-gap-default\">\n\t\t\t\t\t<div class=\"elementor-column elementor-col-50 elementor-top-column elementor-element elementor-element-0fa98ce\" data-id=\"0fa98ce\" data-element_type=\"column\" data-e-type=\"column\">\n\t\t\t<div class=\"elementor-widget-wrap elementor-element-populated\">\n\t\t\t\t\t\t<div class=\"elementor-element elementor-element-c1dd56a elementor-widget elementor-widget-heading\" data-id=\"c1dd56a\" data-element_type=\"widget\" data-e-type=\"widget\" data-settings=\"{&quot;sticky&quot;:&quot;top&quot;,&quot;sticky_on&quot;:[&quot;desktop&quot;],&quot;sticky_parent&quot;:&quot;yes&quot;,&quot;sticky_offset&quot;:0,&quot;sticky_effects_offset&quot;:0,&quot;sticky_anchor_link_offset&quot;:0}\" data-widget_type=\"heading.default\">\n\t\t\t\t<div class=\"elementor-widget-container\">\n\t\t\t\t\t<h1 class=\"elementor-heading-title elementor-size-default\">Espacios FAJ<\/h1>\t\t\t\t<\/div>\n\t\t\t\t<\/div>\n\t\t\t\t\t<\/div>\n\t\t<\/div>\n\t\t\t\t<div class=\"elementor-column elementor-col-50 elementor-top-column elementor-element elementor-element-f528ac7\" data-id=\"f528ac7\" data-element_type=\"column\" data-e-type=\"column\">\n\t\t\t<div class=\"elementor-widget-wrap elementor-element-populated\">\n\t\t\t\t\t\t<div class=\"elementor-element elementor-element-f7be9ab elementor-widget elementor-widget-text-editor\" data-id=\"f7be9ab\" data-element_type=\"widget\" data-e-type=\"widget\" data-widget_type=\"text-editor.default\">\n\t\t\t\t<div class=\"elementor-widget-container\">\n\t\t\t\t\t\t\t\t\t<p>Con el prop\u00f3sito de impulsar el surgimiento de espacios de referencia para la creaci\u00f3n y promoci\u00f3n del arte cubano contempor\u00e1neo, el Fondo de Arte Joven (FAJ) colabora sistem\u00e1ticamente con organizaciones e instituciones p\u00fablicas y privadas. Dichas alianzas \u2013 algunas puntuales y otras integradas a la estructura de la plataforma en la actualidad \u2013 han hecho posible la existencia de est\u00edmulos para la creaci\u00f3n, exhibici\u00f3n, encuentro cultural y ense\u00f1anza.<\/p><p>Estos esfuerzos han sido la g\u00e9nesis de nuevos <em>h\u00e1bitats<\/em> para el arte joven en las diversas manifestaciones culturales y formas de exhibici\u00f3n de contenidos creativos, iniciados con co-financiamiento y acompa\u00f1amiento t\u00e9cnico del FAJ.<\/p>\t\t\t\t\t\t\t\t<\/div>\n\t\t\t\t<\/div>\n\t\t\t\t<div class=\"elementor-element elementor-element-e964afd elementor-widget elementor-widget-ucaddon_post_grid\" data-id=\"e964afd\" data-element_type=\"widget\" data-e-type=\"widget\" data-widget_type=\"ucaddon_post_grid.default\">\n\t\t\t\t<div class=\"elementor-widget-container\">\n\t\t\t\t\t\n<!-- start Post Grid -->\n\t\t<link id='font-awesome-css' href='https:\/\/artejoven.org\/wp-content\/plugins\/unlimited-elements-for-elementor-premium\/assets_libraries\/font-awesome6\/fontawesome-all.min.css' type='text\/css' rel='stylesheet' >\n\t\t<link id='font-awesome-4-shim-css' href='https:\/\/artejoven.org\/wp-content\/plugins\/unlimited-elements-for-elementor-premium\/assets_libraries\/font-awesome6\/fontawesome-v4-shims.min.css' type='text\/css' rel='stylesheet' >\n\n<style>\/* widget: Post Grid *\/\n\n\n\n#uc_post_grid_elementor_e964afd.uc_post_grid_style_one .uc_post_grid_style_one_wrap {\n   display:grid;\n}\n\n\n\n#uc_post_grid_elementor_e964afd .uc_post_grid_style_one_item\n{\n  overflow:hidden;\n  position:relative;\n}\n\n#uc_post_grid_elementor_e964afd .uc_post_image\n{\n  transition:0.3s;\n  position:relative;\n  overflow:hidden;\n}\n\n#uc_post_grid_elementor_e964afd .uc_post_image img\n{\n  width:100%;\n  display:block;\n  transition:0.3s;\n}\n\n\n\t\n\n\n\n\n\n\n#uc_post_grid_elementor_e964afd .uc_post_image_overlay\n{\n  position:absolute;\n  top:0px;\n  left:0px;\n  height:100%;\n  width:100%;\n  transition:0.3s;\n}\n\n#uc_post_grid_elementor_e964afd .uc_more_btn{\n\n  display:inline-block;\n  text-align:center;\n  text-decoration:none;\n  transition:0.3s;\n}\n\n.ue-grid-item-category a\n{\n  display:inline-block;\n  font-size:10px;\n  \n}\n\n.uc_post_title\n{\n  font-size:21px;\n}\n\n\n#uc_post_grid_elementor_e964afd .ue_post_grid_item\n{\n  display:flex;\n  flex-direction:column;\n}\n\n#uc_post_grid_elementor_e964afd.uc_post_grid_style_one .uc_content{\n flex-grow:1;\n}\n\n#uc_post_grid_elementor_e964afd.uc_post_grid_style_one .uc_content > div\n{\n  height:100%;\n  display:flex;\n  flex-direction:column;\n}\n\n#uc_post_grid_elementor_e964afd .uc_post_button\n{\n  margin-top:auto;\n}\n\n\n\n\n\n\n\n\n\n\n\n\n\n\n\n\n\n\n\n\n\n\n\n\n#uc_post_grid_elementor_e964afd .ue-meta-data\n{\n  \n  display:flex;\n\n  flex-wrap: wrap;\n  line-height:1em;\n}\n\n#uc_post_grid_elementor_e964afd .ue-grid-item-meta-data\n{\n      display:inline-flex;\n      align-items:center;\n}\n\n#uc_post_grid_elementor_e964afd .ue-grid-item-meta-data a{\n  color:inherit;\n}\n\n.ue-grid-item-meta-data\n{\n  font-size:12px;\n}\n\n#uc_post_grid_elementor_e964afd .ue-grid-item-meta-data-icon\n{\n  line-height:1em;\n}\n\n#uc_post_grid_elementor_e964afd .ue-grid-item-meta-data-icon svg\n{\n  width:1em;\n  height:1em;\n}\n\n#uc_post_grid_elementor_e964afd .ue-debug-meta\n{\n  padding:10px;\n  border:1px solid red;\n  position:relative;\n  line-height:1.5em;\n  font-size:11px;\n  width:100%;\n}\n\n#uc_post_grid_elementor_e964afd .uc_btn_inner\n{\n  display:inline-flex;\n  align-items:center;\n}\n\n#uc_post_grid_elementor_e964afd .uc_btn_inner svg\n{\n  width:1em;\n  height:1em;\n}\n\n<\/style>\n\n<div class=\"uc_post_grid_style_one uc-filterable-grid \" id=\"uc_post_grid_elementor_e964afd\"  data-ajax='true'  data-filterbehave='mixed'  querydata='{&quot;count_posts&quot;:5,&quot;total_posts&quot;:5,&quot;page&quot;:1,&quot;num_pages&quot;:1}' >\n\t\t<div class=\"uc_post_grid_style_one_wrap ue_post_grid uc-items-wrapper\">\n\t\t\t<div class=\"uc_post_grid_style_one_item ue_post_grid_item ue-item \">\n  \n      <a class=\"uc_post_grid_style_one_image \" href='https:\/\/artejoven.org\/en\/espacios-faj\/patio-abierto\/' target=\"_self\">\n     <div class=\"uc_post_image\">\n     <img loading=\"lazy\" decoding=\"async\" src=\"https:\/\/artejoven.org\/wp-content\/uploads\/2026\/04\/FAJ_Cesar_Jazz_Club_CG-61.webp\"  src=\"https:\/\/artejoven.org\/wp-content\/uploads\/2026\/04\/FAJ_Cesar_Jazz_Club_CG-61.webp\" alt=\"FAJ_Cesar_Jazz_Club_CG-61\" width=\"2048\" height=\"1365\">\n     <div class=\"uc_post_image_overlay\"><\/div>\n     <\/div>\n    <\/a>\n   \n  <div class=\"uc_content\">\n    <div>\n      \n             \n    \t        \t\t\t<div class=\"uc_post_title\"><a class=\"\" href='https:\/\/artejoven.org\/en\/espacios-faj\/patio-abierto\/' target=\"_self\"><div>Patio Abierto<\/div><\/a><\/div>\n      \t  \t\n\t\t  \n      \t  <div class=\"ue-meta-data\">\n                        \n                        \n        \n\t\t\t\n                        \n                        \n                        \n                        \n            \t\t\t\n              \n            \n          <\/div>\n     \n     <div class=\"uc_post_text\">La Jam Session del Fondo de Arte Joven, donde m\u00fasicos emergentes y consagrados se encuentran org\u00e1nicamente, generando visibilidad, networking y oportunidades profesionales, acciones de cooperaci\u00f3n, articulaci\u00f3n de actores sociales en funci\u00f3n del empoderamiento del sector cultural emergente.<\/div>     \t<\/div>\n  <\/div>\n<\/div>\n<div class=\"uc_post_grid_style_one_item ue_post_grid_item ue-item \">\n  \n      <a class=\"uc_post_grid_style_one_image \" href='https:\/\/artejoven.org\/en\/espacios-faj\/concurso-nacional-de-musica\/' target=\"_self\">\n     <div class=\"uc_post_image\">\n     <img loading=\"lazy\" decoding=\"async\" src=\"https:\/\/artejoven.org\/wp-content\/uploads\/2025\/07\/BANNER_CONCURSO-NACIONAL-DE-MUSICA-2DA-EDICION.webp\"  src=\"https:\/\/artejoven.org\/wp-content\/uploads\/2025\/07\/BANNER_CONCURSO-NACIONAL-DE-MUSICA-2DA-EDICION.webp\" alt=\"BANNER_CONCURSO-NACIONAL-DE-M\u00daSICA-2DA-EDICI\u00d3N\" width=\"1200\" height=\"657\">\n     <div class=\"uc_post_image_overlay\"><\/div>\n     <\/div>\n    <\/a>\n   \n  <div class=\"uc_content\">\n    <div>\n      \n             \n    \t        \t\t\t<div class=\"uc_post_title\"><a class=\"\" href='https:\/\/artejoven.org\/en\/espacios-faj\/concurso-nacional-de-musica\/' target=\"_self\"><div>Concurso Nacional de M\u00fasica<\/div><\/a><\/div>\n      \t  \t\n\t\t  \n      \t  <div class=\"ue-meta-data\">\n                        \n                        \n        \n\t\t\t\n                        \n                        \n                        \n                        \n            \t\t\t\n              \n            \n          <\/div>\n     \n     <div class=\"uc_post_text\">Auspiciado por el FAJ y UNICEF Cuba, la iniciativa se dirige a m\u00fasicos en formaci\u00f3n formal o informal (de la ense\u00f1anza art\u00edstica o autodidactas), de nacionalidad cubana,\nresidentes en Cuba, con el objetivo de promover procesos creativos que favorezcan el crecimiento espiritual, la creatividad y la expresi\u00f3n de adolescentes, as\u00ed como generar un impacto positivo en la formaci\u00f3n art\u00edstica y profesional en la Isla.<\/div>     \t<\/div>\n  <\/div>\n<\/div>\n<div class=\"uc_post_grid_style_one_item ue_post_grid_item ue-item \">\n  \n      <a class=\"uc_post_grid_style_one_image \" href='https:\/\/artejoven.org\/en\/espacios-faj\/malayerba\/' target=\"_self\">\n     <div class=\"uc_post_image\">\n     <img loading=\"lazy\" decoding=\"async\" src=\"https:\/\/artejoven.org\/wp-content\/uploads\/2024\/07\/malaYerba-Segunda-Convocatoria-1-jpg.webp\"  src=\"https:\/\/artejoven.org\/wp-content\/uploads\/2024\/07\/malaYerba-Segunda-Convocatoria-1-jpg.webp\" alt=\"malaYerba\" width=\"1530\" height=\"831\">\n     <div class=\"uc_post_image_overlay\"><\/div>\n     <\/div>\n    <\/a>\n   \n  <div class=\"uc_content\">\n    <div>\n      \n             \n    \t        \t\t\t<div class=\"uc_post_title\"><a class=\"\" href='https:\/\/artejoven.org\/en\/espacios-faj\/malayerba\/' target=\"_self\"><div>malaYerba<\/div><\/a><\/div>\n      \t  \t\n\t\t  \n      \t  <div class=\"ue-meta-data\">\n                        \n                        \n        \n\t\t\t\n                        \n                        \n                        \n                        \n            \t\t\t\n              \n            \n          <\/div>\n     \n     <div class=\"uc_post_text\">A partir de la colaboraci\u00f3n entre el Fondo de Arte Joven y la Fundaci\u00f3n Los Carbonell (Panam\u00e1) se cre\u00f3, en 2023, el concurso de artes visuales malaYerba, enfocado en el apoyo a los procesos creativos de artistas cubanos, residentes en Cuba.<\/div>     \t<\/div>\n  <\/div>\n<\/div>\n<div class=\"uc_post_grid_style_one_item ue_post_grid_item ue-item \">\n  \n      <a class=\"uc_post_grid_style_one_image \" href='https:\/\/artejoven.org\/en\/espacios-faj\/salon-blanco\/' target=\"_self\">\n     <div class=\"uc_post_image\">\n     <img loading=\"lazy\" decoding=\"async\" src=\"https:\/\/artejoven.org\/wp-content\/uploads\/2024\/06\/A7R8817-scaled.jpg\"  src=\"https:\/\/artejoven.org\/wp-content\/uploads\/2024\/06\/A7R8817-scaled.jpg\" alt=\"El porqu\u00e9 de la constancia\" width=\"2560\" height=\"1706\">\n     <div class=\"uc_post_image_overlay\"><\/div>\n     <\/div>\n    <\/a>\n   \n  <div class=\"uc_content\">\n    <div>\n      \n             \n    \t        \t\t\t<div class=\"uc_post_title\"><a class=\"\" href='https:\/\/artejoven.org\/en\/espacios-faj\/salon-blanco\/' target=\"_self\"><div>Sal\u00f3n Blanco<\/div><\/a><\/div>\n      \t  \t\n\t\t  \n      \t  <div class=\"ue-meta-data\">\n                        \n                        \n        \n\t\t\t\n                        \n                        \n                        \n                        \n            \t\t\t\n              \n            \n          <\/div>\n     \n     <div class=\"uc_post_text\">A partir de las alianzas estrat\u00e9gicas iniciadas, en 2023, por del Fondo de Arte Joven, en colaboraci\u00f3n con la Oficina del Historiador de la Ciudad de La Habana (Cuba) y la Fundaci\u00f3n Los Carbonell (Panam\u00e1), fue inaugurado el Sal\u00f3n Blanco del Convento de San Francisco de As\u00eds, como galer\u00eda especializada en arte contempor\u00e1neo joven. <\/div>     \t<\/div>\n  <\/div>\n<\/div>\n<div class=\"uc_post_grid_style_one_item ue_post_grid_item ue-item \">\n  \n      <a class=\"uc_post_grid_style_one_image \" href='https:\/\/www.festivalhabanaclasica.org' target=\"_self\">\n     <div class=\"uc_post_image\">\n     <img loading=\"lazy\" decoding=\"async\" src=\"https:\/\/artejoven.org\/wp-content\/uploads\/2023\/11\/Habana-Clasica-jpg.webp\"  src=\"https:\/\/artejoven.org\/wp-content\/uploads\/2023\/11\/Habana-Clasica-jpg.webp\" alt=\"Habana Cl\u00e1sica\" width=\"1224\" height=\"665\">\n     <div class=\"uc_post_image_overlay\"><\/div>\n     <\/div>\n    <\/a>\n   \n  <div class=\"uc_content\">\n    <div>\n      \n             \n    \t        \t\t\t<div class=\"uc_post_title\"><a class=\"\" href='https:\/\/www.festivalhabanaclasica.org' target=\"_self\"><div>Habana Cl\u00e1sica<\/div><\/a><\/div>\n      \t  \t\n\t\t  \n      \t  <div class=\"ue-meta-data\">\n                        \n                        \n        \n\t\t\t\n                        \n                        \n                        \n                        \n            \t\t\t\n              \n            \n          <\/div>\n     \n     <div class=\"uc_post_text\">El Festival Internacional de M\u00fasica Habana Cl\u00e1sica se funda en el a\u00f1o 2017 por iniciativa del pianista cubano Marcos Madrigal. La intenci\u00f3n es reunir dentro del circuito cultural de la ciudad a destacados int\u00e9rpretes locales y for\u00e1neos.<\/div>     \t<\/div>\n  <\/div>\n<\/div>\n\n\t\t<\/div>\n\t<\/div>\n\n\n\n  <div id=\"uc_post_grid_elementor_e964afd_empty_message\" class=\"ue-no-posts-found\"  style=\"display:none\" >No se encontraron espacios.<\/div>\n\n\n<!-- end Post Grid -->\t\t\t\t<\/div>\n\t\t\t\t<\/div>\n\t\t\t\t<div class=\"elementor-element elementor-element-11891e1 elementor-widget elementor-widget-ucaddon_archive_pagination\" data-id=\"11891e1\" data-element_type=\"widget\" data-e-type=\"widget\" data-widget_type=\"ucaddon_archive_pagination.default\">\n\t\t\t\t<div class=\"elementor-widget-container\">\n\t\t\t\t\t\n<!-- start Post Pagination -->\n\n<style>\/* widget: Post Pagination *\/\n\n#uc_archive_pagination_elementor_11891e1 nav\n{\n  padding:0px;\n  margin:0px;\n}\n\n#uc_archive_pagination_elementor_11891e1 \n{\n  display:flex;\n  flex-wrap: wrap;\n  justify-content:center;\n}\n\n#uc_archive_pagination_elementor_11891e1 .nav-links\n{\n  display:flex;\n  justify-content:center;\n}\n\n#uc_archive_pagination_elementor_11891e1 .nav-links > *\n{\n}\n\n#uc_archive_pagination_elementor_11891e1 .page-numbers\n{\n  display:flex;\n  \n  align-items:center;\n  justify-content:center;\n  transition:0.3s;\n  line-height:1em;\n}\n\n\n#uc_archive_pagination_elementor_11891e1 a.page-numbers, #uc_archive_pagination_elementor_11891e1 .dots\n{\n  color:#000000;\n  background-color:;\n}\n\n#uc_archive_pagination_elementor_11891e1 a.page-numbers:hover\n{\n  color:#02CE13;\n  background-color:#eeeeee;\n}\n\n#uc_archive_pagination_elementor_11891e1 .page-numbers.current,\n#uc_archive_pagination_elementor_11891e1 .page-numbers.current:hover\n{\n  background-color:#000000;\n  color:#ffffff;\n}\n\n\n#uc_archive_pagination_elementor_11891e1 .page-numbers.prev, #uc_archive_pagination_elementor_11891e1 .page-numbers.next\n{\n  padding-left:15px;\n  padding-right:15px;\n}\n\n\n\n#uc_archive_pagination_elementor_11891e1.uc-ajax-loading{\n\topacity:1 !important;\n}\n\n#uc_archive_pagination_elementor_11891e1.uc-ajax-loading .current{\n\tposition:relative;\n    overflow:hidden;\n}\n\n\n#uc_archive_pagination_elementor_11891e1.uc-ajax-loading .current:before{\n  content: \"\";\n  display:block;\n  width:100%;\n  height:100%;\n  box-sizing:border-box;\n  position:absolute;\n  top:0px;\n  left:0px;\n  background-color: #02CE13;\n  animation: uc-spinning-border 0.5s linear infinite;\n  opacity:50%;\n  border-radius:inherit;\n}\n\n@keyframes uc-spinning-border {\n\t0%{transform: scale(0);}\n\t100%{transform: scale(1); }\t\n}\n\n\n\n<\/style>\n\n<div id=\"uc_archive_pagination_elementor_11891e1\" class=\"archive_pagination uc-filter-pagination\">\n\n<\/div>\n<!-- end Post Pagination -->\t\t\t\t<\/div>\n\t\t\t\t<\/div>\n\t\t\t\t\t<\/div>\n\t\t<\/div>\n\t\t\t\t\t<\/div>\n\t\t<\/section>\n\t\t\t\t<\/div>\n\t\t","protected":false},"excerpt":{"rendered":"<p>With the purpose of encouraging the emergence of spaces of reference for the creation and promotion of contemporary Cuban art, the Fondo de Arte Joven (FAJ) collaborates systematically with public and private organizations and institutions. <\/p>","protected":false},"author":1,"featured_media":2576,"parent":0,"menu_order":0,"comment_status":"closed","ping_status":"closed","template":"","meta":{"_acf_changed":false,"footnotes":"","_links_to":"","_links_to_target":""},"categories":[53],"tags":[],"class_list":["post-4962","page","type-page","status-publish","has-post-thumbnail","hentry","category-espacios","post","post-with-thumbnail","post-with-thumbnail-large"],"acf":[],"aioseo_notices":[],"jetpack-related-posts":[{"id":6578,"url":"https:\/\/artejoven.org\/en\/espacios-faj\/malayerba\/","url_meta":{"origin":4962,"position":0},"title":"malaYerba","author":"Ren\u00e9 Manuel Puig","date":"11 de December de 2023","format":false,"excerpt":"As a result of the collaboration between the Fondo de Arte Joven and the Los Carbonell Foundation (Panama), the malaYerba visual arts competition was created in 2023, focused on supporting the creative processes of Cuban artists living in Cuba.","rel":"","context":"In &quot;Espacios&quot;","block_context":{"text":"Espacios","link":"https:\/\/artejoven.org\/en\/category\/espacios\/"},"img":{"alt_text":"malaYerba","src":"https:\/\/i0.wp.com\/artejoven.org\/wp-content\/uploads\/2024\/07\/malaYerba-Segunda-Convocatoria-1-jpg.webp?resize=350%2C200&ssl=1","width":350,"height":200,"srcset":"https:\/\/i0.wp.com\/artejoven.org\/wp-content\/uploads\/2024\/07\/malaYerba-Segunda-Convocatoria-1-jpg.webp?resize=350%2C200&ssl=1 1x, https:\/\/i0.wp.com\/artejoven.org\/wp-content\/uploads\/2024\/07\/malaYerba-Segunda-Convocatoria-1-jpg.webp?resize=525%2C300&ssl=1 1.5x, https:\/\/i0.wp.com\/artejoven.org\/wp-content\/uploads\/2024\/07\/malaYerba-Segunda-Convocatoria-1-jpg.webp?resize=700%2C400&ssl=1 2x, https:\/\/i0.wp.com\/artejoven.org\/wp-content\/uploads\/2024\/07\/malaYerba-Segunda-Convocatoria-1-jpg.webp?resize=1050%2C600&ssl=1 3x, https:\/\/i0.wp.com\/artejoven.org\/wp-content\/uploads\/2024\/07\/malaYerba-Segunda-Convocatoria-1-jpg.webp?resize=1400%2C800&ssl=1 4x"},"classes":[]},{"id":10525,"url":"https:\/\/artejoven.org\/en\/espacios-faj\/patio-abierto\/","url_meta":{"origin":4962,"position":1},"title":"Open Patio","author":"Ren\u00e9 Manuel Puig","date":"28 de February de 2026","format":false,"excerpt":"The Young Art Fund Jam Session, where emerging and established musicians meet organically, generating visibility, networking and professional opportunities, cooperation actions, articulation of social actors for the empowerment of the emerging cultural sector.","rel":"","context":"In \"Espacios FAJ\"","block_context":{"text":"Espacios FAJ","link":"https:\/\/artejoven.org\/en\/tag\/espacios-faj\/"},"img":{"alt_text":"","src":"https:\/\/i0.wp.com\/artejoven.org\/wp-content\/uploads\/2026\/04\/FAJ_Cesar_Jazz_Club_CG-61.webp?resize=350%2C200&ssl=1","width":350,"height":200,"srcset":"https:\/\/i0.wp.com\/artejoven.org\/wp-content\/uploads\/2026\/04\/FAJ_Cesar_Jazz_Club_CG-61.webp?resize=350%2C200&ssl=1 1x, https:\/\/i0.wp.com\/artejoven.org\/wp-content\/uploads\/2026\/04\/FAJ_Cesar_Jazz_Club_CG-61.webp?resize=525%2C300&ssl=1 1.5x, https:\/\/i0.wp.com\/artejoven.org\/wp-content\/uploads\/2026\/04\/FAJ_Cesar_Jazz_Club_CG-61.webp?resize=700%2C400&ssl=1 2x, https:\/\/i0.wp.com\/artejoven.org\/wp-content\/uploads\/2026\/04\/FAJ_Cesar_Jazz_Club_CG-61.webp?resize=1050%2C600&ssl=1 3x, https:\/\/i0.wp.com\/artejoven.org\/wp-content\/uploads\/2026\/04\/FAJ_Cesar_Jazz_Club_CG-61.webp?resize=1400%2C800&ssl=1 4x"},"classes":[]},{"id":4974,"url":"https:\/\/artejoven.org\/en\/espacios-faj\/salon-blanco\/","url_meta":{"origin":4962,"position":2},"title":"White Room","author":"Ren\u00e9 Manuel Puig","date":"23 de August de 2023","format":false,"excerpt":"Based on the strategic alliances initiated in 2023 by the Young Art Fund, in collaboration with the Office of the Historian of the City of Havana (Cuba) and the Los Carbonell Foundation (Panama), the White Room of the Convent of St. Francis of Assisi was inaugurated as a specialized gallery...","rel":"","context":"In &quot;Espacios&quot;","block_context":{"text":"Espacios","link":"https:\/\/artejoven.org\/en\/category\/espacios\/"},"img":{"alt_text":"El porqu\u00e9 de la constancia","src":"https:\/\/i0.wp.com\/artejoven.org\/wp-content\/uploads\/2024\/06\/A7R8817-scaled.jpg?resize=350%2C200&ssl=1","width":350,"height":200,"srcset":"https:\/\/i0.wp.com\/artejoven.org\/wp-content\/uploads\/2024\/06\/A7R8817-scaled.jpg?resize=350%2C200&ssl=1 1x, https:\/\/i0.wp.com\/artejoven.org\/wp-content\/uploads\/2024\/06\/A7R8817-scaled.jpg?resize=525%2C300&ssl=1 1.5x, https:\/\/i0.wp.com\/artejoven.org\/wp-content\/uploads\/2024\/06\/A7R8817-scaled.jpg?resize=700%2C400&ssl=1 2x, https:\/\/i0.wp.com\/artejoven.org\/wp-content\/uploads\/2024\/06\/A7R8817-scaled.jpg?resize=1050%2C600&ssl=1 3x, https:\/\/i0.wp.com\/artejoven.org\/wp-content\/uploads\/2024\/06\/A7R8817-scaled.jpg?resize=1400%2C800&ssl=1 4x"},"classes":[]},{"id":8767,"url":"https:\/\/artejoven.org\/en\/espacios-faj\/concurso-nacional-de-musica\/","url_meta":{"origin":4962,"position":3},"title":"National Music Competition","author":"Ren\u00e9 Manuel Puig","date":"12 de February de 2025","format":false,"excerpt":"Sponsored by FAJ and UNICEF Cuba, the initiative is aimed at musicians in formal or informal training (artistic education or self-taught), of Cuban nationality, residing in Cuba, with the aim of promoting creative processes that favor spiritual growth, creativity, and expression in adolescents, as well as...","rel":"","context":"In &quot;Espacios&quot;","block_context":{"text":"Espacios","link":"https:\/\/artejoven.org\/en\/category\/espacios\/"},"img":{"alt_text":"","src":"https:\/\/i0.wp.com\/artejoven.org\/wp-content\/uploads\/2025\/07\/BANNER_CONCURSO-NACIONAL-DE-MUSICA-2DA-EDICION.webp?resize=350%2C200&ssl=1","width":350,"height":200,"srcset":"https:\/\/i0.wp.com\/artejoven.org\/wp-content\/uploads\/2025\/07\/BANNER_CONCURSO-NACIONAL-DE-MUSICA-2DA-EDICION.webp?resize=350%2C200&ssl=1 1x, https:\/\/i0.wp.com\/artejoven.org\/wp-content\/uploads\/2025\/07\/BANNER_CONCURSO-NACIONAL-DE-MUSICA-2DA-EDICION.webp?resize=525%2C300&ssl=1 1.5x, https:\/\/i0.wp.com\/artejoven.org\/wp-content\/uploads\/2025\/07\/BANNER_CONCURSO-NACIONAL-DE-MUSICA-2DA-EDICION.webp?resize=700%2C400&ssl=1 2x, https:\/\/i0.wp.com\/artejoven.org\/wp-content\/uploads\/2025\/07\/BANNER_CONCURSO-NACIONAL-DE-MUSICA-2DA-EDICION.webp?resize=1050%2C600&ssl=1 3x"},"classes":[]},{"id":12,"url":"https:\/\/artejoven.org\/en\/","url_meta":{"origin":4962,"position":4},"title":"Home","author":"Ren\u00e9 Manuel Puig","date":"15 de March de 2023","format":false,"excerpt":"We are a cultural platform to support and promote emerging Cuban art and cultural enterprises that carry out their creative projects from Cuba.","rel":"","context":"Similar post","block_context":{"text":"Similar post","link":""},"img":{"alt_text":"CIERIC","src":"https:\/\/i0.wp.com\/artejoven.org\/wp-content\/uploads\/2025\/03\/CIERIC-png.webp?resize=350%2C200&ssl=1","width":350,"height":200,"srcset":"https:\/\/i0.wp.com\/artejoven.org\/wp-content\/uploads\/2025\/03\/CIERIC-png.webp?resize=350%2C200&ssl=1 1x, https:\/\/i0.wp.com\/artejoven.org\/wp-content\/uploads\/2025\/03\/CIERIC-png.webp?resize=525%2C300&ssl=1 1.5x, https:\/\/i0.wp.com\/artejoven.org\/wp-content\/uploads\/2025\/03\/CIERIC-png.webp?resize=700%2C400&ssl=1 2x"},"classes":[]},{"id":6686,"url":"http:\/\/www.festivalhabanaclasica.org","url_meta":{"origin":4962,"position":5},"title":"Classic Havana","author":"Ren\u00e9 Manuel Puig","date":"21 de August de 2023","format":false,"excerpt":"The Habana Cl\u00e1sica International Music Festival was founded in 2017 at the initiative of Cuban pianist Marcos Madrigal. The intention is to bring together within the cultural circuit of the city outstanding local and foreign performers.","rel":"","context":"In &quot;Espacios&quot;","block_context":{"text":"Espacios","link":"https:\/\/artejoven.org\/en\/category\/espacios\/"},"img":{"alt_text":"Habana Cl\u00e1sica","src":"https:\/\/i0.wp.com\/artejoven.org\/wp-content\/uploads\/2023\/11\/Habana-Clasica-jpg.webp?resize=350%2C200&ssl=1","width":350,"height":200,"srcset":"https:\/\/i0.wp.com\/artejoven.org\/wp-content\/uploads\/2023\/11\/Habana-Clasica-jpg.webp?resize=350%2C200&ssl=1 1x, https:\/\/i0.wp.com\/artejoven.org\/wp-content\/uploads\/2023\/11\/Habana-Clasica-jpg.webp?resize=525%2C300&ssl=1 1.5x, https:\/\/i0.wp.com\/artejoven.org\/wp-content\/uploads\/2023\/11\/Habana-Clasica-jpg.webp?resize=700%2C400&ssl=1 2x, https:\/\/i0.wp.com\/artejoven.org\/wp-content\/uploads\/2023\/11\/Habana-Clasica-jpg.webp?resize=1050%2C600&ssl=1 3x"},"classes":[]}],"jetpack_sharing_enabled":true,"_links":{"self":[{"href":"https:\/\/artejoven.org\/en\/wp-json\/wp\/v2\/pages\/4962","targetHints":{"allow":["GET"]}}],"collection":[{"href":"https:\/\/artejoven.org\/en\/wp-json\/wp\/v2\/pages"}],"about":[{"href":"https:\/\/artejoven.org\/en\/wp-json\/wp\/v2\/types\/page"}],"author":[{"embeddable":true,"href":"https:\/\/artejoven.org\/en\/wp-json\/wp\/v2\/users\/1"}],"replies":[{"embeddable":true,"href":"https:\/\/artejoven.org\/en\/wp-json\/wp\/v2\/comments?post=4962"}],"version-history":[{"count":3,"href":"https:\/\/artejoven.org\/en\/wp-json\/wp\/v2\/pages\/4962\/revisions"}],"predecessor-version":[{"id":10521,"href":"https:\/\/artejoven.org\/en\/wp-json\/wp\/v2\/pages\/4962\/revisions\/10521"}],"wp:featuredmedia":[{"embeddable":true,"href":"https:\/\/artejoven.org\/en\/wp-json\/wp\/v2\/media\/2576"}],"wp:attachment":[{"href":"https:\/\/artejoven.org\/en\/wp-json\/wp\/v2\/media?parent=4962"}],"wp:term":[{"taxonomy":"category","embeddable":true,"href":"https:\/\/artejoven.org\/en\/wp-json\/wp\/v2\/categories?post=4962"},{"taxonomy":"post_tag","embeddable":true,"href":"https:\/\/artejoven.org\/en\/wp-json\/wp\/v2\/tags?post=4962"}],"curies":[{"name":"wp","href":"https:\/\/api.w.org\/{rel}","templated":true}]}}