{"id":5655,"date":"2023-09-11T20:52:00","date_gmt":"2023-09-12T00:52:00","guid":{"rendered":"https:\/\/artejoven.org\/?page_id=5655"},"modified":"2023-09-12T17:19:21","modified_gmt":"2023-09-12T21:19:21","slug":"annys-maria-batista","status":"publish","type":"page","link":"https:\/\/artejoven.org\/en\/beneficiarios\/annys-maria-batista\/","title":{"rendered":"Annys Maria Batista"},"content":{"rendered":"","protected":false},"excerpt":{"rendered":"<p>Annys Mar\u00eda Batista (Bayamo, 1989) is an instrumentalist and vocalist, graduated from the Escuela Vocacional de Arte Manuel Mu\u00f1oz Cede\u00f1o (2008). She has been a member of the groups Compacto, RiverJazz and the female quintet Nueva Imagen, and was also a member of the group of Cuban musician Ra\u00fal Torres.<\/p>","protected":false},"author":1,"featured_media":5656,"parent":931,"menu_order":0,"comment_status":"closed","ping_status":"closed","template":"","meta":{"_acf_changed":false,"footnotes":"","_links_to":"","_links_to_target":""},"categories":[13,31],"tags":[25,58],"class_list":["post-5655","page","type-page","status-publish","has-post-thumbnail","hentry","category-beneficiarios","category-musica-beneficiarios","tag-25","tag-segundo-programa","post","post-with-thumbnail","post-with-thumbnail-large"],"acf":[],"aioseo_notices":[],"jetpack-related-posts":[{"id":10555,"url":"https:\/\/artejoven.org\/en\/beneficiarios\/armando-mario-moreira-valdes\/","url_meta":{"origin":5655,"position":0},"title":"Armando Mario Moreira Vald\u00e9s","author":"Ren\u00e9 Manuel Puig","date":"6 de March de 2026","format":false,"excerpt":"(Pinar del R\u00edo, 2011) Guitarist trained at the Escuela Provincial de Arte de Pinar del R\u00edo.","rel":"","context":"In &quot;Beneficiarios&quot;","block_context":{"text":"Beneficiarios","link":"https:\/\/artejoven.org\/en\/category\/beneficiarios\/"},"img":{"alt_text":"Armando Mario Moreira Vald\u00e9s","src":"https:\/\/i0.wp.com\/artejoven.org\/wp-content\/uploads\/2026\/03\/Armando-Mario-Moreira-Valdes.webp?resize=350%2C200&ssl=1","width":350,"height":200,"srcset":"https:\/\/i0.wp.com\/artejoven.org\/wp-content\/uploads\/2026\/03\/Armando-Mario-Moreira-Valdes.webp?resize=350%2C200&ssl=1 1x, https:\/\/i0.wp.com\/artejoven.org\/wp-content\/uploads\/2026\/03\/Armando-Mario-Moreira-Valdes.webp?resize=525%2C300&ssl=1 1.5x"},"classes":[]},{"id":8114,"url":"https:\/\/artejoven.org\/en\/espacios-faj\/malayerba\/segunda-edicion-de-malayerba\/","url_meta":{"origin":5655,"position":1},"title":"Second edition of malaYerba","author":"Ren\u00e9 Manuel Puig","date":"20 de September de 2024","format":false,"excerpt":"These new creators identify their most heartbreaking realities and bring them to painting, photography, video and installation.","rel":"","context":"In &quot;Exposiciones&quot;","block_context":{"text":"Exposiciones","link":"https:\/\/artejoven.org\/en\/category\/espacios\/exposiciones-espacios\/"},"img":{"alt_text":"malaYerba","src":"https:\/\/i0.wp.com\/artejoven.org\/wp-content\/uploads\/2024\/07\/malaYerba-Segunda-Convocatoria-1-jpg.webp?resize=350%2C200&ssl=1","width":350,"height":200,"srcset":"https:\/\/i0.wp.com\/artejoven.org\/wp-content\/uploads\/2024\/07\/malaYerba-Segunda-Convocatoria-1-jpg.webp?resize=350%2C200&ssl=1 1x, https:\/\/i0.wp.com\/artejoven.org\/wp-content\/uploads\/2024\/07\/malaYerba-Segunda-Convocatoria-1-jpg.webp?resize=525%2C300&ssl=1 1.5x, https:\/\/i0.wp.com\/artejoven.org\/wp-content\/uploads\/2024\/07\/malaYerba-Segunda-Convocatoria-1-jpg.webp?resize=700%2C400&ssl=1 2x, https:\/\/i0.wp.com\/artejoven.org\/wp-content\/uploads\/2024\/07\/malaYerba-Segunda-Convocatoria-1-jpg.webp?resize=1050%2C600&ssl=1 3x, https:\/\/i0.wp.com\/artejoven.org\/wp-content\/uploads\/2024\/07\/malaYerba-Segunda-Convocatoria-1-jpg.webp?resize=1400%2C800&ssl=1 4x"},"classes":[]},{"id":10596,"url":"https:\/\/artejoven.org\/en\/beneficiarios\/moises-elias-hernandez-zaldivar\/","url_meta":{"origin":5655,"position":2},"title":"Mois\u00e9s El\u00edas Hern\u00e1ndez Zald\u00edvar","author":"Ren\u00e9 Manuel Puig","date":"8 de March de 2026","format":false,"excerpt":"(Holgu\u00edn, 2007) Pianist trained at the Escuela Elemental de Arte Ra\u00fal G\u00f3mez Garc\u00eda in Holgu\u00edn and currently a student at the Jos\u00e9 Mar\u00eda Ochoa Conservatory in that province.","rel":"","context":"In &quot;Beneficiarios&quot;","block_context":{"text":"Beneficiarios","link":"https:\/\/artejoven.org\/en\/category\/beneficiarios\/"},"img":{"alt_text":"Mois\u00e9s El\u00edas Hern\u00e1ndez Zald\u00edvar","src":"https:\/\/i0.wp.com\/artejoven.org\/wp-content\/uploads\/2026\/03\/Moises-Elias-Hernandez-Zaldivar.webp?resize=350%2C200&ssl=1","width":350,"height":200,"srcset":"https:\/\/i0.wp.com\/artejoven.org\/wp-content\/uploads\/2026\/03\/Moises-Elias-Hernandez-Zaldivar.webp?resize=350%2C200&ssl=1 1x, https:\/\/i0.wp.com\/artejoven.org\/wp-content\/uploads\/2026\/03\/Moises-Elias-Hernandez-Zaldivar.webp?resize=525%2C300&ssl=1 1.5x"},"classes":[]},{"id":2261,"url":"https:\/\/artejoven.org\/en\/beneficiarios\/mario-salvador\/","url_meta":{"origin":5655,"position":3},"title":"Mario Salvador","author":"Ren\u00e9 Manuel Puig","date":"21 de May de 2023","format":false,"excerpt":"Mario Salvador Rodr\u00edguez Morales (Havana, 1999), or simply Mario Salvador, is a young tresero, a 2017 graduate of the National School of Art and a student through third year at the University of the Arts (ISA).","rel":"","context":"In &quot;Beneficiarios&quot;","block_context":{"text":"Beneficiarios","link":"https:\/\/artejoven.org\/en\/category\/beneficiarios\/"},"img":{"alt_text":"Mario Salvador","src":"https:\/\/i0.wp.com\/artejoven.org\/wp-content\/uploads\/2023\/06\/Mario-Salvador-1-jpg.webp?resize=350%2C200&ssl=1","width":350,"height":200,"srcset":"https:\/\/i0.wp.com\/artejoven.org\/wp-content\/uploads\/2023\/06\/Mario-Salvador-1-jpg.webp?resize=350%2C200&ssl=1 1x, https:\/\/i0.wp.com\/artejoven.org\/wp-content\/uploads\/2023\/06\/Mario-Salvador-1-jpg.webp?resize=525%2C300&ssl=1 1.5x"},"classes":[]},{"id":10575,"url":"https:\/\/artejoven.org\/en\/beneficiarios\/maria-karla-rifat-rodriguez\/","url_meta":{"origin":5655,"position":4},"title":"Mar\u00eda Karla Rifat Rodr\u00edguez","author":"Ren\u00e9 Manuel Puig","date":"6 de March de 2026","format":false,"excerpt":"(Cienfuegos, 2007) Cellist graduated with a Gold Degree from the Escuela Profesional de Arte de Matanzas and student of the Universidad de las Artes de Cuba (ISA).","rel":"","context":"In &quot;Beneficiarios&quot;","block_context":{"text":"Beneficiarios","link":"https:\/\/artejoven.org\/en\/category\/beneficiarios\/"},"img":{"alt_text":"Mar\u00eda Karla Rifat Rodr\u00edguez","src":"https:\/\/i0.wp.com\/artejoven.org\/wp-content\/uploads\/2026\/03\/Maria-Karla-Rifat-Rodriguez.webp?resize=350%2C200&ssl=1","width":350,"height":200,"srcset":"https:\/\/i0.wp.com\/artejoven.org\/wp-content\/uploads\/2026\/03\/Maria-Karla-Rifat-Rodriguez.webp?resize=350%2C200&ssl=1 1x, https:\/\/i0.wp.com\/artejoven.org\/wp-content\/uploads\/2026\/03\/Maria-Karla-Rifat-Rodriguez.webp?resize=525%2C300&ssl=1 1.5x"},"classes":[]},{"id":8767,"url":"https:\/\/artejoven.org\/en\/espacios-faj\/concurso-nacional-de-musica\/","url_meta":{"origin":5655,"position":5},"title":"National Music Competition","author":"Ren\u00e9 Manuel Puig","date":"12 de February de 2025","format":false,"excerpt":"Sponsored by FAJ and UNICEF Cuba, the initiative is aimed at musicians in formal or informal training (artistic education or self-taught), of Cuban nationality, residing in Cuba, with the aim of promoting creative processes that favor spiritual growth, creativity, and expression in adolescents, as well as...","rel":"","context":"In &quot;Espacios&quot;","block_context":{"text":"Espacios","link":"https:\/\/artejoven.org\/en\/category\/espacios\/"},"img":{"alt_text":"","src":"https:\/\/i0.wp.com\/artejoven.org\/wp-content\/uploads\/2025\/07\/BANNER_CONCURSO-NACIONAL-DE-MUSICA-2DA-EDICION.webp?resize=350%2C200&ssl=1","width":350,"height":200,"srcset":"https:\/\/i0.wp.com\/artejoven.org\/wp-content\/uploads\/2025\/07\/BANNER_CONCURSO-NACIONAL-DE-MUSICA-2DA-EDICION.webp?resize=350%2C200&ssl=1 1x, https:\/\/i0.wp.com\/artejoven.org\/wp-content\/uploads\/2025\/07\/BANNER_CONCURSO-NACIONAL-DE-MUSICA-2DA-EDICION.webp?resize=525%2C300&ssl=1 1.5x, https:\/\/i0.wp.com\/artejoven.org\/wp-content\/uploads\/2025\/07\/BANNER_CONCURSO-NACIONAL-DE-MUSICA-2DA-EDICION.webp?resize=700%2C400&ssl=1 2x, https:\/\/i0.wp.com\/artejoven.org\/wp-content\/uploads\/2025\/07\/BANNER_CONCURSO-NACIONAL-DE-MUSICA-2DA-EDICION.webp?resize=1050%2C600&ssl=1 3x"},"classes":[]}],"jetpack_sharing_enabled":true,"_links":{"self":[{"href":"https:\/\/artejoven.org\/en\/wp-json\/wp\/v2\/pages\/5655","targetHints":{"allow":["GET"]}}],"collection":[{"href":"https:\/\/artejoven.org\/en\/wp-json\/wp\/v2\/pages"}],"about":[{"href":"https:\/\/artejoven.org\/en\/wp-json\/wp\/v2\/types\/page"}],"author":[{"embeddable":true,"href":"https:\/\/artejoven.org\/en\/wp-json\/wp\/v2\/users\/1"}],"replies":[{"embeddable":true,"href":"https:\/\/artejoven.org\/en\/wp-json\/wp\/v2\/comments?post=5655"}],"version-history":[{"count":0,"href":"https:\/\/artejoven.org\/en\/wp-json\/wp\/v2\/pages\/5655\/revisions"}],"up":[{"embeddable":true,"href":"https:\/\/artejoven.org\/en\/wp-json\/wp\/v2\/pages\/931"}],"wp:featuredmedia":[{"embeddable":true,"href":"https:\/\/artejoven.org\/en\/wp-json\/wp\/v2\/media\/5656"}],"wp:attachment":[{"href":"https:\/\/artejoven.org\/en\/wp-json\/wp\/v2\/media?parent=5655"}],"wp:term":[{"taxonomy":"category","embeddable":true,"href":"https:\/\/artejoven.org\/en\/wp-json\/wp\/v2\/categories?post=5655"},{"taxonomy":"post_tag","embeddable":true,"href":"https:\/\/artejoven.org\/en\/wp-json\/wp\/v2\/tags?post=5655"}],"curies":[{"name":"wp","href":"https:\/\/api.w.org\/{rel}","templated":true}]}}