{"id":6533,"date":"2023-12-06T10:45:29","date_gmt":"2023-12-06T15:45:29","guid":{"rendered":"https:\/\/artejoven.org\/?page_id=6533"},"modified":"2023-12-06T10:48:08","modified_gmt":"2023-12-06T15:48:08","slug":"clara-masso","status":"publish","type":"page","link":"https:\/\/artejoven.org\/en\/beneficiarios\/clara-masso\/","title":{"rendered":"Clara Mass\u00f3"},"content":{"rendered":"","protected":false},"excerpt":{"rendered":"<p>Clara Mass\u00f3 (Havana, 1997).<br \/>\nShe studied at the San Alejandro National Academy of Fine Arts in 2017. Graduated from the University of the Arts (ISA), and is a member of F\u00e1brica de Arte Cubano's (FAC) roster of NFT artists. <\/p>","protected":false},"author":1,"featured_media":6534,"parent":931,"menu_order":0,"comment_status":"closed","ping_status":"closed","template":"","meta":{"_acf_changed":false,"footnotes":"","_links_to":"","_links_to_target":""},"categories":[32,13],"tags":[],"class_list":["post-6533","page","type-page","status-publish","has-post-thumbnail","hentry","category-artes-visuales-beneficiarios","category-beneficiarios","post","post-with-thumbnail","post-with-thumbnail-large"],"acf":[],"aioseo_notices":[],"jetpack-related-posts":[{"id":10231,"url":"https:\/\/drive.google.com\/drive\/folders\/1d0mwx6zAfkG_zs7JL7x7d7S_RmvtM4jX","url_meta":{"origin":6533,"position":0},"title":"\u00abNothing,\u00bb catalog by visual artist Clara Mass\u00f3","author":"Ren\u00e9 Manuel Puig","date":"10 de December de 2025","format":false,"excerpt":"Winner of the first edition of malaYerba, a young artists' competition.","rel":"","context":"In &quot;Artes Visuales&quot;","block_context":{"text":"Artes Visuales","link":"https:\/\/artejoven.org\/en\/category\/recursos\/artes-visuales-recursos\/"},"img":{"alt_text":"","src":"","width":0,"height":0},"classes":[]},{"id":4453,"url":"#element","url_meta":{"origin":6533,"position":1},"title":"Rocio Garcia","author":"Ren\u00e9 Manuel Puig","date":"29 de June de 2023","format":false,"excerpt":"Visual artist (Villa Clara, Cuba, 1955)","rel":"","context":"In &quot;Jurados&quot;","block_context":{"text":"Jurados","link":"https:\/\/artejoven.org\/en\/category\/jurados\/"},"img":{"alt_text":"","src":"https:\/\/i0.wp.com\/artejoven.org\/wp-content\/uploads\/2023\/06\/Rocio-Garcia-jpg.webp?resize=350%2C200&ssl=1","width":350,"height":200},"classes":[]},{"id":7729,"url":"#element","url_meta":{"origin":6533,"position":2},"title":"Linet Sanchez\u00a0","author":"Ren\u00e9 Manuel Puig","date":"15 de July de 2024","format":false,"excerpt":"Visual artist (Villa Clara, Cuba, 1989)","rel":"","context":"In &quot;Jurados&quot;","block_context":{"text":"Jurados","link":"https:\/\/artejoven.org\/en\/category\/jurados\/"},"img":{"alt_text":"","src":"https:\/\/i0.wp.com\/artejoven.org\/wp-content\/uploads\/2024\/07\/Linet-Sanchez-jpg.webp?resize=350%2C200&ssl=1","width":350,"height":200},"classes":[]},{"id":7773,"url":"https:\/\/www.graficasselvi.com\/%20","url_meta":{"origin":6533,"position":3},"title":"Selvi Graphic Arts","author":"Ren\u00e9 Manuel Puig","date":"16 de July de 2024","format":false,"excerpt":"Founded in 1961, the printing industry based in Valencia, Spain, has gained a special place in the art world in Cuba, in the production of catalogs for artists and exhibitions.","rel":"","context":"In &quot;Aliados&quot;","block_context":{"text":"Aliados","link":"https:\/\/artejoven.org\/en\/category\/aliados\/"},"img":{"alt_text":"","src":"https:\/\/i0.wp.com\/artejoven.org\/wp-content\/uploads\/2024\/07\/Selvi-Artes-Graficas-jpg.webp?resize=350%2C200&ssl=1","width":350,"height":200},"classes":[]},{"id":6528,"url":"https:\/\/artejoven.org\/en\/beneficiarios\/daniel-anton\/","url_meta":{"origin":6533,"position":4},"title":"Daniel Ant\u00f3n","author":"Ren\u00e9 Manuel Puig","date":"6 de December de 2023","format":false,"excerpt":"Daniel Ant\u00f3n (Cienfuegos, 1999). Graduated from the Benny Mor\u00e9 School of Arts in Cienfuegos (2014- 2018). He is currently in his third year of Visual Arts at the Instituto Superior de Artes (ISA).","rel":"","context":"In &quot;Artes Visuales&quot;","block_context":{"text":"Artes Visuales","link":"https:\/\/artejoven.org\/en\/category\/beneficiarios\/artes-visuales-beneficiarios\/"},"img":{"alt_text":"Daniel Ant\u00f3n","src":"https:\/\/i0.wp.com\/artejoven.org\/wp-content\/uploads\/2023\/12\/Daniel-Anton-jpg.webp?resize=350%2C200&ssl=1","width":350,"height":200,"srcset":"https:\/\/i0.wp.com\/artejoven.org\/wp-content\/uploads\/2023\/12\/Daniel-Anton-jpg.webp?resize=350%2C200&ssl=1 1x, https:\/\/i0.wp.com\/artejoven.org\/wp-content\/uploads\/2023\/12\/Daniel-Anton-jpg.webp?resize=525%2C300&ssl=1 1.5x"},"classes":[]},{"id":2815,"url":"https:\/\/artejoven.org\/en\/beneficiarios\/rolando-galindo\/","url_meta":{"origin":6533,"position":5},"title":"Rolando Galindo","author":"Ren\u00e9 Manuel Puig","date":"24 de May de 2023","format":false,"excerpt":"Rolando Galindo P\u00e9rez (Artemisa, 1993) graduated in Painting from the Eduardo Abela Provincial Academy of Visual Arts in Mayabeque, Cuba and is currently in his fourth and final year of Visual Arts at the University of the Arts (ISA).","rel":"","context":"In &quot;Artes Visuales&quot;","block_context":{"text":"Artes Visuales","link":"https:\/\/artejoven.org\/en\/category\/beneficiarios\/artes-visuales-beneficiarios\/"},"img":{"alt_text":"Rolando Galindo","src":"https:\/\/i0.wp.com\/artejoven.org\/wp-content\/uploads\/2023\/06\/Rolando-Galindo-jpg.webp?resize=350%2C200&ssl=1","width":350,"height":200,"srcset":"https:\/\/i0.wp.com\/artejoven.org\/wp-content\/uploads\/2023\/06\/Rolando-Galindo-jpg.webp?resize=350%2C200&ssl=1 1x, https:\/\/i0.wp.com\/artejoven.org\/wp-content\/uploads\/2023\/06\/Rolando-Galindo-jpg.webp?resize=525%2C300&ssl=1 1.5x, https:\/\/i0.wp.com\/artejoven.org\/wp-content\/uploads\/2023\/06\/Rolando-Galindo-jpg.webp?resize=700%2C400&ssl=1 2x"},"classes":[]}],"jetpack_sharing_enabled":true,"_links":{"self":[{"href":"https:\/\/artejoven.org\/en\/wp-json\/wp\/v2\/pages\/6533","targetHints":{"allow":["GET"]}}],"collection":[{"href":"https:\/\/artejoven.org\/en\/wp-json\/wp\/v2\/pages"}],"about":[{"href":"https:\/\/artejoven.org\/en\/wp-json\/wp\/v2\/types\/page"}],"author":[{"embeddable":true,"href":"https:\/\/artejoven.org\/en\/wp-json\/wp\/v2\/users\/1"}],"replies":[{"embeddable":true,"href":"https:\/\/artejoven.org\/en\/wp-json\/wp\/v2\/comments?post=6533"}],"version-history":[{"count":0,"href":"https:\/\/artejoven.org\/en\/wp-json\/wp\/v2\/pages\/6533\/revisions"}],"up":[{"embeddable":true,"href":"https:\/\/artejoven.org\/en\/wp-json\/wp\/v2\/pages\/931"}],"wp:featuredmedia":[{"embeddable":true,"href":"https:\/\/artejoven.org\/en\/wp-json\/wp\/v2\/media\/6534"}],"wp:attachment":[{"href":"https:\/\/artejoven.org\/en\/wp-json\/wp\/v2\/media?parent=6533"}],"wp:term":[{"taxonomy":"category","embeddable":true,"href":"https:\/\/artejoven.org\/en\/wp-json\/wp\/v2\/categories?post=6533"},{"taxonomy":"post_tag","embeddable":true,"href":"https:\/\/artejoven.org\/en\/wp-json\/wp\/v2\/tags?post=6533"}],"curies":[{"name":"wp","href":"https:\/\/api.w.org\/{rel}","templated":true}]}}