{"id":7429,"date":"2024-05-23T11:46:57","date_gmt":"2024-05-23T15:46:57","guid":{"rendered":"https:\/\/artejoven.org\/?page_id=7429"},"modified":"2024-05-23T11:47:02","modified_gmt":"2024-05-23T15:47:02","slug":"abel-lescay","status":"publish","type":"page","link":"https:\/\/artejoven.org\/en\/beneficiarios\/abel-lescay\/","title":{"rendered":"Abel Lescay"},"content":{"rendered":"","protected":false},"excerpt":{"rendered":"<p>Abel Lescay (Mayabeque, 1999), is a piano graduate, professor of Piano and Theory, and piano accompanist at the National School of Art (ENA) in 2017. <\/p>","protected":false},"author":1,"featured_media":7430,"parent":931,"menu_order":0,"comment_status":"closed","ping_status":"closed","template":"","meta":{"_acf_changed":false,"footnotes":"","_links_to":"","_links_to_target":""},"categories":[13,31],"tags":[63],"class_list":["post-7429","page","type-page","status-publish","has-post-thumbnail","hentry","category-beneficiarios","category-musica-beneficiarios","tag-63","post","post-with-thumbnail","post-with-thumbnail-large"],"acf":[],"aioseo_notices":[],"jetpack-related-posts":[{"id":7735,"url":"#element","url_meta":{"origin":7429,"position":0},"title":"Abel Barroso","author":"Ren\u00e9 Manuel Puig","date":"15 de July de 2024","format":false,"excerpt":"Visual artist (Pinar del R\u00edo, Cuba, 1971)","rel":"","context":"In &quot;Jurados&quot;","block_context":{"text":"Jurados","link":"https:\/\/artejoven.org\/en\/category\/jurados\/"},"img":{"alt_text":"","src":"https:\/\/i0.wp.com\/artejoven.org\/wp-content\/uploads\/2024\/07\/Abel-Barroso-jpg.webp?resize=350%2C200&ssl=1","width":350,"height":200},"classes":[]},{"id":2815,"url":"https:\/\/artejoven.org\/en\/beneficiarios\/rolando-galindo\/","url_meta":{"origin":7429,"position":1},"title":"Rolando Galindo","author":"Ren\u00e9 Manuel Puig","date":"24 de May de 2023","format":false,"excerpt":"Rolando Galindo P\u00e9rez (Artemisa, 1993) graduated in Painting from the Eduardo Abela Provincial Academy of Visual Arts in Mayabeque, Cuba and is currently in his fourth and final year of Visual Arts at the University of the Arts (ISA).","rel":"","context":"In &quot;Artes Visuales&quot;","block_context":{"text":"Artes Visuales","link":"https:\/\/artejoven.org\/en\/category\/beneficiarios\/artes-visuales-beneficiarios\/"},"img":{"alt_text":"Rolando Galindo","src":"https:\/\/i0.wp.com\/artejoven.org\/wp-content\/uploads\/2023\/06\/Rolando-Galindo-jpg.webp?resize=350%2C200&ssl=1","width":350,"height":200,"srcset":"https:\/\/i0.wp.com\/artejoven.org\/wp-content\/uploads\/2023\/06\/Rolando-Galindo-jpg.webp?resize=350%2C200&ssl=1 1x, https:\/\/i0.wp.com\/artejoven.org\/wp-content\/uploads\/2023\/06\/Rolando-Galindo-jpg.webp?resize=525%2C300&ssl=1 1.5x, https:\/\/i0.wp.com\/artejoven.org\/wp-content\/uploads\/2023\/06\/Rolando-Galindo-jpg.webp?resize=700%2C400&ssl=1 2x"},"classes":[]},{"id":931,"url":"https:\/\/artejoven.org\/en\/beneficiarios\/","url_meta":{"origin":7429,"position":2},"title":"Beneficiaries","author":"Ren\u00e9 Manuel Puig","date":"17 de April de 2023","format":false,"excerpt":"Meet the beneficiaries. Each artist or cultural enterprise supported by the Fondo de Arte Joven.","rel":"","context":"Similar post","block_context":{"text":"Similar post","link":""},"img":{"alt_text":"Fondo de Arte Joven","src":"https:\/\/i0.wp.com\/artejoven.org\/wp-content\/uploads\/2023\/06\/Fondo-de-Arte-Joven.jpg?resize=350%2C200&ssl=1","width":350,"height":200,"srcset":"https:\/\/i0.wp.com\/artejoven.org\/wp-content\/uploads\/2023\/06\/Fondo-de-Arte-Joven.jpg?resize=350%2C200&ssl=1 1x, https:\/\/i0.wp.com\/artejoven.org\/wp-content\/uploads\/2023\/06\/Fondo-de-Arte-Joven.jpg?resize=525%2C300&ssl=1 1.5x, https:\/\/i0.wp.com\/artejoven.org\/wp-content\/uploads\/2023\/06\/Fondo-de-Arte-Joven.jpg?resize=700%2C400&ssl=1 2x"},"classes":[]},{"id":2828,"url":"https:\/\/artejoven.org\/en\/beneficiarios\/victor-manuel-ojeda\/","url_meta":{"origin":7429,"position":3},"title":"Victor Manuel Ojeda","author":"Ren\u00e9 Manuel Puig","date":"28 de May de 2023","format":false,"excerpt":"Victor Manuel Ojeda Collado (Mayabeque, 1990) graduated in the specialty of Painting from the Eduardo Abela Provincial Academy of Visual Arts in 2009 and in Conservation of Cultural Heritage, in 2020, from the University of the Arts (ISA).","rel":"","context":"In &quot;Artes Visuales&quot;","block_context":{"text":"Artes Visuales","link":"https:\/\/artejoven.org\/en\/category\/beneficiarios\/artes-visuales-beneficiarios\/"},"img":{"alt_text":"Victor Manuel Ojeda","src":"https:\/\/i0.wp.com\/artejoven.org\/wp-content\/uploads\/2023\/06\/Victor-Manuel-Ojeda-jpg.webp?resize=350%2C200&ssl=1","width":350,"height":200,"srcset":"https:\/\/i0.wp.com\/artejoven.org\/wp-content\/uploads\/2023\/06\/Victor-Manuel-Ojeda-jpg.webp?resize=350%2C200&ssl=1 1x, https:\/\/i0.wp.com\/artejoven.org\/wp-content\/uploads\/2023\/06\/Victor-Manuel-Ojeda-jpg.webp?resize=525%2C300&ssl=1 1.5x, https:\/\/i0.wp.com\/artejoven.org\/wp-content\/uploads\/2023\/06\/Victor-Manuel-Ojeda-jpg.webp?resize=700%2C400&ssl=1 2x, https:\/\/i0.wp.com\/artejoven.org\/wp-content\/uploads\/2023\/06\/Victor-Manuel-Ojeda-jpg.webp?resize=1050%2C600&ssl=1 3x"},"classes":[]},{"id":8939,"url":"https:\/\/artejoven.org\/en\/beneficiarios\/camila-araujo-vazquez\/","url_meta":{"origin":7429,"position":4},"title":"Camila Araujo V\u00e1zquez","author":"Ren\u00e9 Manuel Puig","date":"24 de February de 2025","format":false,"excerpt":"(Matanzas, 2006) Piano student at the Escuela Profesional de Arte de Matanzas.","rel":"","context":"In &quot;Beneficiarios&quot;","block_context":{"text":"Beneficiarios","link":"https:\/\/artejoven.org\/en\/category\/beneficiarios\/"},"img":{"alt_text":"Camila Araujo","src":"https:\/\/i0.wp.com\/artejoven.org\/wp-content\/uploads\/2025\/02\/Camila-Araujo.webp?resize=350%2C200&ssl=1","width":350,"height":200,"srcset":"https:\/\/i0.wp.com\/artejoven.org\/wp-content\/uploads\/2025\/02\/Camila-Araujo.webp?resize=350%2C200&ssl=1 1x, https:\/\/i0.wp.com\/artejoven.org\/wp-content\/uploads\/2025\/02\/Camila-Araujo.webp?resize=525%2C300&ssl=1 1.5x"},"classes":[]},{"id":8764,"url":"https:\/\/artejoven.org\/en\/beneficiarios\/jose-angel-medina-gomez\/","url_meta":{"origin":7429,"position":5},"title":"Jos\u00e9 \u00c1ngel Medina G\u00f3mez","author":"Ren\u00e9 Manuel Puig","date":"12 de February de 2025","format":false,"excerpt":"(Matanzas, 2008) Piano student at the Professional School of Arts of Matanzas.","rel":"","context":"In &quot;Beneficiarios&quot;","block_context":{"text":"Beneficiarios","link":"https:\/\/artejoven.org\/en\/category\/beneficiarios\/"},"img":{"alt_text":"Jos\u00e9 \u00c1ngel Medina L\u00f3pez","src":"https:\/\/i0.wp.com\/artejoven.org\/wp-content\/uploads\/2025\/02\/Jose-Angel-Medina-Lopez.webp?resize=350%2C200&ssl=1","width":350,"height":200,"srcset":"https:\/\/i0.wp.com\/artejoven.org\/wp-content\/uploads\/2025\/02\/Jose-Angel-Medina-Lopez.webp?resize=350%2C200&ssl=1 1x, https:\/\/i0.wp.com\/artejoven.org\/wp-content\/uploads\/2025\/02\/Jose-Angel-Medina-Lopez.webp?resize=525%2C300&ssl=1 1.5x"},"classes":[]}],"jetpack_sharing_enabled":true,"_links":{"self":[{"href":"https:\/\/artejoven.org\/en\/wp-json\/wp\/v2\/pages\/7429","targetHints":{"allow":["GET"]}}],"collection":[{"href":"https:\/\/artejoven.org\/en\/wp-json\/wp\/v2\/pages"}],"about":[{"href":"https:\/\/artejoven.org\/en\/wp-json\/wp\/v2\/types\/page"}],"author":[{"embeddable":true,"href":"https:\/\/artejoven.org\/en\/wp-json\/wp\/v2\/users\/1"}],"replies":[{"embeddable":true,"href":"https:\/\/artejoven.org\/en\/wp-json\/wp\/v2\/comments?post=7429"}],"version-history":[{"count":0,"href":"https:\/\/artejoven.org\/en\/wp-json\/wp\/v2\/pages\/7429\/revisions"}],"up":[{"embeddable":true,"href":"https:\/\/artejoven.org\/en\/wp-json\/wp\/v2\/pages\/931"}],"wp:featuredmedia":[{"embeddable":true,"href":"https:\/\/artejoven.org\/en\/wp-json\/wp\/v2\/media\/7430"}],"wp:attachment":[{"href":"https:\/\/artejoven.org\/en\/wp-json\/wp\/v2\/media?parent=7429"}],"wp:term":[{"taxonomy":"category","embeddable":true,"href":"https:\/\/artejoven.org\/en\/wp-json\/wp\/v2\/categories?post=7429"},{"taxonomy":"post_tag","embeddable":true,"href":"https:\/\/artejoven.org\/en\/wp-json\/wp\/v2\/tags?post=7429"}],"curies":[{"name":"wp","href":"https:\/\/api.w.org\/{rel}","templated":true}]}}