{"id":8751,"date":"2025-02-11T11:47:00","date_gmt":"2025-02-11T16:47:00","guid":{"rendered":"https:\/\/artejoven.org\/?page_id=8751"},"modified":"2025-02-11T11:47:03","modified_gmt":"2025-02-11T16:47:03","slug":"alessa-blanco-bencomo","status":"publish","type":"page","link":"https:\/\/artejoven.org\/en\/beneficiarios\/alessa-blanco-bencomo\/","title":{"rendered":"Alessa Blanco Bencomo"},"content":{"rendered":"","protected":false},"excerpt":{"rendered":"<p>(Havana, 2009) Flute student at the Escuela Nacional de Arte (ENA) in Havana. <\/p>","protected":false},"author":1,"featured_media":8752,"parent":931,"menu_order":0,"comment_status":"closed","ping_status":"closed","template":"","meta":{"_acf_changed":false,"footnotes":"","_links_to":"","_links_to_target":""},"categories":[13,66],"tags":[63],"class_list":["post-8751","page","type-page","status-publish","has-post-thumbnail","hentry","category-beneficiarios","category-concurso-nacional-de-musica","tag-63","post","post-with-thumbnail","post-with-thumbnail-large"],"acf":[],"aioseo_notices":[],"jetpack-related-posts":[{"id":8936,"url":"https:\/\/artejoven.org\/en\/beneficiarios\/elias-alexander-ferrer-duverger\/","url_meta":{"origin":8751,"position":0},"title":"El\u00edas Alexander Ferrer Duverger","author":"Ren\u00e9 Manuel Puig","date":"24 de February de 2025","format":false,"excerpt":"(Havana, 2006) Percussion student at the National School of Music in Havana.","rel":"","context":"In &quot;Beneficiarios&quot;","block_context":{"text":"Beneficiarios","link":"https:\/\/artejoven.org\/en\/category\/beneficiarios\/"},"img":{"alt_text":"El\u00edas Alexander Ferrer Duverger","src":"https:\/\/i0.wp.com\/artejoven.org\/wp-content\/uploads\/2025\/02\/Duve-Elias.webp?resize=350%2C200&ssl=1","width":350,"height":200,"srcset":"https:\/\/i0.wp.com\/artejoven.org\/wp-content\/uploads\/2025\/02\/Duve-Elias.webp?resize=350%2C200&ssl=1 1x, https:\/\/i0.wp.com\/artejoven.org\/wp-content\/uploads\/2025\/02\/Duve-Elias.webp?resize=525%2C300&ssl=1 1.5x"},"classes":[]},{"id":8754,"url":"https:\/\/artejoven.org\/en\/beneficiarios\/laura-diaz-la-o\/","url_meta":{"origin":8751,"position":1},"title":"Laura Diaz La O","author":"Ren\u00e9 Manuel Puig","date":"11 de February de 2025","format":false,"excerpt":"(Havana, 2007) Violin student at the conservatory of music \"Amadeo Rold\u00e1n, in Havana.","rel":"","context":"In &quot;Beneficiarios&quot;","block_context":{"text":"Beneficiarios","link":"https:\/\/artejoven.org\/en\/category\/beneficiarios\/"},"img":{"alt_text":"Laura D\u00edaz La O","src":"https:\/\/i0.wp.com\/artejoven.org\/wp-content\/uploads\/2025\/02\/Laura-Diaz.webp?resize=350%2C200&ssl=1","width":350,"height":200,"srcset":"https:\/\/i0.wp.com\/artejoven.org\/wp-content\/uploads\/2025\/02\/Laura-Diaz.webp?resize=350%2C200&ssl=1 1x, https:\/\/i0.wp.com\/artejoven.org\/wp-content\/uploads\/2025\/02\/Laura-Diaz.webp?resize=525%2C300&ssl=1 1.5x"},"classes":[]},{"id":10578,"url":"https:\/\/artejoven.org\/en\/beneficiarios\/vismar-suarez-gomez\/","url_meta":{"origin":8751,"position":2},"title":"Vismar Su\u00e1rez G\u00f3mez","author":"Ren\u00e9 Manuel Puig","date":"6 de March de 2026","format":false,"excerpt":"(Havana, 2008) Saxophonist trained at the Escuela Elemental de M\u00fasica Alejandro Garc\u00eda Caturla in Havana, and student at the Escuela Nacional de Arte de Cuba (ENA).","rel":"","context":"In &quot;Beneficiarios&quot;","block_context":{"text":"Beneficiarios","link":"https:\/\/artejoven.org\/en\/category\/beneficiarios\/"},"img":{"alt_text":"Vismar Su\u00e1rez G\u00f3mez","src":"https:\/\/i0.wp.com\/artejoven.org\/wp-content\/uploads\/2026\/03\/Vismar-Suarez-Gomez.webp?resize=350%2C200&ssl=1","width":350,"height":200,"srcset":"https:\/\/i0.wp.com\/artejoven.org\/wp-content\/uploads\/2026\/03\/Vismar-Suarez-Gomez.webp?resize=350%2C200&ssl=1 1x, https:\/\/i0.wp.com\/artejoven.org\/wp-content\/uploads\/2026\/03\/Vismar-Suarez-Gomez.webp?resize=525%2C300&ssl=1 1.5x"},"classes":[]},{"id":8831,"url":"https:\/\/artejoven.org\/en\/beneficiarios\/airel-suarez\/","url_meta":{"origin":8751,"position":3},"title":"Airel Suarez","author":"Ren\u00e9 Manuel Puig","date":"20 de February de 2025","format":false,"excerpt":"Airel Su\u00e1rez (Havana, 2004) Graduated from the San Alejandro National Academy of Fine Arts (2019-2023), in Havana.","rel":"","context":"In &quot;Artes Visuales&quot;","block_context":{"text":"Artes Visuales","link":"https:\/\/artejoven.org\/en\/category\/beneficiarios\/artes-visuales-beneficiarios\/"},"img":{"alt_text":"Airel Su\u00e1rez","src":"https:\/\/i0.wp.com\/artejoven.org\/wp-content\/uploads\/2025\/02\/Airel-Suarez.webp?resize=350%2C200&ssl=1","width":350,"height":200,"srcset":"https:\/\/i0.wp.com\/artejoven.org\/wp-content\/uploads\/2025\/02\/Airel-Suarez.webp?resize=350%2C200&ssl=1 1x, https:\/\/i0.wp.com\/artejoven.org\/wp-content\/uploads\/2025\/02\/Airel-Suarez.webp?resize=525%2C300&ssl=1 1.5x"},"classes":[]},{"id":8737,"url":"https:\/\/artejoven.org\/en\/beneficiarios\/ronny-yunior-lopez-vega\/","url_meta":{"origin":8751,"position":4},"title":"Ronny Yunior L\u00f3pez Vega","author":"Ren\u00e9 Manuel Puig","date":"11 de February de 2025","format":false,"excerpt":"(Havana, 2010) Piano student at the Elementary School of Music, Manuel Saumell, Havana.","rel":"","context":"In &quot;Beneficiarios&quot;","block_context":{"text":"Beneficiarios","link":"https:\/\/artejoven.org\/en\/category\/beneficiarios\/"},"img":{"alt_text":"Ronny Yunior L\u00f3pez Vega","src":"https:\/\/i0.wp.com\/artejoven.org\/wp-content\/uploads\/2025\/02\/Ronny-Yunior-Lopez-Vega-1.webp?resize=350%2C200&ssl=1","width":350,"height":200,"srcset":"https:\/\/i0.wp.com\/artejoven.org\/wp-content\/uploads\/2025\/02\/Ronny-Yunior-Lopez-Vega-1.webp?resize=350%2C200&ssl=1 1x, https:\/\/i0.wp.com\/artejoven.org\/wp-content\/uploads\/2025\/02\/Ronny-Yunior-Lopez-Vega-1.webp?resize=525%2C300&ssl=1 1.5x"},"classes":[]},{"id":10539,"url":"https:\/\/artejoven.org\/en\/beneficiarios\/alvaro-perez-ruiz\/","url_meta":{"origin":8751,"position":5},"title":"Alvaro Perez Ruiz","author":"Ren\u00e9 Manuel Puig","date":"6 de March de 2026","format":false,"excerpt":"(Havana, 2013) Pianist in training, student of the Escuela Elemental de M\u00fasica Alejandro Garc\u00eda Caturla, Havana where he has been studying Basic Piano since 2021.","rel":"","context":"In &quot;Beneficiarios&quot;","block_context":{"text":"Beneficiarios","link":"https:\/\/artejoven.org\/en\/category\/beneficiarios\/"},"img":{"alt_text":"Alvaro P\u00e9rez Ruiz","src":"https:\/\/i0.wp.com\/artejoven.org\/wp-content\/uploads\/2026\/03\/Alvaro-1.webp?resize=350%2C200&ssl=1","width":350,"height":200,"srcset":"https:\/\/i0.wp.com\/artejoven.org\/wp-content\/uploads\/2026\/03\/Alvaro-1.webp?resize=350%2C200&ssl=1 1x, https:\/\/i0.wp.com\/artejoven.org\/wp-content\/uploads\/2026\/03\/Alvaro-1.webp?resize=525%2C300&ssl=1 1.5x"},"classes":[]}],"jetpack_sharing_enabled":true,"_links":{"self":[{"href":"https:\/\/artejoven.org\/en\/wp-json\/wp\/v2\/pages\/8751","targetHints":{"allow":["GET"]}}],"collection":[{"href":"https:\/\/artejoven.org\/en\/wp-json\/wp\/v2\/pages"}],"about":[{"href":"https:\/\/artejoven.org\/en\/wp-json\/wp\/v2\/types\/page"}],"author":[{"embeddable":true,"href":"https:\/\/artejoven.org\/en\/wp-json\/wp\/v2\/users\/1"}],"replies":[{"embeddable":true,"href":"https:\/\/artejoven.org\/en\/wp-json\/wp\/v2\/comments?post=8751"}],"version-history":[{"count":0,"href":"https:\/\/artejoven.org\/en\/wp-json\/wp\/v2\/pages\/8751\/revisions"}],"up":[{"embeddable":true,"href":"https:\/\/artejoven.org\/en\/wp-json\/wp\/v2\/pages\/931"}],"wp:featuredmedia":[{"embeddable":true,"href":"https:\/\/artejoven.org\/en\/wp-json\/wp\/v2\/media\/8752"}],"wp:attachment":[{"href":"https:\/\/artejoven.org\/en\/wp-json\/wp\/v2\/media?parent=8751"}],"wp:term":[{"taxonomy":"category","embeddable":true,"href":"https:\/\/artejoven.org\/en\/wp-json\/wp\/v2\/categories?post=8751"},{"taxonomy":"post_tag","embeddable":true,"href":"https:\/\/artejoven.org\/en\/wp-json\/wp\/v2\/tags?post=8751"}],"curies":[{"name":"wp","href":"https:\/\/api.w.org\/{rel}","templated":true}]}}