{"id":8834,"date":"2025-02-20T15:56:53","date_gmt":"2025-02-20T20:56:53","guid":{"rendered":"https:\/\/artejoven.org\/?page_id=8834"},"modified":"2025-02-20T17:25:16","modified_gmt":"2025-02-20T22:25:16","slug":"miguel-reyes","status":"publish","type":"page","link":"https:\/\/artejoven.org\/en\/beneficiarios\/miguel-reyes\/","title":{"rendered":"Miguel Reyes"},"content":{"rendered":"","protected":false},"excerpt":{"rendered":"<p>Miguel Reyes (Manzanillo, 1993)<br \/>\nGraduated from the Carlos Enriquez Academy of Plastic Arts in Manzanillo, Granma (2008- 2012). <\/p>","protected":false},"author":1,"featured_media":8835,"parent":931,"menu_order":0,"comment_status":"closed","ping_status":"closed","template":"","meta":{"_acf_changed":false,"footnotes":"","_links_to":"","_links_to_target":""},"categories":[32,13],"tags":[63,38],"class_list":["post-8834","page","type-page","status-publish","has-post-thumbnail","hentry","category-artes-visuales-beneficiarios","category-beneficiarios","tag-63","tag-artes-visuales","post","post-with-thumbnail","post-with-thumbnail-large"],"acf":[],"aioseo_notices":[],"jetpack-related-posts":[{"id":6528,"url":"https:\/\/artejoven.org\/en\/beneficiarios\/daniel-anton\/","url_meta":{"origin":8834,"position":0},"title":"Daniel Ant\u00f3n","author":"Ren\u00e9 Manuel Puig","date":"6 de December de 2023","format":false,"excerpt":"Daniel Ant\u00f3n (Cienfuegos, 1999). Graduated from the Benny Mor\u00e9 School of Arts in Cienfuegos (2014- 2018). He is currently in his third year of Visual Arts at the Instituto Superior de Artes (ISA).","rel":"","context":"In &quot;Artes Visuales&quot;","block_context":{"text":"Artes Visuales","link":"https:\/\/artejoven.org\/en\/category\/beneficiarios\/artes-visuales-beneficiarios\/"},"img":{"alt_text":"Daniel Ant\u00f3n","src":"https:\/\/i0.wp.com\/artejoven.org\/wp-content\/uploads\/2023\/12\/Daniel-Anton-jpg.webp?resize=350%2C200&ssl=1","width":350,"height":200,"srcset":"https:\/\/i0.wp.com\/artejoven.org\/wp-content\/uploads\/2023\/12\/Daniel-Anton-jpg.webp?resize=350%2C200&ssl=1 1x, https:\/\/i0.wp.com\/artejoven.org\/wp-content\/uploads\/2023\/12\/Daniel-Anton-jpg.webp?resize=525%2C300&ssl=1 1.5x"},"classes":[]},{"id":2815,"url":"https:\/\/artejoven.org\/en\/beneficiarios\/rolando-galindo\/","url_meta":{"origin":8834,"position":1},"title":"Rolando Galindo","author":"Ren\u00e9 Manuel Puig","date":"24 de May de 2023","format":false,"excerpt":"Rolando Galindo P\u00e9rez (Artemisa, 1993) graduated in Painting from the Eduardo Abela Provincial Academy of Visual Arts in Mayabeque, Cuba and is currently in his fourth and final year of Visual Arts at the University of the Arts (ISA).","rel":"","context":"In &quot;Artes Visuales&quot;","block_context":{"text":"Artes Visuales","link":"https:\/\/artejoven.org\/en\/category\/beneficiarios\/artes-visuales-beneficiarios\/"},"img":{"alt_text":"Rolando Galindo","src":"https:\/\/i0.wp.com\/artejoven.org\/wp-content\/uploads\/2023\/06\/Rolando-Galindo-jpg.webp?resize=350%2C200&ssl=1","width":350,"height":200,"srcset":"https:\/\/i0.wp.com\/artejoven.org\/wp-content\/uploads\/2023\/06\/Rolando-Galindo-jpg.webp?resize=350%2C200&ssl=1 1x, https:\/\/i0.wp.com\/artejoven.org\/wp-content\/uploads\/2023\/06\/Rolando-Galindo-jpg.webp?resize=525%2C300&ssl=1 1.5x, https:\/\/i0.wp.com\/artejoven.org\/wp-content\/uploads\/2023\/06\/Rolando-Galindo-jpg.webp?resize=700%2C400&ssl=1 2x"},"classes":[]},{"id":2882,"url":"https:\/\/artejoven.org\/en\/beneficiarios\/harold-ramirez\/","url_meta":{"origin":8834,"position":2},"title":"Harold Ramirez\u00a0","author":"Ren\u00e9 Manuel Puig","date":"17 de May de 2023","format":false,"excerpt":"Harold Ram\u00edrez Veliz (Havana, 1997) is a 2018 graduate of the San Alejandro National Academy of Fine Arts and is currently studying visual arts at the University of the Arts (ISA).","rel":"","context":"In &quot;Artes Visuales&quot;","block_context":{"text":"Artes Visuales","link":"https:\/\/artejoven.org\/en\/category\/beneficiarios\/artes-visuales-beneficiarios\/"},"img":{"alt_text":"Harold Ram\u00edrez","src":"https:\/\/i0.wp.com\/artejoven.org\/wp-content\/uploads\/2023\/06\/Harold-Ramirez-jpg.webp?resize=350%2C200&ssl=1","width":350,"height":200,"srcset":"https:\/\/i0.wp.com\/artejoven.org\/wp-content\/uploads\/2023\/06\/Harold-Ramirez-jpg.webp?resize=350%2C200&ssl=1 1x, https:\/\/i0.wp.com\/artejoven.org\/wp-content\/uploads\/2023\/06\/Harold-Ramirez-jpg.webp?resize=525%2C300&ssl=1 1.5x"},"classes":[]},{"id":8831,"url":"https:\/\/artejoven.org\/en\/beneficiarios\/airel-suarez\/","url_meta":{"origin":8834,"position":3},"title":"Airel Suarez","author":"Ren\u00e9 Manuel Puig","date":"20 de February de 2025","format":false,"excerpt":"Airel Su\u00e1rez (Havana, 2004) Graduated from the San Alejandro National Academy of Fine Arts (2019-2023), in Havana.","rel":"","context":"In &quot;Artes Visuales&quot;","block_context":{"text":"Artes Visuales","link":"https:\/\/artejoven.org\/en\/category\/beneficiarios\/artes-visuales-beneficiarios\/"},"img":{"alt_text":"Airel Su\u00e1rez","src":"https:\/\/i0.wp.com\/artejoven.org\/wp-content\/uploads\/2025\/02\/Airel-Suarez.webp?resize=350%2C200&ssl=1","width":350,"height":200,"srcset":"https:\/\/i0.wp.com\/artejoven.org\/wp-content\/uploads\/2025\/02\/Airel-Suarez.webp?resize=350%2C200&ssl=1 1x, https:\/\/i0.wp.com\/artejoven.org\/wp-content\/uploads\/2025\/02\/Airel-Suarez.webp?resize=525%2C300&ssl=1 1.5x"},"classes":[]},{"id":8841,"url":"https:\/\/artejoven.org\/en\/beneficiarios\/karolyn-sanchez\/","url_meta":{"origin":8834,"position":4},"title":"Karolyn Sanchez","author":"Ren\u00e9 Manuel Puig","date":"20 de February de 2025","format":false,"excerpt":"Karolyn S\u00e1nchez (Havana, 2003) Graduated with a gold degree from the San Alejandro National Academy of Fine Arts (2019-2023).","rel":"","context":"In &quot;Artes Visuales&quot;","block_context":{"text":"Artes Visuales","link":"https:\/\/artejoven.org\/en\/category\/beneficiarios\/artes-visuales-beneficiarios\/"},"img":{"alt_text":"Karolyn S\u00e1nchez","src":"https:\/\/i0.wp.com\/artejoven.org\/wp-content\/uploads\/2025\/02\/Karolyn-Sanchez.webp?resize=350%2C200&ssl=1","width":350,"height":200,"srcset":"https:\/\/i0.wp.com\/artejoven.org\/wp-content\/uploads\/2025\/02\/Karolyn-Sanchez.webp?resize=350%2C200&ssl=1 1x, https:\/\/i0.wp.com\/artejoven.org\/wp-content\/uploads\/2025\/02\/Karolyn-Sanchez.webp?resize=525%2C300&ssl=1 1.5x"},"classes":[]},{"id":8837,"url":"https:\/\/artejoven.org\/en\/beneficiarios\/karla-betancourt\/","url_meta":{"origin":8834,"position":5},"title":"Karla Betancourt","author":"Ren\u00e9 Manuel Puig","date":"20 de February de 2025","format":false,"excerpt":"Karla Betancourt (Sancti Sp\u00edritus, 1992) Graduated with a gold degree from the University of the Arts (ISA) of Cuba in the profile Conservation and Restoration of Movable Goods (2017).","rel":"","context":"In &quot;Artes Visuales&quot;","block_context":{"text":"Artes Visuales","link":"https:\/\/artejoven.org\/en\/category\/beneficiarios\/artes-visuales-beneficiarios\/"},"img":{"alt_text":"Karla Betancourt","src":"https:\/\/i0.wp.com\/artejoven.org\/wp-content\/uploads\/2025\/02\/Karla-Betancourt.webp?resize=350%2C200&ssl=1","width":350,"height":200,"srcset":"https:\/\/i0.wp.com\/artejoven.org\/wp-content\/uploads\/2025\/02\/Karla-Betancourt.webp?resize=350%2C200&ssl=1 1x, https:\/\/i0.wp.com\/artejoven.org\/wp-content\/uploads\/2025\/02\/Karla-Betancourt.webp?resize=525%2C300&ssl=1 1.5x"},"classes":[]}],"jetpack_sharing_enabled":true,"_links":{"self":[{"href":"https:\/\/artejoven.org\/en\/wp-json\/wp\/v2\/pages\/8834","targetHints":{"allow":["GET"]}}],"collection":[{"href":"https:\/\/artejoven.org\/en\/wp-json\/wp\/v2\/pages"}],"about":[{"href":"https:\/\/artejoven.org\/en\/wp-json\/wp\/v2\/types\/page"}],"author":[{"embeddable":true,"href":"https:\/\/artejoven.org\/en\/wp-json\/wp\/v2\/users\/1"}],"replies":[{"embeddable":true,"href":"https:\/\/artejoven.org\/en\/wp-json\/wp\/v2\/comments?post=8834"}],"version-history":[{"count":0,"href":"https:\/\/artejoven.org\/en\/wp-json\/wp\/v2\/pages\/8834\/revisions"}],"up":[{"embeddable":true,"href":"https:\/\/artejoven.org\/en\/wp-json\/wp\/v2\/pages\/931"}],"wp:featuredmedia":[{"embeddable":true,"href":"https:\/\/artejoven.org\/en\/wp-json\/wp\/v2\/media\/8835"}],"wp:attachment":[{"href":"https:\/\/artejoven.org\/en\/wp-json\/wp\/v2\/media?parent=8834"}],"wp:term":[{"taxonomy":"category","embeddable":true,"href":"https:\/\/artejoven.org\/en\/wp-json\/wp\/v2\/categories?post=8834"},{"taxonomy":"post_tag","embeddable":true,"href":"https:\/\/artejoven.org\/en\/wp-json\/wp\/v2\/tags?post=8834"}],"curies":[{"name":"wp","href":"https:\/\/api.w.org\/{rel}","templated":true}]}}