{"id":10596,"date":"2026-03-08T20:22:56","date_gmt":"2026-03-09T00:22:56","guid":{"rendered":"https:\/\/artejoven.org\/?page_id=10596"},"modified":"2026-03-08T20:22:59","modified_gmt":"2026-03-09T00:22:59","slug":"moises-elias-hernandez-zaldivar","status":"publish","type":"page","link":"https:\/\/artejoven.org\/fr\/beneficiarios\/moises-elias-hernandez-zaldivar\/","title":{"rendered":"Mois\u00e9s El\u00edas Hern\u00e1ndez Zald\u00edvar"},"content":{"rendered":"","protected":false},"excerpt":{"rendered":"<p>(Holgu\u00edn, 2007) Pianiste form\u00e9 \u00e0 l'Escuela Elemental de Arte Ra\u00fal G\u00f3mez Garc\u00eda \u00e0 Holgu\u00edn et actuellement \u00e9tudiant au Conservatoire Jos\u00e9 Mar\u00eda Ochoa dans la m\u00eame province. <\/p>","protected":false},"author":1,"featured_media":10597,"parent":931,"menu_order":0,"comment_status":"closed","ping_status":"closed","template":"","meta":{"_acf_changed":false,"footnotes":"","_links_to":"","_links_to_target":""},"categories":[13,66],"tags":[84],"class_list":["post-10596","page","type-page","status-publish","has-post-thumbnail","hentry","category-beneficiarios","category-concurso-nacional-de-musica","tag-84","post","post-with-thumbnail","post-with-thumbnail-large"],"acf":[],"aioseo_notices":[],"jetpack-related-posts":[{"id":7365,"url":"https:\/\/artejoven.org\/fr\/beneficiarios\/yasel-munoz\/","url_meta":{"origin":10596,"position":0},"title":"Yasel Mu\u00f1oz","author":"Ren\u00e9 Manuel Puig","date":"17 de avril de 2024","format":false,"excerpt":"Yasel Mu\u00f1oz (Holgu\u00edn, 1996) est une jeune fl\u00fbtiste, compositrice, arrangeuse et productrice.","rel":"","context":"Dans &quot;Beneficiarios&quot;","block_context":{"text":"Beneficiarios","link":"https:\/\/artejoven.org\/fr\/category\/beneficiarios\/"},"img":{"alt_text":"Yasel Mu\u00f1oz","src":"https:\/\/i0.wp.com\/artejoven.org\/wp-content\/uploads\/2024\/04\/Yasel-Munoz.jpg?resize=350%2C200&ssl=1","width":350,"height":200},"classes":[]},{"id":7368,"url":"https:\/\/artejoven.org\/fr\/beneficiarios\/yasmani-castro-caballero\/","url_meta":{"origin":10596,"position":1},"title":"Yasmani Castro Caballero","author":"Ren\u00e9 Manuel Puig","date":"17 de avril de 2024","format":false,"excerpt":"Yasmani Castro Caballero (Santiago de Cuba, 1992) est dipl\u00f4m\u00e9e en \u00e9ducation et \u00e9tudiante en quatri\u00e8me ann\u00e9e de communication audiovisuelle dans le domaine de la r\u00e9alisation \u00e0 l'antenne de Holgu\u00edn de l'universit\u00e9 des arts.","rel":"","context":"Dans &quot;Beneficiarios&quot;","block_context":{"text":"Beneficiarios","link":"https:\/\/artejoven.org\/fr\/category\/beneficiarios\/"},"img":{"alt_text":"Yasmani Castro","src":"https:\/\/i0.wp.com\/artejoven.org\/wp-content\/uploads\/2024\/04\/Yasmani-Castro.jpg?resize=350%2C200&ssl=1","width":350,"height":200},"classes":[]},{"id":7892,"url":"https:\/\/www.facebook.com\/yaroldy.abreurobles\/","url_meta":{"origin":10596,"position":2},"title":"Yaroldy Abreu","author":"Ren\u00e9 Manuel Puig","date":"29 de juillet de 2024","format":false,"excerpt":"(Holgu\u00edn, 1977), est un percussionniste expert en rythmes cubains d'origine franco-ha\u00eftienne et en folklore afro-cubain, dot\u00e9 d'une grande technique et d'une grande virtuosit\u00e9. Il a \u00e9t\u00e9 membre d'importants groupes de danse tels que Pupy y los que Son Son, Irakere, Chucho Vald\u00e9s, entre autres.","rel":"","context":"Dans &quot;Aliados&quot;","block_context":{"text":"Aliados","link":"https:\/\/artejoven.org\/fr\/category\/aliados\/"},"img":{"alt_text":"","src":"https:\/\/i0.wp.com\/artejoven.org\/wp-content\/uploads\/2024\/08\/Yaroldy-Abreu-jpeg.webp?resize=350%2C200&ssl=1","width":350,"height":200},"classes":[]},{"id":7965,"url":"https:\/\/artejoven.org\/fr\/convocatorias\/concurso-nacional-de-musica\/","url_meta":{"origin":10596,"position":3},"title":"Concours national de musique","author":"Ren\u00e9 Manuel Puig","date":"30 de ao\u00fbt de 2024","format":false,"excerpt":"Formulaire d'inscription \u00e0 la premi\u00e8re \u00e9dition du concours national de musique","rel":"","context":"Dans &quot;Convocatorias&quot;","block_context":{"text":"Convocatorias","link":"https:\/\/artejoven.org\/fr\/category\/convocatoria\/"},"img":{"alt_text":"","src":"https:\/\/i0.wp.com\/artejoven.org\/wp-content\/uploads\/2023\/05\/Banner-Web.jpg?resize=350%2C200&ssl=1","width":350,"height":200,"srcset":"https:\/\/i0.wp.com\/artejoven.org\/wp-content\/uploads\/2023\/05\/Banner-Web.jpg?resize=350%2C200&ssl=1 1x, https:\/\/i0.wp.com\/artejoven.org\/wp-content\/uploads\/2023\/05\/Banner-Web.jpg?resize=525%2C300&ssl=1 1.5x, https:\/\/i0.wp.com\/artejoven.org\/wp-content\/uploads\/2023\/05\/Banner-Web.jpg?resize=700%2C400&ssl=1 2x"},"classes":[]},{"id":6141,"url":"https:\/\/artejoven.org\/fr\/espacios-faj\/salon-blanco\/habana-un-alma-palpable\/","url_meta":{"origin":10596,"position":4},"title":"La Havane, une \u00e2me palpable","author":"Ren\u00e9 Manuel Puig","date":"23 de octobre de 2023","format":false,"excerpt":"L'exposition \"La Havane, une \u00e2me palpable\" r\u00e9unit un groupe de tr\u00e8s jeunes photographes cubains \u00e9mergents dont les \u0153uvres ne sont pas une, mais plusieurs Havanes.","rel":"","context":"Dans &quot;Exposiciones&quot;","block_context":{"text":"Exposiciones","link":"https:\/\/artejoven.org\/fr\/category\/espacios\/exposiciones-espacios\/"},"img":{"alt_text":"Habana, un alma palpable","src":"https:\/\/i0.wp.com\/artejoven.org\/wp-content\/uploads\/2023\/10\/Habana-un-alma-palpable-68.WEBP?resize=350%2C200&ssl=1","width":350,"height":200,"srcset":"https:\/\/i0.wp.com\/artejoven.org\/wp-content\/uploads\/2023\/10\/Habana-un-alma-palpable-68.WEBP?resize=350%2C200&ssl=1 1x, https:\/\/i0.wp.com\/artejoven.org\/wp-content\/uploads\/2023\/10\/Habana-un-alma-palpable-68.WEBP?resize=525%2C300&ssl=1 1.5x, https:\/\/i0.wp.com\/artejoven.org\/wp-content\/uploads\/2023\/10\/Habana-un-alma-palpable-68.WEBP?resize=700%2C400&ssl=1 2x, https:\/\/i0.wp.com\/artejoven.org\/wp-content\/uploads\/2023\/10\/Habana-un-alma-palpable-68.WEBP?resize=1050%2C600&ssl=1 3x, https:\/\/i0.wp.com\/artejoven.org\/wp-content\/uploads\/2023\/10\/Habana-un-alma-palpable-68.WEBP?resize=1400%2C800&ssl=1 4x"},"classes":[]}],"jetpack_sharing_enabled":true,"_links":{"self":[{"href":"https:\/\/artejoven.org\/fr\/wp-json\/wp\/v2\/pages\/10596","targetHints":{"allow":["GET"]}}],"collection":[{"href":"https:\/\/artejoven.org\/fr\/wp-json\/wp\/v2\/pages"}],"about":[{"href":"https:\/\/artejoven.org\/fr\/wp-json\/wp\/v2\/types\/page"}],"author":[{"embeddable":true,"href":"https:\/\/artejoven.org\/fr\/wp-json\/wp\/v2\/users\/1"}],"replies":[{"embeddable":true,"href":"https:\/\/artejoven.org\/fr\/wp-json\/wp\/v2\/comments?post=10596"}],"version-history":[{"count":1,"href":"https:\/\/artejoven.org\/fr\/wp-json\/wp\/v2\/pages\/10596\/revisions"}],"predecessor-version":[{"id":10598,"href":"https:\/\/artejoven.org\/fr\/wp-json\/wp\/v2\/pages\/10596\/revisions\/10598"}],"up":[{"embeddable":true,"href":"https:\/\/artejoven.org\/fr\/wp-json\/wp\/v2\/pages\/931"}],"wp:featuredmedia":[{"embeddable":true,"href":"https:\/\/artejoven.org\/fr\/wp-json\/wp\/v2\/media\/10597"}],"wp:attachment":[{"href":"https:\/\/artejoven.org\/fr\/wp-json\/wp\/v2\/media?parent=10596"}],"wp:term":[{"taxonomy":"category","embeddable":true,"href":"https:\/\/artejoven.org\/fr\/wp-json\/wp\/v2\/categories?post=10596"},{"taxonomy":"post_tag","embeddable":true,"href":"https:\/\/artejoven.org\/fr\/wp-json\/wp\/v2\/tags?post=10596"}],"curies":[{"name":"wp","href":"https:\/\/api.w.org\/{rel}","templated":true}]}}