{"id":2824,"date":"2023-05-12T22:37:49","date_gmt":"2023-05-13T02:37:49","guid":{"rendered":"https:\/\/artejoven.org\/?page_id=2824"},"modified":"2023-09-01T12:15:05","modified_gmt":"2023-09-01T16:15:05","slug":"anadis-gonzalez","status":"publish","type":"page","link":"https:\/\/artejoven.org\/fr\/beneficiarios\/anadis-gonzalez\/","title":{"rendered":"Anadis Gonz\u00e1lez"},"content":{"rendered":"","protected":false},"excerpt":{"rendered":"<p>Anadis Gonz\u00e1lez M\u00e1rquez (Matanzas, 1994) est dipl\u00f4m\u00e9e en musique \u00e0 l'Escuela Profesional de Arte de Matanzas et en architecture \u00e0 la CUJAE.<\/p>","protected":false},"author":1,"featured_media":2825,"parent":931,"menu_order":0,"comment_status":"closed","ping_status":"closed","template":"","meta":{"_acf_changed":false,"footnotes":"","_links_to":"","_links_to_target":""},"categories":[32,13],"tags":[25,57],"class_list":["post-2824","page","type-page","status-publish","has-post-thumbnail","hentry","category-artes-visuales-beneficiarios","category-beneficiarios","tag-25","tag-primer-programa","post","post-with-thumbnail","post-with-thumbnail-large"],"acf":[],"aioseo_notices":[],"jetpack-related-posts":[{"id":9906,"url":"https:\/\/www.instagram.com\/conservador_matanzas\/","url_meta":{"origin":2824,"position":0},"title":"Bureau du conservateur de la ville de Matanzas","author":"Ren\u00e9 Manuel Puig","date":"9 de octobre de 2025","format":false,"excerpt":"Il g\u00e8re et oriente la mise en \u0153uvre d'actions visant \u00e0 la conservation et \u00e0 l'utilisation durable du patrimoine mobilier et immobilier du centre urbain historique de Matanzas.","rel":"","context":"Dans &quot;Aliados&quot;","block_context":{"text":"Aliados","link":"https:\/\/artejoven.org\/fr\/category\/aliados\/"},"img":{"alt_text":"Oficina del Conservador de la Ciudad de Matanzas","src":"https:\/\/i0.wp.com\/artejoven.org\/wp-content\/uploads\/2025\/10\/Oficina-del-conservador.webp?resize=350%2C200&ssl=1","width":350,"height":200,"srcset":"https:\/\/i0.wp.com\/artejoven.org\/wp-content\/uploads\/2025\/10\/Oficina-del-conservador.webp?resize=350%2C200&ssl=1 1x, https:\/\/i0.wp.com\/artejoven.org\/wp-content\/uploads\/2025\/10\/Oficina-del-conservador.webp?resize=525%2C300&ssl=1 1.5x"},"classes":[]},{"id":7865,"url":"https:\/\/www.facebook.com\/losmunequitosdematanzas\/","url_meta":{"origin":2824,"position":1},"title":"Mu\u00f1equitos de Matanzas","author":"Ren\u00e9 Manuel Puig","date":"12 de juillet de 2024","format":false,"excerpt":"Groupe musical cubain, consid\u00e9r\u00e9 par de nombreux sp\u00e9cialistes comme l'un des principaux repr\u00e9sentants du guaguanc\u00f3 et de la rumba. En 2001, ils ont enregistr\u00e9 plusieurs \u0153uvres sur le CD La rumba Soy Yo, qui r\u00e9unit les meilleurs rumberos de Cuba dans une rumba \"all around\" qui a remport\u00e9 un International Rumba Award.....","rel":"","context":"Dans &quot;Aliados&quot;","block_context":{"text":"Aliados","link":"https:\/\/artejoven.org\/fr\/category\/aliados\/"},"img":{"alt_text":"","src":"https:\/\/i0.wp.com\/artejoven.org\/wp-content\/uploads\/2024\/07\/Los-Munequitos-de-Matanzas-jpg.webp?resize=350%2C200&ssl=1","width":350,"height":200},"classes":[]},{"id":8939,"url":"https:\/\/artejoven.org\/fr\/beneficiarios\/camila-araujo-vazquez\/","url_meta":{"origin":2824,"position":2},"title":"Camila Araujo V\u00e1zquez","author":"Ren\u00e9 Manuel Puig","date":"24 de f\u00e9vrier de 2025","format":false,"excerpt":"(Matanzas, 2006) \u00c9tudiante en piano \u00e0 la Escuela Profesional de Arte de Matanzas.","rel":"","context":"Dans &quot;Beneficiarios&quot;","block_context":{"text":"Beneficiarios","link":"https:\/\/artejoven.org\/fr\/category\/beneficiarios\/"},"img":{"alt_text":"Camila Araujo","src":"https:\/\/i0.wp.com\/artejoven.org\/wp-content\/uploads\/2025\/02\/Camila-Araujo.webp?resize=350%2C200&ssl=1","width":350,"height":200,"srcset":"https:\/\/i0.wp.com\/artejoven.org\/wp-content\/uploads\/2025\/02\/Camila-Araujo.webp?resize=350%2C200&ssl=1 1x, https:\/\/i0.wp.com\/artejoven.org\/wp-content\/uploads\/2025\/02\/Camila-Araujo.webp?resize=525%2C300&ssl=1 1.5x"},"classes":[]},{"id":10588,"url":"https:\/\/artejoven.org\/fr\/beneficiarios\/taijana-alfonso-herrera\/","url_meta":{"origin":2824,"position":3},"title":"Taijana Alfonso Herrera","author":"Ren\u00e9 Manuel Puig","date":"8 de mars de 2026","format":false,"excerpt":"(Matanzas, 2007) Saxophoniste form\u00e9 \u00e0 l'Escuela Vocacional de Arte Alfonso P\u00e9rez Isaac \u00e0 Matanzas.","rel":"","context":"Dans &quot;Beneficiarios&quot;","block_context":{"text":"Beneficiarios","link":"https:\/\/artejoven.org\/fr\/category\/beneficiarios\/"},"img":{"alt_text":"Taijana Alfonso Herrera","src":"https:\/\/i0.wp.com\/artejoven.org\/wp-content\/uploads\/2026\/03\/Taijana-Alfonso-Herrera.webp?resize=350%2C200&ssl=1","width":350,"height":200,"srcset":"https:\/\/i0.wp.com\/artejoven.org\/wp-content\/uploads\/2026\/03\/Taijana-Alfonso-Herrera.webp?resize=350%2C200&ssl=1 1x, https:\/\/i0.wp.com\/artejoven.org\/wp-content\/uploads\/2026\/03\/Taijana-Alfonso-Herrera.webp?resize=525%2C300&ssl=1 1.5x"},"classes":[]},{"id":8764,"url":"https:\/\/artejoven.org\/fr\/beneficiarios\/jose-angel-medina-gomez\/","url_meta":{"origin":2824,"position":4},"title":"Jos\u00e9 \u00c1ngel Medina G\u00f3mez","author":"Ren\u00e9 Manuel Puig","date":"12 de f\u00e9vrier de 2025","format":false,"excerpt":"(Matanzas, 2008) \u00c9tudiante en piano \u00e0 l'\u00c9cole professionnelle des arts de Matanzas.","rel":"","context":"Dans &quot;Beneficiarios&quot;","block_context":{"text":"Beneficiarios","link":"https:\/\/artejoven.org\/fr\/category\/beneficiarios\/"},"img":{"alt_text":"Jos\u00e9 \u00c1ngel Medina L\u00f3pez","src":"https:\/\/i0.wp.com\/artejoven.org\/wp-content\/uploads\/2025\/02\/Jose-Angel-Medina-Lopez.webp?resize=350%2C200&ssl=1","width":350,"height":200,"srcset":"https:\/\/i0.wp.com\/artejoven.org\/wp-content\/uploads\/2025\/02\/Jose-Angel-Medina-Lopez.webp?resize=350%2C200&ssl=1 1x, https:\/\/i0.wp.com\/artejoven.org\/wp-content\/uploads\/2025\/02\/Jose-Angel-Medina-Lopez.webp?resize=525%2C300&ssl=1 1.5x"},"classes":[]},{"id":7334,"url":"https:\/\/artejoven.org\/fr\/beneficiarios\/hot-stuff\/","url_meta":{"origin":2824,"position":5},"title":"Des trucs chauds","author":"Ren\u00e9 Manuel Puig","date":"10 de avril de 2024","format":false,"excerpt":"L'initiative des jeunes Abram Bravo (Matanzas, 1995) et Marialis Mart\u00ednez (Matanzas, 1991) suit les traces d'artistes qui travaillent sur l'imaginaire sexuel dans diff\u00e9rents aspects de leur production.","rel":"","context":"Dans &quot;Artes Visuales&quot;","block_context":{"text":"Artes Visuales","link":"https:\/\/artejoven.org\/fr\/category\/beneficiarios\/artes-visuales-beneficiarios\/"},"img":{"alt_text":"Hot Stuff","src":"https:\/\/i0.wp.com\/artejoven.org\/wp-content\/uploads\/2024\/04\/Hot-Stuff-jpg.webp?resize=350%2C200&ssl=1","width":350,"height":200},"classes":[]}],"jetpack_sharing_enabled":true,"_links":{"self":[{"href":"https:\/\/artejoven.org\/fr\/wp-json\/wp\/v2\/pages\/2824","targetHints":{"allow":["GET"]}}],"collection":[{"href":"https:\/\/artejoven.org\/fr\/wp-json\/wp\/v2\/pages"}],"about":[{"href":"https:\/\/artejoven.org\/fr\/wp-json\/wp\/v2\/types\/page"}],"author":[{"embeddable":true,"href":"https:\/\/artejoven.org\/fr\/wp-json\/wp\/v2\/users\/1"}],"replies":[{"embeddable":true,"href":"https:\/\/artejoven.org\/fr\/wp-json\/wp\/v2\/comments?post=2824"}],"version-history":[{"count":0,"href":"https:\/\/artejoven.org\/fr\/wp-json\/wp\/v2\/pages\/2824\/revisions"}],"up":[{"embeddable":true,"href":"https:\/\/artejoven.org\/fr\/wp-json\/wp\/v2\/pages\/931"}],"wp:featuredmedia":[{"embeddable":true,"href":"https:\/\/artejoven.org\/fr\/wp-json\/wp\/v2\/media\/2825"}],"wp:attachment":[{"href":"https:\/\/artejoven.org\/fr\/wp-json\/wp\/v2\/media?parent=2824"}],"wp:term":[{"taxonomy":"category","embeddable":true,"href":"https:\/\/artejoven.org\/fr\/wp-json\/wp\/v2\/categories?post=2824"},{"taxonomy":"post_tag","embeddable":true,"href":"https:\/\/artejoven.org\/fr\/wp-json\/wp\/v2\/tags?post=2824"}],"curies":[{"name":"wp","href":"https:\/\/api.w.org\/{rel}","templated":true}]}}