{"id":2849,"date":"2023-05-20T06:46:19","date_gmt":"2023-05-20T10:46:19","guid":{"rendered":"https:\/\/artejoven.org\/?page_id=2849"},"modified":"2023-09-01T12:17:02","modified_gmt":"2023-09-01T16:17:02","slug":"mario-e-brino","status":"publish","type":"page","link":"https:\/\/artejoven.org\/fr\/beneficiarios\/mario-e-brino\/","title":{"rendered":"Mario E. Bri\u00f1o"},"content":{"rendered":"","protected":false},"excerpt":{"rendered":"<p>Mario Enrique Bri\u00f1o Alvarez (La Havane, 1998) est actuellement actif dans la production et le d\u00e9veloppement de la vid\u00e9ocartographie dans le cadre de pi\u00e8ces telles que Intimidad, Kil\u00f3metro Cero ou Medea y Player.<\/p>","protected":false},"author":1,"featured_media":2850,"parent":931,"menu_order":0,"comment_status":"closed","ping_status":"closed","template":"","meta":{"_acf_changed":false,"footnotes":"","_links_to":"","_links_to_target":""},"categories":[32,13],"tags":[25,57],"class_list":["post-2849","page","type-page","status-publish","has-post-thumbnail","hentry","category-artes-visuales-beneficiarios","category-beneficiarios","tag-25","tag-primer-programa","post","post-with-thumbnail","post-with-thumbnail-large"],"acf":[],"aioseo_notices":[],"jetpack-related-posts":[{"id":5098,"url":"https:\/\/artejoven.org\/fr\/espacios-faj\/salon-blanco\/paisaje-para-el-proximo-siglo\/","url_meta":{"origin":2849,"position":0},"title":"Un paysage pour le si\u00e8cle prochain","author":"Ren\u00e9 Manuel Puig","date":"26 de mai de 2023","format":false,"excerpt":"Landscape for the next century est le titre de ce projet et correspond \u00e0 une peinture de Cabrera Moreno datant de 1975.","rel":"","context":"Dans &quot;Exposiciones&quot;","block_context":{"text":"Exposiciones","link":"https:\/\/artejoven.org\/fr\/category\/espacios\/exposiciones-espacios\/"},"img":{"alt_text":"Paisaje para el pr\u00f3ximo siglo","src":"https:\/\/i0.wp.com\/artejoven.org\/wp-content\/uploads\/2023\/08\/Paisaje-01-jpg.webp?resize=350%2C200&ssl=1","width":350,"height":200,"srcset":"https:\/\/i0.wp.com\/artejoven.org\/wp-content\/uploads\/2023\/08\/Paisaje-01-jpg.webp?resize=350%2C200&ssl=1 1x, https:\/\/i0.wp.com\/artejoven.org\/wp-content\/uploads\/2023\/08\/Paisaje-01-jpg.webp?resize=525%2C300&ssl=1 1.5x, https:\/\/i0.wp.com\/artejoven.org\/wp-content\/uploads\/2023\/08\/Paisaje-01-jpg.webp?resize=700%2C400&ssl=1 2x, https:\/\/i0.wp.com\/artejoven.org\/wp-content\/uploads\/2023\/08\/Paisaje-01-jpg.webp?resize=1050%2C600&ssl=1 3x"},"classes":[]},{"id":2261,"url":"https:\/\/artejoven.org\/fr\/beneficiarios\/mario-salvador\/","url_meta":{"origin":2849,"position":1},"title":"Mario Salvador","author":"Ren\u00e9 Manuel Puig","date":"21 de mai de 2023","format":false,"excerpt":"Mario Salvador Rodr\u00edguez Morales (La Havane, 1999), ou simplement Mario Salvador, est un jeune tresero, dipl\u00f4m\u00e9 en 2017 de l'Escuela Nacional de Arte et \u00e9tudiant en troisi\u00e8me ann\u00e9e \u00e0 l'Universidad de las Artes (ISA).","rel":"","context":"Dans &quot;Beneficiarios&quot;","block_context":{"text":"Beneficiarios","link":"https:\/\/artejoven.org\/fr\/category\/beneficiarios\/"},"img":{"alt_text":"Mario Salvador","src":"https:\/\/i0.wp.com\/artejoven.org\/wp-content\/uploads\/2023\/06\/Mario-Salvador-1-jpg.webp?resize=350%2C200&ssl=1","width":350,"height":200,"srcset":"https:\/\/i0.wp.com\/artejoven.org\/wp-content\/uploads\/2023\/06\/Mario-Salvador-1-jpg.webp?resize=350%2C200&ssl=1 1x, https:\/\/i0.wp.com\/artejoven.org\/wp-content\/uploads\/2023\/06\/Mario-Salvador-1-jpg.webp?resize=525%2C300&ssl=1 1.5x"},"classes":[]},{"id":10555,"url":"https:\/\/artejoven.org\/fr\/beneficiarios\/armando-mario-moreira-valdes\/","url_meta":{"origin":2849,"position":2},"title":"Armando Mario Moreira Vald\u00e9s","author":"Ren\u00e9 Manuel Puig","date":"6 de mars de 2026","format":false,"excerpt":"(Pinar del R\u00edo, 2011) Guitariste form\u00e9 \u00e0 l'Escuela Provincial de Arte de Pinar del R\u00edo.","rel":"","context":"Dans &quot;Beneficiarios&quot;","block_context":{"text":"Beneficiarios","link":"https:\/\/artejoven.org\/fr\/category\/beneficiarios\/"},"img":{"alt_text":"Armando Mario Moreira Vald\u00e9s","src":"https:\/\/i0.wp.com\/artejoven.org\/wp-content\/uploads\/2026\/03\/Armando-Mario-Moreira-Valdes.webp?resize=350%2C200&ssl=1","width":350,"height":200,"srcset":"https:\/\/i0.wp.com\/artejoven.org\/wp-content\/uploads\/2026\/03\/Armando-Mario-Moreira-Valdes.webp?resize=350%2C200&ssl=1 1x, https:\/\/i0.wp.com\/artejoven.org\/wp-content\/uploads\/2026\/03\/Armando-Mario-Moreira-Valdes.webp?resize=525%2C300&ssl=1 1.5x"},"classes":[]},{"id":10575,"url":"https:\/\/artejoven.org\/fr\/beneficiarios\/maria-karla-rifat-rodriguez\/","url_meta":{"origin":2849,"position":3},"title":"Mar\u00eda Karla Rifat Rodr\u00edguez","author":"Ren\u00e9 Manuel Puig","date":"6 de mars de 2026","format":false,"excerpt":"(Cienfuegos, 2007) Violoncelliste dipl\u00f4m\u00e9e de l'Escuela Profesional de Arte de Matanzas et \u00e9tudiante \u00e0 l'Universidad de las Artes de Cuba (ISA).","rel":"","context":"Dans &quot;Beneficiarios&quot;","block_context":{"text":"Beneficiarios","link":"https:\/\/artejoven.org\/fr\/category\/beneficiarios\/"},"img":{"alt_text":"Mar\u00eda Karla Rifat Rodr\u00edguez","src":"https:\/\/i0.wp.com\/artejoven.org\/wp-content\/uploads\/2026\/03\/Maria-Karla-Rifat-Rodriguez.webp?resize=350%2C200&ssl=1","width":350,"height":200,"srcset":"https:\/\/i0.wp.com\/artejoven.org\/wp-content\/uploads\/2026\/03\/Maria-Karla-Rifat-Rodriguez.webp?resize=350%2C200&ssl=1 1x, https:\/\/i0.wp.com\/artejoven.org\/wp-content\/uploads\/2026\/03\/Maria-Karla-Rifat-Rodriguez.webp?resize=525%2C300&ssl=1 1.5x"},"classes":[]},{"id":5655,"url":"https:\/\/artejoven.org\/fr\/beneficiarios\/annys-maria-batista\/","url_meta":{"origin":2849,"position":4},"title":"Annys Mar\u00eda Batista","author":"Ren\u00e9 Manuel Puig","date":"11 de septembre de 2023","format":false,"excerpt":"Annys Mar\u00eda Batista (Bayamo, 1989) est une instrumentiste et vocaliste, dipl\u00f4m\u00e9e de la Escuela Vocacional de Arte Manuel Mu\u00f1oz Cede\u00f1o (2008). Elle a \u00e9t\u00e9 membre des groupes Compacto, RiverJazz et du quintet f\u00e9minin Nueva Imagen, ainsi que du groupe du musicien cubain Ra\u00fal Torres.","rel":"","context":"Dans &quot;Beneficiarios&quot;","block_context":{"text":"Beneficiarios","link":"https:\/\/artejoven.org\/fr\/category\/beneficiarios\/"},"img":{"alt_text":"Annys Batista","src":"https:\/\/i0.wp.com\/artejoven.org\/wp-content\/uploads\/2023\/09\/Annys-Batista-jpg.webp?resize=350%2C200&ssl=1","width":350,"height":200},"classes":[]},{"id":7329,"url":"https:\/\/artejoven.org\/fr\/beneficiarios\/estaciones\/","url_meta":{"origin":2849,"position":5},"title":"Stations","author":"Ren\u00e9 Manuel Puig","date":"10 de avril de 2024","format":false,"excerpt":"Cette initiative de la jeune artiste visuelle Mar\u00eda Karla Gonz\u00e1lez (Villa Clara, 2003) vise \u00e0 g\u00e9n\u00e9rer des \u00e9v\u00e9nements artistiques en prenant le non-esth\u00e9tique comme base de l'\u00e9v\u00e9nement artistique.","rel":"","context":"Dans &quot;Artes Visuales&quot;","block_context":{"text":"Artes Visuales","link":"https:\/\/artejoven.org\/fr\/category\/beneficiarios\/artes-visuales-beneficiarios\/"},"img":{"alt_text":"Estaciones","src":"https:\/\/i0.wp.com\/artejoven.org\/wp-content\/uploads\/2024\/04\/Estaciones-jpg.webp?resize=350%2C200&ssl=1","width":350,"height":200},"classes":[]}],"jetpack_sharing_enabled":true,"_links":{"self":[{"href":"https:\/\/artejoven.org\/fr\/wp-json\/wp\/v2\/pages\/2849","targetHints":{"allow":["GET"]}}],"collection":[{"href":"https:\/\/artejoven.org\/fr\/wp-json\/wp\/v2\/pages"}],"about":[{"href":"https:\/\/artejoven.org\/fr\/wp-json\/wp\/v2\/types\/page"}],"author":[{"embeddable":true,"href":"https:\/\/artejoven.org\/fr\/wp-json\/wp\/v2\/users\/1"}],"replies":[{"embeddable":true,"href":"https:\/\/artejoven.org\/fr\/wp-json\/wp\/v2\/comments?post=2849"}],"version-history":[{"count":0,"href":"https:\/\/artejoven.org\/fr\/wp-json\/wp\/v2\/pages\/2849\/revisions"}],"up":[{"embeddable":true,"href":"https:\/\/artejoven.org\/fr\/wp-json\/wp\/v2\/pages\/931"}],"wp:featuredmedia":[{"embeddable":true,"href":"https:\/\/artejoven.org\/fr\/wp-json\/wp\/v2\/media\/2850"}],"wp:attachment":[{"href":"https:\/\/artejoven.org\/fr\/wp-json\/wp\/v2\/media?parent=2849"}],"wp:term":[{"taxonomy":"category","embeddable":true,"href":"https:\/\/artejoven.org\/fr\/wp-json\/wp\/v2\/categories?post=2849"},{"taxonomy":"post_tag","embeddable":true,"href":"https:\/\/artejoven.org\/fr\/wp-json\/wp\/v2\/tags?post=2849"}],"curies":[{"name":"wp","href":"https:\/\/api.w.org\/{rel}","templated":true}]}}