{"id":2916,"date":"2023-05-16T11:26:09","date_gmt":"2023-05-16T15:26:09","guid":{"rendered":"https:\/\/artejoven.org\/?page_id=2916"},"modified":"2025-04-01T18:18:26","modified_gmt":"2025-04-01T22:18:26","slug":"gabriel-cisneros","status":"publish","type":"page","link":"https:\/\/artejoven.org\/fr\/beneficiarios\/gabriel-cisneros\/","title":{"rendered":"Gabriel Cisneros"},"content":{"rendered":"","protected":false},"excerpt":{"rendered":"<p>Gabriel Ra\u00fal Cisneros B\u00e1ez (Las Tunas, 1990) est l'un des artistes visuels \u00e9mergents les plus remarquables de Cuba.<\/p>","protected":false},"author":1,"featured_media":2919,"parent":931,"menu_order":0,"comment_status":"closed","ping_status":"closed","template":"","meta":{"_acf_changed":false,"footnotes":"","_links_to":"","_links_to_target":""},"categories":[32,13],"tags":[25,57],"class_list":["post-2916","page","type-page","status-publish","has-post-thumbnail","hentry","category-artes-visuales-beneficiarios","category-beneficiarios","tag-25","tag-primer-programa","post","post-with-thumbnail","post-with-thumbnail-large"],"acf":[],"aioseo_notices":[],"jetpack-related-posts":[{"id":5242,"url":"https:\/\/artejoven.org\/fr\/espacios-faj\/salon-blanco\/hijos-de-darwin\/","url_meta":{"origin":2916,"position":0},"title":"Les enfants de Darwin","author":"Ren\u00e9 Manuel Puig","date":"7 de avril de 2023","format":false,"excerpt":"L'exposition faisait partie des activit\u00e9s de lancement du programme d'arts visuels du Fonds pour la jeunesse artistique (FAJ).","rel":"","context":"Dans &quot;Exposiciones&quot;","block_context":{"text":"Exposiciones","link":"https:\/\/artejoven.org\/fr\/category\/espacios\/exposiciones-espacios\/"},"img":{"alt_text":"Hijos de Darwin","src":"https:\/\/i0.wp.com\/artejoven.org\/wp-content\/uploads\/2023\/08\/Hijos-de-Darwin-1-jpg.webp?resize=350%2C200&ssl=1","width":350,"height":200,"srcset":"https:\/\/i0.wp.com\/artejoven.org\/wp-content\/uploads\/2023\/08\/Hijos-de-Darwin-1-jpg.webp?resize=350%2C200&ssl=1 1x, https:\/\/i0.wp.com\/artejoven.org\/wp-content\/uploads\/2023\/08\/Hijos-de-Darwin-1-jpg.webp?resize=525%2C300&ssl=1 1.5x, https:\/\/i0.wp.com\/artejoven.org\/wp-content\/uploads\/2023\/08\/Hijos-de-Darwin-1-jpg.webp?resize=700%2C400&ssl=1 2x, https:\/\/i0.wp.com\/artejoven.org\/wp-content\/uploads\/2023\/08\/Hijos-de-Darwin-1-jpg.webp?resize=1050%2C600&ssl=1 3x"},"classes":[]},{"id":10231,"url":"https:\/\/drive.google.com\/drive\/folders\/1d0mwx6zAfkG_zs7JL7x7d7S_RmvtM4jX","url_meta":{"origin":2916,"position":1},"title":"\u00ab Nada \u00bb, catalogue de l'artiste plasticienne Clara Mass\u00f3","author":"Ren\u00e9 Manuel Puig","date":"10 de d\u00e9cembre de 2025","format":false,"excerpt":"Laur\u00e9ate de la premi\u00e8re \u00e9dition du concours d'art jeune malaYerba.","rel":"","context":"Dans &quot;Artes Visuales&quot;","block_context":{"text":"Artes Visuales","link":"https:\/\/artejoven.org\/fr\/category\/recursos\/artes-visuales-recursos\/"},"img":{"alt_text":"","src":"","width":0,"height":0},"classes":[]},{"id":4453,"url":"#element","url_meta":{"origin":2916,"position":2},"title":"Rocio Garcia","author":"Ren\u00e9 Manuel Puig","date":"29 de juin de 2023","format":false,"excerpt":"Artiste visuel (Villa Clara, Cuba, 1955)","rel":"","context":"Dans &quot;Jurados&quot;","block_context":{"text":"Jurados","link":"https:\/\/artejoven.org\/fr\/category\/jurados\/"},"img":{"alt_text":"","src":"https:\/\/i0.wp.com\/artejoven.org\/wp-content\/uploads\/2023\/06\/Rocio-Garcia-jpg.webp?resize=350%2C200&ssl=1","width":350,"height":200},"classes":[]},{"id":5015,"url":"#element","url_meta":{"origin":2916,"position":3},"title":"Esterio Segura","author":"Ren\u00e9 Manuel Puig","date":"28 de ao\u00fbt de 2023","format":false,"excerpt":"Artiste plasticien (Santiago de Cuba, Cuba, 1970)","rel":"","context":"Dans &quot;Jurados&quot;","block_context":{"text":"Jurados","link":"https:\/\/artejoven.org\/fr\/category\/jurados\/"},"img":{"alt_text":"","src":"https:\/\/i0.wp.com\/artejoven.org\/wp-content\/uploads\/2023\/08\/Esterio-Segura-jpg.webp?resize=350%2C200&ssl=1","width":350,"height":200},"classes":[]},{"id":7729,"url":"#element","url_meta":{"origin":2916,"position":4},"title":"Linet Sanchez\u00a0","author":"Ren\u00e9 Manuel Puig","date":"15 de juillet de 2024","format":false,"excerpt":"Artiste plasticienne (Villa Clara, Cuba, 1989)","rel":"","context":"Dans &quot;Jurados&quot;","block_context":{"text":"Jurados","link":"https:\/\/artejoven.org\/fr\/category\/jurados\/"},"img":{"alt_text":"","src":"https:\/\/i0.wp.com\/artejoven.org\/wp-content\/uploads\/2024\/07\/Linet-Sanchez-jpg.webp?resize=350%2C200&ssl=1","width":350,"height":200},"classes":[]},{"id":7735,"url":"#element","url_meta":{"origin":2916,"position":5},"title":"Abel Barroso","author":"Ren\u00e9 Manuel Puig","date":"15 de juillet de 2024","format":false,"excerpt":"Artiste visuel (Pinar del R\u00edo, Cuba, 1971)","rel":"","context":"Dans &quot;Jurados&quot;","block_context":{"text":"Jurados","link":"https:\/\/artejoven.org\/fr\/category\/jurados\/"},"img":{"alt_text":"","src":"https:\/\/i0.wp.com\/artejoven.org\/wp-content\/uploads\/2024\/07\/Abel-Barroso-jpg.webp?resize=350%2C200&ssl=1","width":350,"height":200},"classes":[]}],"jetpack_sharing_enabled":true,"_links":{"self":[{"href":"https:\/\/artejoven.org\/fr\/wp-json\/wp\/v2\/pages\/2916","targetHints":{"allow":["GET"]}}],"collection":[{"href":"https:\/\/artejoven.org\/fr\/wp-json\/wp\/v2\/pages"}],"about":[{"href":"https:\/\/artejoven.org\/fr\/wp-json\/wp\/v2\/types\/page"}],"author":[{"embeddable":true,"href":"https:\/\/artejoven.org\/fr\/wp-json\/wp\/v2\/users\/1"}],"replies":[{"embeddable":true,"href":"https:\/\/artejoven.org\/fr\/wp-json\/wp\/v2\/comments?post=2916"}],"version-history":[{"count":0,"href":"https:\/\/artejoven.org\/fr\/wp-json\/wp\/v2\/pages\/2916\/revisions"}],"up":[{"embeddable":true,"href":"https:\/\/artejoven.org\/fr\/wp-json\/wp\/v2\/pages\/931"}],"wp:featuredmedia":[{"embeddable":true,"href":"https:\/\/artejoven.org\/fr\/wp-json\/wp\/v2\/media\/2919"}],"wp:attachment":[{"href":"https:\/\/artejoven.org\/fr\/wp-json\/wp\/v2\/media?parent=2916"}],"wp:term":[{"taxonomy":"category","embeddable":true,"href":"https:\/\/artejoven.org\/fr\/wp-json\/wp\/v2\/categories?post=2916"},{"taxonomy":"post_tag","embeddable":true,"href":"https:\/\/artejoven.org\/fr\/wp-json\/wp\/v2\/tags?post=2916"}],"curies":[{"name":"wp","href":"https:\/\/api.w.org\/{rel}","templated":true}]}}