{"id":3031,"date":"2023-05-19T21:39:17","date_gmt":"2023-05-20T01:39:17","guid":{"rendered":"https:\/\/artejoven.org\/?page_id=3031"},"modified":"2023-09-01T12:16:50","modified_gmt":"2023-09-01T16:16:50","slug":"la-timba-crea-lab-jeunes-photographes-du-quartier","status":"publish","type":"page","link":"https:\/\/artejoven.org\/fr\/beneficiarios\/la-timba-crea-lab-jovenes-fotografos-del-barrio\/","title":{"rendered":"La Timba Crea Lab : jeunes photographes du quartier\u00a0"},"content":{"rendered":"","protected":false},"excerpt":{"rendered":"<p>\u00c0 La Havane depuis 2023. Initiative con\u00e7ue par le Centro Cultural y Creativo La Manigua, un projet de d\u00e9veloppement local en cours de cr\u00e9ation et compos\u00e9 de 4 employ\u00e9s permanents et de 4 collaborateurs. <\/p>","protected":false},"author":1,"featured_media":3032,"parent":931,"menu_order":0,"comment_status":"closed","ping_status":"closed","template":"","meta":{"_acf_changed":false,"footnotes":"","_links_to":"","_links_to_target":""},"categories":[13,33],"tags":[25,57],"class_list":["post-3031","page","type-page","status-publish","has-post-thumbnail","hentry","category-beneficiarios","category-emprendimientos-beneficiarios","tag-25","tag-primer-programa","post","post-with-thumbnail","post-with-thumbnail-large"],"acf":[],"aioseo_notices":[],"jetpack-related-posts":[{"id":3038,"url":"https:\/\/artejoven.org\/fr\/beneficiarios\/cafe-estudio-gato-negro\/","url_meta":{"origin":3031,"position":0},"title":"Caf\u00e9 Estudio Gato Negro","author":"Ren\u00e9 Manuel Puig","date":"13 de mai de 2023","format":false,"excerpt":"\u00c0 Sancti Sp\u00edritus depuis 2018. Il s'agit d'un projet artistique et culturel multifonctionnel, pour la r\u00e9alisation de diff\u00e9rentes activit\u00e9s artistiques \u00e0 vocation sociale et communautaire.","rel":"","context":"Dans &quot;Beneficiarios&quot;","block_context":{"text":"Beneficiarios","link":"https:\/\/artejoven.org\/fr\/category\/beneficiarios\/"},"img":{"alt_text":"Gato negro","src":"https:\/\/i0.wp.com\/artejoven.org\/wp-content\/uploads\/2023\/06\/Gato-Negro-jpg.webp?resize=350%2C200&ssl=1","width":350,"height":200},"classes":[]},{"id":3077,"url":"https:\/\/artejoven.org\/fr\/beneficiarios\/academia-muselecu\/","url_meta":{"origin":3031,"position":1},"title":"Acad\u00e9mie Muselecu","author":"Ren\u00e9 Manuel Puig","date":"10 de mai de 2023","format":false,"excerpt":"\u00c0 La Havane depuis 2023. Il s'agit d'un projet de formation et d'\u00e9ducation destin\u00e9 au secteur de la musique \u00e9lectronique, qui s'adresse aux jeunes int\u00e9ress\u00e9s et li\u00e9s \u00e0 cette sc\u00e8ne.","rel":"","context":"Dans &quot;Beneficiarios&quot;","block_context":{"text":"Beneficiarios","link":"https:\/\/artejoven.org\/fr\/category\/beneficiarios\/"},"img":{"alt_text":"Academia Musclecu","src":"https:\/\/i0.wp.com\/artejoven.org\/wp-content\/uploads\/2023\/06\/Academia-Musclecu-jpg.webp?resize=350%2C200&ssl=1","width":350,"height":200},"classes":[]},{"id":3047,"url":"https:\/\/artejoven.org\/fr\/beneficiarios\/estudio-taller-tinta-roja-taller-de-grafica-experimental-para-todos\/","url_meta":{"origin":3031,"position":2},"title":"Estudio Taller Tinta Roja : Atelier de graphisme exp\u00e9rimental pour tous","author":"Ren\u00e9 Manuel Puig","date":"15 de mai de 2023","format":false,"excerpt":"\u00c0 Artemisa depuis 2023. Il s'agit d'une entreprise coordonn\u00e9e par le cr\u00e9ateur ind\u00e9pendant et artiste autodidacte Sediel Cabrera Furones.","rel":"","context":"Dans &quot;Beneficiarios&quot;","block_context":{"text":"Beneficiarios","link":"https:\/\/artejoven.org\/fr\/category\/beneficiarios\/"},"img":{"alt_text":"Tinta Roja","src":"https:\/\/i0.wp.com\/artejoven.org\/wp-content\/uploads\/2023\/06\/Tinta-Roja-jpg.webp?resize=350%2C200&ssl=1","width":350,"height":200},"classes":[]},{"id":3051,"url":"https:\/\/artejoven.org\/fr\/beneficiarios\/ups\/","url_meta":{"origin":3031,"position":3},"title":"Oups !","author":"Ren\u00e9 Manuel Puig","date":"27 de mai de 2023","format":false,"excerpt":"\u00c0 La Havane depuis 2022. Il s'agit d'un projet cr\u00e9atif collectif des jeunes artistes Marlon River\u00f3n Escobar, Luis Antonio Gonz\u00e1lez et Katia Ricardo Oliva.","rel":"","context":"Dans &quot;Beneficiarios&quot;","block_context":{"text":"Beneficiarios","link":"https:\/\/artejoven.org\/fr\/category\/beneficiarios\/"},"img":{"alt_text":"Ups!","src":"https:\/\/i0.wp.com\/artejoven.org\/wp-content\/uploads\/2023\/06\/UPS-jpg.webp?resize=350%2C200&ssl=1","width":350,"height":200},"classes":[]},{"id":2291,"url":"https:\/\/artejoven.org\/fr\/beneficiarios\/olivia-torres\/","url_meta":{"origin":3031,"position":4},"title":"Olivia Torres","author":"Ren\u00e9 Manuel Puig","date":"22 de mai de 2023","format":false,"excerpt":"Olivia Torres D\u00edaz (La Havane, 1999) est titulaire d'un dipl\u00f4me en conservation du patrimoine culturel de l'Universit\u00e9 des arts (ISA) depuis 2022.","rel":"","context":"Dans &quot;Artes Visuales&quot;","block_context":{"text":"Artes Visuales","link":"https:\/\/artejoven.org\/fr\/category\/beneficiarios\/artes-visuales-beneficiarios\/"},"img":{"alt_text":"Olivia Torres","src":"https:\/\/i0.wp.com\/artejoven.org\/wp-content\/uploads\/2023\/06\/Olivia-Torres-1-jpg.webp?resize=350%2C200&ssl=1","width":350,"height":200,"srcset":"https:\/\/i0.wp.com\/artejoven.org\/wp-content\/uploads\/2023\/06\/Olivia-Torres-1-jpg.webp?resize=350%2C200&ssl=1 1x, https:\/\/i0.wp.com\/artejoven.org\/wp-content\/uploads\/2023\/06\/Olivia-Torres-1-jpg.webp?resize=525%2C300&ssl=1 1.5x"},"classes":[]},{"id":3072,"url":"https:\/\/artejoven.org\/fr\/beneficiarios\/la-jeringa-una-inyeccion-de-arte-y-cultura\/","url_meta":{"origin":3031,"position":5},"title":"La Jeringa, une injection d'art et de culture\u00a0","author":"Ren\u00e9 Manuel Puig","date":"18 de mai de 2023","format":false,"excerpt":"\u00c0 La Havane depuis 2020. Il s'agit d'un projet visant \u00e0 promouvoir l'art et la culture par et pour les jeunes Cubains.","rel":"","context":"Dans &quot;Beneficiarios&quot;","block_context":{"text":"Beneficiarios","link":"https:\/\/artejoven.org\/fr\/category\/beneficiarios\/"},"img":{"alt_text":"La Jeringa","src":"https:\/\/i0.wp.com\/artejoven.org\/wp-content\/uploads\/2023\/06\/La-Jeringa-jpg.webp?resize=350%2C200&ssl=1","width":350,"height":200},"classes":[]}],"jetpack_sharing_enabled":true,"_links":{"self":[{"href":"https:\/\/artejoven.org\/fr\/wp-json\/wp\/v2\/pages\/3031","targetHints":{"allow":["GET"]}}],"collection":[{"href":"https:\/\/artejoven.org\/fr\/wp-json\/wp\/v2\/pages"}],"about":[{"href":"https:\/\/artejoven.org\/fr\/wp-json\/wp\/v2\/types\/page"}],"author":[{"embeddable":true,"href":"https:\/\/artejoven.org\/fr\/wp-json\/wp\/v2\/users\/1"}],"replies":[{"embeddable":true,"href":"https:\/\/artejoven.org\/fr\/wp-json\/wp\/v2\/comments?post=3031"}],"version-history":[{"count":0,"href":"https:\/\/artejoven.org\/fr\/wp-json\/wp\/v2\/pages\/3031\/revisions"}],"up":[{"embeddable":true,"href":"https:\/\/artejoven.org\/fr\/wp-json\/wp\/v2\/pages\/931"}],"wp:featuredmedia":[{"embeddable":true,"href":"https:\/\/artejoven.org\/fr\/wp-json\/wp\/v2\/media\/3032"}],"wp:attachment":[{"href":"https:\/\/artejoven.org\/fr\/wp-json\/wp\/v2\/media?parent=3031"}],"wp:term":[{"taxonomy":"category","embeddable":true,"href":"https:\/\/artejoven.org\/fr\/wp-json\/wp\/v2\/categories?post=3031"},{"taxonomy":"post_tag","embeddable":true,"href":"https:\/\/artejoven.org\/fr\/wp-json\/wp\/v2\/tags?post=3031"}],"curies":[{"name":"wp","href":"https:\/\/api.w.org\/{rel}","templated":true}]}}