{"id":3038,"date":"2023-05-13T21:51:22","date_gmt":"2023-05-14T01:51:22","guid":{"rendered":"https:\/\/artejoven.org\/?page_id=3038"},"modified":"2023-09-01T12:15:34","modified_gmt":"2023-09-01T16:15:34","slug":"cafe-studio-gato-negro","status":"publish","type":"page","link":"https:\/\/artejoven.org\/fr\/beneficiarios\/cafe-estudio-gato-negro\/","title":{"rendered":"Caf\u00e9 Estudio Gato Negro"},"content":{"rendered":"","protected":false},"excerpt":{"rendered":"<p>\u00c0 Sancti Sp\u00edritus depuis 2018. Il s'agit d'un projet artistique et culturel multifonctionnel, pour la r\u00e9alisation de diff\u00e9rentes activit\u00e9s artistiques \u00e0 vocation sociale et communautaire.<\/p>","protected":false},"author":1,"featured_media":3042,"parent":931,"menu_order":0,"comment_status":"closed","ping_status":"closed","template":"","meta":{"_acf_changed":false,"footnotes":"","_links_to":"","_links_to_target":""},"categories":[13,33],"tags":[25,57],"class_list":["post-3038","page","type-page","status-publish","has-post-thumbnail","hentry","category-beneficiarios","category-emprendimientos-beneficiarios","tag-25","tag-primer-programa","post","post-with-thumbnail","post-with-thumbnail-large"],"acf":[],"aioseo_notices":[],"jetpack-related-posts":[{"id":12,"url":"https:\/\/artejoven.org\/fr\/","url_meta":{"origin":3038,"position":0},"title":"Accueil","author":"Ren\u00e9 Manuel Puig","date":"15 de mars de 2023","format":false,"excerpt":"Nous sommes une plateforme culturelle qui soutient et promeut l'art cubain \u00e9mergent et les entreprises culturelles qui r\u00e9alisent leurs projets cr\u00e9atifs \u00e0 partir de Cuba.","rel":"","context":"Article similaire","block_context":{"text":"Article similaire","link":""},"img":{"alt_text":"CIERIC","src":"https:\/\/i0.wp.com\/artejoven.org\/wp-content\/uploads\/2025\/03\/CIERIC-png.webp?resize=350%2C200&ssl=1","width":350,"height":200,"srcset":"https:\/\/i0.wp.com\/artejoven.org\/wp-content\/uploads\/2025\/03\/CIERIC-png.webp?resize=350%2C200&ssl=1 1x, https:\/\/i0.wp.com\/artejoven.org\/wp-content\/uploads\/2025\/03\/CIERIC-png.webp?resize=525%2C300&ssl=1 1.5x, https:\/\/i0.wp.com\/artejoven.org\/wp-content\/uploads\/2025\/03\/CIERIC-png.webp?resize=700%2C400&ssl=1 2x"},"classes":[]},{"id":9897,"url":"https:\/\/www.instagram.com\/uneacuba\/","url_meta":{"origin":3038,"position":1},"title":"Uni\u00f3n de Escritores y Artistas de Cuba (UNEAC) (Union des \u00e9crivains et artistes de Cuba)","author":"Ren\u00e9 Manuel Puig","date":"9 de octobre de 2025","format":false,"excerpt":"Association professionnelle, culturelle et sociale qui rassemble et repr\u00e9sente les \u00e9crivains et artistes cubains.","rel":"","context":"Dans &quot;Aliados&quot;","block_context":{"text":"Aliados","link":"https:\/\/artejoven.org\/fr\/category\/aliados\/"},"img":{"alt_text":"Uni\u00f3n de Escritores y Artistas de Cuba (UNEAC)","src":"https:\/\/i0.wp.com\/artejoven.org\/wp-content\/uploads\/2025\/10\/UNEAC.webp?resize=350%2C200&ssl=1","width":350,"height":200,"srcset":"https:\/\/i0.wp.com\/artejoven.org\/wp-content\/uploads\/2025\/10\/UNEAC.webp?resize=350%2C200&ssl=1 1x, https:\/\/i0.wp.com\/artejoven.org\/wp-content\/uploads\/2025\/10\/UNEAC.webp?resize=525%2C300&ssl=1 1.5x"},"classes":[]},{"id":8912,"url":"https:\/\/artejoven.org\/fr\/beneficiarios\/la-tribu\/","url_meta":{"origin":3038,"position":2},"title":"La Tribu","author":"Ren\u00e9 Manuel Puig","date":"24 de f\u00e9vrier de 2025","format":false,"excerpt":"Projet socioculturel ax\u00e9 sur la musique \u00e9lectronique, o\u00f9 se m\u00ealent diff\u00e9rentes manifestations artistiques.","rel":"","context":"Dans &quot;Beneficiarios&quot;","block_context":{"text":"Beneficiarios","link":"https:\/\/artejoven.org\/fr\/category\/beneficiarios\/"},"img":{"alt_text":"La Tribu","src":"https:\/\/i0.wp.com\/artejoven.org\/wp-content\/uploads\/2025\/02\/La-Tribu.webp?resize=350%2C200&ssl=1","width":350,"height":200,"srcset":"https:\/\/i0.wp.com\/artejoven.org\/wp-content\/uploads\/2025\/02\/La-Tribu.webp?resize=350%2C200&ssl=1 1x, https:\/\/i0.wp.com\/artejoven.org\/wp-content\/uploads\/2025\/02\/La-Tribu.webp?resize=525%2C300&ssl=1 1.5x"},"classes":[]},{"id":1241,"url":"#element","url_meta":{"origin":3038,"position":3},"title":"Vision","author":"Ren\u00e9 Manuel Puig","date":"18 de avril de 2023","format":false,"excerpt":"Nous nous effor\u00e7ons de devenir la principale plateforme culturelle soutenant l'art \u00e9mergent, en cr\u00e9ant un espace inclusif et dynamique o\u00f9 les jeunes artistes et les entreprises culturelles du Sud peuvent explorer, exp\u00e9rimenter et exprimer leur cr\u00e9ativit\u00e9. Notre vision est de favoriser un \u00e9cosyst\u00e8me artistique qui non seulement c\u00e9l\u00e8bre la diversit\u00e9...","rel":"","context":"Article similaire","block_context":{"text":"Article similaire","link":""},"img":{"alt_text":"","src":"https:\/\/i0.wp.com\/artejoven.org\/wp-content\/uploads\/2025\/04\/Ensayos-Bellas-Artes-5.webp?resize=350%2C200&ssl=1","width":350,"height":200,"srcset":"https:\/\/i0.wp.com\/artejoven.org\/wp-content\/uploads\/2025\/04\/Ensayos-Bellas-Artes-5.webp?resize=350%2C200&ssl=1 1x, https:\/\/i0.wp.com\/artejoven.org\/wp-content\/uploads\/2025\/04\/Ensayos-Bellas-Artes-5.webp?resize=525%2C300&ssl=1 1.5x, https:\/\/i0.wp.com\/artejoven.org\/wp-content\/uploads\/2025\/04\/Ensayos-Bellas-Artes-5.webp?resize=700%2C400&ssl=1 2x, https:\/\/i0.wp.com\/artejoven.org\/wp-content\/uploads\/2025\/04\/Ensayos-Bellas-Artes-5.webp?resize=1050%2C600&ssl=1 3x, https:\/\/i0.wp.com\/artejoven.org\/wp-content\/uploads\/2025\/04\/Ensayos-Bellas-Artes-5.webp?resize=1400%2C800&ssl=1 4x"},"classes":[]},{"id":8933,"url":"https:\/\/artejoven.org\/fr\/beneficiarios\/mai-mai\/","url_meta":{"origin":3038,"position":4},"title":"Mai Mai","author":"Ren\u00e9 Manuel Puig","date":"24 de f\u00e9vrier de 2025","format":false,"excerpt":"Mai Mai, m\u00e8re d'artistes et de cr\u00e9ateurs, est une marque cubaine de v\u00eatements et un projet artistique qui fusionne la cr\u00e9ation et l'art jeune avec le monde de la mode.","rel":"","context":"Dans &quot;Beneficiarios&quot;","block_context":{"text":"Beneficiarios","link":"https:\/\/artejoven.org\/fr\/category\/beneficiarios\/"},"img":{"alt_text":"Mai Mai","src":"https:\/\/i0.wp.com\/artejoven.org\/wp-content\/uploads\/2025\/02\/Mai-Mai.webp?resize=350%2C200&ssl=1","width":350,"height":200,"srcset":"https:\/\/i0.wp.com\/artejoven.org\/wp-content\/uploads\/2025\/02\/Mai-Mai.webp?resize=350%2C200&ssl=1 1x, https:\/\/i0.wp.com\/artejoven.org\/wp-content\/uploads\/2025\/02\/Mai-Mai.webp?resize=525%2C300&ssl=1 1.5x"},"classes":[]},{"id":9900,"url":"https:\/\/www.instagram.com\/ahs_pinar\/","url_meta":{"origin":3038,"position":5},"title":"Association Hermanos Sa\u00edz (AHS)","author":"Ren\u00e9 Manuel Puig","date":"9 de octobre de 2025","format":false,"excerpt":"Organisation \u00e0 vocation culturelle et artistique qui r\u00e9unit de mani\u00e8re s\u00e9lective de jeunes \u00e9crivains, artistes, intellectuels et promoteurs cubains sur une base volontaire.","rel":"","context":"Dans &quot;Aliados&quot;","block_context":{"text":"Aliados","link":"https:\/\/artejoven.org\/fr\/category\/aliados\/"},"img":{"alt_text":"Asociaci\u00f3n Hermanos Sa\u00edz (AHS)","src":"https:\/\/i0.wp.com\/artejoven.org\/wp-content\/uploads\/2025\/10\/AHS.webp?resize=350%2C200&ssl=1","width":350,"height":200,"srcset":"https:\/\/i0.wp.com\/artejoven.org\/wp-content\/uploads\/2025\/10\/AHS.webp?resize=350%2C200&ssl=1 1x, https:\/\/i0.wp.com\/artejoven.org\/wp-content\/uploads\/2025\/10\/AHS.webp?resize=525%2C300&ssl=1 1.5x"},"classes":[]}],"jetpack_sharing_enabled":true,"_links":{"self":[{"href":"https:\/\/artejoven.org\/fr\/wp-json\/wp\/v2\/pages\/3038","targetHints":{"allow":["GET"]}}],"collection":[{"href":"https:\/\/artejoven.org\/fr\/wp-json\/wp\/v2\/pages"}],"about":[{"href":"https:\/\/artejoven.org\/fr\/wp-json\/wp\/v2\/types\/page"}],"author":[{"embeddable":true,"href":"https:\/\/artejoven.org\/fr\/wp-json\/wp\/v2\/users\/1"}],"replies":[{"embeddable":true,"href":"https:\/\/artejoven.org\/fr\/wp-json\/wp\/v2\/comments?post=3038"}],"version-history":[{"count":0,"href":"https:\/\/artejoven.org\/fr\/wp-json\/wp\/v2\/pages\/3038\/revisions"}],"up":[{"embeddable":true,"href":"https:\/\/artejoven.org\/fr\/wp-json\/wp\/v2\/pages\/931"}],"wp:featuredmedia":[{"embeddable":true,"href":"https:\/\/artejoven.org\/fr\/wp-json\/wp\/v2\/media\/3042"}],"wp:attachment":[{"href":"https:\/\/artejoven.org\/fr\/wp-json\/wp\/v2\/media?parent=3038"}],"wp:term":[{"taxonomy":"category","embeddable":true,"href":"https:\/\/artejoven.org\/fr\/wp-json\/wp\/v2\/categories?post=3038"},{"taxonomy":"post_tag","embeddable":true,"href":"https:\/\/artejoven.org\/fr\/wp-json\/wp\/v2\/tags?post=3038"}],"curies":[{"name":"wp","href":"https:\/\/api.w.org\/{rel}","templated":true}]}}