{"id":3047,"date":"2023-05-15T22:04:04","date_gmt":"2023-05-16T02:04:04","guid":{"rendered":"https:\/\/artejoven.org\/?page_id=3047"},"modified":"2023-09-01T12:16:01","modified_gmt":"2023-09-01T16:16:01","slug":"atelier-red-ink-studio-atelier-de-graphisme-experimental-pour-tous","status":"publish","type":"page","link":"https:\/\/artejoven.org\/fr\/beneficiarios\/estudio-taller-tinta-roja-taller-de-grafica-experimental-para-todos\/","title":{"rendered":"Estudio Taller Tinta Roja : Atelier de graphisme exp\u00e9rimental pour tous"},"content":{"rendered":"","protected":false},"excerpt":{"rendered":"<p>\u00c0 Artemisa depuis 2023. Il s'agit d'une entreprise coordonn\u00e9e par le cr\u00e9ateur ind\u00e9pendant et artiste autodidacte Sediel Cabrera Furones.<\/p>","protected":false},"author":1,"featured_media":3048,"parent":931,"menu_order":0,"comment_status":"closed","ping_status":"closed","template":"","meta":{"_acf_changed":false,"footnotes":"","_links_to":"","_links_to_target":""},"categories":[13,33],"tags":[25,57],"class_list":["post-3047","page","type-page","status-publish","has-post-thumbnail","hentry","category-beneficiarios","category-emprendimientos-beneficiarios","tag-25","tag-primer-programa","post","post-with-thumbnail","post-with-thumbnail-large"],"acf":[],"aioseo_notices":[],"jetpack-related-posts":[{"id":3064,"url":"https:\/\/artejoven.org\/fr\/beneficiarios\/sembrando-luces\/","url_meta":{"origin":3047,"position":0},"title":"Semer la lumi\u00e8re","author":"Ren\u00e9 Manuel Puig","date":"26 de mai de 2023","format":false,"excerpt":"L'initiative, d\u00e9velopp\u00e9e par les artistes Malcom Bar\u00f3 Munder et Naidel Herrera Rojas dans le cadre du projet Tu Taller, est ax\u00e9e sur la mise en \u0153uvre de comp\u00e9tences techniques dans le domaine des arts visuels.","rel":"","context":"Dans &quot;Beneficiarios&quot;","block_context":{"text":"Beneficiarios","link":"https:\/\/artejoven.org\/fr\/category\/beneficiarios\/"},"img":{"alt_text":"Sembrando Luces","src":"https:\/\/i0.wp.com\/artejoven.org\/wp-content\/uploads\/2023\/06\/Sembrando-Luces-jpg.webp?resize=350%2C200&ssl=1","width":350,"height":200},"classes":[]},{"id":3056,"url":"https:\/\/artejoven.org\/fr\/beneficiarios\/puzzle-repasos-al-arte-joven-iii\/","url_meta":{"origin":3047,"position":1},"title":"Puzzle : Critiques de l'art jeune III\u00a0","author":"Ren\u00e9 Manuel Puig","date":"23 de mai de 2023","format":false,"excerpt":"\u00c0 La Havane depuis 2019. Puzzle : Reviews of young art dans sa troisi\u00e8me \u00e9dition est le r\u00e9sultat d'une id\u00e9e qui traverse essentiellement tous les projets h\u00e9berg\u00e9s et promus par la galerie Taller Gorr\u00eda.","rel":"","context":"Dans &quot;Beneficiarios&quot;","block_context":{"text":"Beneficiarios","link":"https:\/\/artejoven.org\/fr\/category\/beneficiarios\/"},"img":{"alt_text":"Puzzle","src":"https:\/\/i0.wp.com\/artejoven.org\/wp-content\/uploads\/2023\/06\/Puzzle-jpg.webp?resize=350%2C200&ssl=1","width":350,"height":200},"classes":[]},{"id":3077,"url":"https:\/\/artejoven.org\/fr\/beneficiarios\/academia-muselecu\/","url_meta":{"origin":3047,"position":2},"title":"Acad\u00e9mie Muselecu","author":"Ren\u00e9 Manuel Puig","date":"10 de mai de 2023","format":false,"excerpt":"\u00c0 La Havane depuis 2023. Il s'agit d'un projet de formation et d'\u00e9ducation destin\u00e9 au secteur de la musique \u00e9lectronique, qui s'adresse aux jeunes int\u00e9ress\u00e9s et li\u00e9s \u00e0 cette sc\u00e8ne.","rel":"","context":"Dans &quot;Beneficiarios&quot;","block_context":{"text":"Beneficiarios","link":"https:\/\/artejoven.org\/fr\/category\/beneficiarios\/"},"img":{"alt_text":"Academia Musclecu","src":"https:\/\/i0.wp.com\/artejoven.org\/wp-content\/uploads\/2023\/06\/Academia-Musclecu-jpg.webp?resize=350%2C200&ssl=1","width":350,"height":200},"classes":[]},{"id":8925,"url":"https:\/\/artejoven.org\/fr\/beneficiarios\/jazz-emprende\/","url_meta":{"origin":3047,"position":3},"title":"Jazz Emprende","author":"Ren\u00e9 Manuel Puig","date":"24 de f\u00e9vrier de 2025","format":false,"excerpt":"Premier \u00e9v\u00e9nement du projet de d\u00e9veloppement local, Emprendo y Existo, qui contribue \u00e0 promouvoir la cr\u00e9ativit\u00e9 \u00e0 partir des industries cr\u00e9atives, en int\u00e9grant les objectifs des musiciens et des entrepreneurs.","rel":"","context":"Dans &quot;Beneficiarios&quot;","block_context":{"text":"Beneficiarios","link":"https:\/\/artejoven.org\/fr\/category\/beneficiarios\/"},"img":{"alt_text":"Jazz Emprende","src":"https:\/\/i0.wp.com\/artejoven.org\/wp-content\/uploads\/2025\/02\/Jazz-Emprende.webp?resize=350%2C200&ssl=1","width":350,"height":200,"srcset":"https:\/\/i0.wp.com\/artejoven.org\/wp-content\/uploads\/2025\/02\/Jazz-Emprende.webp?resize=350%2C200&ssl=1 1x, https:\/\/i0.wp.com\/artejoven.org\/wp-content\/uploads\/2025\/02\/Jazz-Emprende.webp?resize=525%2C300&ssl=1 1.5x"},"classes":[]},{"id":8904,"url":"https:\/\/artejoven.org\/fr\/beneficiarios\/ona-galeria\/","url_meta":{"origin":3047,"position":4},"title":"Galerie ONA","author":"Ren\u00e9 Manuel Puig","date":"24 de f\u00e9vrier de 2025","format":false,"excerpt":"Collectif de commissaires d'exposition bas\u00e9 dans le studio-atelier du sculpteur et artiste Aramis Justiz, con\u00e7u pour la diffusion et la promotion d'artistes \u00e9mergents, ainsi que de l'art contemporain \u00e0 Cuba.","rel":"","context":"Dans &quot;Beneficiarios&quot;","block_context":{"text":"Beneficiarios","link":"https:\/\/artejoven.org\/fr\/category\/beneficiarios\/"},"img":{"alt_text":"ONA Galer\u00eda","src":"https:\/\/i0.wp.com\/artejoven.org\/wp-content\/uploads\/2025\/02\/ONA-Galeria.webp?resize=350%2C200&ssl=1","width":350,"height":200,"srcset":"https:\/\/i0.wp.com\/artejoven.org\/wp-content\/uploads\/2025\/02\/ONA-Galeria.webp?resize=350%2C200&ssl=1 1x, https:\/\/i0.wp.com\/artejoven.org\/wp-content\/uploads\/2025\/02\/ONA-Galeria.webp?resize=525%2C300&ssl=1 1.5x"},"classes":[]},{"id":3051,"url":"https:\/\/artejoven.org\/fr\/beneficiarios\/ups\/","url_meta":{"origin":3047,"position":5},"title":"Oups !","author":"Ren\u00e9 Manuel Puig","date":"27 de mai de 2023","format":false,"excerpt":"\u00c0 La Havane depuis 2022. Il s'agit d'un projet cr\u00e9atif collectif des jeunes artistes Marlon River\u00f3n Escobar, Luis Antonio Gonz\u00e1lez et Katia Ricardo Oliva.","rel":"","context":"Dans &quot;Beneficiarios&quot;","block_context":{"text":"Beneficiarios","link":"https:\/\/artejoven.org\/fr\/category\/beneficiarios\/"},"img":{"alt_text":"Ups!","src":"https:\/\/i0.wp.com\/artejoven.org\/wp-content\/uploads\/2023\/06\/UPS-jpg.webp?resize=350%2C200&ssl=1","width":350,"height":200},"classes":[]}],"jetpack_sharing_enabled":true,"_links":{"self":[{"href":"https:\/\/artejoven.org\/fr\/wp-json\/wp\/v2\/pages\/3047","targetHints":{"allow":["GET"]}}],"collection":[{"href":"https:\/\/artejoven.org\/fr\/wp-json\/wp\/v2\/pages"}],"about":[{"href":"https:\/\/artejoven.org\/fr\/wp-json\/wp\/v2\/types\/page"}],"author":[{"embeddable":true,"href":"https:\/\/artejoven.org\/fr\/wp-json\/wp\/v2\/users\/1"}],"replies":[{"embeddable":true,"href":"https:\/\/artejoven.org\/fr\/wp-json\/wp\/v2\/comments?post=3047"}],"version-history":[{"count":0,"href":"https:\/\/artejoven.org\/fr\/wp-json\/wp\/v2\/pages\/3047\/revisions"}],"up":[{"embeddable":true,"href":"https:\/\/artejoven.org\/fr\/wp-json\/wp\/v2\/pages\/931"}],"wp:featuredmedia":[{"embeddable":true,"href":"https:\/\/artejoven.org\/fr\/wp-json\/wp\/v2\/media\/3048"}],"wp:attachment":[{"href":"https:\/\/artejoven.org\/fr\/wp-json\/wp\/v2\/media?parent=3047"}],"wp:term":[{"taxonomy":"category","embeddable":true,"href":"https:\/\/artejoven.org\/fr\/wp-json\/wp\/v2\/categories?post=3047"},{"taxonomy":"post_tag","embeddable":true,"href":"https:\/\/artejoven.org\/fr\/wp-json\/wp\/v2\/tags?post=3047"}],"curies":[{"name":"wp","href":"https:\/\/api.w.org\/{rel}","templated":true}]}}