{"id":3072,"date":"2023-05-18T22:49:20","date_gmt":"2023-05-19T02:49:20","guid":{"rendered":"https:\/\/artejoven.org\/?page_id=3072"},"modified":"2023-09-01T12:16:37","modified_gmt":"2023-09-01T16:16:37","slug":"la-seringue-une-injection-dart-et-de-culture","status":"publish","type":"page","link":"https:\/\/artejoven.org\/fr\/beneficiarios\/la-jeringa-una-inyeccion-de-arte-y-cultura\/","title":{"rendered":"La Jeringa, une injection d'art et de culture\u00a0"},"content":{"rendered":"","protected":false},"excerpt":{"rendered":"<p>\u00c0 La Havane depuis 2020. Il s'agit d'un projet visant \u00e0 promouvoir l'art et la culture par et pour les jeunes Cubains.<\/p>","protected":false},"author":1,"featured_media":3073,"parent":931,"menu_order":0,"comment_status":"closed","ping_status":"closed","template":"","meta":{"_acf_changed":false,"footnotes":"","_links_to":"","_links_to_target":""},"categories":[13,33],"tags":[25,57],"class_list":["post-3072","page","type-page","status-publish","has-post-thumbnail","hentry","category-beneficiarios","category-emprendimientos-beneficiarios","tag-25","tag-primer-programa","post","post-with-thumbnail","post-with-thumbnail-large"],"acf":[],"aioseo_notices":[],"jetpack-related-posts":[{"id":5585,"url":"https:\/\/www.artlink.ch\/","url_meta":{"origin":3072,"position":0},"title":"artlink","author":"Ren\u00e9 Manuel Puig","date":"8 de septembre de 2023","format":false,"excerpt":"artlink relie la culture, l'art et les gens en Suisse et sur tous les continents.","rel":"","context":"Dans &quot;Artes Visuales&quot;","block_context":{"text":"Artes Visuales","link":"https:\/\/artejoven.org\/fr\/category\/recursos\/artes-visuales-recursos\/"},"img":{"alt_text":"","src":"","width":0,"height":0},"classes":[]},{"id":12,"url":"https:\/\/artejoven.org\/fr\/","url_meta":{"origin":3072,"position":1},"title":"Accueil","author":"Ren\u00e9 Manuel Puig","date":"15 de mars de 2023","format":false,"excerpt":"Nous sommes une plateforme culturelle qui soutient et promeut l'art cubain \u00e9mergent et les entreprises culturelles qui r\u00e9alisent leurs projets cr\u00e9atifs \u00e0 partir de Cuba.","rel":"","context":"Article similaire","block_context":{"text":"Article similaire","link":""},"img":{"alt_text":"CIERIC","src":"https:\/\/i0.wp.com\/artejoven.org\/wp-content\/uploads\/2025\/03\/CIERIC-png.webp?resize=350%2C200&ssl=1","width":350,"height":200,"srcset":"https:\/\/i0.wp.com\/artejoven.org\/wp-content\/uploads\/2025\/03\/CIERIC-png.webp?resize=350%2C200&ssl=1 1x, https:\/\/i0.wp.com\/artejoven.org\/wp-content\/uploads\/2025\/03\/CIERIC-png.webp?resize=525%2C300&ssl=1 1.5x, https:\/\/i0.wp.com\/artejoven.org\/wp-content\/uploads\/2025\/03\/CIERIC-png.webp?resize=700%2C400&ssl=1 2x"},"classes":[]},{"id":7862,"url":"https:\/\/macpanama.org\/","url_meta":{"origin":3072,"position":2},"title":"Mus\u00e9e d'art contemporain de Panama (MAC)","author":"Ren\u00e9 Manuel Puig","date":"6 de juillet de 2024","format":false,"excerpt":"Institution culturelle pour la diffusion de la connaissance et l'appr\u00e9ciation de l'art contemporain, promouvant le d\u00e9veloppement culturel et cr\u00e9atif, bas\u00e9e au Panama.","rel":"","context":"Dans &quot;Aliados&quot;","block_context":{"text":"Aliados","link":"https:\/\/artejoven.org\/fr\/category\/aliados\/"},"img":{"alt_text":"","src":"https:\/\/i0.wp.com\/artejoven.org\/wp-content\/uploads\/2024\/07\/MAC-Panama-jpg.webp?resize=350%2C200&ssl=1","width":350,"height":200},"classes":[]},{"id":3056,"url":"https:\/\/artejoven.org\/fr\/beneficiarios\/puzzle-repasos-al-arte-joven-iii\/","url_meta":{"origin":3072,"position":3},"title":"Puzzle : Critiques de l'art jeune III\u00a0","author":"Ren\u00e9 Manuel Puig","date":"23 de mai de 2023","format":false,"excerpt":"\u00c0 La Havane depuis 2019. Puzzle : Reviews of young art dans sa troisi\u00e8me \u00e9dition est le r\u00e9sultat d'une id\u00e9e qui traverse essentiellement tous les projets h\u00e9berg\u00e9s et promus par la galerie Taller Gorr\u00eda.","rel":"","context":"Dans &quot;Beneficiarios&quot;","block_context":{"text":"Beneficiarios","link":"https:\/\/artejoven.org\/fr\/category\/beneficiarios\/"},"img":{"alt_text":"Puzzle","src":"https:\/\/i0.wp.com\/artejoven.org\/wp-content\/uploads\/2023\/06\/Puzzle-jpg.webp?resize=350%2C200&ssl=1","width":350,"height":200},"classes":[]},{"id":9835,"url":"#","url_meta":{"origin":3072,"position":4},"title":"Centre national des \u00e9coles d'art (CNEART)","author":"Ren\u00e9 Manuel Puig","date":"8 de octobre de 2025","format":false,"excerpt":"","rel":"","context":"Dans &quot;Socios&quot;","block_context":{"text":"Socios","link":"https:\/\/artejoven.org\/fr\/category\/socios\/"},"img":{"alt_text":"","src":"https:\/\/i0.wp.com\/artejoven.org\/wp-content\/uploads\/2025\/10\/CENEART.webp?resize=350%2C200&ssl=1","width":350,"height":200},"classes":[]},{"id":935,"url":"https:\/\/artejoven.org\/fr\/noticias\/","url_meta":{"origin":3072,"position":5},"title":"Actualit\u00e9s","author":"Ren\u00e9 Manuel Puig","date":"17 de avril de 2023","format":false,"excerpt":"Restez au courant de nos actualit\u00e9s.","rel":"","context":"Article similaire","block_context":{"text":"Article similaire","link":""},"img":{"alt_text":"Residencia Acad\u00e9mica Hait\u00ed - Cuba","src":"https:\/\/i0.wp.com\/artejoven.org\/wp-content\/uploads\/2023\/12\/Residencia-Academica-Haiti-Cuba.webp?resize=350%2C200&ssl=1","width":350,"height":200,"srcset":"https:\/\/i0.wp.com\/artejoven.org\/wp-content\/uploads\/2023\/12\/Residencia-Academica-Haiti-Cuba.webp?resize=350%2C200&ssl=1 1x, https:\/\/i0.wp.com\/artejoven.org\/wp-content\/uploads\/2023\/12\/Residencia-Academica-Haiti-Cuba.webp?resize=525%2C300&ssl=1 1.5x, https:\/\/i0.wp.com\/artejoven.org\/wp-content\/uploads\/2023\/12\/Residencia-Academica-Haiti-Cuba.webp?resize=700%2C400&ssl=1 2x, https:\/\/i0.wp.com\/artejoven.org\/wp-content\/uploads\/2023\/12\/Residencia-Academica-Haiti-Cuba.webp?resize=1050%2C600&ssl=1 3x, https:\/\/i0.wp.com\/artejoven.org\/wp-content\/uploads\/2023\/12\/Residencia-Academica-Haiti-Cuba.webp?resize=1400%2C800&ssl=1 4x"},"classes":[]}],"jetpack_sharing_enabled":true,"_links":{"self":[{"href":"https:\/\/artejoven.org\/fr\/wp-json\/wp\/v2\/pages\/3072","targetHints":{"allow":["GET"]}}],"collection":[{"href":"https:\/\/artejoven.org\/fr\/wp-json\/wp\/v2\/pages"}],"about":[{"href":"https:\/\/artejoven.org\/fr\/wp-json\/wp\/v2\/types\/page"}],"author":[{"embeddable":true,"href":"https:\/\/artejoven.org\/fr\/wp-json\/wp\/v2\/users\/1"}],"replies":[{"embeddable":true,"href":"https:\/\/artejoven.org\/fr\/wp-json\/wp\/v2\/comments?post=3072"}],"version-history":[{"count":0,"href":"https:\/\/artejoven.org\/fr\/wp-json\/wp\/v2\/pages\/3072\/revisions"}],"up":[{"embeddable":true,"href":"https:\/\/artejoven.org\/fr\/wp-json\/wp\/v2\/pages\/931"}],"wp:featuredmedia":[{"embeddable":true,"href":"https:\/\/artejoven.org\/fr\/wp-json\/wp\/v2\/media\/3073"}],"wp:attachment":[{"href":"https:\/\/artejoven.org\/fr\/wp-json\/wp\/v2\/media?parent=3072"}],"wp:term":[{"taxonomy":"category","embeddable":true,"href":"https:\/\/artejoven.org\/fr\/wp-json\/wp\/v2\/categories?post=3072"},{"taxonomy":"post_tag","embeddable":true,"href":"https:\/\/artejoven.org\/fr\/wp-json\/wp\/v2\/tags?post=3072"}],"curies":[{"name":"wp","href":"https:\/\/api.w.org\/{rel}","templated":true}]}}