{"id":3077,"date":"2023-05-10T22:57:06","date_gmt":"2023-05-11T02:57:06","guid":{"rendered":"https:\/\/artejoven.org\/?page_id=3077"},"modified":"2023-09-01T12:14:38","modified_gmt":"2023-09-01T16:14:38","slug":"academie-muselecu","status":"publish","type":"page","link":"https:\/\/artejoven.org\/fr\/beneficiarios\/academia-muselecu\/","title":{"rendered":"Acad\u00e9mie Muselecu"},"content":{"rendered":"","protected":false},"excerpt":{"rendered":"<p>\u00c0 La Havane depuis 2023. Il s'agit d'un projet de formation et d'\u00e9ducation destin\u00e9 au secteur de la musique \u00e9lectronique, qui s'adresse aux jeunes int\u00e9ress\u00e9s et li\u00e9s \u00e0 cette sc\u00e8ne.<\/p>","protected":false},"author":1,"featured_media":3078,"parent":931,"menu_order":0,"comment_status":"closed","ping_status":"closed","template":"","meta":{"_acf_changed":false,"footnotes":"","_links_to":"","_links_to_target":""},"categories":[13,33],"tags":[25,57],"class_list":["post-3077","page","type-page","status-publish","has-post-thumbnail","hentry","category-beneficiarios","category-emprendimientos-beneficiarios","tag-25","tag-primer-programa","post","post-with-thumbnail","post-with-thumbnail-large"],"acf":[],"aioseo_notices":[],"jetpack-related-posts":[{"id":3047,"url":"https:\/\/artejoven.org\/fr\/beneficiarios\/estudio-taller-tinta-roja-taller-de-grafica-experimental-para-todos\/","url_meta":{"origin":3077,"position":0},"title":"Estudio Taller Tinta Roja : Atelier de graphisme exp\u00e9rimental pour tous","author":"Ren\u00e9 Manuel Puig","date":"15 de mai de 2023","format":false,"excerpt":"\u00c0 Artemisa depuis 2023. Il s'agit d'une entreprise coordonn\u00e9e par le cr\u00e9ateur ind\u00e9pendant et artiste autodidacte Sediel Cabrera Furones.","rel":"","context":"Dans &quot;Beneficiarios&quot;","block_context":{"text":"Beneficiarios","link":"https:\/\/artejoven.org\/fr\/category\/beneficiarios\/"},"img":{"alt_text":"Tinta Roja","src":"https:\/\/i0.wp.com\/artejoven.org\/wp-content\/uploads\/2023\/06\/Tinta-Roja-jpg.webp?resize=350%2C200&ssl=1","width":350,"height":200},"classes":[]},{"id":3031,"url":"https:\/\/artejoven.org\/fr\/beneficiarios\/la-timba-crea-lab-jovenes-fotografos-del-barrio\/","url_meta":{"origin":3077,"position":1},"title":"La Timba Crea Lab : jeunes photographes du quartier\u00a0","author":"Ren\u00e9 Manuel Puig","date":"19 de mai de 2023","format":false,"excerpt":"\u00c0 La Havane depuis 2023. Initiative con\u00e7ue par le Centro Cultural y Creativo La Manigua, un projet de d\u00e9veloppement local en cours de cr\u00e9ation et compos\u00e9 de 4 employ\u00e9s permanents et de 4 collaborateurs.","rel":"","context":"Dans &quot;Beneficiarios&quot;","block_context":{"text":"Beneficiarios","link":"https:\/\/artejoven.org\/fr\/category\/beneficiarios\/"},"img":{"alt_text":"La Timba Crea Lab","src":"https:\/\/i0.wp.com\/artejoven.org\/wp-content\/uploads\/2023\/06\/La-Timba-CreaLab-jpg.webp?resize=350%2C200&ssl=1","width":350,"height":200},"classes":[]},{"id":6606,"url":"https:\/\/artejoven.org\/fr\/espacios-faj\/malayerba\/primera-edicion-de-malayerba\/","url_meta":{"origin":3077,"position":2},"title":"Premi\u00e8re \u00e9dition de malaYerba","author":"Ren\u00e9 Manuel Puig","date":"11 de d\u00e9cembre de 2023","format":false,"excerpt":"L'exposition qui r\u00e9sulte de cette premi\u00e8re \u00e9dition aborde l'expression collective d'un ensemble de pr\u00e9occupations d'une nouvelle g\u00e9n\u00e9ration d'artistes.","rel":"","context":"Dans &quot;Exposiciones&quot;","block_context":{"text":"Exposiciones","link":"https:\/\/artejoven.org\/fr\/category\/espacios\/exposiciones-espacios\/"},"img":{"alt_text":"malaYerba","src":"https:\/\/i0.wp.com\/artejoven.org\/wp-content\/uploads\/2023\/12\/malaYerba-3.WEBP?resize=350%2C200&ssl=1","width":350,"height":200,"srcset":"https:\/\/i0.wp.com\/artejoven.org\/wp-content\/uploads\/2023\/12\/malaYerba-3.WEBP?resize=350%2C200&ssl=1 1x, https:\/\/i0.wp.com\/artejoven.org\/wp-content\/uploads\/2023\/12\/malaYerba-3.WEBP?resize=525%2C300&ssl=1 1.5x, https:\/\/i0.wp.com\/artejoven.org\/wp-content\/uploads\/2023\/12\/malaYerba-3.WEBP?resize=700%2C400&ssl=1 2x, https:\/\/i0.wp.com\/artejoven.org\/wp-content\/uploads\/2023\/12\/malaYerba-3.WEBP?resize=1050%2C600&ssl=1 3x, https:\/\/i0.wp.com\/artejoven.org\/wp-content\/uploads\/2023\/12\/malaYerba-3.WEBP?resize=1400%2C800&ssl=1 4x"},"classes":[]},{"id":6141,"url":"https:\/\/artejoven.org\/fr\/espacios-faj\/salon-blanco\/habana-un-alma-palpable\/","url_meta":{"origin":3077,"position":3},"title":"La Havane, une \u00e2me palpable","author":"Ren\u00e9 Manuel Puig","date":"23 de octobre de 2023","format":false,"excerpt":"L'exposition \"La Havane, une \u00e2me palpable\" r\u00e9unit un groupe de tr\u00e8s jeunes photographes cubains \u00e9mergents dont les \u0153uvres ne sont pas une, mais plusieurs Havanes.","rel":"","context":"Dans &quot;Exposiciones&quot;","block_context":{"text":"Exposiciones","link":"https:\/\/artejoven.org\/fr\/category\/espacios\/exposiciones-espacios\/"},"img":{"alt_text":"Habana, un alma palpable","src":"https:\/\/i0.wp.com\/artejoven.org\/wp-content\/uploads\/2023\/10\/Habana-un-alma-palpable-68.WEBP?resize=350%2C200&ssl=1","width":350,"height":200,"srcset":"https:\/\/i0.wp.com\/artejoven.org\/wp-content\/uploads\/2023\/10\/Habana-un-alma-palpable-68.WEBP?resize=350%2C200&ssl=1 1x, https:\/\/i0.wp.com\/artejoven.org\/wp-content\/uploads\/2023\/10\/Habana-un-alma-palpable-68.WEBP?resize=525%2C300&ssl=1 1.5x, https:\/\/i0.wp.com\/artejoven.org\/wp-content\/uploads\/2023\/10\/Habana-un-alma-palpable-68.WEBP?resize=700%2C400&ssl=1 2x, https:\/\/i0.wp.com\/artejoven.org\/wp-content\/uploads\/2023\/10\/Habana-un-alma-palpable-68.WEBP?resize=1050%2C600&ssl=1 3x, https:\/\/i0.wp.com\/artejoven.org\/wp-content\/uploads\/2023\/10\/Habana-un-alma-palpable-68.WEBP?resize=1400%2C800&ssl=1 4x"},"classes":[]},{"id":2916,"url":"https:\/\/artejoven.org\/fr\/beneficiarios\/gabriel-cisneros\/","url_meta":{"origin":3077,"position":4},"title":"Gabriel Cisneros","author":"Ren\u00e9 Manuel Puig","date":"16 de mai de 2023","format":false,"excerpt":"Gabriel Ra\u00fal Cisneros B\u00e1ez (Las Tunas, 1990) est l'un des artistes visuels \u00e9mergents les plus remarquables de Cuba.","rel":"","context":"Dans &quot;Artes Visuales&quot;","block_context":{"text":"Artes Visuales","link":"https:\/\/artejoven.org\/fr\/category\/beneficiarios\/artes-visuales-beneficiarios\/"},"img":{"alt_text":"Gabriel Cisneros","src":"https:\/\/i0.wp.com\/artejoven.org\/wp-content\/uploads\/2023\/06\/Gabriel-Cisneros-jpg.webp?resize=350%2C200&ssl=1","width":350,"height":200},"classes":[]},{"id":2824,"url":"https:\/\/artejoven.org\/fr\/beneficiarios\/anadis-gonzalez\/","url_meta":{"origin":3077,"position":5},"title":"Anadis Gonz\u00e1lez","author":"Ren\u00e9 Manuel Puig","date":"12 de mai de 2023","format":false,"excerpt":"Anadis Gonz\u00e1lez M\u00e1rquez (Matanzas, 1994) est dipl\u00f4m\u00e9e en musique \u00e0 l'Escuela Profesional de Arte de Matanzas et en architecture \u00e0 la CUJAE.","rel":"","context":"Dans &quot;Artes Visuales&quot;","block_context":{"text":"Artes Visuales","link":"https:\/\/artejoven.org\/fr\/category\/beneficiarios\/artes-visuales-beneficiarios\/"},"img":{"alt_text":"Anadis Gonz\u00e1lez","src":"https:\/\/i0.wp.com\/artejoven.org\/wp-content\/uploads\/2023\/06\/Anadis-Gonzalez-jpg.webp?resize=350%2C200&ssl=1","width":350,"height":200,"srcset":"https:\/\/i0.wp.com\/artejoven.org\/wp-content\/uploads\/2023\/06\/Anadis-Gonzalez-jpg.webp?resize=350%2C200&ssl=1 1x, https:\/\/i0.wp.com\/artejoven.org\/wp-content\/uploads\/2023\/06\/Anadis-Gonzalez-jpg.webp?resize=525%2C300&ssl=1 1.5x, https:\/\/i0.wp.com\/artejoven.org\/wp-content\/uploads\/2023\/06\/Anadis-Gonzalez-jpg.webp?resize=700%2C400&ssl=1 2x, https:\/\/i0.wp.com\/artejoven.org\/wp-content\/uploads\/2023\/06\/Anadis-Gonzalez-jpg.webp?resize=1050%2C600&ssl=1 3x"},"classes":[]}],"jetpack_sharing_enabled":true,"_links":{"self":[{"href":"https:\/\/artejoven.org\/fr\/wp-json\/wp\/v2\/pages\/3077","targetHints":{"allow":["GET"]}}],"collection":[{"href":"https:\/\/artejoven.org\/fr\/wp-json\/wp\/v2\/pages"}],"about":[{"href":"https:\/\/artejoven.org\/fr\/wp-json\/wp\/v2\/types\/page"}],"author":[{"embeddable":true,"href":"https:\/\/artejoven.org\/fr\/wp-json\/wp\/v2\/users\/1"}],"replies":[{"embeddable":true,"href":"https:\/\/artejoven.org\/fr\/wp-json\/wp\/v2\/comments?post=3077"}],"version-history":[{"count":0,"href":"https:\/\/artejoven.org\/fr\/wp-json\/wp\/v2\/pages\/3077\/revisions"}],"up":[{"embeddable":true,"href":"https:\/\/artejoven.org\/fr\/wp-json\/wp\/v2\/pages\/931"}],"wp:featuredmedia":[{"embeddable":true,"href":"https:\/\/artejoven.org\/fr\/wp-json\/wp\/v2\/media\/3078"}],"wp:attachment":[{"href":"https:\/\/artejoven.org\/fr\/wp-json\/wp\/v2\/media?parent=3077"}],"wp:term":[{"taxonomy":"category","embeddable":true,"href":"https:\/\/artejoven.org\/fr\/wp-json\/wp\/v2\/categories?post=3077"},{"taxonomy":"post_tag","embeddable":true,"href":"https:\/\/artejoven.org\/fr\/wp-json\/wp\/v2\/tags?post=3077"}],"curies":[{"name":"wp","href":"https:\/\/api.w.org\/{rel}","templated":true}]}}