{"id":5629,"date":"2023-09-11T19:42:06","date_gmt":"2023-09-11T23:42:06","guid":{"rendered":"https:\/\/artejoven.org\/?page_id=5629"},"modified":"2023-09-12T17:16:21","modified_gmt":"2023-09-12T21:16:21","slug":"dayron-ortiz","status":"publish","type":"page","link":"https:\/\/artejoven.org\/fr\/beneficiarios\/dayron-ortiz\/","title":{"rendered":"Dayron Ortiz"},"content":{"rendered":"","protected":false},"excerpt":{"rendered":"<p>Dayron Ortiz (La Havane, 1989) est un guitariste, compositeur, r\u00e9alisateur et producteur de musique exceptionnel, dipl\u00f4m\u00e9 du Conservatoire de musique Amadeo Rold\u00e1n en 2011, directeur et fondateur du groupe La Tropa depuis 2021.<\/p>","protected":false},"author":1,"featured_media":5630,"parent":931,"menu_order":0,"comment_status":"closed","ping_status":"closed","template":"","meta":{"_acf_changed":false,"footnotes":"","_links_to":"","_links_to_target":""},"categories":[13,31],"tags":[25,58],"class_list":["post-5629","page","type-page","status-publish","has-post-thumbnail","hentry","category-beneficiarios","category-musica-beneficiarios","tag-25","tag-segundo-programa","post","post-with-thumbnail","post-with-thumbnail-large"],"acf":[],"aioseo_notices":[],"jetpack-related-posts":[{"id":4392,"url":"#elementor","url_meta":{"origin":5629,"position":0},"title":"Daiana Garcia","author":"Ren\u00e9 Manuel Puig","date":"29 de juin de 2023","format":false,"excerpt":"Chef d'orchestre (La Havane, Cuba, 1979)","rel":"","context":"Dans &quot;Jurados&quot;","block_context":{"text":"Jurados","link":"https:\/\/artejoven.org\/fr\/category\/jurados\/"},"img":{"alt_text":"Daiana Garc\u00eda","src":"https:\/\/i0.wp.com\/artejoven.org\/wp-content\/uploads\/2023\/06\/Daiana-Garcia-jpg.webp?resize=350%2C200&ssl=1","width":350,"height":200},"classes":[]},{"id":9931,"url":"https:\/\/www.instagram.com\/ramonleyva.gonzalez\/","url_meta":{"origin":5629,"position":1},"title":"Ramon Leyva","author":"Ren\u00e9 Manuel Puig","date":"10 de octobre de 2025","format":false,"excerpt":"Chef de ch\u0153ur \/ Organiste. Coordinateur de la chaire de musique sacr\u00e9e.","rel":"","context":"Dans &quot;Aliados&quot;","block_context":{"text":"Aliados","link":"https:\/\/artejoven.org\/fr\/category\/aliados\/"},"img":{"alt_text":"Ram\u00f3n Leyva","src":"https:\/\/i0.wp.com\/artejoven.org\/wp-content\/uploads\/2025\/10\/Ramon-Leyva.webp?resize=350%2C200&ssl=1","width":350,"height":200,"srcset":"https:\/\/i0.wp.com\/artejoven.org\/wp-content\/uploads\/2025\/10\/Ramon-Leyva.webp?resize=350%2C200&ssl=1 1x, https:\/\/i0.wp.com\/artejoven.org\/wp-content\/uploads\/2025\/10\/Ramon-Leyva.webp?resize=525%2C300&ssl=1 1.5x"},"classes":[]},{"id":4398,"url":"#elementor","url_meta":{"origin":5629,"position":2},"title":"Jos\u00e9 Antonio M\u00e9ndez","author":"Ren\u00e9 Manuel Puig","date":"29 de juin de 2023","format":false,"excerpt":"Chef d'orchestre (Matanzas, Cuba)","rel":"","context":"Dans &quot;Jurados&quot;","block_context":{"text":"Jurados","link":"https:\/\/artejoven.org\/fr\/category\/jurados\/"},"img":{"alt_text":"","src":"https:\/\/i0.wp.com\/artejoven.org\/wp-content\/uploads\/2023\/07\/Jose-Antonio-Mendez-jpg.webp?resize=350%2C200&ssl=1","width":350,"height":200},"classes":[]},{"id":4395,"url":"#elementor","url_meta":{"origin":5629,"position":3},"title":"Guido L\u00f3pez-Gavil\u00e1n","author":"Ren\u00e9 Manuel Puig","date":"29 de juin de 2023","format":false,"excerpt":"Compositeur et chef d'orchestre (Matanzas, Cuba, 1944)","rel":"","context":"Dans &quot;Jurados&quot;","block_context":{"text":"Jurados","link":"https:\/\/artejoven.org\/fr\/category\/jurados\/"},"img":{"alt_text":"","src":"https:\/\/i0.wp.com\/artejoven.org\/wp-content\/uploads\/2023\/07\/Guido-Lopez-Gavilan-jpg.webp?resize=350%2C200&ssl=1","width":350,"height":200},"classes":[]},{"id":8767,"url":"https:\/\/artejoven.org\/fr\/espacios-faj\/concurso-nacional-de-musica\/","url_meta":{"origin":5629,"position":4},"title":"Concours national de musique","author":"Ren\u00e9 Manuel Puig","date":"12 de f\u00e9vrier de 2025","format":false,"excerpt":"Parrain\u00e9e par la FAJ et l'UNICEF Cuba, cette initiative s'adresse aux musiciens en formation formelle ou informelle (issus de l'enseignement artistique ou autodidactes), de nationalit\u00e9 cubaine, r\u00e9sidant \u00e0 Cuba, dans le but de promouvoir des processus cr\u00e9atifs qui favorisent la croissance spirituelle, la cr\u00e9ativit\u00e9 et l'expression des adolescents, ainsi que...","rel":"","context":"Dans &quot;Espacios&quot;","block_context":{"text":"Espacios","link":"https:\/\/artejoven.org\/fr\/category\/espacios\/"},"img":{"alt_text":"","src":"https:\/\/i0.wp.com\/artejoven.org\/wp-content\/uploads\/2025\/07\/BANNER_CONCURSO-NACIONAL-DE-MUSICA-2DA-EDICION.webp?resize=350%2C200&ssl=1","width":350,"height":200,"srcset":"https:\/\/i0.wp.com\/artejoven.org\/wp-content\/uploads\/2025\/07\/BANNER_CONCURSO-NACIONAL-DE-MUSICA-2DA-EDICION.webp?resize=350%2C200&ssl=1 1x, https:\/\/i0.wp.com\/artejoven.org\/wp-content\/uploads\/2025\/07\/BANNER_CONCURSO-NACIONAL-DE-MUSICA-2DA-EDICION.webp?resize=525%2C300&ssl=1 1.5x, https:\/\/i0.wp.com\/artejoven.org\/wp-content\/uploads\/2025\/07\/BANNER_CONCURSO-NACIONAL-DE-MUSICA-2DA-EDICION.webp?resize=700%2C400&ssl=1 2x, https:\/\/i0.wp.com\/artejoven.org\/wp-content\/uploads\/2025\/07\/BANNER_CONCURSO-NACIONAL-DE-MUSICA-2DA-EDICION.webp?resize=1050%2C600&ssl=1 3x"},"classes":[]},{"id":2819,"url":"https:\/\/artejoven.org\/fr\/beneficiarios\/eldy-ortiz\/","url_meta":{"origin":5629,"position":5},"title":"Eldy Ortiz","author":"Ren\u00e9 Manuel Puig","date":"14 de mai de 2023","format":false,"excerpt":"Eldy Ortiz D\u00edaz (La Havane, 1994) est dipl\u00f4m\u00e9e en peinture de l'Acad\u00e9mie nationale des beaux-arts de San Alejandro et en conception sc\u00e9nique de l'Universit\u00e9 des arts (ISA) en 2019.","rel":"","context":"Dans &quot;Artes Visuales&quot;","block_context":{"text":"Artes Visuales","link":"https:\/\/artejoven.org\/fr\/category\/beneficiarios\/artes-visuales-beneficiarios\/"},"img":{"alt_text":"Eldy Ortiz","src":"https:\/\/i0.wp.com\/artejoven.org\/wp-content\/uploads\/2023\/06\/Eldy-Ortiz-jpg.webp?resize=350%2C200&ssl=1","width":350,"height":200,"srcset":"https:\/\/i0.wp.com\/artejoven.org\/wp-content\/uploads\/2023\/06\/Eldy-Ortiz-jpg.webp?resize=350%2C200&ssl=1 1x, https:\/\/i0.wp.com\/artejoven.org\/wp-content\/uploads\/2023\/06\/Eldy-Ortiz-jpg.webp?resize=525%2C300&ssl=1 1.5x"},"classes":[]}],"jetpack_sharing_enabled":true,"_links":{"self":[{"href":"https:\/\/artejoven.org\/fr\/wp-json\/wp\/v2\/pages\/5629","targetHints":{"allow":["GET"]}}],"collection":[{"href":"https:\/\/artejoven.org\/fr\/wp-json\/wp\/v2\/pages"}],"about":[{"href":"https:\/\/artejoven.org\/fr\/wp-json\/wp\/v2\/types\/page"}],"author":[{"embeddable":true,"href":"https:\/\/artejoven.org\/fr\/wp-json\/wp\/v2\/users\/1"}],"replies":[{"embeddable":true,"href":"https:\/\/artejoven.org\/fr\/wp-json\/wp\/v2\/comments?post=5629"}],"version-history":[{"count":0,"href":"https:\/\/artejoven.org\/fr\/wp-json\/wp\/v2\/pages\/5629\/revisions"}],"up":[{"embeddable":true,"href":"https:\/\/artejoven.org\/fr\/wp-json\/wp\/v2\/pages\/931"}],"wp:featuredmedia":[{"embeddable":true,"href":"https:\/\/artejoven.org\/fr\/wp-json\/wp\/v2\/media\/5630"}],"wp:attachment":[{"href":"https:\/\/artejoven.org\/fr\/wp-json\/wp\/v2\/media?parent=5629"}],"wp:term":[{"taxonomy":"category","embeddable":true,"href":"https:\/\/artejoven.org\/fr\/wp-json\/wp\/v2\/categories?post=5629"},{"taxonomy":"post_tag","embeddable":true,"href":"https:\/\/artejoven.org\/fr\/wp-json\/wp\/v2\/tags?post=5629"}],"curies":[{"name":"wp","href":"https:\/\/api.w.org\/{rel}","templated":true}]}}