{"id":5649,"date":"2023-09-11T20:43:52","date_gmt":"2023-09-12T00:43:52","guid":{"rendered":"https:\/\/artejoven.org\/?page_id=5649"},"modified":"2023-09-12T17:20:15","modified_gmt":"2023-09-12T21:20:15","slug":"quatuor-a-cordes-alma","status":"publish","type":"page","link":"https:\/\/artejoven.org\/fr\/beneficiarios\/cuarteto-de-cuerdas-alma\/","title":{"rendered":"Quatuor \u00e0 cordes Alma"},"content":{"rendered":"","protected":false},"excerpt":{"rendered":"<p>Le Quatuor \u00e0 cordes Alma a \u00e9t\u00e9 cr\u00e9\u00e9 en 2016 par Amaya Justiz, dans le but de promouvoir et d'interpr\u00e9ter un r\u00e9pertoire classique et contemporain \u00e9crit pour le format, ainsi que de collaborer avec diff\u00e9rents interpr\u00e8tes de musique de concert.<\/p>","protected":false},"author":1,"featured_media":5650,"parent":931,"menu_order":0,"comment_status":"closed","ping_status":"closed","template":"","meta":{"_acf_changed":false,"footnotes":"","_links_to":"","_links_to_target":""},"categories":[13,31],"tags":[25,58],"class_list":["post-5649","page","type-page","status-publish","has-post-thumbnail","hentry","category-beneficiarios","category-musica-beneficiarios","tag-25","tag-segundo-programa","post","post-with-thumbnail","post-with-thumbnail-large"],"acf":[],"aioseo_notices":[],"jetpack-related-posts":[{"id":9401,"url":"https:\/\/dcubamusica.cult.cu\/","url_meta":{"origin":5649,"position":0},"title":"Institut cubain de musique","author":"Ren\u00e9 Manuel Puig","date":"3 de mai de 2025","format":false,"excerpt":"L'Institut cubain de musique (ICM) est une institution gouvernementale cubaine fond\u00e9e en 1989 dans le but d'organiser, de promouvoir, de parrainer et de prot\u00e9ger le patrimoine musical cubain.","rel":"","context":"Dans &quot;Socios&quot;","block_context":{"text":"Socios","link":"https:\/\/artejoven.org\/fr\/category\/socios\/"},"img":{"alt_text":"","src":"https:\/\/i0.wp.com\/artejoven.org\/wp-content\/uploads\/2025\/05\/ICM.webp?resize=350%2C200&ssl=1","width":350,"height":200},"classes":[]},{"id":8767,"url":"https:\/\/artejoven.org\/fr\/espacios-faj\/concurso-nacional-de-musica\/","url_meta":{"origin":5649,"position":1},"title":"Concours national de musique","author":"Ren\u00e9 Manuel Puig","date":"12 de f\u00e9vrier de 2025","format":false,"excerpt":"Parrain\u00e9e par la FAJ et l'UNICEF Cuba, cette initiative s'adresse aux musiciens en formation formelle ou informelle (issus de l'enseignement artistique ou autodidactes), de nationalit\u00e9 cubaine, r\u00e9sidant \u00e0 Cuba, dans le but de promouvoir des processus cr\u00e9atifs qui favorisent la croissance spirituelle, la cr\u00e9ativit\u00e9 et l'expression des adolescents, ainsi que...","rel":"","context":"Dans &quot;Espacios&quot;","block_context":{"text":"Espacios","link":"https:\/\/artejoven.org\/fr\/category\/espacios\/"},"img":{"alt_text":"","src":"https:\/\/i0.wp.com\/artejoven.org\/wp-content\/uploads\/2025\/07\/BANNER_CONCURSO-NACIONAL-DE-MUSICA-2DA-EDICION.webp?resize=350%2C200&ssl=1","width":350,"height":200,"srcset":"https:\/\/i0.wp.com\/artejoven.org\/wp-content\/uploads\/2025\/07\/BANNER_CONCURSO-NACIONAL-DE-MUSICA-2DA-EDICION.webp?resize=350%2C200&ssl=1 1x, https:\/\/i0.wp.com\/artejoven.org\/wp-content\/uploads\/2025\/07\/BANNER_CONCURSO-NACIONAL-DE-MUSICA-2DA-EDICION.webp?resize=525%2C300&ssl=1 1.5x, https:\/\/i0.wp.com\/artejoven.org\/wp-content\/uploads\/2025\/07\/BANNER_CONCURSO-NACIONAL-DE-MUSICA-2DA-EDICION.webp?resize=700%2C400&ssl=1 2x, https:\/\/i0.wp.com\/artejoven.org\/wp-content\/uploads\/2025\/07\/BANNER_CONCURSO-NACIONAL-DE-MUSICA-2DA-EDICION.webp?resize=1050%2C600&ssl=1 3x"},"classes":[]},{"id":6486,"url":"https:\/\/artejoven.org\/fr\/beneficiarios\/sylvania-sylvain\/","url_meta":{"origin":5649,"position":2},"title":"Sylvania Sylvain","author":"Ren\u00e9 Manuel Puig","date":"5 de d\u00e9cembre de 2023","format":false,"excerpt":"Artiste et guitariste, passionn\u00e9 de musique, anim\u00e9 par la recherche constante de l'expression artistique.","rel":"","context":"Dans &quot;Beneficiarios&quot;","block_context":{"text":"Beneficiarios","link":"https:\/\/artejoven.org\/fr\/category\/beneficiarios\/"},"img":{"alt_text":"Sylvania Sylvain","src":"https:\/\/i0.wp.com\/artejoven.org\/wp-content\/uploads\/2023\/12\/Vava-jpg.webp?resize=350%2C200&ssl=1","width":350,"height":200,"srcset":"https:\/\/i0.wp.com\/artejoven.org\/wp-content\/uploads\/2023\/12\/Vava-jpg.webp?resize=350%2C200&ssl=1 1x, https:\/\/i0.wp.com\/artejoven.org\/wp-content\/uploads\/2023\/12\/Vava-jpg.webp?resize=525%2C300&ssl=1 1.5x"},"classes":[]},{"id":10470,"url":"https:\/\/youtube.com\/watch?v=u1n4aCLa7FA&#038;feature=shared","url_meta":{"origin":5649,"position":3},"title":"Improviser et rester","author":"Ren\u00e9 Manuel Puig","date":"13 de f\u00e9vrier de 2026","format":false,"excerpt":"Cours d'improvisation en ligne, enseign\u00e9 par le multi-instrumentiste Janio Abreu, bas\u00e9 sur la musique cubaine et le jazz.","rel":"","context":"Dans &quot;M\u00fasica&quot;","block_context":{"text":"M\u00fasica","link":"https:\/\/artejoven.org\/fr\/category\/recursos\/musica-recursos\/"},"img":{"alt_text":"","src":"","width":0,"height":0},"classes":[]},{"id":8754,"url":"https:\/\/artejoven.org\/fr\/beneficiarios\/laura-diaz-la-o\/","url_meta":{"origin":5649,"position":4},"title":"Laura D\u00edaz La O","author":"Ren\u00e9 Manuel Puig","date":"11 de f\u00e9vrier de 2025","format":false,"excerpt":"(La Havane, 2007) \u00c9tudiant en violon au conservatoire de musique \"Amadeo Rold\u00e1n\", La Havane.","rel":"","context":"Dans &quot;Beneficiarios&quot;","block_context":{"text":"Beneficiarios","link":"https:\/\/artejoven.org\/fr\/category\/beneficiarios\/"},"img":{"alt_text":"Laura D\u00edaz La O","src":"https:\/\/i0.wp.com\/artejoven.org\/wp-content\/uploads\/2025\/02\/Laura-Diaz.webp?resize=350%2C200&ssl=1","width":350,"height":200,"srcset":"https:\/\/i0.wp.com\/artejoven.org\/wp-content\/uploads\/2025\/02\/Laura-Diaz.webp?resize=350%2C200&ssl=1 1x, https:\/\/i0.wp.com\/artejoven.org\/wp-content\/uploads\/2025\/02\/Laura-Diaz.webp?resize=525%2C300&ssl=1 1.5x"},"classes":[]},{"id":8799,"url":"https:\/\/artejoven.org\/fr\/beneficiarios\/alejandro-sanchez-veliz\/","url_meta":{"origin":5649,"position":5},"title":"Alejandro S\u00e1nchez Veliz","author":"Ren\u00e9 Manuel Puig","date":"13 de f\u00e9vrier de 2025","format":false,"excerpt":"(Villa Clara, 2006) \u00c9tudiante en clarinette \u00e0 l'\u00c9cole nationale de musique de La Havane.","rel":"","context":"Dans &quot;Beneficiarios&quot;","block_context":{"text":"Beneficiarios","link":"https:\/\/artejoven.org\/fr\/category\/beneficiarios\/"},"img":{"alt_text":"Alejandro S\u00e1nchez Veliz","src":"https:\/\/i0.wp.com\/artejoven.org\/wp-content\/uploads\/2025\/02\/Alejandro-Sanchez-Veliz.webp?resize=350%2C200&ssl=1","width":350,"height":200,"srcset":"https:\/\/i0.wp.com\/artejoven.org\/wp-content\/uploads\/2025\/02\/Alejandro-Sanchez-Veliz.webp?resize=350%2C200&ssl=1 1x, https:\/\/i0.wp.com\/artejoven.org\/wp-content\/uploads\/2025\/02\/Alejandro-Sanchez-Veliz.webp?resize=525%2C300&ssl=1 1.5x"},"classes":[]}],"jetpack_sharing_enabled":true,"_links":{"self":[{"href":"https:\/\/artejoven.org\/fr\/wp-json\/wp\/v2\/pages\/5649","targetHints":{"allow":["GET"]}}],"collection":[{"href":"https:\/\/artejoven.org\/fr\/wp-json\/wp\/v2\/pages"}],"about":[{"href":"https:\/\/artejoven.org\/fr\/wp-json\/wp\/v2\/types\/page"}],"author":[{"embeddable":true,"href":"https:\/\/artejoven.org\/fr\/wp-json\/wp\/v2\/users\/1"}],"replies":[{"embeddable":true,"href":"https:\/\/artejoven.org\/fr\/wp-json\/wp\/v2\/comments?post=5649"}],"version-history":[{"count":0,"href":"https:\/\/artejoven.org\/fr\/wp-json\/wp\/v2\/pages\/5649\/revisions"}],"up":[{"embeddable":true,"href":"https:\/\/artejoven.org\/fr\/wp-json\/wp\/v2\/pages\/931"}],"wp:featuredmedia":[{"embeddable":true,"href":"https:\/\/artejoven.org\/fr\/wp-json\/wp\/v2\/media\/5650"}],"wp:attachment":[{"href":"https:\/\/artejoven.org\/fr\/wp-json\/wp\/v2\/media?parent=5649"}],"wp:term":[{"taxonomy":"category","embeddable":true,"href":"https:\/\/artejoven.org\/fr\/wp-json\/wp\/v2\/categories?post=5649"},{"taxonomy":"post_tag","embeddable":true,"href":"https:\/\/artejoven.org\/fr\/wp-json\/wp\/v2\/tags?post=5649"}],"curies":[{"name":"wp","href":"https:\/\/api.w.org\/{rel}","templated":true}]}}