{"id":5655,"date":"2023-09-11T20:52:00","date_gmt":"2023-09-12T00:52:00","guid":{"rendered":"https:\/\/artejoven.org\/?page_id=5655"},"modified":"2023-09-12T17:19:21","modified_gmt":"2023-09-12T21:19:21","slug":"annys-maria-batista","status":"publish","type":"page","link":"https:\/\/artejoven.org\/fr\/beneficiarios\/annys-maria-batista\/","title":{"rendered":"Annys Mar\u00eda Batista"},"content":{"rendered":"","protected":false},"excerpt":{"rendered":"<p>Annys Mar\u00eda Batista (Bayamo, 1989) est une instrumentiste et vocaliste, dipl\u00f4m\u00e9e de la Escuela Vocacional de Arte Manuel Mu\u00f1oz Cede\u00f1o (2008). Elle a \u00e9t\u00e9 membre des groupes Compacto, RiverJazz et du quintet f\u00e9minin Nueva Imagen, ainsi que du groupe du musicien cubain Ra\u00fal Torres.<\/p>","protected":false},"author":1,"featured_media":5656,"parent":931,"menu_order":0,"comment_status":"closed","ping_status":"closed","template":"","meta":{"_acf_changed":false,"footnotes":"","_links_to":"","_links_to_target":""},"categories":[13,31],"tags":[25,58],"class_list":["post-5655","page","type-page","status-publish","has-post-thumbnail","hentry","category-beneficiarios","category-musica-beneficiarios","tag-25","tag-segundo-programa","post","post-with-thumbnail","post-with-thumbnail-large"],"acf":[],"aioseo_notices":[],"jetpack-related-posts":[{"id":10555,"url":"https:\/\/artejoven.org\/fr\/beneficiarios\/armando-mario-moreira-valdes\/","url_meta":{"origin":5655,"position":0},"title":"Armando Mario Moreira Vald\u00e9s","author":"Ren\u00e9 Manuel Puig","date":"6 de mars de 2026","format":false,"excerpt":"(Pinar del R\u00edo, 2011) Guitariste form\u00e9 \u00e0 l'Escuela Provincial de Arte de Pinar del R\u00edo.","rel":"","context":"Dans &quot;Beneficiarios&quot;","block_context":{"text":"Beneficiarios","link":"https:\/\/artejoven.org\/fr\/category\/beneficiarios\/"},"img":{"alt_text":"Armando Mario Moreira Vald\u00e9s","src":"https:\/\/i0.wp.com\/artejoven.org\/wp-content\/uploads\/2026\/03\/Armando-Mario-Moreira-Valdes.webp?resize=350%2C200&ssl=1","width":350,"height":200,"srcset":"https:\/\/i0.wp.com\/artejoven.org\/wp-content\/uploads\/2026\/03\/Armando-Mario-Moreira-Valdes.webp?resize=350%2C200&ssl=1 1x, https:\/\/i0.wp.com\/artejoven.org\/wp-content\/uploads\/2026\/03\/Armando-Mario-Moreira-Valdes.webp?resize=525%2C300&ssl=1 1.5x"},"classes":[]},{"id":8114,"url":"https:\/\/artejoven.org\/fr\/espacios-faj\/malayerba\/segunda-edicion-de-malayerba\/","url_meta":{"origin":5655,"position":1},"title":"Deuxi\u00e8me \u00e9dition de malaYerba","author":"Ren\u00e9 Manuel Puig","date":"20 de septembre de 2024","format":false,"excerpt":"Ces nouveaux cr\u00e9ateurs identifient leurs r\u00e9alit\u00e9s les plus \u00e9prouvantes et les transposent dans la peinture, la photographie, la vid\u00e9o et l'installation.","rel":"","context":"Dans &quot;Exposiciones&quot;","block_context":{"text":"Exposiciones","link":"https:\/\/artejoven.org\/fr\/category\/espacios\/exposiciones-espacios\/"},"img":{"alt_text":"malaYerba","src":"https:\/\/i0.wp.com\/artejoven.org\/wp-content\/uploads\/2024\/07\/malaYerba-Segunda-Convocatoria-1-jpg.webp?resize=350%2C200&ssl=1","width":350,"height":200,"srcset":"https:\/\/i0.wp.com\/artejoven.org\/wp-content\/uploads\/2024\/07\/malaYerba-Segunda-Convocatoria-1-jpg.webp?resize=350%2C200&ssl=1 1x, https:\/\/i0.wp.com\/artejoven.org\/wp-content\/uploads\/2024\/07\/malaYerba-Segunda-Convocatoria-1-jpg.webp?resize=525%2C300&ssl=1 1.5x, https:\/\/i0.wp.com\/artejoven.org\/wp-content\/uploads\/2024\/07\/malaYerba-Segunda-Convocatoria-1-jpg.webp?resize=700%2C400&ssl=1 2x, https:\/\/i0.wp.com\/artejoven.org\/wp-content\/uploads\/2024\/07\/malaYerba-Segunda-Convocatoria-1-jpg.webp?resize=1050%2C600&ssl=1 3x, https:\/\/i0.wp.com\/artejoven.org\/wp-content\/uploads\/2024\/07\/malaYerba-Segunda-Convocatoria-1-jpg.webp?resize=1400%2C800&ssl=1 4x"},"classes":[]},{"id":10596,"url":"https:\/\/artejoven.org\/fr\/beneficiarios\/moises-elias-hernandez-zaldivar\/","url_meta":{"origin":5655,"position":2},"title":"Mois\u00e9s El\u00edas Hern\u00e1ndez Zald\u00edvar","author":"Ren\u00e9 Manuel Puig","date":"8 de mars de 2026","format":false,"excerpt":"(Holgu\u00edn, 2007) Pianiste form\u00e9 \u00e0 l'Escuela Elemental de Arte Ra\u00fal G\u00f3mez Garc\u00eda \u00e0 Holgu\u00edn et actuellement \u00e9tudiant au Conservatoire Jos\u00e9 Mar\u00eda Ochoa dans la m\u00eame province.","rel":"","context":"Dans &quot;Beneficiarios&quot;","block_context":{"text":"Beneficiarios","link":"https:\/\/artejoven.org\/fr\/category\/beneficiarios\/"},"img":{"alt_text":"Mois\u00e9s El\u00edas Hern\u00e1ndez Zald\u00edvar","src":"https:\/\/i0.wp.com\/artejoven.org\/wp-content\/uploads\/2026\/03\/Moises-Elias-Hernandez-Zaldivar.webp?resize=350%2C200&ssl=1","width":350,"height":200,"srcset":"https:\/\/i0.wp.com\/artejoven.org\/wp-content\/uploads\/2026\/03\/Moises-Elias-Hernandez-Zaldivar.webp?resize=350%2C200&ssl=1 1x, https:\/\/i0.wp.com\/artejoven.org\/wp-content\/uploads\/2026\/03\/Moises-Elias-Hernandez-Zaldivar.webp?resize=525%2C300&ssl=1 1.5x"},"classes":[]},{"id":2261,"url":"https:\/\/artejoven.org\/fr\/beneficiarios\/mario-salvador\/","url_meta":{"origin":5655,"position":3},"title":"Mario Salvador","author":"Ren\u00e9 Manuel Puig","date":"21 de mai de 2023","format":false,"excerpt":"Mario Salvador Rodr\u00edguez Morales (La Havane, 1999), ou simplement Mario Salvador, est un jeune tresero, dipl\u00f4m\u00e9 en 2017 de l'Escuela Nacional de Arte et \u00e9tudiant en troisi\u00e8me ann\u00e9e \u00e0 l'Universidad de las Artes (ISA).","rel":"","context":"Dans &quot;Beneficiarios&quot;","block_context":{"text":"Beneficiarios","link":"https:\/\/artejoven.org\/fr\/category\/beneficiarios\/"},"img":{"alt_text":"Mario Salvador","src":"https:\/\/i0.wp.com\/artejoven.org\/wp-content\/uploads\/2023\/06\/Mario-Salvador-1-jpg.webp?resize=350%2C200&ssl=1","width":350,"height":200,"srcset":"https:\/\/i0.wp.com\/artejoven.org\/wp-content\/uploads\/2023\/06\/Mario-Salvador-1-jpg.webp?resize=350%2C200&ssl=1 1x, https:\/\/i0.wp.com\/artejoven.org\/wp-content\/uploads\/2023\/06\/Mario-Salvador-1-jpg.webp?resize=525%2C300&ssl=1 1.5x"},"classes":[]},{"id":10575,"url":"https:\/\/artejoven.org\/fr\/beneficiarios\/maria-karla-rifat-rodriguez\/","url_meta":{"origin":5655,"position":4},"title":"Mar\u00eda Karla Rifat Rodr\u00edguez","author":"Ren\u00e9 Manuel Puig","date":"6 de mars de 2026","format":false,"excerpt":"(Cienfuegos, 2007) Violoncelliste dipl\u00f4m\u00e9e de l'Escuela Profesional de Arte de Matanzas et \u00e9tudiante \u00e0 l'Universidad de las Artes de Cuba (ISA).","rel":"","context":"Dans &quot;Beneficiarios&quot;","block_context":{"text":"Beneficiarios","link":"https:\/\/artejoven.org\/fr\/category\/beneficiarios\/"},"img":{"alt_text":"Mar\u00eda Karla Rifat Rodr\u00edguez","src":"https:\/\/i0.wp.com\/artejoven.org\/wp-content\/uploads\/2026\/03\/Maria-Karla-Rifat-Rodriguez.webp?resize=350%2C200&ssl=1","width":350,"height":200,"srcset":"https:\/\/i0.wp.com\/artejoven.org\/wp-content\/uploads\/2026\/03\/Maria-Karla-Rifat-Rodriguez.webp?resize=350%2C200&ssl=1 1x, https:\/\/i0.wp.com\/artejoven.org\/wp-content\/uploads\/2026\/03\/Maria-Karla-Rifat-Rodriguez.webp?resize=525%2C300&ssl=1 1.5x"},"classes":[]},{"id":8767,"url":"https:\/\/artejoven.org\/fr\/espacios-faj\/concurso-nacional-de-musica\/","url_meta":{"origin":5655,"position":5},"title":"Concours national de musique","author":"Ren\u00e9 Manuel Puig","date":"12 de f\u00e9vrier de 2025","format":false,"excerpt":"Parrain\u00e9e par la FAJ et l'UNICEF Cuba, cette initiative s'adresse aux musiciens en formation formelle ou informelle (issus de l'enseignement artistique ou autodidactes), de nationalit\u00e9 cubaine, r\u00e9sidant \u00e0 Cuba, dans le but de promouvoir des processus cr\u00e9atifs qui favorisent la croissance spirituelle, la cr\u00e9ativit\u00e9 et l'expression des adolescents, ainsi que...","rel":"","context":"Dans &quot;Espacios&quot;","block_context":{"text":"Espacios","link":"https:\/\/artejoven.org\/fr\/category\/espacios\/"},"img":{"alt_text":"","src":"https:\/\/i0.wp.com\/artejoven.org\/wp-content\/uploads\/2025\/07\/BANNER_CONCURSO-NACIONAL-DE-MUSICA-2DA-EDICION.webp?resize=350%2C200&ssl=1","width":350,"height":200,"srcset":"https:\/\/i0.wp.com\/artejoven.org\/wp-content\/uploads\/2025\/07\/BANNER_CONCURSO-NACIONAL-DE-MUSICA-2DA-EDICION.webp?resize=350%2C200&ssl=1 1x, https:\/\/i0.wp.com\/artejoven.org\/wp-content\/uploads\/2025\/07\/BANNER_CONCURSO-NACIONAL-DE-MUSICA-2DA-EDICION.webp?resize=525%2C300&ssl=1 1.5x, https:\/\/i0.wp.com\/artejoven.org\/wp-content\/uploads\/2025\/07\/BANNER_CONCURSO-NACIONAL-DE-MUSICA-2DA-EDICION.webp?resize=700%2C400&ssl=1 2x, https:\/\/i0.wp.com\/artejoven.org\/wp-content\/uploads\/2025\/07\/BANNER_CONCURSO-NACIONAL-DE-MUSICA-2DA-EDICION.webp?resize=1050%2C600&ssl=1 3x"},"classes":[]}],"jetpack_sharing_enabled":true,"_links":{"self":[{"href":"https:\/\/artejoven.org\/fr\/wp-json\/wp\/v2\/pages\/5655","targetHints":{"allow":["GET"]}}],"collection":[{"href":"https:\/\/artejoven.org\/fr\/wp-json\/wp\/v2\/pages"}],"about":[{"href":"https:\/\/artejoven.org\/fr\/wp-json\/wp\/v2\/types\/page"}],"author":[{"embeddable":true,"href":"https:\/\/artejoven.org\/fr\/wp-json\/wp\/v2\/users\/1"}],"replies":[{"embeddable":true,"href":"https:\/\/artejoven.org\/fr\/wp-json\/wp\/v2\/comments?post=5655"}],"version-history":[{"count":0,"href":"https:\/\/artejoven.org\/fr\/wp-json\/wp\/v2\/pages\/5655\/revisions"}],"up":[{"embeddable":true,"href":"https:\/\/artejoven.org\/fr\/wp-json\/wp\/v2\/pages\/931"}],"wp:featuredmedia":[{"embeddable":true,"href":"https:\/\/artejoven.org\/fr\/wp-json\/wp\/v2\/media\/5656"}],"wp:attachment":[{"href":"https:\/\/artejoven.org\/fr\/wp-json\/wp\/v2\/media?parent=5655"}],"wp:term":[{"taxonomy":"category","embeddable":true,"href":"https:\/\/artejoven.org\/fr\/wp-json\/wp\/v2\/categories?post=5655"},{"taxonomy":"post_tag","embeddable":true,"href":"https:\/\/artejoven.org\/fr\/wp-json\/wp\/v2\/tags?post=5655"}],"curies":[{"name":"wp","href":"https:\/\/api.w.org\/{rel}","templated":true}]}}