{"id":5979,"date":"2023-09-28T10:17:02","date_gmt":"2023-09-28T14:17:02","guid":{"rendered":"https:\/\/artejoven.org\/?page_id=5979"},"modified":"2023-10-03T16:54:50","modified_gmt":"2023-10-03T20:54:50","slug":"lyceum-mozartino-de-havane","status":"publish","type":"page","link":"https:\/\/artejoven.org\/fr\/beneficiarios\/lyceum-mozartino-de-la-habana\/","title":{"rendered":"Lyceum Mozartiano de La Habana"},"content":{"rendered":"","protected":false},"excerpt":{"rendered":"<p>Le Fondo de Arte Joven (FAJ) a particip\u00e9 \u00e0 la cr\u00e9ation de l'Acad\u00e9mie de l'Orchestre des Jeunes du Lyc\u00e9e de La Havane du Bureau de l'Historien de la Ville.<\/p>","protected":false},"author":1,"featured_media":5980,"parent":931,"menu_order":0,"comment_status":"closed","ping_status":"closed","template":"","meta":{"_acf_changed":false,"footnotes":"","_links_to":"","_links_to_target":""},"categories":[13,31],"tags":[25],"class_list":["post-5979","page","type-page","status-publish","has-post-thumbnail","hentry","category-beneficiarios","category-musica-beneficiarios","tag-25","post","post-with-thumbnail","post-with-thumbnail-large"],"acf":[],"aioseo_notices":[],"jetpack-related-posts":[{"id":9925,"url":"https:\/\/www.instagram.com\/gaby_red15\/","url_meta":{"origin":5979,"position":0},"title":"Gabriela Rojas","author":"Ren\u00e9 Manuel Puig","date":"10 de octobre de 2025","format":false,"excerpt":"Musicologue, directeur de l'orchestre du Lyceum de La Havane et coordinateur g\u00e9n\u00e9ral de l'Acad\u00e9mie d'orchestre de La Havane.","rel":"","context":"Dans &quot;Aliados&quot;","block_context":{"text":"Aliados","link":"https:\/\/artejoven.org\/fr\/category\/aliados\/"},"img":{"alt_text":"Gabriela Rojas","src":"https:\/\/i0.wp.com\/artejoven.org\/wp-content\/uploads\/2025\/10\/Gabriela-Rojas.webp?resize=350%2C200&ssl=1","width":350,"height":200,"srcset":"https:\/\/i0.wp.com\/artejoven.org\/wp-content\/uploads\/2025\/10\/Gabriela-Rojas.webp?resize=350%2C200&ssl=1 1x, https:\/\/i0.wp.com\/artejoven.org\/wp-content\/uploads\/2025\/10\/Gabriela-Rojas.webp?resize=525%2C300&ssl=1 1.5x"},"classes":[]},{"id":9396,"url":"https:\/\/festivalhabanaclasica.org\/","url_meta":{"origin":5979,"position":1},"title":"Association culturelle classique de La Havane (ACHC)","author":"Ren\u00e9 Manuel Puig","date":"3 de mai de 2025","format":false,"excerpt":"L'Asociaci\u00f3n Cultural Habana Cl\u00e1sica a \u00e9t\u00e9 fond\u00e9e en 2017 \u00e0 l'initiative du pianiste cubain Marcos Madrigal.","rel":"","context":"Dans &quot;Socios&quot;","block_context":{"text":"Socios","link":"https:\/\/artejoven.org\/fr\/category\/socios\/"},"img":{"alt_text":"","src":"https:\/\/i0.wp.com\/artejoven.org\/wp-content\/uploads\/2025\/05\/Habana-Clasica.webp?resize=350%2C200&ssl=1","width":350,"height":200},"classes":[]},{"id":7764,"url":"https:\/\/www.instagram.com\/tempohabana\/?hl=es%20","url_meta":{"origin":5979,"position":2},"title":"Tempo Havane","author":"Ren\u00e9 Manuel Puig","date":"24 de juillet de 2024","format":false,"excerpt":"Un espace de mise en r\u00e9seau et de promotion des jeunes musiciens, avec des repr\u00e9sentations en direct.","rel":"","context":"Dans &quot;Aliados&quot;","block_context":{"text":"Aliados","link":"https:\/\/artejoven.org\/fr\/category\/aliados\/"},"img":{"alt_text":"","src":"https:\/\/i0.wp.com\/artejoven.org\/wp-content\/uploads\/2024\/07\/Tempo-Habana-jpg.webp?resize=350%2C200&ssl=1","width":350,"height":200},"classes":[]},{"id":6686,"url":"http:\/\/www.festivalhabanaclasica.org","url_meta":{"origin":5979,"position":3},"title":"La Havane classique","author":"Ren\u00e9 Manuel Puig","date":"21 de ao\u00fbt de 2023","format":false,"excerpt":"Le Festival Internacional de M\u00fasica Habana Cl\u00e1sica a \u00e9t\u00e9 fond\u00e9 en 2017 \u00e0 l'initiative du pianiste cubain Marcos Madrigal. L'intention est de r\u00e9unir des interpr\u00e8tes locaux et \u00e9trangers exceptionnels sur le circuit culturel de la ville.","rel":"","context":"Dans &quot;Espacios&quot;","block_context":{"text":"Espacios","link":"https:\/\/artejoven.org\/fr\/category\/espacios\/"},"img":{"alt_text":"Habana Cl\u00e1sica","src":"https:\/\/i0.wp.com\/artejoven.org\/wp-content\/uploads\/2023\/11\/Habana-Clasica-jpg.webp?resize=350%2C200&ssl=1","width":350,"height":200,"srcset":"https:\/\/i0.wp.com\/artejoven.org\/wp-content\/uploads\/2023\/11\/Habana-Clasica-jpg.webp?resize=350%2C200&ssl=1 1x, https:\/\/i0.wp.com\/artejoven.org\/wp-content\/uploads\/2023\/11\/Habana-Clasica-jpg.webp?resize=525%2C300&ssl=1 1.5x, https:\/\/i0.wp.com\/artejoven.org\/wp-content\/uploads\/2023\/11\/Habana-Clasica-jpg.webp?resize=700%2C400&ssl=1 2x, https:\/\/i0.wp.com\/artejoven.org\/wp-content\/uploads\/2023\/11\/Habana-Clasica-jpg.webp?resize=1050%2C600&ssl=1 3x"},"classes":[]},{"id":7770,"url":"https:\/\/www.unesco.org\/es\/fieldoffice\/havana%20","url_meta":{"origin":5979,"position":4},"title":"UNESCO La Havane","author":"Ren\u00e9 Manuel Puig","date":"2 de juillet de 2024","format":false,"excerpt":"La oficina de la UNESCO en La Habana realiza m\u00faltiples funciones de gran importancia e impacto en el continente, en su calidad de Oficina Regional de Cultura para Am\u00e9rica Latina y el Caribe, Oficina Multipa\u00eds para el Caribe Latino y Representaci\u00f3n de la UNESCO ante los Gobiernos de Cuba y\u2026","rel":"","context":"Dans &quot;Donantes&quot;","block_context":{"text":"Donantes","link":"https:\/\/artejoven.org\/fr\/category\/donantes\/"},"img":{"alt_text":"","src":"https:\/\/i0.wp.com\/artejoven.org\/wp-content\/uploads\/2024\/07\/UNESCO-Habana-jpg.webp?resize=350%2C200&ssl=1","width":350,"height":200},"classes":[]},{"id":7779,"url":"http:\/\/portal.ohc.cu\/","url_meta":{"origin":5979,"position":5},"title":"Bureau de l'historien de la ville de La Havane","author":"Ren\u00e9 Manuel Puig","date":"11 de juillet de 2024","format":false,"excerpt":"Cr\u00e9\u00e9 en 1938 par le Dr Emilio Roig de Leuchsenring, pour la protection de la Vieille Havane. La restauration de la zone historique a \u00e9t\u00e9 maintenue et renforc\u00e9e par le Dr. Eusebio Leal Spengler, historien de la ville.","rel":"","context":"Dans &quot;Colaborador&quot;","block_context":{"text":"Colaborador","link":"https:\/\/artejoven.org\/fr\/category\/colaborador\/"},"img":{"alt_text":"","src":"https:\/\/i0.wp.com\/artejoven.org\/wp-content\/uploads\/2024\/07\/Oficina-del-Historiador-de-la-Ciudad-de-La-Habana-jpg.webp?resize=350%2C200&ssl=1","width":350,"height":200},"classes":[]}],"jetpack_sharing_enabled":true,"_links":{"self":[{"href":"https:\/\/artejoven.org\/fr\/wp-json\/wp\/v2\/pages\/5979","targetHints":{"allow":["GET"]}}],"collection":[{"href":"https:\/\/artejoven.org\/fr\/wp-json\/wp\/v2\/pages"}],"about":[{"href":"https:\/\/artejoven.org\/fr\/wp-json\/wp\/v2\/types\/page"}],"author":[{"embeddable":true,"href":"https:\/\/artejoven.org\/fr\/wp-json\/wp\/v2\/users\/1"}],"replies":[{"embeddable":true,"href":"https:\/\/artejoven.org\/fr\/wp-json\/wp\/v2\/comments?post=5979"}],"version-history":[{"count":0,"href":"https:\/\/artejoven.org\/fr\/wp-json\/wp\/v2\/pages\/5979\/revisions"}],"up":[{"embeddable":true,"href":"https:\/\/artejoven.org\/fr\/wp-json\/wp\/v2\/pages\/931"}],"wp:featuredmedia":[{"embeddable":true,"href":"https:\/\/artejoven.org\/fr\/wp-json\/wp\/v2\/media\/5980"}],"wp:attachment":[{"href":"https:\/\/artejoven.org\/fr\/wp-json\/wp\/v2\/media?parent=5979"}],"wp:term":[{"taxonomy":"category","embeddable":true,"href":"https:\/\/artejoven.org\/fr\/wp-json\/wp\/v2\/categories?post=5979"},{"taxonomy":"post_tag","embeddable":true,"href":"https:\/\/artejoven.org\/fr\/wp-json\/wp\/v2\/tags?post=5979"}],"curies":[{"name":"wp","href":"https:\/\/api.w.org\/{rel}","templated":true}]}}