{"id":6478,"date":"2023-12-04T22:11:00","date_gmt":"2023-12-05T03:11:00","guid":{"rendered":"https:\/\/artejoven.org\/?page_id=6478"},"modified":"2023-12-05T10:55:19","modified_gmt":"2023-12-05T15:55:19","slug":"kerven-lebrun","status":"publish","type":"page","link":"https:\/\/artejoven.org\/fr\/beneficiarios\/kerven-lebrun\/","title":{"rendered":"Kerven Lebrun"},"content":{"rendered":"","protected":false},"excerpt":{"rendered":"<p>\u00c9galement connu sous le nom de Kabysh, il est un jeune chanteur, auteur-compositeur et acteur ha\u00eftien. <\/p>","protected":false},"author":1,"featured_media":6479,"parent":931,"menu_order":0,"comment_status":"closed","ping_status":"closed","template":"","meta":{"_acf_changed":false,"footnotes":"","_links_to":"","_links_to_target":""},"categories":[13,31],"tags":[],"class_list":["post-6478","page","type-page","status-publish","has-post-thumbnail","hentry","category-beneficiarios","category-musica-beneficiarios","post","post-with-thumbnail","post-with-thumbnail-large"],"acf":[],"aioseo_notices":[],"jetpack-related-posts":[{"id":6463,"url":"https:\/\/artejoven.org\/fr\/beneficiarios\/francisco-sardau-lafrance\/","url_meta":{"origin":6478,"position":0},"title":"Francisco Sardau Lafrance","author":"Ren\u00e9 Manuel Puig","date":"4 de d\u00e9cembre de 2023","format":false,"excerpt":"Auteur ha\u00eftien - compositeur, percussionniste et chanteur.","rel":"","context":"Dans &quot;Beneficiarios&quot;","block_context":{"text":"Beneficiarios","link":"https:\/\/artejoven.org\/fr\/category\/beneficiarios\/"},"img":{"alt_text":"Francisco Sardau Lafrance","src":"https:\/\/i0.wp.com\/artejoven.org\/wp-content\/uploads\/2023\/12\/cisco-1-jpg.webp?resize=350%2C200&ssl=1","width":350,"height":200,"srcset":"https:\/\/i0.wp.com\/artejoven.org\/wp-content\/uploads\/2023\/12\/cisco-1-jpg.webp?resize=350%2C200&ssl=1 1x, https:\/\/i0.wp.com\/artejoven.org\/wp-content\/uploads\/2023\/12\/cisco-1-jpg.webp?resize=525%2C300&ssl=1 1.5x"},"classes":[]},{"id":5659,"url":"https:\/\/artejoven.org\/fr\/beneficiarios\/wendy-oram\/","url_meta":{"origin":6478,"position":1},"title":"Wendy Oram","author":"Ren\u00e9 Manuel Puig","date":"11 de septembre de 2023","format":false,"excerpt":"Wendy Oram (La Havane, 1993) est une instrumentiste, chanteuse et compositrice cubaine dipl\u00f4m\u00e9e de l'Instituto Superior de Arte (ISA) en 2018, sp\u00e9cialis\u00e9e en violon et en musique de chambre.","rel":"","context":"Dans &quot;Beneficiarios&quot;","block_context":{"text":"Beneficiarios","link":"https:\/\/artejoven.org\/fr\/category\/beneficiarios\/"},"img":{"alt_text":"Wendy Oram","src":"https:\/\/i0.wp.com\/artejoven.org\/wp-content\/uploads\/2023\/09\/Wendi-Oram-jpg.webp?resize=350%2C200&ssl=1","width":350,"height":200},"classes":[]},{"id":5664,"url":"https:\/\/artejoven.org\/fr\/beneficiarios\/kadir-gonzalez\/","url_meta":{"origin":6478,"position":2},"title":"Kadir Gonzalez","author":"Ren\u00e9 Manuel Puig","date":"11 de septembre de 2023","format":false,"excerpt":"Kadir Gonzalez (Villa Clara, 1997) est un producteur de musique cubain, compositeur, arrangeur, saxophoniste, chanteur et clavi\u00e9riste, dipl\u00f4m\u00e9 de l'Universidad de las Artes de La Habana (ISA), dans le profil saxophone (2021).","rel":"","context":"Dans &quot;Beneficiarios&quot;","block_context":{"text":"Beneficiarios","link":"https:\/\/artejoven.org\/fr\/category\/beneficiarios\/"},"img":{"alt_text":"Kadir Gonz\u00e1lez","src":"https:\/\/i0.wp.com\/artejoven.org\/wp-content\/uploads\/2023\/09\/Kadir-Gonzalez-jpg.webp?resize=350%2C200&ssl=1","width":350,"height":200},"classes":[]},{"id":7365,"url":"https:\/\/artejoven.org\/fr\/beneficiarios\/yasel-munoz\/","url_meta":{"origin":6478,"position":3},"title":"Yasel Mu\u00f1oz","author":"Ren\u00e9 Manuel Puig","date":"17 de avril de 2024","format":false,"excerpt":"Yasel Mu\u00f1oz (Holgu\u00edn, 1996) est une jeune fl\u00fbtiste, compositrice, arrangeuse et productrice.","rel":"","context":"Dans &quot;Beneficiarios&quot;","block_context":{"text":"Beneficiarios","link":"https:\/\/artejoven.org\/fr\/category\/beneficiarios\/"},"img":{"alt_text":"Yasel Mu\u00f1oz","src":"https:\/\/i0.wp.com\/artejoven.org\/wp-content\/uploads\/2024\/04\/Yasel-Munoz.jpg?resize=350%2C200&ssl=1","width":350,"height":200},"classes":[]},{"id":7344,"url":"https:\/\/artejoven.org\/fr\/beneficiarios\/juan-carlos-poveda\/","url_meta":{"origin":6478,"position":4},"title":"Juan Carlos Poveda","author":"Ren\u00e9 Manuel Puig","date":"10 de avril de 2024","format":false,"excerpt":"Juan Carlos Poveda (Ciego de \u00c1vila, 1998) est un jeune guitariste, compositeur et arrangeur, dipl\u00f4m\u00e9 en guitare classique \u00e0 l'\u00c9cole nationale de musique de Cuba.","rel":"","context":"Dans &quot;Beneficiarios&quot;","block_context":{"text":"Beneficiarios","link":"https:\/\/artejoven.org\/fr\/category\/beneficiarios\/"},"img":{"alt_text":"Juan Carlos Poveda","src":"https:\/\/i0.wp.com\/artejoven.org\/wp-content\/uploads\/2024\/04\/Juan-Carlos-Poveda-jpg.webp?resize=350%2C200&ssl=1","width":350,"height":200},"classes":[]},{"id":6493,"url":"https:\/\/artejoven.org\/fr\/beneficiarios\/darlin-johancy-michel\/","url_meta":{"origin":6478,"position":5},"title":"Darlin Johancy Michel","author":"Ren\u00e9 Manuel Puig","date":"5 de d\u00e9cembre de 2023","format":false,"excerpt":"Musicien ha\u00eftien. Sa passion pour cet art l'a amen\u00e9 \u00e0 prendre des cours d'harmonie jazz avec Turgot Th\u00e9odat \u00e0 l'ENARTS (Ecole Nationale des Arts).","rel":"","context":"Dans &quot;Beneficiarios&quot;","block_context":{"text":"Beneficiarios","link":"https:\/\/artejoven.org\/fr\/category\/beneficiarios\/"},"img":{"alt_text":"Darlin Johancy Michel","src":"https:\/\/i0.wp.com\/artejoven.org\/wp-content\/uploads\/2023\/12\/Darlin-jpg.webp?resize=350%2C200&ssl=1","width":350,"height":200,"srcset":"https:\/\/i0.wp.com\/artejoven.org\/wp-content\/uploads\/2023\/12\/Darlin-jpg.webp?resize=350%2C200&ssl=1 1x, https:\/\/i0.wp.com\/artejoven.org\/wp-content\/uploads\/2023\/12\/Darlin-jpg.webp?resize=525%2C300&ssl=1 1.5x"},"classes":[]}],"jetpack_sharing_enabled":true,"_links":{"self":[{"href":"https:\/\/artejoven.org\/fr\/wp-json\/wp\/v2\/pages\/6478","targetHints":{"allow":["GET"]}}],"collection":[{"href":"https:\/\/artejoven.org\/fr\/wp-json\/wp\/v2\/pages"}],"about":[{"href":"https:\/\/artejoven.org\/fr\/wp-json\/wp\/v2\/types\/page"}],"author":[{"embeddable":true,"href":"https:\/\/artejoven.org\/fr\/wp-json\/wp\/v2\/users\/1"}],"replies":[{"embeddable":true,"href":"https:\/\/artejoven.org\/fr\/wp-json\/wp\/v2\/comments?post=6478"}],"version-history":[{"count":0,"href":"https:\/\/artejoven.org\/fr\/wp-json\/wp\/v2\/pages\/6478\/revisions"}],"up":[{"embeddable":true,"href":"https:\/\/artejoven.org\/fr\/wp-json\/wp\/v2\/pages\/931"}],"wp:featuredmedia":[{"embeddable":true,"href":"https:\/\/artejoven.org\/fr\/wp-json\/wp\/v2\/media\/6479"}],"wp:attachment":[{"href":"https:\/\/artejoven.org\/fr\/wp-json\/wp\/v2\/media?parent=6478"}],"wp:term":[{"taxonomy":"category","embeddable":true,"href":"https:\/\/artejoven.org\/fr\/wp-json\/wp\/v2\/categories?post=6478"},{"taxonomy":"post_tag","embeddable":true,"href":"https:\/\/artejoven.org\/fr\/wp-json\/wp\/v2\/tags?post=6478"}],"curies":[{"name":"wp","href":"https:\/\/api.w.org\/{rel}","templated":true}]}}