{"id":6807,"date":"2024-01-02T11:06:17","date_gmt":"2024-01-02T16:06:17","guid":{"rendered":"https:\/\/artejoven.org\/?page_id=6807"},"modified":"2024-01-10T12:28:22","modified_gmt":"2024-01-10T17:28:22","slug":"residences-universitaires-profil-musical","status":"publish","type":"page","link":"https:\/\/artejoven.org\/fr\/convocatorias\/residencias-academicas-perfil-musica\/","title":{"rendered":"R\u00e9sidences universitaires Niger-Cuba 2024 : profil musical"},"content":{"rendered":"\t\t<div data-elementor-type=\"wp-page\" data-elementor-id=\"6807\" class=\"elementor elementor-6807\" data-elementor-post-type=\"page\">\n\t\t\t\t\t\t<section class=\"elementor-section elementor-top-section elementor-element elementor-element-7c3287a1 elementor-section-stretched elementor-section-boxed elementor-section-height-default elementor-section-height-default\" data-id=\"7c3287a1\" data-element_type=\"section\" data-e-type=\"section\" data-settings=\"{&quot;stretch_section&quot;:&quot;section-stretched&quot;,&quot;background_background&quot;:&quot;classic&quot;}\">\n\t\t\t\t\t\t<div class=\"elementor-container elementor-column-gap-default\">\n\t\t\t\t\t<div class=\"elementor-column elementor-col-100 elementor-top-column elementor-element elementor-element-4430c061\" data-id=\"4430c061\" data-element_type=\"column\" data-e-type=\"column\">\n\t\t\t<div class=\"elementor-widget-wrap elementor-element-populated\">\n\t\t\t\t\t\t<div class=\"elementor-element elementor-element-14941fb elementor-widget elementor-widget-image\" data-id=\"14941fb\" data-element_type=\"widget\" data-e-type=\"widget\" data-widget_type=\"image.default\">\n\t\t\t\t<div class=\"elementor-widget-container\">\n\t\t\t\t\t\t\t\t\t\t\t\t\t\t\t<img fetchpriority=\"high\" decoding=\"async\" width=\"720\" height=\"110\" src=\"https:\/\/artejoven.org\/wp-content\/uploads\/2023\/05\/Banner-Web.jpg\" class=\"attachment-large size-large wp-image-2062\" alt=\"\" \/>\t\t\t\t\t\t\t\t\t\t\t\t\t\t\t<\/div>\n\t\t\t\t<\/div>\n\t\t\t\t\t<\/div>\n\t\t<\/div>\n\t\t\t\t\t<\/div>\n\t\t<\/section>\n\t\t\t\t<section class=\"elementor-section elementor-top-section elementor-element elementor-element-5388a912 elementor-section-boxed elementor-section-height-default elementor-section-height-default\" data-id=\"5388a912\" data-element_type=\"section\" data-e-type=\"section\" data-settings=\"{&quot;background_background&quot;:&quot;classic&quot;}\">\n\t\t\t\t\t\t<div class=\"elementor-container elementor-column-gap-default\">\n\t\t\t\t\t<div class=\"elementor-column elementor-col-50 elementor-top-column elementor-element elementor-element-6ceba7d7\" data-id=\"6ceba7d7\" data-element_type=\"column\" data-e-type=\"column\">\n\t\t\t<div class=\"elementor-widget-wrap elementor-element-populated\">\n\t\t\t\t\t\t<div class=\"elementor-element elementor-element-60c35420 elementor-widget elementor-widget-heading\" data-id=\"60c35420\" data-element_type=\"widget\" data-e-type=\"widget\" data-widget_type=\"heading.default\">\n\t\t\t\t<div class=\"elementor-widget-container\">\n\t\t\t\t\t<h1 class=\"elementor-heading-title elementor-size-default\">R\u00e9sidences acad\u00e9miques \u00e0<br> Niger -  Cuba\u00a02024:<\/h1>\t\t\t\t<\/div>\n\t\t\t\t<\/div>\n\t\t\t\t<div class=\"elementor-element elementor-element-7ec008e elementor-widget elementor-widget-heading\" data-id=\"7ec008e\" data-element_type=\"widget\" data-e-type=\"widget\" data-settings=\"{&quot;sticky&quot;:&quot;top&quot;,&quot;sticky_on&quot;:[&quot;desktop&quot;],&quot;sticky_parent&quot;:&quot;yes&quot;,&quot;sticky_offset&quot;:45,&quot;sticky_effects_offset&quot;:0,&quot;sticky_anchor_link_offset&quot;:0}\" data-widget_type=\"heading.default\">\n\t\t\t\t<div class=\"elementor-widget-container\">\n\t\t\t\t\t<h1 class=\"elementor-heading-title elementor-size-default\">Profil musique<\/h1>\t\t\t\t<\/div>\n\t\t\t\t<\/div>\n\t\t\t\t\t<\/div>\n\t\t<\/div>\n\t\t\t\t<div class=\"elementor-column elementor-col-50 elementor-top-column elementor-element elementor-element-5ca1cbbe\" data-id=\"5ca1cbbe\" data-element_type=\"column\" data-e-type=\"column\">\n\t\t\t<div class=\"elementor-widget-wrap elementor-element-populated\">\n\t\t\t\t\t\t<div class=\"elementor-element elementor-element-62efe893 elementor-hidden-desktop elementor-hidden-tablet elementor-hidden-mobile elementor-widget elementor-widget-text-editor\" data-id=\"62efe893\" data-element_type=\"widget\" data-e-type=\"widget\" data-widget_type=\"text-editor.default\">\n\t\t\t\t<div class=\"elementor-widget-container\">\n\t\t\t\t\t\t\t\t\t<p>El plazo para aplicar a la convocatoria de Proyectos Creativos en la modalidad de M\u00fasica venci\u00f3 el 21 de julio de 2023, a las 11:59 pm.<\/p><p>Los resultados del proceso de selecci\u00f3n se publicar\u00e1n en los perfiles de redes sociales del Fondo de Arte Joven, el 31 julio de 2023.<\/p><p>Le invitamos a estar atento a nuestras pr\u00f3ximas convocatorias.<\/p>\t\t\t\t\t\t\t\t<\/div>\n\t\t\t\t<\/div>\n\t\t\t\t<div class=\"elementor-element elementor-element-110012e6 elementor-widget elementor-widget-text-editor\" data-id=\"110012e6\" data-element_type=\"widget\" data-e-type=\"widget\" data-widget_type=\"text-editor.default\">\n\t\t\t\t<div class=\"elementor-widget-container\">\n\t\t\t\t\t\t\t\t\t<p><strong>Appel \u00e0 candidatures pour les r\u00e9sidences acad\u00e9miques Niger &#8211; Cuba 2024<\/strong><\/p><p>Si vous avez des questions pour remplir le formulaire, vous pouvez consulter le <span style=\"text-decoration: underline;\"><a href=\"https:\/\/drive.google.com\/file\/d\/1uJ1o7YKUBpzDQzglelBgOA70c7-Gl07U\/view?usp=drivesdk\" target=\"_blank\" rel=\"noopener\">R\u00e8glement de l\u2019appel \u00e0 candidatures<\/a><\/span> ainsi que le <span style=\"text-decoration: underline;\"><a href=\"https:\/\/drive.google.com\/file\/d\/1DXWniyw92U7IxfAVI7Ix2VkxPPDwTfoT\/view?usp=sharing\" target=\"_blank\" rel=\"noopener\">Guide pratique \u00e0 l\u2019attention des candidats<\/a><\/span>.<\/p>\t\t\t\t\t\t\t\t<\/div>\n\t\t\t\t<\/div>\n\t\t\t\t<div class=\"elementor-element elementor-element-4f609007 elementor-widget elementor-widget-heading\" data-id=\"4f609007\" data-element_type=\"widget\" data-e-type=\"widget\" data-widget_type=\"heading.default\">\n\t\t\t\t<div class=\"elementor-widget-container\">\n\t\t\t\t\t<h2 class=\"elementor-heading-title elementor-size-default\">Formulaire de postulation pour le profil\u00a0Musique<\/h2>\t\t\t\t<\/div>\n\t\t\t\t<\/div>\n\t\t\t\t<div class=\"elementor-element elementor-element-4da9da86 elementor-button-align-stretch elementor-widget elementor-widget-form\" data-id=\"4da9da86\" data-element_type=\"widget\" data-e-type=\"widget\" data-settings=\"{&quot;step_next_label&quot;:&quot;Next&quot;,&quot;step_previous_label&quot;:&quot;Previous&quot;,&quot;button_width&quot;:&quot;100&quot;,&quot;step_type&quot;:&quot;number_text&quot;,&quot;step_icon_shape&quot;:&quot;circle&quot;}\" data-widget_type=\"form.default\">\n\t\t\t\t<div class=\"elementor-widget-container\">\n\t\t\t\t\t\t\t<form class=\"elementor-form\" method=\"post\" id=\"NigerMusica\" name=\"Residencia M\u00fasica\" aria-label=\"Residencia M\u00fasica\">\n\t\t\t<input type=\"hidden\" name=\"post_id\" value=\"6807\"\/>\n\t\t\t<input type=\"hidden\" name=\"form_id\" value=\"4da9da86\"\/>\n\t\t\t<input type=\"hidden\" name=\"referer_title\" value=\"\" \/>\n\n\t\t\t\n\t\t\t<div class=\"elementor-form-fields-wrapper elementor-labels-above\">\n\t\t\t\t\t\t\t\t<div class=\"elementor-field-type-text elementor-field-group elementor-column elementor-field-group-nombre elementor-col-100 elementor-field-required elementor-mark-required\">\n\t\t\t\t\t\t\t\t\t\t\t\t<label for=\"form-field-nombre\" class=\"elementor-field-label\">\n\t\t\t\t\t\t\t\tPr\u00e9nom et nom\t\t\t\t\t\t\t<\/label>\n\t\t\t\t\t\t\t\t\t\t\t\t\t\t<input size=\"1\" type=\"text\" name=\"form_fields[nombre]\" id=\"form-field-nombre\" class=\"elementor-field elementor-size-sm  elementor-field-textual\" required=\"required\">\n\t\t\t\t\t\t\t\t\t\t\t<\/div>\n\t\t\t\t\t\t\t\t<div class=\"elementor-field-type-textarea elementor-field-group elementor-column elementor-field-group-disciplina elementor-col-100 elementor-field-required elementor-mark-required\">\n\t\t\t\t\t\t\t\t\t\t\t\t<label for=\"form-field-disciplina\" class=\"elementor-field-label\">\n\t\t\t\t\t\t\t\tDiscipline musicale\t\t\t\t\t\t\t<\/label>\n\t\t\t\t\t\t<textarea class=\"elementor-field-textual elementor-field  elementor-size-sm\" name=\"form_fields[disciplina]\" id=\"form-field-disciplina\" rows=\"4\" placeholder=\"Compositeur, interpr\u00e8te. Sp\u00e9cifier les comp\u00e9tences et instrument(s).\" required=\"required\"><\/textarea>\t\t\t\t<\/div>\n\t\t\t\t\t\t\t\t<div class=\"elementor-field-type-textarea elementor-field-group elementor-column elementor-field-group-formacion elementor-col-100 elementor-field-required elementor-mark-required\">\n\t\t\t\t\t\t\t\t\t\t\t\t<label for=\"form-field-formacion\" class=\"elementor-field-label\">\n\t\t\t\t\t\t\t\tFormation\t\t\t\t\t\t\t<\/label>\n\t\t\t\t\t\t<textarea class=\"elementor-field-textual elementor-field  elementor-size-sm\" name=\"form_fields[formacion]\" id=\"form-field-formacion\" rows=\"4\" placeholder=\"Dipl\u00f4m\u00e9, en formation ou autodidacte.\" required=\"required\"><\/textarea>\t\t\t\t<\/div>\n\t\t\t\t\t\t\t\t<div class=\"elementor-field-type-number elementor-field-group elementor-column elementor-field-group-edad elementor-col-33 elementor-sm-30 elementor-field-required elementor-mark-required\">\n\t\t\t\t\t\t\t\t\t\t\t\t<label for=\"form-field-edad\" class=\"elementor-field-label\">\n\t\t\t\t\t\t\t\t\u00c2ge\t\t\t\t\t\t\t<\/label>\n\t\t\t\t\t\t\t\t\t<input type=\"number\" name=\"form_fields[edad]\" id=\"form-field-edad\" class=\"elementor-field elementor-size-sm  elementor-field-textual\" required=\"required\" min=\"18\" max=\"35\" >\n\t\t\t\t\t\t<\/div>\n\t\t\t\t\t\t\t\t<div class=\"elementor-field-type-tel elementor-field-group elementor-column elementor-field-group-telefono elementor-col-33 elementor-sm-70 elementor-field-required elementor-mark-required\">\n\t\t\t\t\t\t\t\t\t\t\t\t<label for=\"form-field-telefono\" class=\"elementor-field-label\">\n\t\t\t\t\t\t\t\tT\u00e9l\u00e9phone\t\t\t\t\t\t\t<\/label>\n\t\t\t\t\t\t\t\t<input size=\"1\" type=\"tel\" name=\"form_fields[telefono]\" id=\"form-field-telefono\" class=\"elementor-field elementor-size-sm  elementor-field-textual\" placeholder=\"WhatsApp\" required=\"required\" pattern=\"[0-9()#&amp;+*-=.]+\" title=\"Only numbers and phone characters (#, -, *, etc) are accepted.\">\n\n\t\t\t\t\t\t<\/div>\n\t\t\t\t\t\t\t\t<div class=\"elementor-field-type-email elementor-field-group elementor-column elementor-field-group-email elementor-col-33 elementor-field-required elementor-mark-required\">\n\t\t\t\t\t\t\t\t\t\t\t\t<label for=\"form-field-email\" class=\"elementor-field-label\">\n\t\t\t\t\t\t\t\tCourrier \u00e9lectronique\t\t\t\t\t\t\t<\/label>\n\t\t\t\t\t\t\t\t\t\t\t\t\t\t<input size=\"1\" type=\"email\" name=\"form_fields[email]\" id=\"form-field-email\" class=\"elementor-field elementor-size-sm  elementor-field-textual\" required=\"required\">\n\t\t\t\t\t\t\t\t\t\t\t<\/div>\n\t\t\t\t\t\t\t\t<div class=\"elementor-field-type-select elementor-field-group elementor-column elementor-field-group-nacionalidad elementor-col-30 elementor-field-required elementor-mark-required\">\n\t\t\t\t\t\t\t\t\t\t\t\t<label for=\"form-field-nacionalidad\" class=\"elementor-field-label\">\n\t\t\t\t\t\t\t\tNationalit\u00e9\t\t\t\t\t\t\t<\/label>\n\t\t\t\t\t\t\t\t<div class=\"elementor-field elementor-select-wrapper remove-before \">\n\t\t\t<div class=\"select-caret-down-wrapper\">\n\t\t\t\t<i aria-hidden=\"true\" class=\"eicon-caret-down\"><\/i>\t\t\t<\/div>\n\t\t\t<select name=\"form_fields[nacionalidad]\" id=\"form-field-nacionalidad\" class=\"elementor-field-textual elementor-size-sm\" required=\"required\">\n\t\t\t\t\t\t\t\t\t<option value=\"\">Nationalit\u00e9<\/option>\n\t\t\t\t\t\t\t\t\t<option value=\"Niger\">Niger<\/option>\n\t\t\t\t\t\t\t<\/select>\n\t\t<\/div>\n\t\t\t\t\t\t<\/div>\n\t\t\t\t\t\t\t\t<div class=\"elementor-field-type-text elementor-field-group elementor-column elementor-field-group-nopasaporte elementor-col-70 elementor-field-required elementor-mark-required\">\n\t\t\t\t\t\t\t\t\t\t\t\t<label for=\"form-field-nopasaporte\" class=\"elementor-field-label\">\n\t\t\t\t\t\t\t\tN\u00famero de passeport\t\t\t\t\t\t\t<\/label>\n\t\t\t\t\t\t\t\t\t\t\t\t\t\t<input size=\"1\" type=\"text\" name=\"form_fields[nopasaporte]\" id=\"form-field-nopasaporte\" class=\"elementor-field elementor-size-sm  elementor-field-textual\" required=\"required\">\n\t\t\t\t\t\t\t\t\t\t\t<\/div>\n\t\t\t\t\t\t\t\t<div class=\"elementor-field-type-text elementor-field-group elementor-column elementor-field-group-link elementor-col-100 elementor-field-required elementor-mark-required\">\n\t\t\t\t\t\t\t\t\t\t\t\t<label for=\"form-field-link\" class=\"elementor-field-label\">\n\t\t\t\t\t\t\t\tLien internet d\u2019acc\u00e8s au contenu audio ou vid\u00e9o (public ou priv\u00e9 via\u00a0Google\u00a0Drive)\t\t\t\t\t\t\t<\/label>\n\t\t\t\t\t\t\t\t\t\t\t\t\t\t<input size=\"1\" type=\"text\" name=\"form_fields[link]\" id=\"form-field-link\" class=\"elementor-field elementor-size-sm  elementor-field-textual\" required=\"required\">\n\t\t\t\t\t\t\t\t\t\t\t<\/div>\n\t\t\t\t\t\t\t\t<div class=\"elementor-field-type-upload elementor-field-group elementor-column elementor-field-group-CV elementor-col-50 elementor-md-50 elementor-field-required elementor-mark-required\">\n\t\t\t\t\t\t\t\t\t\t\t\t<label for=\"form-field-CV\" class=\"elementor-field-label\">\n\t\t\t\t\t\t\t\tCurrriculum vitae actualis\u00e9 (.pdf)\t\t\t\t\t\t\t<\/label>\n\t\t\t\t\t\t\t\t<input type=\"file\" name=\"form_fields[CV]\" id=\"form-field-CV\" class=\"elementor-field elementor-size-sm  elementor-upload-field\" required=\"required\" data-maxsize=\"10\" data-maxsize-message=\"This file exceeds the maximum allowed size.\">\n\n\t\t\t\t\t\t<\/div>\n\t\t\t\t\t\t\t\t<div class=\"elementor-field-type-upload elementor-field-group elementor-column elementor-field-group-ID elementor-col-50 elementor-md-50 elementor-field-required elementor-mark-required\">\n\t\t\t\t\t\t\t\t\t\t\t\t<label for=\"form-field-ID\" class=\"elementor-field-label\">\n\t\t\t\t\t\t\t\tPhotocopie de la carte d\u2019identit\u00e9\u00a0(.pdf)\t\t\t\t\t\t\t<\/label>\n\t\t\t\t\t\t\t\t<input type=\"file\" name=\"form_fields[ID]\" id=\"form-field-ID\" class=\"elementor-field elementor-size-sm  elementor-upload-field\" required=\"required\" data-maxsize=\"10\" data-maxsize-message=\"This file exceeds the maximum allowed size.\">\n\n\t\t\t\t\t\t<\/div>\n\t\t\t\t\t\t\t\t<div class=\"elementor-field-type-upload elementor-field-group elementor-column elementor-field-group-pasaporte elementor-col-50 elementor-md-50 elementor-field-required elementor-mark-required\">\n\t\t\t\t\t\t\t\t\t\t\t\t<label for=\"form-field-pasaporte\" class=\"elementor-field-label\">\n\t\t\t\t\t\t\t\tPhotocopie du passeport (.pdf)\t\t\t\t\t\t\t<\/label>\n\t\t\t\t\t\t\t\t<input type=\"file\" name=\"form_fields[pasaporte]\" id=\"form-field-pasaporte\" class=\"elementor-field elementor-size-sm  elementor-upload-field\" required=\"required\" data-maxsize=\"10\" data-maxsize-message=\"This file exceeds the maximum allowed size.\">\n\n\t\t\t\t\t\t<\/div>\n\t\t\t\t\t\t\t\t<div class=\"elementor-field-type-upload elementor-field-group elementor-column elementor-field-group-foto elementor-col-50 elementor-md-50 elementor-field-required elementor-mark-required\">\n\t\t\t\t\t\t\t\t\t\t\t\t<label for=\"form-field-foto\" class=\"elementor-field-label\">\n\t\t\t\t\t\t\t\tPhoto personnelle (.jpg)\t\t\t\t\t\t\t<\/label>\n\t\t\t\t\t\t\t\t<input type=\"file\" name=\"form_fields[foto]\" id=\"form-field-foto\" class=\"elementor-field elementor-size-sm  elementor-upload-field\" required=\"required\" data-maxsize=\"10\" data-maxsize-message=\"This file exceeds the maximum allowed size.\">\n\n\t\t\t\t\t\t<\/div>\n\t\t\t\t\t\t\t\t<div class=\"elementor-field-type-upload elementor-field-group elementor-column elementor-field-group-carta elementor-col-50 elementor-md-50 elementor-field-required elementor-mark-required\">\n\t\t\t\t\t\t\t\t\t\t\t\t<label for=\"form-field-carta\" class=\"elementor-field-label\">\n\t\t\t\t\t\t\t\tLettre de motivation (.pdf)\t\t\t\t\t\t\t<\/label>\n\t\t\t\t\t\t\t\t<input type=\"file\" name=\"form_fields[carta]\" id=\"form-field-carta\" class=\"elementor-field elementor-size-sm  elementor-upload-field\" required=\"required\" data-maxsize=\"10\" data-maxsize-message=\"This file exceeds the maximum allowed size.\">\n\n\t\t\t\t\t\t<\/div>\n\t\t\t\t\t\t\t\t<div class=\"elementor-field-group elementor-column elementor-field-type-submit elementor-col-100 e-form__buttons\">\n\t\t\t\t\t<button class=\"elementor-button elementor-size-sm\" type=\"submit\">\n\t\t\t\t\t\t<span class=\"elementor-button-content-wrapper\">\n\t\t\t\t\t\t\t\t\t\t\t\t\t\t\t\t\t\t\t\t\t\t<span class=\"elementor-button-text\">Envoyer formulaire<\/span>\n\t\t\t\t\t\t\t\t\t\t\t\t\t<\/span>\n\t\t\t\t\t<\/button>\n\t\t\t\t<\/div>\n\t\t\t<\/div>\n\t\t<\/form>\n\t\t\t\t\t\t<\/div>\n\t\t\t\t<\/div>\n\t\t\t\t<div class=\"elementor-element elementor-element-53f10717 elementor-widget elementor-widget-text-editor\" data-id=\"53f10717\" data-element_type=\"widget\" data-e-type=\"widget\" data-widget_type=\"text-editor.default\">\n\t\t\t\t<div class=\"elementor-widget-container\">\n\t\t\t\t\t\t\t\t\t<p>L\u2019envoi du formulaire d\u00e9pendra de la taille des fichiers en pi\u00e8ce jointe, en fonction d\u2019\u00e9ventuelles perturbations du r\u00e9seau. Si vous ne recevez pas le message \u00ab\u00a0Formulaire envoy\u00e9 avec succ\u00e8s\u00a0\u00bb ainsi qu\u2019un courrier \u00e9lectronique de confirmation, ceci signifie que votre envoi a \u00e9chou\u00e9. Dans un tel cas, veuillez proc\u00e9der aux \u00e9tages suivantes :<\/p><p>&#8211; R\u00e9p\u00e9tez l\u2019op\u00e9ration d\u2019envoi du formulaire \u00e0 un autre moment et\/ou depuis une meilleure connexion \u00e0 internet.<br \/>&#8211; Si n\u00e9cessaire prendre contact avec notre \u00e9quipe via l\u2019adresse\u00a0<a href=\"mailto:info@artejoven.org\"><span style=\"text-decoration: underline;\">info@artejoven.org<\/span><\/a>.<\/p>\t\t\t\t\t\t\t\t<\/div>\n\t\t\t\t<\/div>\n\t\t\t\t<div class=\"elementor-element elementor-element-6add4fc1 elementor-widget elementor-widget-html\" data-id=\"6add4fc1\" data-element_type=\"widget\" data-e-type=\"widget\" data-widget_type=\"html.default\">\n\t\t\t\t<div class=\"elementor-widget-container\">\n\t\t\t\t\t<script> \r\ndocument.getElementById(\"form-field-resum\").maxLength = \"1600\"; \r\n<\/script>\r\n\r\n<script> \r\ndocument.getElementById(\"form-field-context\").maxLength = \"800\"; \r\n<\/script>\r\n\r\n<script> \r\ndocument.getElementById(\"form-field-field_b00af96\").maxLength = \"10\"; \r\n<\/script>\r\n\r\n\r\n\r\n\r\n\t\t\t\t<\/div>\n\t\t\t\t<\/div>\n\t\t\t\t\t<\/div>\n\t\t<\/div>\n\t\t\t\t\t<\/div>\n\t\t<\/section>\n\t\t\t\t<\/div>\n\t\t","protected":false},"excerpt":{"rendered":"<p>Formulaire de demande<\/p>","protected":false},"author":1,"featured_media":1812,"parent":929,"menu_order":0,"comment_status":"closed","ping_status":"closed","template":"","meta":{"_acf_changed":false,"footnotes":"","_links_to":"","_links_to_target":""},"categories":[15],"tags":[],"class_list":["post-6807","page","type-page","status-publish","has-post-thumbnail","hentry","category-convocatoria","post","post-with-thumbnail","post-with-thumbnail-large"],"acf":[],"aioseo_notices":[],"jetpack-related-posts":[{"id":6902,"url":"https:\/\/artejoven.org\/fr\/convocatorias\/proyectos-curatoriales\/","url_meta":{"origin":6807,"position":0},"title":"Projets curatoriaux","author":"Ren\u00e9 Manuel Puig","date":"3 de janvier de 2024","format":false,"excerpt":"Appel aux conservateurs cubains","rel":"","context":"Dans &quot;Convocatorias&quot;","block_context":{"text":"Convocatorias","link":"https:\/\/artejoven.org\/fr\/category\/convocatoria\/"},"img":{"alt_text":"","src":"https:\/\/i0.wp.com\/artejoven.org\/wp-content\/uploads\/2023\/05\/Banner-Web.jpg?resize=350%2C200&ssl=1","width":350,"height":200,"srcset":"https:\/\/i0.wp.com\/artejoven.org\/wp-content\/uploads\/2023\/05\/Banner-Web.jpg?resize=350%2C200&ssl=1 1x, https:\/\/i0.wp.com\/artejoven.org\/wp-content\/uploads\/2023\/05\/Banner-Web.jpg?resize=525%2C300&ssl=1 1.5x, https:\/\/i0.wp.com\/artejoven.org\/wp-content\/uploads\/2023\/05\/Banner-Web.jpg?resize=700%2C400&ssl=1 2x"},"classes":[]},{"id":14,"url":"https:\/\/artejoven.org\/fr\/convocatorias\/proyectos-creativos-artes-visuales\/","url_meta":{"origin":6807,"position":1},"title":"Projets cr\u00e9atifs. Arts visuels","author":"Ren\u00e9 Manuel Puig","date":"15 de mars de 2023","format":false,"excerpt":"Formulaire de demande de soutien \u00e0 la production de projets cr\u00e9atifs sur des th\u00e8mes libres.","rel":"","context":"Dans &quot;Convocatorias&quot;","block_context":{"text":"Convocatorias","link":"https:\/\/artejoven.org\/fr\/category\/convocatoria\/"},"img":{"alt_text":"Fondo de Arte Joven","src":"https:\/\/i0.wp.com\/artejoven.org\/wp-content\/uploads\/2023\/03\/Optimizado-scaled.jpg?resize=350%2C200&ssl=1","width":350,"height":200,"srcset":"https:\/\/i0.wp.com\/artejoven.org\/wp-content\/uploads\/2023\/03\/Optimizado-scaled.jpg?resize=350%2C200&ssl=1 1x, https:\/\/i0.wp.com\/artejoven.org\/wp-content\/uploads\/2023\/03\/Optimizado-scaled.jpg?resize=525%2C300&ssl=1 1.5x, https:\/\/i0.wp.com\/artejoven.org\/wp-content\/uploads\/2023\/03\/Optimizado-scaled.jpg?resize=700%2C400&ssl=1 2x, https:\/\/i0.wp.com\/artejoven.org\/wp-content\/uploads\/2023\/03\/Optimizado-scaled.jpg?resize=1050%2C600&ssl=1 3x, https:\/\/i0.wp.com\/artejoven.org\/wp-content\/uploads\/2023\/03\/Optimizado-scaled.jpg?resize=1400%2C800&ssl=1 4x"},"classes":[]},{"id":4142,"url":"https:\/\/artejoven.org\/fr\/convocatorias\/proyectos-creativos-musica\/","url_meta":{"origin":6807,"position":2},"title":"Projets cr\u00e9atifs. Musique","author":"Ren\u00e9 Manuel Puig","date":"21 de juin de 2023","format":false,"excerpt":"Formulaire de demande de soutien \u00e0 des projets musicaux","rel":"","context":"Dans &quot;Convocatorias&quot;","block_context":{"text":"Convocatorias","link":"https:\/\/artejoven.org\/fr\/category\/convocatoria\/"},"img":{"alt_text":"Fondo de Arte Joven","src":"https:\/\/i0.wp.com\/artejoven.org\/wp-content\/uploads\/2023\/06\/Fondo-de-Arte-Joven.jpg?resize=350%2C200&ssl=1","width":350,"height":200,"srcset":"https:\/\/i0.wp.com\/artejoven.org\/wp-content\/uploads\/2023\/06\/Fondo-de-Arte-Joven.jpg?resize=350%2C200&ssl=1 1x, https:\/\/i0.wp.com\/artejoven.org\/wp-content\/uploads\/2023\/06\/Fondo-de-Arte-Joven.jpg?resize=525%2C300&ssl=1 1.5x, https:\/\/i0.wp.com\/artejoven.org\/wp-content\/uploads\/2023\/06\/Fondo-de-Arte-Joven.jpg?resize=700%2C400&ssl=1 2x"},"classes":[]},{"id":6836,"url":"https:\/\/artejoven.org\/fr\/convocatorias\/residencias-academicas-perfil-artes-visuales\/","url_meta":{"origin":6807,"position":3},"title":"R\u00e9sidences universitaires \u00e0 Niger-Cuba 2024 : Profil Arts visuels","author":"Ren\u00e9 Manuel Puig","date":"2 de janvier de 2024","format":false,"excerpt":"Formulaire de demande","rel":"","context":"Dans &quot;Convocatorias&quot;","block_context":{"text":"Convocatorias","link":"https:\/\/artejoven.org\/fr\/category\/convocatoria\/"},"img":{"alt_text":"","src":"https:\/\/i0.wp.com\/artejoven.org\/wp-content\/uploads\/2023\/05\/Banner-Web.jpg?resize=350%2C200&ssl=1","width":350,"height":200,"srcset":"https:\/\/i0.wp.com\/artejoven.org\/wp-content\/uploads\/2023\/05\/Banner-Web.jpg?resize=350%2C200&ssl=1 1x, https:\/\/i0.wp.com\/artejoven.org\/wp-content\/uploads\/2023\/05\/Banner-Web.jpg?resize=525%2C300&ssl=1 1.5x, https:\/\/i0.wp.com\/artejoven.org\/wp-content\/uploads\/2023\/05\/Banner-Web.jpg?resize=700%2C400&ssl=1 2x"},"classes":[]},{"id":16,"url":"https:\/\/artejoven.org\/fr\/convocatorias\/concurso-malayerba\/","url_meta":{"origin":6807,"position":4},"title":"Concours \"malaYerba","author":"Ren\u00e9 Manuel Puig","date":"15 de mars de 2023","format":false,"excerpt":"Formulaire de candidature pour la premi\u00e8re \u00e9dition du concours malaYerba.","rel":"","context":"Dans &quot;Convocatorias&quot;","block_context":{"text":"Convocatorias","link":"https:\/\/artejoven.org\/fr\/category\/convocatoria\/"},"img":{"alt_text":"Fondo de Arte Joven","src":"https:\/\/i0.wp.com\/artejoven.org\/wp-content\/uploads\/2023\/03\/Optimizado-scaled.jpg?resize=350%2C200&ssl=1","width":350,"height":200,"srcset":"https:\/\/i0.wp.com\/artejoven.org\/wp-content\/uploads\/2023\/03\/Optimizado-scaled.jpg?resize=350%2C200&ssl=1 1x, https:\/\/i0.wp.com\/artejoven.org\/wp-content\/uploads\/2023\/03\/Optimizado-scaled.jpg?resize=525%2C300&ssl=1 1.5x, https:\/\/i0.wp.com\/artejoven.org\/wp-content\/uploads\/2023\/03\/Optimizado-scaled.jpg?resize=700%2C400&ssl=1 2x, https:\/\/i0.wp.com\/artejoven.org\/wp-content\/uploads\/2023\/03\/Optimizado-scaled.jpg?resize=1050%2C600&ssl=1 3x, https:\/\/i0.wp.com\/artejoven.org\/wp-content\/uploads\/2023\/03\/Optimizado-scaled.jpg?resize=1400%2C800&ssl=1 4x"},"classes":[]},{"id":933,"url":"https:\/\/artejoven.org\/fr\/recursos\/","url_meta":{"origin":6807,"position":5},"title":"Ressources","author":"Ren\u00e9 Manuel Puig","date":"17 de avril de 2023","format":false,"excerpt":"Dans cette section, vous trouverez une biblioth\u00e8que de ressources en ligne utiles et des liens vers d'autres sites li\u00e9s aux arts et \u00e0 la culture.","rel":"","context":"Article similaire","block_context":{"text":"Article similaire","link":""},"img":{"alt_text":"","src":"https:\/\/i0.wp.com\/artejoven.org\/wp-content\/uploads\/2023\/04\/Logo-FAJ-cuadro.jpeg?resize=350%2C200&ssl=1","width":350,"height":200},"classes":[]}],"jetpack_sharing_enabled":true,"_links":{"self":[{"href":"https:\/\/artejoven.org\/fr\/wp-json\/wp\/v2\/pages\/6807","targetHints":{"allow":["GET"]}}],"collection":[{"href":"https:\/\/artejoven.org\/fr\/wp-json\/wp\/v2\/pages"}],"about":[{"href":"https:\/\/artejoven.org\/fr\/wp-json\/wp\/v2\/types\/page"}],"author":[{"embeddable":true,"href":"https:\/\/artejoven.org\/fr\/wp-json\/wp\/v2\/users\/1"}],"replies":[{"embeddable":true,"href":"https:\/\/artejoven.org\/fr\/wp-json\/wp\/v2\/comments?post=6807"}],"version-history":[{"count":0,"href":"https:\/\/artejoven.org\/fr\/wp-json\/wp\/v2\/pages\/6807\/revisions"}],"up":[{"embeddable":true,"href":"https:\/\/artejoven.org\/fr\/wp-json\/wp\/v2\/pages\/929"}],"wp:featuredmedia":[{"embeddable":true,"href":"https:\/\/artejoven.org\/fr\/wp-json\/wp\/v2\/media\/1812"}],"wp:attachment":[{"href":"https:\/\/artejoven.org\/fr\/wp-json\/wp\/v2\/media?parent=6807"}],"wp:term":[{"taxonomy":"category","embeddable":true,"href":"https:\/\/artejoven.org\/fr\/wp-json\/wp\/v2\/categories?post=6807"},{"taxonomy":"post_tag","embeddable":true,"href":"https:\/\/artejoven.org\/fr\/wp-json\/wp\/v2\/tags?post=6807"}],"curies":[{"name":"wp","href":"https:\/\/api.w.org\/{rel}","templated":true}]}}