{"id":7337,"date":"2024-04-10T14:01:40","date_gmt":"2024-04-10T18:01:40","guid":{"rendered":"https:\/\/artejoven.org\/?page_id=7337"},"modified":"2024-04-17T11:15:37","modified_gmt":"2024-04-17T15:15:37","slug":"jazz-pour-les-jeunes","status":"publish","type":"page","link":"https:\/\/artejoven.org\/fr\/beneficiarios\/jazz-for-youth\/","title":{"rendered":"Jazz pour les jeunes"},"content":{"rendered":"","protected":false},"excerpt":{"rendered":"<p>Inspir\u00e9 par les d\u00e9buts du groupe dans les salles de jam session de l'Universit\u00e9 des Arts.<\/p>","protected":false},"author":1,"featured_media":7339,"parent":931,"menu_order":0,"comment_status":"closed","ping_status":"closed","template":"","meta":{"_acf_changed":false,"footnotes":"","_links_to":"","_links_to_target":""},"categories":[13,31],"tags":[63],"class_list":["post-7337","page","type-page","status-publish","has-post-thumbnail","hentry","category-beneficiarios","category-musica-beneficiarios","tag-63","post","post-with-thumbnail","post-with-thumbnail-large"],"acf":[],"aioseo_notices":[],"jetpack-related-posts":[{"id":7432,"url":"https:\/\/artejoven.org\/fr\/beneficiarios\/samdor-ramirez\/","url_meta":{"origin":7337,"position":0},"title":"Samdor Ramirez","author":"Ren\u00e9 Manuel Puig","date":"23 de mai de 2024","format":false,"excerpt":"Samdor Ram\u00edrez (Cienfuegos, 2000) a obtenu un dipl\u00f4me de fl\u00fbte \u00e0 l'universit\u00e9 des arts (ISA) en 2024.","rel":"","context":"Dans &quot;Beneficiarios&quot;","block_context":{"text":"Beneficiarios","link":"https:\/\/artejoven.org\/fr\/category\/beneficiarios\/"},"img":{"alt_text":"Samdor Ram\u00edrez","src":"https:\/\/i0.wp.com\/artejoven.org\/wp-content\/uploads\/2024\/05\/Samdor-Ramirez.jpg?resize=350%2C200&ssl=1","width":350,"height":200},"classes":[]},{"id":6493,"url":"https:\/\/artejoven.org\/fr\/beneficiarios\/darlin-johancy-michel\/","url_meta":{"origin":7337,"position":1},"title":"Darlin Johancy Michel","author":"Ren\u00e9 Manuel Puig","date":"5 de d\u00e9cembre de 2023","format":false,"excerpt":"Musicien ha\u00eftien. Sa passion pour cet art l'a amen\u00e9 \u00e0 prendre des cours d'harmonie jazz avec Turgot Th\u00e9odat \u00e0 l'ENARTS (Ecole Nationale des Arts).","rel":"","context":"Dans &quot;Beneficiarios&quot;","block_context":{"text":"Beneficiarios","link":"https:\/\/artejoven.org\/fr\/category\/beneficiarios\/"},"img":{"alt_text":"Darlin Johancy Michel","src":"https:\/\/i0.wp.com\/artejoven.org\/wp-content\/uploads\/2023\/12\/Darlin-jpg.webp?resize=350%2C200&ssl=1","width":350,"height":200,"srcset":"https:\/\/i0.wp.com\/artejoven.org\/wp-content\/uploads\/2023\/12\/Darlin-jpg.webp?resize=350%2C200&ssl=1 1x, https:\/\/i0.wp.com\/artejoven.org\/wp-content\/uploads\/2023\/12\/Darlin-jpg.webp?resize=525%2C300&ssl=1 1.5x"},"classes":[]},{"id":7436,"url":"https:\/\/artejoven.org\/fr\/beneficiarios\/ernesto-oliva\/","url_meta":{"origin":7337,"position":2},"title":"Ernesto Oliva","author":"Ren\u00e9 Manuel Puig","date":"23 de mai de 2024","format":false,"excerpt":"Ernesto Oliva (Guant\u00e1namo, 1988), pianiste et compositeur, est dipl\u00f4m\u00e9 en 2015 de l'Universit\u00e9 des arts (ISA), avec une sp\u00e9cialisation en composition.","rel":"","context":"Dans &quot;Beneficiarios&quot;","block_context":{"text":"Beneficiarios","link":"https:\/\/artejoven.org\/fr\/category\/beneficiarios\/"},"img":{"alt_text":"Ernesto Oliva","src":"https:\/\/i0.wp.com\/artejoven.org\/wp-content\/uploads\/2024\/05\/Ernesto-Oliva.jpg?resize=350%2C200&ssl=1","width":350,"height":200},"classes":[]},{"id":8925,"url":"https:\/\/artejoven.org\/fr\/beneficiarios\/jazz-emprende\/","url_meta":{"origin":7337,"position":3},"title":"Jazz Emprende","author":"Ren\u00e9 Manuel Puig","date":"24 de f\u00e9vrier de 2025","format":false,"excerpt":"Premier \u00e9v\u00e9nement du projet de d\u00e9veloppement local, Emprendo y Existo, qui contribue \u00e0 promouvoir la cr\u00e9ativit\u00e9 \u00e0 partir des industries cr\u00e9atives, en int\u00e9grant les objectifs des musiciens et des entrepreneurs.","rel":"","context":"Dans &quot;Beneficiarios&quot;","block_context":{"text":"Beneficiarios","link":"https:\/\/artejoven.org\/fr\/category\/beneficiarios\/"},"img":{"alt_text":"Jazz Emprende","src":"https:\/\/i0.wp.com\/artejoven.org\/wp-content\/uploads\/2025\/02\/Jazz-Emprende.webp?resize=350%2C200&ssl=1","width":350,"height":200,"srcset":"https:\/\/i0.wp.com\/artejoven.org\/wp-content\/uploads\/2025\/02\/Jazz-Emprende.webp?resize=350%2C200&ssl=1 1x, https:\/\/i0.wp.com\/artejoven.org\/wp-content\/uploads\/2025\/02\/Jazz-Emprende.webp?resize=525%2C300&ssl=1 1.5x"},"classes":[]},{"id":10525,"url":"https:\/\/artejoven.org\/fr\/espacios-faj\/patio-abierto\/","url_meta":{"origin":7337,"position":4},"title":"Cour ouverte","author":"Ren\u00e9 Manuel Puig","date":"28 de f\u00e9vrier de 2026","format":false,"excerpt":"La Jam Session du Young Art Fund, o\u00f9 des musiciens \u00e9mergents et \u00e9tablis se rencontrent organiquement, g\u00e9n\u00e9rant une visibilit\u00e9, une mise en r\u00e9seau et des opportunit\u00e9s professionnelles, des actions de coop\u00e9ration, l'articulation des acteurs sociaux pour l'autonomisation du secteur culturel \u00e9mergent.","rel":"","context":"Dans \"Espacios FAJ\"","block_context":{"text":"Espacios FAJ","link":"https:\/\/artejoven.org\/fr\/tag\/espacios-faj\/"},"img":{"alt_text":"","src":"https:\/\/i0.wp.com\/artejoven.org\/wp-content\/uploads\/2026\/04\/FAJ_Cesar_Jazz_Club_CG-61.webp?resize=350%2C200&ssl=1","width":350,"height":200,"srcset":"https:\/\/i0.wp.com\/artejoven.org\/wp-content\/uploads\/2026\/04\/FAJ_Cesar_Jazz_Club_CG-61.webp?resize=350%2C200&ssl=1 1x, https:\/\/i0.wp.com\/artejoven.org\/wp-content\/uploads\/2026\/04\/FAJ_Cesar_Jazz_Club_CG-61.webp?resize=525%2C300&ssl=1 1.5x, https:\/\/i0.wp.com\/artejoven.org\/wp-content\/uploads\/2026\/04\/FAJ_Cesar_Jazz_Club_CG-61.webp?resize=700%2C400&ssl=1 2x, https:\/\/i0.wp.com\/artejoven.org\/wp-content\/uploads\/2026\/04\/FAJ_Cesar_Jazz_Club_CG-61.webp?resize=1050%2C600&ssl=1 3x, https:\/\/i0.wp.com\/artejoven.org\/wp-content\/uploads\/2026\/04\/FAJ_Cesar_Jazz_Club_CG-61.webp?resize=1400%2C800&ssl=1 4x"},"classes":[]},{"id":7425,"url":"https:\/\/artejoven.org\/fr\/beneficiarios\/lianne-vega-serrano\/","url_meta":{"origin":7337,"position":5},"title":"Lianne Vega Serrano","author":"Ren\u00e9 Manuel Puig","date":"23 de mai de 2024","format":false,"excerpt":"Lianne Vega Serrano (Matanzas, 1988) est titulaire d'un dipl\u00f4me d'or en musique de l'Universidad de las Artes de Cuba (ISA), avec une sp\u00e9cialisation en piano.","rel":"","context":"Dans &quot;Beneficiarios&quot;","block_context":{"text":"Beneficiarios","link":"https:\/\/artejoven.org\/fr\/category\/beneficiarios\/"},"img":{"alt_text":"Lianne Vega","src":"https:\/\/i0.wp.com\/artejoven.org\/wp-content\/uploads\/2024\/05\/Lianne-Vega.jpg?resize=350%2C200&ssl=1","width":350,"height":200},"classes":[]}],"jetpack_sharing_enabled":true,"_links":{"self":[{"href":"https:\/\/artejoven.org\/fr\/wp-json\/wp\/v2\/pages\/7337","targetHints":{"allow":["GET"]}}],"collection":[{"href":"https:\/\/artejoven.org\/fr\/wp-json\/wp\/v2\/pages"}],"about":[{"href":"https:\/\/artejoven.org\/fr\/wp-json\/wp\/v2\/types\/page"}],"author":[{"embeddable":true,"href":"https:\/\/artejoven.org\/fr\/wp-json\/wp\/v2\/users\/1"}],"replies":[{"embeddable":true,"href":"https:\/\/artejoven.org\/fr\/wp-json\/wp\/v2\/comments?post=7337"}],"version-history":[{"count":0,"href":"https:\/\/artejoven.org\/fr\/wp-json\/wp\/v2\/pages\/7337\/revisions"}],"up":[{"embeddable":true,"href":"https:\/\/artejoven.org\/fr\/wp-json\/wp\/v2\/pages\/931"}],"wp:featuredmedia":[{"embeddable":true,"href":"https:\/\/artejoven.org\/fr\/wp-json\/wp\/v2\/media\/7339"}],"wp:attachment":[{"href":"https:\/\/artejoven.org\/fr\/wp-json\/wp\/v2\/media?parent=7337"}],"wp:term":[{"taxonomy":"category","embeddable":true,"href":"https:\/\/artejoven.org\/fr\/wp-json\/wp\/v2\/categories?post=7337"},{"taxonomy":"post_tag","embeddable":true,"href":"https:\/\/artejoven.org\/fr\/wp-json\/wp\/v2\/tags?post=7337"}],"curies":[{"name":"wp","href":"https:\/\/api.w.org\/{rel}","templated":true}]}}