{"id":7344,"date":"2024-04-10T14:25:32","date_gmt":"2024-04-10T18:25:32","guid":{"rendered":"https:\/\/artejoven.org\/?page_id=7344"},"modified":"2024-04-17T11:17:07","modified_gmt":"2024-04-17T15:17:07","slug":"juan-carlos-poveda","status":"publish","type":"page","link":"https:\/\/artejoven.org\/fr\/beneficiarios\/juan-carlos-poveda\/","title":{"rendered":"Juan Carlos Poveda"},"content":{"rendered":"","protected":false},"excerpt":{"rendered":"<p>Juan Carlos Poveda (Ciego de \u00c1vila, 1998) est un jeune guitariste, compositeur et arrangeur, dipl\u00f4m\u00e9 en guitare classique \u00e0 l'\u00c9cole nationale de musique de Cuba.<\/p>","protected":false},"author":1,"featured_media":7345,"parent":931,"menu_order":0,"comment_status":"closed","ping_status":"closed","template":"","meta":{"_acf_changed":false,"footnotes":"","_links_to":"","_links_to_target":""},"categories":[13,31],"tags":[63],"class_list":["post-7344","page","type-page","status-publish","has-post-thumbnail","hentry","category-beneficiarios","category-musica-beneficiarios","tag-63","post","post-with-thumbnail","post-with-thumbnail-large"],"acf":[],"aioseo_notices":[],"jetpack-related-posts":[{"id":6486,"url":"https:\/\/artejoven.org\/fr\/beneficiarios\/sylvania-sylvain\/","url_meta":{"origin":7344,"position":0},"title":"Sylvania Sylvain","author":"Ren\u00e9 Manuel Puig","date":"5 de d\u00e9cembre de 2023","format":false,"excerpt":"Artiste et guitariste, passionn\u00e9 de musique, anim\u00e9 par la recherche constante de l'expression artistique.","rel":"","context":"Dans &quot;Beneficiarios&quot;","block_context":{"text":"Beneficiarios","link":"https:\/\/artejoven.org\/fr\/category\/beneficiarios\/"},"img":{"alt_text":"Sylvania Sylvain","src":"https:\/\/i0.wp.com\/artejoven.org\/wp-content\/uploads\/2023\/12\/Vava-jpg.webp?resize=350%2C200&ssl=1","width":350,"height":200,"srcset":"https:\/\/i0.wp.com\/artejoven.org\/wp-content\/uploads\/2023\/12\/Vava-jpg.webp?resize=350%2C200&ssl=1 1x, https:\/\/i0.wp.com\/artejoven.org\/wp-content\/uploads\/2023\/12\/Vava-jpg.webp?resize=525%2C300&ssl=1 1.5x"},"classes":[]},{"id":5629,"url":"https:\/\/artejoven.org\/fr\/beneficiarios\/dayron-ortiz\/","url_meta":{"origin":7344,"position":1},"title":"Dayron Ortiz","author":"Ren\u00e9 Manuel Puig","date":"11 de septembre de 2023","format":false,"excerpt":"Dayron Ortiz (La Havane, 1989) est un guitariste, compositeur, r\u00e9alisateur et producteur de musique exceptionnel, dipl\u00f4m\u00e9 du Conservatoire de musique Amadeo Rold\u00e1n en 2011, directeur et fondateur du groupe La Tropa depuis 2021.","rel":"","context":"Dans &quot;Beneficiarios&quot;","block_context":{"text":"Beneficiarios","link":"https:\/\/artejoven.org\/fr\/category\/beneficiarios\/"},"img":{"alt_text":"Dayron Ortiz","src":"https:\/\/i0.wp.com\/artejoven.org\/wp-content\/uploads\/2023\/09\/Dayron-Ortiz-jpg.webp?resize=350%2C200&ssl=1","width":350,"height":200},"classes":[]},{"id":10555,"url":"https:\/\/artejoven.org\/fr\/beneficiarios\/armando-mario-moreira-valdes\/","url_meta":{"origin":7344,"position":2},"title":"Armando Mario Moreira Vald\u00e9s","author":"Ren\u00e9 Manuel Puig","date":"6 de mars de 2026","format":false,"excerpt":"(Pinar del R\u00edo, 2011) Guitariste form\u00e9 \u00e0 l'Escuela Provincial de Arte de Pinar del R\u00edo.","rel":"","context":"Dans &quot;Beneficiarios&quot;","block_context":{"text":"Beneficiarios","link":"https:\/\/artejoven.org\/fr\/category\/beneficiarios\/"},"img":{"alt_text":"Armando Mario Moreira Vald\u00e9s","src":"https:\/\/i0.wp.com\/artejoven.org\/wp-content\/uploads\/2026\/03\/Armando-Mario-Moreira-Valdes.webp?resize=350%2C200&ssl=1","width":350,"height":200,"srcset":"https:\/\/i0.wp.com\/artejoven.org\/wp-content\/uploads\/2026\/03\/Armando-Mario-Moreira-Valdes.webp?resize=350%2C200&ssl=1 1x, https:\/\/i0.wp.com\/artejoven.org\/wp-content\/uploads\/2026\/03\/Armando-Mario-Moreira-Valdes.webp?resize=525%2C300&ssl=1 1.5x"},"classes":[]},{"id":10564,"url":"https:\/\/artejoven.org\/fr\/beneficiarios\/natalia-de-la-caridad-hernandez-delgado\/","url_meta":{"origin":7344,"position":3},"title":"Natalia de la Caridad Hern\u00e1ndez Delgado","author":"Ren\u00e9 Manuel Puig","date":"6 de mars de 2026","format":false,"excerpt":"(Cienfuegos, 2010) Guitariste form\u00e9e \u00e0 l'Escuela de Arte Benny Mor\u00e9 \u00e0 Cienfuegos, o\u00f9 elle a \u00e9tudi\u00e9 entre 2020 et 2025.","rel":"","context":"Dans &quot;Beneficiarios&quot;","block_context":{"text":"Beneficiarios","link":"https:\/\/artejoven.org\/fr\/category\/beneficiarios\/"},"img":{"alt_text":"Natalia de la Caridad Hern\u00e1ndez Delgado","src":"https:\/\/i0.wp.com\/artejoven.org\/wp-content\/uploads\/2026\/03\/Natalia-de-la-Caridad-Hernandez-Delgado.webp?resize=350%2C200&ssl=1","width":350,"height":200,"srcset":"https:\/\/i0.wp.com\/artejoven.org\/wp-content\/uploads\/2026\/03\/Natalia-de-la-Caridad-Hernandez-Delgado.webp?resize=350%2C200&ssl=1 1x, https:\/\/i0.wp.com\/artejoven.org\/wp-content\/uploads\/2026\/03\/Natalia-de-la-Caridad-Hernandez-Delgado.webp?resize=525%2C300&ssl=1 1.5x"},"classes":[]},{"id":10567,"url":"https:\/\/artejoven.org\/fr\/beneficiarios\/felix-de-jesus-matos-martinez\/","url_meta":{"origin":7344,"position":4},"title":"F\u00e9lix de Jes\u00fas Matos Mart\u00ednez","author":"Ren\u00e9 Manuel Puig","date":"6 de mars de 2026","format":false,"excerpt":"(Granma, 2010) Jeune cr\u00e9ateur autodidacte aux instruments tels que la batterie, la guitare et le piano, il a un catalogue d'une trentaine de compositions.","rel":"","context":"Dans &quot;Beneficiarios&quot;","block_context":{"text":"Beneficiarios","link":"https:\/\/artejoven.org\/fr\/category\/beneficiarios\/"},"img":{"alt_text":"F\u00e9lix de Jes\u00fas Matos Mart\u00ednez","src":"https:\/\/i0.wp.com\/artejoven.org\/wp-content\/uploads\/2026\/03\/Felix-de-Jesus-Matos-Martinez.webp?resize=350%2C200&ssl=1","width":350,"height":200,"srcset":"https:\/\/i0.wp.com\/artejoven.org\/wp-content\/uploads\/2026\/03\/Felix-de-Jesus-Matos-Martinez.webp?resize=350%2C200&ssl=1 1x, https:\/\/i0.wp.com\/artejoven.org\/wp-content\/uploads\/2026\/03\/Felix-de-Jesus-Matos-Martinez.webp?resize=525%2C300&ssl=1 1.5x"},"classes":[]},{"id":7361,"url":"https:\/\/artejoven.org\/fr\/beneficiarios\/duo-aguas-de-marzo\/","url_meta":{"origin":7344,"position":5},"title":"Duo March Waters","author":"Ren\u00e9 Manuel Puig","date":"17 de avril de 2024","format":false,"excerpt":"Compos\u00e9 de la luthiste Sof\u00eda Pedrera et de la guitariste Patricia D\u00edaz, le duo Aguas de Marzo a \u00e9t\u00e9 cr\u00e9\u00e9 en 2018, pour donner du cr\u00e9dit \u00e0 la relation musicale \u00e9tablie entre ces instruments.","rel":"","context":"Dans &quot;Beneficiarios&quot;","block_context":{"text":"Beneficiarios","link":"https:\/\/artejoven.org\/fr\/category\/beneficiarios\/"},"img":{"alt_text":"D\u00fao Aguas de Marzo","src":"https:\/\/i0.wp.com\/artejoven.org\/wp-content\/uploads\/2024\/04\/Duo-aguas-de-marzo.jpg?resize=350%2C200&ssl=1","width":350,"height":200},"classes":[]}],"jetpack_sharing_enabled":true,"_links":{"self":[{"href":"https:\/\/artejoven.org\/fr\/wp-json\/wp\/v2\/pages\/7344","targetHints":{"allow":["GET"]}}],"collection":[{"href":"https:\/\/artejoven.org\/fr\/wp-json\/wp\/v2\/pages"}],"about":[{"href":"https:\/\/artejoven.org\/fr\/wp-json\/wp\/v2\/types\/page"}],"author":[{"embeddable":true,"href":"https:\/\/artejoven.org\/fr\/wp-json\/wp\/v2\/users\/1"}],"replies":[{"embeddable":true,"href":"https:\/\/artejoven.org\/fr\/wp-json\/wp\/v2\/comments?post=7344"}],"version-history":[{"count":0,"href":"https:\/\/artejoven.org\/fr\/wp-json\/wp\/v2\/pages\/7344\/revisions"}],"up":[{"embeddable":true,"href":"https:\/\/artejoven.org\/fr\/wp-json\/wp\/v2\/pages\/931"}],"wp:featuredmedia":[{"embeddable":true,"href":"https:\/\/artejoven.org\/fr\/wp-json\/wp\/v2\/media\/7345"}],"wp:attachment":[{"href":"https:\/\/artejoven.org\/fr\/wp-json\/wp\/v2\/media?parent=7344"}],"wp:term":[{"taxonomy":"category","embeddable":true,"href":"https:\/\/artejoven.org\/fr\/wp-json\/wp\/v2\/categories?post=7344"},{"taxonomy":"post_tag","embeddable":true,"href":"https:\/\/artejoven.org\/fr\/wp-json\/wp\/v2\/tags?post=7344"}],"curies":[{"name":"wp","href":"https:\/\/api.w.org\/{rel}","templated":true}]}}