{"id":7368,"date":"2024-04-17T11:07:13","date_gmt":"2024-04-17T15:07:13","guid":{"rendered":"https:\/\/artejoven.org\/?page_id=7368"},"modified":"2024-04-17T11:07:16","modified_gmt":"2024-04-17T15:07:16","slug":"yasmani-castro-caballero","status":"publish","type":"page","link":"https:\/\/artejoven.org\/fr\/beneficiarios\/yasmani-castro-caballero\/","title":{"rendered":"Yasmani Castro Caballero"},"content":{"rendered":"","protected":false},"excerpt":{"rendered":"<p>Yasmani Castro Caballero (Santiago de Cuba, 1992) est dipl\u00f4m\u00e9e en \u00e9ducation et \u00e9tudiante en quatri\u00e8me ann\u00e9e de communication audiovisuelle dans le domaine de la r\u00e9alisation \u00e0 l'antenne de Holgu\u00edn de l'universit\u00e9 des arts.<\/p>","protected":false},"author":1,"featured_media":7369,"parent":931,"menu_order":0,"comment_status":"closed","ping_status":"closed","template":"","meta":{"_acf_changed":false,"footnotes":"","_links_to":"","_links_to_target":""},"categories":[13,31],"tags":[],"class_list":["post-7368","page","type-page","status-publish","has-post-thumbnail","hentry","category-beneficiarios","category-musica-beneficiarios","post","post-with-thumbnail","post-with-thumbnail-large"],"acf":[],"aioseo_notices":[],"jetpack-related-posts":[{"id":2807,"url":"https:\/\/artejoven.org\/fr\/beneficiarios\/alejandro-mendoza\/","url_meta":{"origin":7368,"position":0},"title":"Alejandro Mendoza","author":"Ren\u00e9 Manuel Puig","date":"11 de mai de 2023","format":false,"excerpt":"Alejandro Mendoza Castro (Artemisa, 2000) est un saxophoniste qui a commenc\u00e9 ses \u00e9tudes en 2010 \u00e0 l'Escuela Vocacional de Arte de la municipalit\u00e9 de Quivican, dans sa province natale.","rel":"","context":"Dans &quot;Beneficiarios&quot;","block_context":{"text":"Beneficiarios","link":"https:\/\/artejoven.org\/fr\/category\/beneficiarios\/"},"img":{"alt_text":"Alejandro Mendoza","src":"https:\/\/i0.wp.com\/artejoven.org\/wp-content\/uploads\/2023\/06\/Alejandro-Mendoza.jpg?resize=350%2C200&ssl=1","width":350,"height":200,"srcset":"https:\/\/i0.wp.com\/artejoven.org\/wp-content\/uploads\/2023\/06\/Alejandro-Mendoza.jpg?resize=350%2C200&ssl=1 1x, https:\/\/i0.wp.com\/artejoven.org\/wp-content\/uploads\/2023\/06\/Alejandro-Mendoza.jpg?resize=525%2C300&ssl=1 1.5x"},"classes":[]},{"id":931,"url":"https:\/\/artejoven.org\/fr\/beneficiarios\/","url_meta":{"origin":7368,"position":1},"title":"B\u00e9n\u00e9ficiaires","author":"Ren\u00e9 Manuel Puig","date":"17 de avril de 2023","format":false,"excerpt":"Rencontrez les b\u00e9n\u00e9ficiaires. Chaque artiste ou entreprise culturelle que le Fondo de Arte Joven a soutenu.","rel":"","context":"Article similaire","block_context":{"text":"Article similaire","link":""},"img":{"alt_text":"Fondo de Arte Joven","src":"https:\/\/i0.wp.com\/artejoven.org\/wp-content\/uploads\/2023\/06\/Fondo-de-Arte-Joven.jpg?resize=350%2C200&ssl=1","width":350,"height":200,"srcset":"https:\/\/i0.wp.com\/artejoven.org\/wp-content\/uploads\/2023\/06\/Fondo-de-Arte-Joven.jpg?resize=350%2C200&ssl=1 1x, https:\/\/i0.wp.com\/artejoven.org\/wp-content\/uploads\/2023\/06\/Fondo-de-Arte-Joven.jpg?resize=525%2C300&ssl=1 1.5x, https:\/\/i0.wp.com\/artejoven.org\/wp-content\/uploads\/2023\/06\/Fondo-de-Arte-Joven.jpg?resize=700%2C400&ssl=1 2x"},"classes":[]}],"jetpack_sharing_enabled":true,"_links":{"self":[{"href":"https:\/\/artejoven.org\/fr\/wp-json\/wp\/v2\/pages\/7368","targetHints":{"allow":["GET"]}}],"collection":[{"href":"https:\/\/artejoven.org\/fr\/wp-json\/wp\/v2\/pages"}],"about":[{"href":"https:\/\/artejoven.org\/fr\/wp-json\/wp\/v2\/types\/page"}],"author":[{"embeddable":true,"href":"https:\/\/artejoven.org\/fr\/wp-json\/wp\/v2\/users\/1"}],"replies":[{"embeddable":true,"href":"https:\/\/artejoven.org\/fr\/wp-json\/wp\/v2\/comments?post=7368"}],"version-history":[{"count":0,"href":"https:\/\/artejoven.org\/fr\/wp-json\/wp\/v2\/pages\/7368\/revisions"}],"up":[{"embeddable":true,"href":"https:\/\/artejoven.org\/fr\/wp-json\/wp\/v2\/pages\/931"}],"wp:featuredmedia":[{"embeddable":true,"href":"https:\/\/artejoven.org\/fr\/wp-json\/wp\/v2\/media\/7369"}],"wp:attachment":[{"href":"https:\/\/artejoven.org\/fr\/wp-json\/wp\/v2\/media?parent=7368"}],"wp:term":[{"taxonomy":"category","embeddable":true,"href":"https:\/\/artejoven.org\/fr\/wp-json\/wp\/v2\/categories?post=7368"},{"taxonomy":"post_tag","embeddable":true,"href":"https:\/\/artejoven.org\/fr\/wp-json\/wp\/v2\/tags?post=7368"}],"curies":[{"name":"wp","href":"https:\/\/api.w.org\/{rel}","templated":true}]}}