{"id":7436,"date":"2024-05-23T12:26:28","date_gmt":"2024-05-23T16:26:28","guid":{"rendered":"https:\/\/artejoven.org\/?page_id=7436"},"modified":"2024-05-23T12:26:48","modified_gmt":"2024-05-23T16:26:48","slug":"ernesto-oliva","status":"publish","type":"page","link":"https:\/\/artejoven.org\/fr\/beneficiarios\/ernesto-oliva\/","title":{"rendered":"Ernesto Oliva"},"content":{"rendered":"","protected":false},"excerpt":{"rendered":"<p>Ernesto Oliva (Guant\u00e1namo, 1988), pianiste et compositeur, est dipl\u00f4m\u00e9 en 2015 de l'Universit\u00e9 des arts (ISA), avec une sp\u00e9cialisation en composition.<\/p>","protected":false},"author":1,"featured_media":7437,"parent":931,"menu_order":0,"comment_status":"closed","ping_status":"closed","template":"","meta":{"_acf_changed":false,"footnotes":"","_links_to":"","_links_to_target":""},"categories":[13,31],"tags":[63],"class_list":["post-7436","page","type-page","status-publish","has-post-thumbnail","hentry","category-beneficiarios","category-musica-beneficiarios","tag-63","post","post-with-thumbnail","post-with-thumbnail-large"],"acf":[],"aioseo_notices":[],"jetpack-related-posts":[{"id":9928,"url":"https:\/\/www.instagram.com\/ernesto_donas\/","url_meta":{"origin":7436,"position":0},"title":"Luis Ernesto Do\u00f1as","author":"Ren\u00e9 Manuel Puig","date":"10 de octobre de 2025","format":false,"excerpt":"(La Habana, 1984) Director de cine y televisi\u00f3n. Vicedirector art\u00edstico del Festival Internacional Habana Cl\u00e1sica.","rel":"","context":"Dans &quot;Aliados&quot;","block_context":{"text":"Aliados","link":"https:\/\/artejoven.org\/fr\/category\/aliados\/"},"img":{"alt_text":"Luis Ernesto Do\u00f1as","src":"https:\/\/i0.wp.com\/artejoven.org\/wp-content\/uploads\/2025\/10\/Luis-Ernesto-Donas-.webp?resize=350%2C200&ssl=1","width":350,"height":200,"srcset":"https:\/\/i0.wp.com\/artejoven.org\/wp-content\/uploads\/2025\/10\/Luis-Ernesto-Donas-.webp?resize=350%2C200&ssl=1 1x, https:\/\/i0.wp.com\/artejoven.org\/wp-content\/uploads\/2025\/10\/Luis-Ernesto-Donas-.webp?resize=525%2C300&ssl=1 1.5x"},"classes":[]},{"id":3051,"url":"https:\/\/artejoven.org\/fr\/beneficiarios\/ups\/","url_meta":{"origin":7436,"position":1},"title":"Oups !","author":"Ren\u00e9 Manuel Puig","date":"27 de mai de 2023","format":false,"excerpt":"\u00c0 La Havane depuis 2022. Il s'agit d'un projet cr\u00e9atif collectif des jeunes artistes Marlon River\u00f3n Escobar, Luis Antonio Gonz\u00e1lez et Katia Ricardo Oliva.","rel":"","context":"Dans &quot;Beneficiarios&quot;","block_context":{"text":"Beneficiarios","link":"https:\/\/artejoven.org\/fr\/category\/beneficiarios\/"},"img":{"alt_text":"Ups!","src":"https:\/\/i0.wp.com\/artejoven.org\/wp-content\/uploads\/2023\/06\/UPS-jpg.webp?resize=350%2C200&ssl=1","width":350,"height":200},"classes":[]}],"jetpack_sharing_enabled":true,"_links":{"self":[{"href":"https:\/\/artejoven.org\/fr\/wp-json\/wp\/v2\/pages\/7436","targetHints":{"allow":["GET"]}}],"collection":[{"href":"https:\/\/artejoven.org\/fr\/wp-json\/wp\/v2\/pages"}],"about":[{"href":"https:\/\/artejoven.org\/fr\/wp-json\/wp\/v2\/types\/page"}],"author":[{"embeddable":true,"href":"https:\/\/artejoven.org\/fr\/wp-json\/wp\/v2\/users\/1"}],"replies":[{"embeddable":true,"href":"https:\/\/artejoven.org\/fr\/wp-json\/wp\/v2\/comments?post=7436"}],"version-history":[{"count":0,"href":"https:\/\/artejoven.org\/fr\/wp-json\/wp\/v2\/pages\/7436\/revisions"}],"up":[{"embeddable":true,"href":"https:\/\/artejoven.org\/fr\/wp-json\/wp\/v2\/pages\/931"}],"wp:featuredmedia":[{"embeddable":true,"href":"https:\/\/artejoven.org\/fr\/wp-json\/wp\/v2\/media\/7437"}],"wp:attachment":[{"href":"https:\/\/artejoven.org\/fr\/wp-json\/wp\/v2\/media?parent=7436"}],"wp:term":[{"taxonomy":"category","embeddable":true,"href":"https:\/\/artejoven.org\/fr\/wp-json\/wp\/v2\/categories?post=7436"},{"taxonomy":"post_tag","embeddable":true,"href":"https:\/\/artejoven.org\/fr\/wp-json\/wp\/v2\/tags?post=7436"}],"curies":[{"name":"wp","href":"https:\/\/api.w.org\/{rel}","templated":true}]}}